{"id":91,"date":"2018-01-08T10:25:06","date_gmt":"2018-01-08T10:25:06","guid":{"rendered":"http:\/\/confolab.sav.sk\/ovsb\/?page_id=91"},"modified":"2025-08-04T11:16:45","modified_gmt":"2025-08-04T11:16:45","slug":"technici","status":"publish","type":"page","link":"https:\/\/confolab.sav.sk\/ovsb\/pracovnici\/technici\/","title":{"rendered":"Technici"},"content":{"rendered":"<table class=\"list\">\n<tbody>\n<tr class=\"list_header\">\n<td>Meno \/ Poz\u00edcia<\/td>\n<td>E-mail<\/td>\n<td>Telef\u00f3n<\/td>\n<\/tr>\n<tr>\n<td width=\"50%\"><a class=\"bold\" href=\"https:\/\/confolab.sav.sk\/ovsb\/pracovnici\/technici\/gizela-gajdosikova\/\">Holbov\u00e1, Al\u017ebeta<\/a><br \/>\ntechnick\u00e1 pracovn\u00ed\u010dka \u2013 laborantka<\/td>\n<td width=\"35%\"><a href=\"mailto:alzbeta.holbova@savba.sk\">alzbeta.holbova@savba.sk<\/a><\/td>\n<td width=\"15%\">02\/ 32295039<\/td>\n<\/tr>\n<tr>\n<td width=\"50%\"><a class=\"bold\" href=\"https:\/\/confolab.sav.sk\/ovsb\/pracovnici\/technici\/ladislav-novota\/\">Novota, Ladislav <\/a><br \/>\ntechnick\u00fd pracovn\u00edk<\/td>\n<td width=\"35%\"><a href=\"mailto:Ladislav.Novota@savba.sk\">Ladislav.Novota@savba.sk<\/a><\/td>\n<td width=\"15%\">02\/ 32295036<\/td>\n<\/tr>\n<\/tbody>\n<\/table>\n","protected":false},"excerpt":{"rendered":"<p>Meno \/ Poz\u00edcia E-mail Telef\u00f3n Holbov\u00e1, Al\u017ebeta technick\u00e1 pracovn\u00ed\u010dka \u2013 laborantka alzbeta.holbova@savba.sk 02\/ 32295039 Novota, Ladislav technick\u00fd pracovn\u00edk Ladislav.Novota@savba.sk 02\/ 32295036<\/p>\n","protected":false},"author":1,"featured_media":0,"parent":19,"menu_order":20,"comment_status":"closed","ping_status":"closed","template":"","meta":[],"_links":{"self":[{"href":"https:\/\/confolab.sav.sk\/ovsb\/wp-json\/wp\/v2\/pages\/91"}],"collection":[{"href":"https:\/\/confolab.sav.sk\/ovsb\/wp-json\/wp\/v2\/pages"}],"about":[{"href":"https:\/\/confolab.sav.sk\/ovsb\/wp-json\/wp\/v2\/types\/page"}],"author":[{"embeddable":true,"href":"https:\/\/confolab.sav.sk\/ovsb\/wp-json\/wp\/v2\/users\/1"}],"replies":[{"embeddable":true,"href":"https:\/\/confolab.sav.sk\/ovsb\/wp-json\/wp\/v2\/comments?post=91"}],"version-history":[{"count":8,"href":"https:\/\/confolab.sav.sk\/ovsb\/wp-json\/wp\/v2\/pages\/91\/revisions"}],"predecessor-version":[{"id":2792,"href":"https:\/\/confolab.sav.sk\/ovsb\/wp-json\/wp\/v2\/pages\/91\/revisions\/2792"}],"up":[{"embeddable":true,"href":"https:\/\/confolab.sav.sk\/ovsb\/wp-json\/wp\/v2\/pages\/19"}],"wp:attachment":[{"href":"https:\/\/confolab.sav.sk\/ovsb\/wp-json\/wp\/v2\/media?parent=91"}],"curies":[{"name":"wp","href":"https:\/\/api.w.org\/{rel}","templated":true}]}}