{"id":90,"date":"2018-01-08T10:25:06","date_gmt":"2018-01-08T10:25:06","guid":{"rendered":"http:\/\/confolab.sav.sk\/ovsb\/?page_id=90"},"modified":"2025-08-04T11:07:12","modified_gmt":"2025-08-04T11:07:12","slug":"vyskumnici","status":"publish","type":"page","link":"https:\/\/confolab.sav.sk\/ovsb\/pracovnici\/vyskumnici\/","title":{"rendered":"V\u00fdskumn\u00edci"},"content":{"rendered":"<table class=\"list\">\n<tbody>\n<tr class=\"list_header\">\n<td>Meno \/ Poz\u00edcia<\/td>\n<td>E-mail<\/td>\n<td>Telef\u00f3n<\/td>\n<\/tr>\n<tr>\n<td width=\"50%\"><a class=\"bold\" href=\"https:\/\/confolab.sav.sk\/ovsb\/pracovnici\/vyskumnici\/mgr-iuliia-baglaeva-phd\/\">Baglaeva, Iuliia, Mgr., PhD.<\/a><br \/>\nvedeck\u00fd pracovn\u00edk<\/td>\n<td width=\"35%\"><a href=\"mailto:iuliia.baglaeva@savba.sk\">iuliia.baglaeva@savba.sk<\/a><\/td>\n<td width=\"15%\">02\/ 32295043<\/td>\n<\/tr>\n<tr>\n<td width=\"50%\"><a class=\"bold\" href=\"https:\/\/confolab.sav.sk\/ovsb\/pracovnici\/vyskumnici\/rndr-michal-cagalinec-phd\/\">Cagalinec, Michal RNDr., PhD.<\/a><br \/>\nsamostatn\u00fd vedeck\u00fd pracovn\u00edk, ved\u00faci oddelenia<\/td>\n<td width=\"35%\"><a href=\"mailto:michal.cagalinec@savba.sk\">michal.cagalinec@savba.sk<\/a><\/td>\n<td width=\"15%\">02\/ 32295040<\/td>\n<\/tr>\n<tr>\n<td width=\"50%\"><a class=\"bold\" href=\"https:\/\/confolab.sav.sk\/ovsb\/pracovnici\/vyskumnici\/rndr-marta-novotova-csc\/\">Novotov\u00e1, Marta RNDr., CSc.<\/a><br \/>\nsamostatn\u00e1 vedeck\u00e1 pracovn\u00ed\u010dka<\/td>\n<td width=\"35%\"><a href=\"mailto:marta.novotova@savba.sk\">marta.novotova@savba.sk<\/a><\/td>\n<td width=\"15%\">02\/ 32295037<\/td>\n<\/tr>\n<tr>\n<td width=\"50%\"><a class=\"bold\" href=\"https:\/\/confolab.sav.sk\/ovsb\/pracovnici\/vyskumnici\/rndr-ivan-zahradnik-csc\/\">Zahradn\u00edk, Ivan RNDr., CSc.<\/a><br \/>\nsamostatn\u00fd vedeck\u00fd pracovn\u00edk<\/td>\n<td width=\"35%\"><a href=\"mailto:ivan.zahradnik@savba.sk\">ivan.zahradnik@savba.sk<\/a><\/td>\n<td width=\"15%\">02\/ 32295041<\/td>\n<\/tr>\n<tr>\n<td width=\"50%\"><a class=\"bold\" href=\"https:\/\/confolab.sav.sk\/ovsb\/pracovnici\/vyskumnici\/ing-alexandra-zahradnikova-drsc\/\">Zahradn\u00edkov\u00e1, Alexandra Ing., DrSc.<\/a><br \/>\nved\u00faca vedeck\u00e1 pracovn\u00ed\u010dka<\/td>\n<td width=\"35%\"><a href=\"mailto:alexandra.zahradnikova@savba.sk\">alexandra.zahradnikova@savba.sk<\/a><\/td>\n<td width=\"15%\">02\/32295034, 0908\/069796<\/td>\n<\/tr>\n<tr>\n<td width=\"50%\"><a class=\"bold\" href=\"https:\/\/confolab.sav.sk\/ovsb\/pracovnici\/vyskumnici\/rndr-alexandra-zahradnikova-ml-phd\/\">Zahradn\u00edkov\u00e1, ml., Alexandra RNDr., PhD.<\/a><br \/>\nsamostatn\u00e1 vedeck\u00e1 pracovn\u00ed\u010dka<\/td>\n<td width=\"35%\"><a href=\"mailto:saschia.zahradnikova@savba.sk\">saschia.zahradnikova@savba.sk<\/a><\/td>\n<td width=\"15%\">02\/ 32295035<\/td>\n<\/tr>\n<\/tbody>\n<\/table>\n","protected":false},"excerpt":{"rendered":"<p>Meno \/ Poz\u00edcia E-mail Telef\u00f3n Baglaeva, Iuliia, Mgr., PhD. vedeck\u00fd pracovn\u00edk iuliia.baglaeva@savba.sk 02\/ 32295043 Cagalinec, Michal RNDr., PhD. samostatn\u00fd vedeck\u00fd pracovn\u00edk, ved\u00faci oddelenia michal.cagalinec@savba.sk 02\/&#8230;<span class=\"excerpt_more\"><a href=\"https:\/\/confolab.sav.sk\/ovsb\/pracovnici\/vyskumnici\/\">\u010d\u00edta\u0165 \u010falej &raquo;<\/a><\/span><\/p>\n","protected":false},"author":1,"featured_media":0,"parent":19,"menu_order":10,"comment_status":"closed","ping_status":"closed","template":"","meta":[],"_links":{"self":[{"href":"https:\/\/confolab.sav.sk\/ovsb\/wp-json\/wp\/v2\/pages\/90"}],"collection":[{"href":"https:\/\/confolab.sav.sk\/ovsb\/wp-json\/wp\/v2\/pages"}],"about":[{"href":"https:\/\/confolab.sav.sk\/ovsb\/wp-json\/wp\/v2\/types\/page"}],"author":[{"embeddable":true,"href":"https:\/\/confolab.sav.sk\/ovsb\/wp-json\/wp\/v2\/users\/1"}],"replies":[{"embeddable":true,"href":"https:\/\/confolab.sav.sk\/ovsb\/wp-json\/wp\/v2\/comments?post=90"}],"version-history":[{"count":23,"href":"https:\/\/confolab.sav.sk\/ovsb\/wp-json\/wp\/v2\/pages\/90\/revisions"}],"predecessor-version":[{"id":2787,"href":"https:\/\/confolab.sav.sk\/ovsb\/wp-json\/wp\/v2\/pages\/90\/revisions\/2787"}],"up":[{"embeddable":true,"href":"https:\/\/confolab.sav.sk\/ovsb\/wp-json\/wp\/v2\/pages\/19"}],"wp:attachment":[{"href":"https:\/\/confolab.sav.sk\/ovsb\/wp-json\/wp\/v2\/media?parent=90"}],"curies":[{"name":"wp","href":"https:\/\/api.w.org\/{rel}","templated":true}]}}