{"id":695,"date":"2018-01-19T13:00:51","date_gmt":"2018-01-19T13:00:51","guid":{"rendered":"http:\/\/confolab.sav.sk\/ovsb\/?page_id=695"},"modified":"2023-10-02T14:32:50","modified_gmt":"2023-10-02T14:32:50","slug":"veda-a-umenie-poznavanie-mikro-a-nano-sveta-ako-inspiracia-pre-materialovy-vyskum-a-dizajnersku-tvorbu","status":"publish","type":"page","link":"https:\/\/confolab.sav.sk\/ovsb\/aktivity\/udalosti\/veda-a-umenie-poznavanie-mikro-a-nano-sveta-ako-inspiracia-pre-materialovy-vyskum-a-dizajnersku-tvorbu\/","title":{"rendered":"Veda a umenie, pozn\u00e1vanie mikro a nano sveta, ako in\u0161pir\u00e1cia pre materi\u00e1lov\u00fd v\u00fdskum a dizajn\u00e9rsku tvorbu"},"content":{"rendered":"<p><script type=\"text\/javascript\">\n<!--\nfunction launch(newURL, newName, newFeatures, orgName) {\n  var remote = open(newURL, newName, newFeatures);\n  if (remote.opener == null)\n    remote.opener = window;\n  remote.opener.name = orgName;\n  return remote;\n}\n\nfunction launchRemote(name) {\n  var address =  name;\n  myRemote = launch(address ,\n                    \"Okno\",\n                    \"height=500, width=850, left=50, top=50, alwaysLowered=0, alwaysRaised=0, channelmode=0, dependent=0, directories=0, fullscreen=0, hotkeys=1, location=0, menubar=0, resizable=0, scrollbars=0, status=0, titlebar=1, toolbar=0, z-lock=0\",\n                    \"myWindow\");\n}\n\/\/ -->>\n<\/script><button onclick=\"goBack()\">Nasp\u00e4\u0165<\/button><br \/>\n<script>\t \t \nfunction goBack() { window.history.go(-1); }\t \t \n<\/script><br \/>\nD\u0148a 12. 12. 2017 v priestoroch Centra  STU pre nanodiagnostiku v Bratislave na Vazovovej 5. bola otvoren\u00e1 v\u00fdstava <strong>\u201cVeda a umenie, pozn\u00e1vanie mikro a nano sveta, ako in\u0161pir\u00e1cia pre materi\u00e1lov\u00fd v\u00fdskum a dizajn\u00e9rsku tvorbu\u201d<\/strong>. Usporiadate\u013eom v\u00fdstavy bol rektor STU. Prezentovala sa na nej sada grafick\u00fdch panelov od autorov: Marty Novotovej, z CBv \u00daMFG SAV a Martina Bal\u00e1\u017ea a Iva V\u00e1vru z \u00daD, FA, STU. V\u00fdstavu v de\u0148 jej zah\u00e1jenia poctil svojou pr\u00edtomnos\u0165ou a pr\u00edhovorom aj prof. Ing. \u0160tefan Luby, DrSc., b\u00fdval\u00fd predseda SAV. Pre ve\u013ek\u00fd z\u00e1ujem sa v\u00fdstava pred\u013a\u017eila a\u017e do konca janu\u00e1ra 2017.<\/p>\n<p><span class=\"H3\">Fotogal\u00e9ria:<\/span><\/p>\n<p><img decoding=\"async\" loading=\"lazy\" title=\"\" src=\"https:\/\/confolab.sav.sk\/ovsb\/wp-content\/uploads\/20171212_142918.jpg\" alt=\"\" width=\"245\" height=\"170\" hspace=\"3\" vspace=\"3\" \/> <img decoding=\"async\" loading=\"lazy\" title=\"\" src=\"https:\/\/confolab.sav.sk\/ovsb\/wp-content\/uploads\/20171212_143021.jpg\" alt=\"\" width=\"245\" height=\"170\" hspace=\"3\" vspace=\"3\" \/> <img decoding=\"async\" loading=\"lazy\" title=\"\" src=\"https:\/\/confolab.sav.sk\/ovsb\/wp-content\/uploads\/20171212_143053.jpg\" alt=\"\" width=\"245\" height=\"170\" hspace=\"3\" vspace=\"3\" \/> <img decoding=\"async\" loading=\"lazy\" title=\"\" src=\"https:\/\/confolab.sav.sk\/ovsb\/wp-content\/uploads\/20171212_143141.jpg\" alt=\"\" width=\"245\" height=\"170\" hspace=\"3\" vspace=\"3\" \/> <img decoding=\"async\" loading=\"lazy\" title=\"\" src=\"https:\/\/confolab.sav.sk\/ovsb\/wp-content\/uploads\/20171212_143237.jpg\" alt=\"\" width=\"245\" height=\"170\" hspace=\"3\" vspace=\"3\" \/> <img decoding=\"async\" loading=\"lazy\" title=\"\" src=\"https:\/\/confolab.sav.sk\/ovsb\/wp-content\/uploads\/20171212_143344.jpg\" alt=\"\" width=\"245\" height=\"170\" hspace=\"3\" vspace=\"3\" \/><\/p>\n","protected":false},"excerpt":{"rendered":"<p>Nasp\u00e4\u0165 D\u0148a 12. 12. 2017 v priestoroch Centra STU pre nanodiagnostiku v Bratislave na Vazovovej 5. bola otvoren\u00e1 v\u00fdstava \u201cVeda a umenie, pozn\u00e1vanie mikro a&#8230;<span class=\"excerpt_more\"><a href=\"https:\/\/confolab.sav.sk\/ovsb\/aktivity\/udalosti\/veda-a-umenie-poznavanie-mikro-a-nano-sveta-ako-inspiracia-pre-materialovy-vyskum-a-dizajnersku-tvorbu\/\">\u010d\u00edta\u0165 \u010falej &raquo;<\/a><\/span><\/p>\n","protected":false},"author":2,"featured_media":0,"parent":40,"menu_order":50,"comment_status":"closed","ping_status":"closed","template":"","meta":[],"_links":{"self":[{"href":"https:\/\/confolab.sav.sk\/ovsb\/wp-json\/wp\/v2\/pages\/695"}],"collection":[{"href":"https:\/\/confolab.sav.sk\/ovsb\/wp-json\/wp\/v2\/pages"}],"about":[{"href":"https:\/\/confolab.sav.sk\/ovsb\/wp-json\/wp\/v2\/types\/page"}],"author":[{"embeddable":true,"href":"https:\/\/confolab.sav.sk\/ovsb\/wp-json\/wp\/v2\/users\/2"}],"replies":[{"embeddable":true,"href":"https:\/\/confolab.sav.sk\/ovsb\/wp-json\/wp\/v2\/comments?post=695"}],"version-history":[{"count":8,"href":"https:\/\/confolab.sav.sk\/ovsb\/wp-json\/wp\/v2\/pages\/695\/revisions"}],"predecessor-version":[{"id":2500,"href":"https:\/\/confolab.sav.sk\/ovsb\/wp-json\/wp\/v2\/pages\/695\/revisions\/2500"}],"up":[{"embeddable":true,"href":"https:\/\/confolab.sav.sk\/ovsb\/wp-json\/wp\/v2\/pages\/40"}],"wp:attachment":[{"href":"https:\/\/confolab.sav.sk\/ovsb\/wp-json\/wp\/v2\/media?parent=695"}],"curies":[{"name":"wp","href":"https:\/\/api.w.org\/{rel}","templated":true}]}}