{"id":68,"date":"2018-01-08T10:14:45","date_gmt":"2018-01-08T10:14:45","guid":{"rendered":"http:\/\/confolab.sav.sk\/ovsb\/?page_id=68"},"modified":"2023-10-05T12:44:57","modified_gmt":"2023-10-05T12:44:57","slug":"matematicke-modelovanie","status":"publish","type":"page","link":"https:\/\/confolab.sav.sk\/ovsb\/laboratoria\/matematicke-modelovanie\/","title":{"rendered":"Matematick\u00e9 modelovanie"},"content":{"rendered":"<h2>Mathematica (Wolfram Research), MATLAB (MathWorks), Huygens (Scientific Volume Imaging), pClamp (Axon Instruments), Origin (OriginLab), Chimera (UCSF), SITUS (Biomachina.org), LAS X (Leica), Modeller (salilab.org), vlastn\u00fd softv\u00e9r v jazyku C++&nbsp;&nbsp;&nbsp;&nbsp;&nbsp;<button onclick=\"goBack()\">Nasp\u00e4\u0165<\/button> <\/h2>\n<p><script>\t \t \nfunction goBack() { window.history.go(-1); }\t \t \n<\/script><\/p>\n<h3>Met\u00f3dy anal\u00fdzy:<\/h3>\n<ul>\n<li>anal\u00fdza merania a simul\u00e1cie izolovan\u00fdch kan\u00e1lov, z\u00e1znamov i\u00f3nov\u00fdch pr\u00fadov<\/li>\n<li>anal\u00fdza v\u00e1pnikov\u00fdch sign\u00e1lov v bunk\u00e1ch<\/li>\n<li>anala\u00fdza pas\u00edvnych elektrick\u00fdch vlastnost\u00ed buniek<\/li>\n<li>lokaliz\u00e1cia prote\u00ednov\u00fdch \u0161trukt\u00far do m\u00e1p elektr\u00f3novej hustoty<\/li>\n<li>3D rekon\u0161trukcia konfok\u00e1lnych a wide-field  obrazov\u00fdch s\u00e9ri\u00ed<\/li>\n<li>dekonvol\u00facia konfok\u00e1lnych a wide-field obrazov\u00fdch s\u00e9ri\u00ed<\/li>\n<li>kvantitat\u00edvna morfometria met\u00f3dou vertik\u00e1lnych rezov<\/li>\n<\/ul>\n<table>\n<tbody>\n<tr>\n<td><img decoding=\"async\" loading=\"lazy\" class=\"wp-image-613 aligncenter\" src=\"https:\/\/confolab.sav.sk\/ovsb\/wp-content\/uploads\/image-300x231.png\" alt=\"image\" width=\"182\" height=\"140\" \/><\/td>\n<td><img decoding=\"async\" loading=\"lazy\" class=\"alignnone wp-image-1025\" src=\"https:\/\/confolab.sav.sk\/ovsb\/wp-content\/uploads\/Hugens3D-300x225.gif\" alt=\"Hugens3D\" width=\"184\" height=\"138\" \/><\/td>\n<td> <img decoding=\"async\" loading=\"lazy\" class=\"alignnone wp-image-1027\" src=\"https:\/\/confolab.sav.sk\/ovsb\/wp-content\/uploads\/CellAnalyzer-300x161.gif\" alt=\"CellAnalyzer\" width=\"261\" height=\"140\" \/><\/td>\n<\/tr>\n<\/tbody>\n<\/table>\n<h3>Matematick\u00e9 modelovanie a simul\u00e1cia sa pou\u017e\u00edvaj\u00fa na:<\/h3>\n<ul>\n<li>v\u00fdvoj Markovovsk\u00fdch modelov vr\u00e1tkovania ryanod\u00ednov\u00e9ho receptora, ktor\u00e9 sp\u00e1jaj\u00fa v\u00e4zbu ligandov (Ca2+, Mg2+, ATP) s otv\u00e1ran\u00edm kan\u00e1la<\/li>\n<li>v\u00fdvoj stochastick\u00fdch modelov, ktor\u00e9 sp\u00e1jaj\u00fa aktivitu jednotliv\u00fdch kan\u00e1lov s aktivitou skup\u00edn kan\u00e1lov tvoriaci di\u00e1du srdcov\u00fdch myocytov<\/li>\n<li>simul\u00e1cia aktivity jednotkov\u00fdch kan\u00e1lov a kan\u00e1lov\u00fdch skup\u00edn<\/li>\n<li>simul\u00e1cia v\u00e1pnikov\u00e9ho z\u00e1blesku a \u0161\u00edrenie v\u00e1pnikov\u00fdch v\u013an<\/li>\n<li>kon\u0161trukcia geometrick\u00fdch modelov svalov\u00fdch buniek<\/li>\n<li>modelovanie \u0161trukt\u00fary prote\u00ednov<\/li>\n<\/ul>\n<p>Cie\u013eom t\u00fdchto \u0161t\u00fadi\u00ed je porozumie\u0165 vz\u0165hom medzi \u0161truk\u00farou a funkcioiu i\u00f3nov\u00fdch kan\u00e1lov a vz\u0165ahu medzi aktivitou jednotliv\u00fdch i\u00f3nov\u00fdch kan\u00e1lov v izol\u00e1cii a ich aktivitou v bunke.<\/p>\n<table>\n<tbody>\n<tr>\n<td>  <img decoding=\"async\" loading=\"lazy\" class=\"alignnone wp-image-873\" src=\"https:\/\/confolab.sav.sk\/ovsb\/wp-content\/uploads\/Sparks.png\" alt=\"wave\" width=\"150\" height=\"150\" \/><\/td>\n<td>  <img decoding=\"async\" loading=\"lazy\" class=\"alignnone wp-image-873\" src=\"https:\/\/confolab.sav.sk\/ovsb\/wp-content\/uploads\/wave.png\" alt=\"wave\" width=\"150\" height=\"150\" \/><\/td>\n<td> <img decoding=\"async\" loading=\"lazy\" class=\"alignnone wp-image-874\" src=\"https:\/\/confolab.sav.sk\/ovsb\/wp-content\/uploads\/modelcell-300x240.gif\" alt=\"modelcell\" width=\"188\" height=\"150\" \/><\/td>\n<td><img decoding=\"async\" loading=\"lazy\" class=\"alignnone wp-image-877\" src=\"https:\/\/confolab.sav.sk\/ovsb\/wp-content\/uploads\/molecule-1-300x300.gif\" alt=\"molecule\" width=\"150\" height=\"150\" \/><\/td>\n<\/tr>\n<\/tbody>\n<\/table>\n","protected":false},"excerpt":{"rendered":"<p>Mathematica (Wolfram Research), MATLAB (MathWorks), Huygens (Scientific Volume Imaging), pClamp (Axon Instruments), Origin (OriginLab), Chimera (UCSF), SITUS (Biomachina.org), LAS X (Leica), Modeller (salilab.org), vlastn\u00fd softv\u00e9r&#8230;<span class=\"excerpt_more\"><a href=\"https:\/\/confolab.sav.sk\/ovsb\/laboratoria\/matematicke-modelovanie\/\">\u010d\u00edta\u0165 \u010falej &raquo;<\/a><\/span><\/p>\n","protected":false},"author":1,"featured_media":0,"parent":18,"menu_order":60,"comment_status":"closed","ping_status":"closed","template":"","meta":[],"_links":{"self":[{"href":"https:\/\/confolab.sav.sk\/ovsb\/wp-json\/wp\/v2\/pages\/68"}],"collection":[{"href":"https:\/\/confolab.sav.sk\/ovsb\/wp-json\/wp\/v2\/pages"}],"about":[{"href":"https:\/\/confolab.sav.sk\/ovsb\/wp-json\/wp\/v2\/types\/page"}],"author":[{"embeddable":true,"href":"https:\/\/confolab.sav.sk\/ovsb\/wp-json\/wp\/v2\/users\/1"}],"replies":[{"embeddable":true,"href":"https:\/\/confolab.sav.sk\/ovsb\/wp-json\/wp\/v2\/comments?post=68"}],"version-history":[{"count":8,"href":"https:\/\/confolab.sav.sk\/ovsb\/wp-json\/wp\/v2\/pages\/68\/revisions"}],"predecessor-version":[{"id":2523,"href":"https:\/\/confolab.sav.sk\/ovsb\/wp-json\/wp\/v2\/pages\/68\/revisions\/2523"}],"up":[{"embeddable":true,"href":"https:\/\/confolab.sav.sk\/ovsb\/wp-json\/wp\/v2\/pages\/18"}],"wp:attachment":[{"href":"https:\/\/confolab.sav.sk\/ovsb\/wp-json\/wp\/v2\/media?parent=68"}],"curies":[{"name":"wp","href":"https:\/\/api.w.org\/{rel}","templated":true}]}}