{"id":65,"date":"2018-01-08T10:14:45","date_gmt":"2018-01-08T10:14:45","guid":{"rendered":"http:\/\/confolab.sav.sk\/ovsb\/?page_id=65"},"modified":"2023-10-05T12:42:45","modified_gmt":"2023-10-05T12:42:45","slug":"elektronova-mikroskopia","status":"publish","type":"page","link":"https:\/\/confolab.sav.sk\/ovsb\/laboratoria\/elektronova-mikroskopia\/","title":{"rendered":"Elektr\u00f3nov\u00e1 mikroskopia"},"content":{"rendered":"<h2>Transmisn\u00fd elektr\u00f3nov\u00fd mikroskop JEM 1200 (Jeol), CCD kamera Dual Vision 300W (Gatan)&nbsp;&nbsp;&nbsp;&nbsp;&nbsp;<button onclick=\"goBack()\">Nasp\u00e4\u0165<\/button> <\/h2>\n<p><script>\t \t \nfunction goBack() { window.history.go(-1); }\t \t \n<\/script><\/p>\n<h3>Kontakt: RNDr. Marta Novotov\u00e1, CSc.<\/h3>\n<p><img decoding=\"async\" loading=\"lazy\" class=\"alignnone size-medium wp-image-881\" src=\"https:\/\/confolab.sav.sk\/ovsb\/wp-content\/uploads\/Novotova-Nat-Com-300x261.jpg\" alt=\"electron-microscope\" width=\"300\" height=\"265\" \/><\/p>\n<p style=\"line-height:1.3\">Transmisn\u00e1 elektr\u00f3nov\u00e1 mikroskopia je vyu\u017e\u00edvan\u00e1 na anal\u00fdzu morfologick\u00fdch zmien cytoarchitekt\u00fary buniek \u017eivo\u010d\u00ed\u0161nych tkan\u00edv, ako s\u00fa srdcov\u00e9 myocyty, neur\u00e1lne bunky, na \u0161t\u00fadium architekt\u00fary izolovan\u00fdch myocytov a buniek tkanivov\u00fdch kult\u00far (endotelov\u00e9 a gli\u00f3mov\u00e9 bunky) ako aj na \u0161t\u00fadium bunkov\u00fdch frakci\u00ed (mikrozom\u00e1lna frakcia, retikul\u00e1rna a mitochondri\u00e1lna frakcia, synaptoz\u00f3my).<\/p>\n<p style=\"line-height:1.3\">Elektr\u00f3nov\u00fd mikroskop je doplnen\u00fd <b>CCD kamerou <\/b> a <b>softv\u00e9rom Gatan Digital Micrograph<\/b>, \u010do umo\u017e\u0148uje prenos obrazov\u00fdch d\u00e1t a obrazov\u00fa \u00fapravu elektr\u00f3novo-mikroskopick\u00fdch obrazov, pri ktorej je vyu\u017e\u00edvan\u00fd taktie\u017e program <b>Adobe Photoshop (Photoshop CS).<\/b><\/p>\n<table border=\"0\" width=\"100%\" cellspacing=\"1\" cellpadding=\"4\">\n<tbody>\n<tr>\n<td colspan=\"4\"><img decoding=\"async\" loading=\"lazy\" class=\"\" title=\"elektr\u00f3nov\u00fd mikrosn\u00edmok z pozd\u013a\u017enej oblasti srdcovej svalovej bunky\" src=\"https:\/\/confolab.sav.sk\/ovsb\/wp-content\/uploads\/ElektronovaMikroskopia1.png\" alt=\"elektr\u00f3nov\u00fd mikrosn\u00edmok z pozd\u013a\u017enej oblasti srdcovej svalovej bunky\" width=\"156\" height=\"136\" hspace=\"1\" vspace=\"1\" \/> <img decoding=\"async\" loading=\"lazy\" class=\"\" title=\"elektr\u00f3nov\u00fd mikrosn\u00edmok z pozd\u013a\u017enej oblasti srdcovej svalovej bunky\" src=\"https:\/\/confolab.sav.sk\/ovsb\/wp-content\/uploads\/ElektronovaMikroskopia2.png\" alt=\"elektr\u00f3nov\u00fd mikrosn\u00edmok z pozd\u013a\u017enej oblasti srdcovej svalovej bunky\" width=\"156\" height=\"136\" hspace=\"1\" vspace=\"1\" \/> <img decoding=\"async\" loading=\"lazy\" class=\"\" title=\"elektr\u00f3nov\u00fd mikrosn\u00edmok z pozd\u013a\u017enej oblasti srdcovej svalovej bunky\" src=\"https:\/\/confolab.sav.sk\/ovsb\/wp-content\/uploads\/ElektronovaMikroskopia3.png\" alt=\"elektr\u00f3nov\u00fd mikrosn\u00edmok z pozd\u013a\u017enej oblasti srdcovej svalovej bunky\" width=\"156\" height=\"136\" hspace=\"1 vspace=\"1\" \/> <img decoding=\"async\" loading=\"lazy\" class=\"\" title=\"elektr\u00f3nov\u00fd mikrosn\u00edmok z pozd\u013a\u017enej oblasti srdcovej svalovej bunky\" src=\"https:\/\/confolab.sav.sk\/ovsb\/wp-content\/uploads\/ElektronovaMikroskopia3.png\" alt=\"elektr\u00f3nov\u00fd mikrosn\u00edmok z pozd\u013a\u017enej oblasti srdcovej svalovej bunky\" width=\"156\" height=\"136\" hspace=\"1\" vspace=\"1\" \/><\/td>\n<\/tr>\n<tr>\n<td colspan=\"4\"><img decoding=\"async\" loading=\"lazy\" class=\"\" title=\"elektr\u00f3nov\u00fd mikrosn\u00edmok z pozd\u013a\u017enej oblasti srdcovej svalovej bunky\" src=\"https:\/\/confolab.sav.sk\/ovsb\/wp-content\/uploads\/ElektronovaMikroskopia4.png\" alt=\"elektr\u00f3nov\u00fd mikrosn\u00edmok z pozd\u013a\u017enej oblasti srdcovej svalovej bunky\" width=\"156\" height=\"136\" hspace=\"1\" vspace=\"1\" \/> <img decoding=\"async\" loading=\"lazy\" class=\"\" title=\"stereologick\u00e1 anal\u00fdza povrchovej hustoty pomocou anal\u00fdzy prienikov cyklo\u00edd cez membr\u00e1nu\" src=\"https:\/\/confolab.sav.sk\/ovsb\/wp-content\/uploads\/ElektronovaMikroskopia5.png\" alt=\"stereologick\u00e1 anal\u00fdza povrchovej hustoty pomocou anal\u00fdzy prienikov cyklo\u00edd cez membr\u00e1nu\" width=\"156\" height=\"136\" hspace=\"1\" vspace=\"1\" \/> <img decoding=\"async\" loading=\"lazy\" class=\"\" title=\"stereologick\u00e1 anal\u00fdza povrchovej hustoty pomocou anal\u00fdzy prienikov cyklo\u00edd cez membr\u00e1nu\" src=\"https:\/\/confolab.sav.sk\/ovsb\/wp-content\/uploads\/ElektronovaMikroskopia6.png\" alt=\"stereologick\u00e1 anal\u00fdza povrchovej hustoty pomocou anal\u00fdzy prienikov cyklo\u00edd cez membr\u00e1nu\" width=\"156\" height=\"136\" hspace=\"1\" vspace=\"1\" \/> <img decoding=\"async\" loading=\"lazy\" class=\"\" title=\"stereologick\u00e1 anal\u00fdza povrchovej hustoty pomocou anal\u00fdzy prienikov cyklo\u00edd cez membr\u00e1nu\" src=\"https:\/\/confolab.sav.sk\/ovsb\/wp-content\/uploads\/ElektronovaMikroskopia3.png\" alt=\"stereologick\u00e1 anal\u00fdza povrchovej hustoty pomocou anal\u00fdzy prienikov cyklo\u00edd cez membr\u00e1nu\" width=\"156\" height=\"136\" hspace=\"1\" vspace=\"1\" \/><\/td>\n<\/tr>\n<\/tbody>\n<\/table>\n<h2><strong>Met\u00f3dy vyu\u017e\u00edvan\u00e9 v elektr\u00f3novej mikroskopii<\/strong><\/h2>\n<ul style=\"line-height:1.3\">\n<li>Fix\u00e1cia pracuj\u00faceho srdca experiment\u00e1lnych zvierat za pomoci perf\u00faznej Langendorffovej aparat\u00fary a  spracovenie tkaniva pre elektr\u00f3nov\u00fa mikroskopiu (izol\u00e1cia papil\u00e1rneho svalu a k\u00faskov tkaniva z \u013eavej komory, fix\u00e1cia, postfix\u00e1cia, kontrastovanie, zalievanie do Durcupanu, polymeriz\u00e1cia).<\/li>\n<li>Fix\u00e1cia buniek tkanivov\u00fdch kult\u00far a bunkov\u00fdch frakci\u00ed a ich spracovanie pre elektr\u00f3nov\u00fa mikroskopiu.<\/li>\n<li>Pr\u00edprava ultratenk\u00fdch rezov pre elektr\u00f3nov\u00fa mikroskopiu, kontrastovanie ultratenk\u00fdch rezov.<\/li>\n<li>Anal\u00fdza ultra\u0161trukt\u00fary buniek \u017eivo\u010d\u00ed\u0161nych tkan\u00edv (srdcov\u00e9 bunky, neur\u00e1lne bunky, bunky tkanivov\u00fdch kult\u00far) za pomoci elektr\u00f3nov\u00e9ho mikroskopu. Metodick\u00fd pr\u00edstup je zameran\u00fd na \u0161t\u00fadium adapta\u010dn\u00fdch ultra\u0161truktur\u00e1lnych zmien na \u00farovni buniek a bunkov\u00fdch organel.<\/li>\n<li>Met\u00f3da korela\u010dnej mikroskopie umo\u017e\u0148uj\u00faca izolovan\u00e9 kardiomyocyty charakterizovan\u00e9 za pomoci konfok\u00e1lneho mikroskopu kvantifikova\u0165 a charakterizova\u0165 za pomoci elektr\u00f3nov\u00e9ho mikroskopu.<\/li>\n<li>Met\u00f3da obrazovej anal\u00fdzy zameran\u00e1 na definovenie zmien objemov\u00fdch a povrchov\u00fdch parametrov mikro\u0161trukt\u00far a zmien v interakcii vn\u00fatrobunkov\u00fdch organel.  Na objekt\u00edvnu kvantifik\u00e1ciu vz\u0165ahov medzi bunkov\u00fdmi organelami sme vypracovali vlastn\u00fa stereologick\u00fa met\u00f3du &#8211; ur\u010dovania prostredia organel. Vyu\u017e\u00edvame vlastn\u00fd softv\u00e9r Graphic Cell Analyzer  autorov Parulek a Zahradnik, pracuj\u00faci na princ\u00edpe stereologickej met\u00f3dy vertik\u00e1lnych rezov pod\u013ea Baddeleyho (Baddeley, Gundersen, Cruz-Orive,<span class=\"jrnl\" title=\"Journal of microscopy\"> J Microsc<\/span>. 142:259-76,1986).<\/li>\n<\/ul>\n<table border=\"0\" width=\"100%\" cellspacing=\"1\" cellpadding=\"4\">\n<tbody>\n<tr>\n<td colspan=\"4\"><img decoding=\"async\" loading=\"lazy\" class=\"\" title=\"elektr\u00f3nov\u00fd mikrosn\u00edmok z pozd\u013a\u017enej oblasti srdcovej svalovej bunky\" src=\"https:\/\/confolab.sav.sk\/ovsb\/wp-content\/uploads\/ElektronovaMikroskopiaDole1.png\" alt=\"elektr\u00f3nov\u00fd mikrosn\u00edmok z pozd\u013a\u017enej oblasti srdcovej svalovej bunky\" width=\"156\" height=\"136\" hspace=\"1\" vspace=\"1\" \/> <img decoding=\"async\" loading=\"lazy\" class=\"\" title=\"elektr\u00f3nov\u00fd mikrosn\u00edmok z pozd\u013a\u017enej oblasti srdcovej svalovej bunky\" src=\"https:\/\/confolab.sav.sk\/ovsb\/wp-content\/uploads\/ElektronovaMikroskopiaDole2.png\" alt=\"elektr\u00f3nov\u00fd mikrosn\u00edmok z pozd\u013a\u017enej oblasti srdcovej svalovej bunky\" width=\"156\" height=\"136\" hspace=\"1\" vspace=\"1\" \/> <img decoding=\"async\" loading=\"lazy\" class=\"\" title=\"elektr\u00f3nov\u00fd mikrosn\u00edmok z pozd\u013a\u017enej oblasti srdcovej svalovej bunky\" src=\"https:\/\/confolab.sav.sk\/ovsb\/wp-content\/uploads\/ElektronovaMikroskopiaDole3.png\" alt=\"elektr\u00f3nov\u00fd mikrosn\u00edmok z pozd\u013a\u017enej oblasti srdcovej svalovej bunky\" width=\"156\" height=\"136\" hspace=\"1 vspace=\"1\" \/> <img decoding=\"async\" loading=\"lazy\" class=\"\" title=\"elektr\u00f3nov\u00fd mikrosn\u00edmok z pozd\u013a\u017enej oblasti srdcovej svalovej bunky\" src=\"https:\/\/confolab.sav.sk\/ovsb\/wp-content\/uploads\/ElektronovaMikroskopiaDole4.png\" alt=\"elektr\u00f3nov\u00fd mikrosn\u00edmok z pozd\u013a\u017enej oblasti srdcovej svalovej bunky\" width=\"156\" height=\"136\" hspace=\"1\" vspace=\"1\" \/><\/td>\n<\/tr>\n<\/tr>\n<\/tbody>\n<\/table>\n<p>&nbsp;<\/p>\n","protected":false},"excerpt":{"rendered":"<p>Transmisn\u00fd elektr\u00f3nov\u00fd mikroskop JEM 1200 (Jeol), CCD kamera Dual Vision 300W (Gatan)&nbsp;&nbsp;&nbsp;&nbsp;&nbsp;Nasp\u00e4\u0165 Kontakt: RNDr. Marta Novotov\u00e1, CSc. Transmisn\u00e1 elektr\u00f3nov\u00e1 mikroskopia je vyu\u017e\u00edvan\u00e1 na anal\u00fdzu morfologick\u00fdch&#8230;<span class=\"excerpt_more\"><a href=\"https:\/\/confolab.sav.sk\/ovsb\/laboratoria\/elektronova-mikroskopia\/\">\u010d\u00edta\u0165 \u010falej &raquo;<\/a><\/span><\/p>\n","protected":false},"author":1,"featured_media":0,"parent":18,"menu_order":30,"comment_status":"closed","ping_status":"closed","template":"","meta":[],"_links":{"self":[{"href":"https:\/\/confolab.sav.sk\/ovsb\/wp-json\/wp\/v2\/pages\/65"}],"collection":[{"href":"https:\/\/confolab.sav.sk\/ovsb\/wp-json\/wp\/v2\/pages"}],"about":[{"href":"https:\/\/confolab.sav.sk\/ovsb\/wp-json\/wp\/v2\/types\/page"}],"author":[{"embeddable":true,"href":"https:\/\/confolab.sav.sk\/ovsb\/wp-json\/wp\/v2\/users\/1"}],"replies":[{"embeddable":true,"href":"https:\/\/confolab.sav.sk\/ovsb\/wp-json\/wp\/v2\/comments?post=65"}],"version-history":[{"count":76,"href":"https:\/\/confolab.sav.sk\/ovsb\/wp-json\/wp\/v2\/pages\/65\/revisions"}],"predecessor-version":[{"id":2477,"href":"https:\/\/confolab.sav.sk\/ovsb\/wp-json\/wp\/v2\/pages\/65\/revisions\/2477"}],"up":[{"embeddable":true,"href":"https:\/\/confolab.sav.sk\/ovsb\/wp-json\/wp\/v2\/pages\/18"}],"wp:attachment":[{"href":"https:\/\/confolab.sav.sk\/ovsb\/wp-json\/wp\/v2\/media?parent=65"}],"curies":[{"name":"wp","href":"https:\/\/api.w.org\/{rel}","templated":true}]}}