{"id":524,"date":"2018-01-10T14:52:19","date_gmt":"2018-01-10T14:52:19","guid":{"rendered":"http:\/\/confolab.sav.sk\/ovsb\/?page_id=524"},"modified":"2024-11-26T07:47:26","modified_gmt":"2024-11-26T07:47:26","slug":"rndr-alexandra-zahradnikova-ml-phd","status":"publish","type":"page","link":"https:\/\/confolab.sav.sk\/ovsb\/pracovnici\/vyskumnici\/rndr-alexandra-zahradnikova-ml-phd\/","title":{"rendered":"RNDr. Alexandra Zahradn\u00edkov\u00e1 ml., PhD."},"content":{"rendered":"<p><script type=\"text\/javascript\">\n<!--\nfunction launch(newURL, newName, newFeatures, orgName) {\n  var remote = open(newURL, newName, newFeatures);\n  if (remote.opener == null)\n    remote.opener = window;\n  remote.opener.name = orgName;\n  return remote;\n}\n\nfunction launchRemoteCV(name) {\n  var address =  name;\n  myRemote = launch(address ,\n                    \"OknoCV\",\n                    \"height=500, width=850, left=50, top=50, alwaysLowered=0, alwaysRaised=0, channelmode=0, dependent=0, directories=0, fullscreen=0, hotkeys=1, location=0, menubar=0, resizable=0, scrollbars=0, status=0, titlebar=1, toolbar=0, z-lock=0\",\n                    \"myWindowCV\");\n}\n\nfunction launchRemotePub(name) {\n  var address =  name;\n  myRemote = launch(address ,\n                    \"OknoPub\",\n                    \"height=500, width=850, left=150, top=150, alwaysLowered=0, alwaysRaised=0, channelmode=0, dependent=0, directories=0, fullscreen=0, hotkeys=1, location=0, menubar=0, resizable=0, scrollbars=0, status=0, titlebar=1, toolbar=0, z-lock=0\",\n                    \"myWindowPub\");\n}\n\n\/\/ -->>\n<\/script><button onclick=\"goBack()\">Nasp\u00e4\u0165<\/button><br \/>\n<script>\t \t \nfunction goBack() { window.history.go(-1); }\t \t \n<\/script><\/p>\n<table width=\"100%\">\n<tbody>\n<tr>\n<td colspan=\"4\" width=\"80%\"><a href=\"javascript:launchRemoteCV(&quot;https:\/\/confolab.sav.sk\/ovsb\/wp-content\/uploads\/AZjr_CV_slo.pdf&quot;)\">\u017divotopis<\/a><br \/>\n<a href=\"javascript:launchRemotePub(&quot;https:\/\/confolab.sav.sk\/ovsb\/wp-content\/uploads\/AZjr_pub_slo.pdf&quot;)\">Zoznam publik\u00e1cii<\/a>\n<\/td>\n<td rowspan=\"2\"><img decoding=\"async\" class=\"alignright\" src=\"https:\/\/confolab.sav.sk\/ovsb\/wp-content\/uploads\/Sandra.png\" alt=\"photo\" width=\"100\" vspace=\"5\" hspace=\"10\" border=\"0\"><\/td>\n<\/tr>\n<tr>\n<td width=\"5%\" >\n<a href=\"https:\/\/orcid.org\/0000-0001-5170-118X\" target=\"_blank\" rel=\"noopener noreferrer\"> <img decoding=\"async\" src=\"https:\/\/confolab.sav.sk\/ovsb\/en\/wp-content\/uploads\/sites\/2\/orcid.jpg\" height=\"32\"><\/a> &nbsp;&nbsp;&nbsp;&nbsp;&nbsp;<\/td>\n<td width=\"5%\">\n<a href=\"https:\/\/publons.com\/researcher\/2862037\/alexandra-jr-zahradnikova\/\" target=\"_blank\" rel=\"noopener noreferrer\"><img decoding=\"async\" class=\"alignnone size-medium wp-image-1016\" height=\"32\" src=\"https:\/\/confolab.sav.sk\/ovsb\/wp-content\/uploads\/Publons-300x300.png\" alt=\"ResearcherID\" srcset=\"https:\/\/confolab.sav.sk\/ovsb\/wp-content\/uploads\/Publons-300x300.png 300w, https:\/\/confolab.sav.sk\/ovsb\/wp-content\/uploads\/Publons-150x150.png 150w, https:\/\/confolab.sav.sk\/ovsb\/wp-content\/uploads\/Publons-100x100.png 100w, https:\/\/confolab.sav.sk\/ovsb\/wp-content\/uploads\/Publons.png 552w\" sizes=\"(max-width: 300px) 100vw, 300px\" \/><\/a> &nbsp;&nbsp;&nbsp;&nbsp;&nbsp;<\/td>\n<td width=\"5%\">\n&nbsp;&nbsp;&nbsp;&nbsp;&nbsp;<\/td>\n<td width=\"5%\">\n&nbsp;&nbsp;&nbsp;&nbsp;&nbsp; <\/td>\n<\/tr>\n<\/tbody>\n<\/table>\n<table width=\"100%\">\n<tbody>\n<tr>\n<td colspan=\"2\">\n<table class=\"list\" width=\"100%\" cellspacing=\"0\" cellpadding=\"2\">\n<tbody>\n<tr>\n<td colspan=\"2\">\n<h2>Pracovisko a pracovn\u00e9 zaradenie:<\/h2>\n<\/td>\n<\/tr>\n<tr>\n<td colspan=\"2\">\u00dastav experiment\u00e1lnej endokrinol\u00f3gie, Biomedic\u00ednske centrum, v.v.i., Slovensk\u00e1 akad\u00e9mia vied, Bratislava, Slovensk\u00e1 republika, samostatn\u00fd vedeck\u00fd pracovn\u00edk<\/td>\n<\/tr>\n<tr>\n<td colspan=\"2\">\n<h2>Kvalifik\u00e1cia:<\/h2>\n<\/td>\n<\/tr>\n<tr>\n<td width=\"10%\">1999<\/td>\n<td>Mgr., Biol\u00f3gia, \u017divo\u010d\u00ed\u0161na fyziol\u00f3gia a etol\u00f3gia, Pr\u00edrodovedeck\u00e1 fakulta Univerzity Komensk\u00e9ho, Bratislava (\u0161kolite\u013e: RNDr. Karol Pachinger, CSc.)<\/td>\n<\/tr>\n<tr>\n<td>2007<\/td>\n<td>RNDr., Biol\u00f3gia, \u017divo\u010d\u00ed\u0161na fyziol\u00f3gia a etol\u00f3gia, Pr\u00edrodovedeck\u00e1 fakulta Univerzity Komensk\u00e9ho, Bratislava (\u0161kolite\u013e: RNDr. Marta Novotov\u00e1, CSc.)<\/td>\n<\/tr>\n<tr>\n<td>2010<\/td>\n<td>PhD., \u017divo\u010d\u00ed\u0161na fyziol\u00f3gia, Univerzita Pavla Jozefa \u0160af\u00e1rika v Ko\u0161iciach (\u0161kolite\u013e: RNDr. Marta Novotov\u00e1, CSc.)<\/td>\n<\/tr>\n<tr>\n<td colspan=\"2\">\n<h2>Zru\u010dnosti:<\/h2>\n<\/td>\n<\/tr>\n<tr>\n<td colspan=2>\n<ul>\n<li>Konfok\u00e1lna mikroskopia (meranie dynamiky vn\u00fatrobunkov\u00e9ho v\u00e1pnika, farbenie pomocou protil\u00e1tok, farbenie bunkov\u00fdch \u0161trukt\u00far)<\/li>\n<li>Fyziol\u00f3gia bunky (izol\u00e1cia potkan\u00edch a my\u0161\u00edch kardiomyocytov, izol\u00e1cia neonat\u00e1lnych potkan\u00edch kardiomyocytov a fibroblastov, patch-clamp)<\/li>\n<li>Molekul\u00e1rna biol\u00f3gia (extrakcia prote\u00ednov, DNA a RNA, PCR, qPCR, Western Blot, transform\u00e1cia a kultiv\u00e1cia <i>E. coli<\/i>, transfekcia a kultiv\u00e1cia neonat\u00e1lnych kardiomyocytov)<br \/>\n<\/li>\n<li>Oper\u00e1cie a diagnostika (minim\u00e1lne invaz\u00edvne podviazanie aorty u my\u0161\u00ed, lig\u00e1cia LAD cievy u my\u0161\u00ed, implant\u00e1cia telemetrick\u00e9ho EKG zariadenia a telemetrick\u00e9 meranie EKG, meranie P-V slu\u010diek pomocou kateteriz\u00e1cie u my\u0161\u00ed, echokardiografia u my\u0161\u00ed)<\/li>\n<li>Pr\u00e1ca s PC (Word, Excel, Access, Powerpoint, Adobe Photoshop, tvorba internetov\u00fdch str\u00e1nok, programovanie v jazykoch Visual Basic, PHP, Javascript, Lab Talk, Origin C)<\/li>\n<\/ul>\n<\/td>\n<\/tr>\n<tr>\n<td colspan=\"2\">\n<h2>Granty:<\/h2>\n<\/td>\n<\/tr>\n<\/tbody>\n<\/table>\n<\/td>\n<\/tr>\n<\/tbody>\n<\/table>\n<table class=\"list\" width=\"100%\">\n<tbody>\n<tr>\n<td width=\"10%\"><\/td>\n<td>\n<h3>Zahrani\u010dn\u00e9\/medzin\u00e1rodn\u00e9 granty:<\/h3>\n<\/td>\n<\/tr>\n<tr>\n<td><a href=\"https:\/\/confolab.sav.sk\/ovsb\/projekty\/aktivne-projekty\/era-cvd_jtc2019-055\/\"><img decoding=\"async\" loading=\"lazy\" class=\"\" title=\"Patch-clamped cardiac myocyte\" src=\"https:\/\/confolab.sav.sk\/ovsb\/wp-content\/uploads\/ERANET-1.png\" alt=\"image\" width=\"80\" height=\"74\" align=\"left\" hspace=\"3\" vspace=\"1\" \/><\/a><\/td>\n<td>ERA-CVD_JTC2019-055<br \/>\n<em><a href=\"https:\/\/confolab.sav.sk\/ovsb\/projekty\/aktivne-projekty\/era-cvd_jtc2019-055\/\">HF-MetaB &#8211; Metabolick\u00e1 terapia srdcov\u00e9ho zlyhania: \u00faloha vitam\u00ednov B<\/a> <\/em>(2020 \u2013 2024)<br \/>\n<strong>ved\u00faci projektu<\/strong><\/td>\n<\/tr>\n<tr>\n<td width=\"10%\"><\/td>\n<td>\n<h3>Agent\u00fara na podporu v\u00fdskumu a v\u00fdvoja (APVV):<\/h3>\n<\/td>\n<\/tr>\n<tr>\n<td><a href=\"https:\/\/confolab.sav.sk\/ovsb\/projekty\/aktivne-projekty\/apvv-21-0443\/\"><img decoding=\"async\" loading=\"lazy\" class=\"\" title=\"Patch-clamped cardiac myocyte\" src=\"https:\/\/confolab.sav.sk\/ovsb\/wp-content\/uploads\/ERANET-1.png\" alt=\"image\" width=\"80\" height=\"74\" align=\"left\" hspace=\"3\" vspace=\"1\" \/><\/a><\/td>\n<td>APVV-21-0443<br \/>\n<em><a href=\"https:\/\/confolab.sav.sk\/ovsb\/projekty\/aktivne-projekty\/apvv-21-0443\/\">Mitochondri\u00e1lne ochorenia a zlyhanie srdca<\/a> <\/em>(2022 \u2013 2026)<br \/>\n<strong>ved\u00faci projektu<\/strong><\/td>\n<\/tr>\n<tr>\n<td> <a href=\"https:\/\/confolab.sav.sk\/ovsb\/projekty\/aktivne-projekty\/apvv-21-0473\/\"><img decoding=\"async\" loading=\"lazy\" class=\"wp-image-428 alignnone\" src=\"https:\/\/confolab.sav.sk\/ovsb\/wp-content\/uploads\/pictogram-image-for-web-page-Wfs1-recessive-dominant-v1.jpg\" alt=\"wave\" width=\"80\" height=\"80\" \/><\/a><\/td>\n<td>APVV-21-0473<br \/>\n<a href=\"https:\/\/confolab.sav.sk\/ovsb\/projekty\/aktivne-projekty\/apvv-21-0473\/\"><i>Mut\u00e1cie asociovan\u00e9 s Wolframov\u00fdm syndr\u00f3mom: rozdielne sign\u00e1lne dr\u00e1hy v zmysle metabolizmu v\u00e1pnika a funkcie mitochondri\u00ed<\/i><\/a> (2022 \u2013 2026)<br \/>\n<strong>spolurie\u0161ite\u013e<\/strong>; ved\u00faci projektu: Michal Cagalinec<\/td>\n<\/tr>\n<tr>\n<td><a href=\"https:\/\/confolab.sav.sk\/ovsb\/projekty\/aktivne-projekty\/APVV-16-0452\/\"><img decoding=\"async\" loading=\"lazy\" class=\"\" title=\"ppis\" src=\"https:\/\/confolab.sav.sk\/ovsb\/wp-content\/uploads\/ppis.png\" alt=\"image\" width=\"80\" height=\"74\" align=\"left\" hspace=\"3\" vspace=\"1\" \/><\/a><\/td>\n<td>APVV-16-0452<br \/>\n<em><a href=\"https:\/\/www.confolab.sav.sk\/ovsb\/projekty\/aktivne-projekty\/APVV-16-0452\/\">PPIS &#8211; Regul\u00e1cia pericelul\u00e1rnej proteol\u00fdzy: od molekul\u00e1rnych mechanizmov k nov\u00fdm subsetom imunitn\u00fdch buniek a<br \/>\nterapeutick\u00fdm n\u00e1strojom<\/a><\/em> (2017-2021)<br \/>\nVed\u00faci projektu (\u00daMB SAV): Vladim\u00edr Leksa<br \/>\n<strong>ved\u00faci projektu za \u00daMFG SAV<\/strong><\/td>\n<\/tr>\n<tr>\n<td width=\"10%\"><\/td>\n<td>\n<h3>Vedeck\u00e1 grantov\u00e1 agent\u00fara M\u0160VVa\u0160 a SAV (VEGA):<\/h3>\n<\/td>\n<\/tr>\n<tr>\n<td><a href=\"https:\/\/confolab.sav.sk\/ovsb\/projekty\/aktivne-projekty\/vega-2-0182-21\/\"><img decoding=\"async\" loading=\"lazy\" class=\"\" title=\"Patch-clamped cardiac myocyte\" src=\"https:\/\/confolab.sav.sk\/ovsb\/wp-content\/uploads\/ERANET-1.png\" alt=\"image\" width=\"80\" height=\"74\" align=\"left\" hspace=\"3\" vspace=\"1\" \/><\/a><\/td>\n<td>VEGA 2\/0182\/21<br \/>\n<em><a href=\"https:\/\/confolab.sav.sk\/ovsb\/projekty\/aktivne-projekty\/vega-2-0182-21\/\">Reorganiz\u00e1cia di\u00e1d kardiomyocytov pri experiment\u00e1lnej terapii zlyh\u00e1vaj\u00faceho srdca<\/a> <\/em>(2021 \u2013 2024)<br \/>\n<strong>ved\u00faci projektu<\/strong><\/td>\n<\/tr>\n<\/tbody>\n<\/table>\n","protected":false},"excerpt":{"rendered":"<p>Nasp\u00e4\u0165 \u017divotopis Zoznam publik\u00e1cii &nbsp;&nbsp;&nbsp;&nbsp;&nbsp; &nbsp;&nbsp;&nbsp;&nbsp;&nbsp; &nbsp;&nbsp;&nbsp;&nbsp;&nbsp; &nbsp;&nbsp;&nbsp;&nbsp;&nbsp; Pracovisko a pracovn\u00e9 zaradenie: \u00dastav experiment\u00e1lnej endokrinol\u00f3gie, Biomedic\u00ednske centrum, v.v.i., Slovensk\u00e1 akad\u00e9mia vied, Bratislava, Slovensk\u00e1 republika, samostatn\u00fd&#8230;<span class=\"excerpt_more\"><a href=\"https:\/\/confolab.sav.sk\/ovsb\/pracovnici\/vyskumnici\/rndr-alexandra-zahradnikova-ml-phd\/\">\u010d\u00edta\u0165 \u010falej &raquo;<\/a><\/span><\/p>\n","protected":false},"author":2,"featured_media":0,"parent":90,"menu_order":90,"comment_status":"closed","ping_status":"closed","template":"","meta":[],"_links":{"self":[{"href":"https:\/\/confolab.sav.sk\/ovsb\/wp-json\/wp\/v2\/pages\/524"}],"collection":[{"href":"https:\/\/confolab.sav.sk\/ovsb\/wp-json\/wp\/v2\/pages"}],"about":[{"href":"https:\/\/confolab.sav.sk\/ovsb\/wp-json\/wp\/v2\/types\/page"}],"author":[{"embeddable":true,"href":"https:\/\/confolab.sav.sk\/ovsb\/wp-json\/wp\/v2\/users\/2"}],"replies":[{"embeddable":true,"href":"https:\/\/confolab.sav.sk\/ovsb\/wp-json\/wp\/v2\/comments?post=524"}],"version-history":[{"count":43,"href":"https:\/\/confolab.sav.sk\/ovsb\/wp-json\/wp\/v2\/pages\/524\/revisions"}],"predecessor-version":[{"id":2755,"href":"https:\/\/confolab.sav.sk\/ovsb\/wp-json\/wp\/v2\/pages\/524\/revisions\/2755"}],"up":[{"embeddable":true,"href":"https:\/\/confolab.sav.sk\/ovsb\/wp-json\/wp\/v2\/pages\/90"}],"wp:attachment":[{"href":"https:\/\/confolab.sav.sk\/ovsb\/wp-json\/wp\/v2\/media?parent=524"}],"curies":[{"name":"wp","href":"https:\/\/api.w.org\/{rel}","templated":true}]}}