{"id":521,"date":"2018-01-10T14:49:22","date_gmt":"2018-01-10T14:49:22","guid":{"rendered":"http:\/\/confolab.sav.sk\/ovsb\/?page_id=521"},"modified":"2024-11-26T07:46:26","modified_gmt":"2024-11-26T07:46:26","slug":"ing-alexandra-zahradnikova-drsc","status":"publish","type":"page","link":"https:\/\/confolab.sav.sk\/ovsb\/pracovnici\/vyskumnici\/ing-alexandra-zahradnikova-drsc\/","title":{"rendered":"Ing. Alexandra Zahradn\u00edkov\u00e1, DrSc."},"content":{"rendered":"<p><script type=\"text\/javascript\">\n<!--\nfunction launch(newURL, newName, newFeatures, orgName) {\n  var remote = open(newURL, newName, newFeatures);\n  if (remote.opener == null)\n    remote.opener = window;\n  remote.opener.name = orgName;\n  return remote;\n}\n\nfunction launchRemoteCV(name) {\n  var address =  name;\n  myRemote = launch(address ,\n                    \"OknoCV\",\n                    \"height=500, width=850, left=50, top=50, alwaysLowered=0, alwaysRaised=0, channelmode=0, dependent=0, directories=0, fullscreen=0, hotkeys=1, location=0, menubar=0, resizable=0, scrollbars=0, status=0, titlebar=1, toolbar=0, z-lock=0\",\n                    \"myWindowCV\");\n}\n\nfunction launchRemotePub(name) {\n  var address =  name;\n  myRemote = launch(address ,\n                    \"OknoPub\",\n                    \"height=500, width=850, left=150, top=150, alwaysLowered=0, alwaysRaised=0, channelmode=0, dependent=0, directories=0, fullscreen=0, hotkeys=1, location=0, menubar=0, resizable=0, scrollbars=0, status=0, titlebar=1, toolbar=0, z-lock=0\",\n                    \"myWindowPub\");\n}\n\n\/\/ -->>\n<\/script><button onclick=\"goBack()\">Nasp\u00e4\u0165<\/button><br \/>\n<script>\t \t \nfunction goBack() { window.history.go(-1); }\t \t \n<\/script><\/p>\n<table width=\"100%\">\n<tbody>\n<tr>\n<td colspan=\"4\" width=\"80%\"><a href=\"javascript:launchRemoteCV(&quot;https:\/\/confolab.sav.sk\/ovsb\/wp-content\/uploads\/AZ_CV_slo.pdf&quot;)\">\u017divotopis<\/a><br \/>\n<a href=\"javascript:launchRemotePub(&quot;https:\/\/confolab.sav.sk\/ovsb\/wp-content\/uploads\/AZ_pub_slo-1.pdf&quot;)\">Zoznam publik\u00e1cii<\/a>\n<\/td>\n<td rowspan=\"2\"><img decoding=\"async\" class=\"alignright\" src=\"https:\/\/confolab.sav.sk\/ovsb\/wp-content\/uploads\/Sasa.png\" alt=\"photo\" width=\"100\" vspace=\"5\" hspace=\"10\" border=\"0\"><\/td>\n<\/tr>\n<tr>\n<td width=\"5%\" >\n<a href=\"https:\/\/orcid.org\/0000-0002-7296-9617\" target=\"_blank\" rel=\"noopener noreferrer\"> <img decoding=\"async\" src=\"https:\/\/confolab.sav.sk\/ovsb\/en\/wp-content\/uploads\/sites\/2\/orcid.jpg\" height=\"32\"><\/a> &nbsp;&nbsp;&nbsp;&nbsp;&nbsp;<\/td>\n<td width=\"5%\">\n<a href=\"https:\/\/publons.com\/researcher\/935362\/alexandra-zahradnikova\/\" target=\"_blank\" rel=\"noopener noreferrer\"><img decoding=\"async\" class=\"alignnone size-medium wp-image-1016\" height=\"32\" src=\"https:\/\/confolab.sav.sk\/ovsb\/wp-content\/uploads\/Publons-300x300.png\" alt=\"ResearcherID\" srcset=\"https:\/\/confolab.sav.sk\/ovsb\/wp-content\/uploads\/Publons-300x300.png 300w, https:\/\/confolab.sav.sk\/ovsb\/wp-content\/uploads\/Publons-150x150.png 150w, https:\/\/confolab.sav.sk\/ovsb\/wp-content\/uploads\/Publons-100x100.png 100w, https:\/\/confolab.sav.sk\/ovsb\/wp-content\/uploads\/Publons.png 552w\" sizes=\"(max-width: 300px) 100vw, 300px\" \/><\/a> &nbsp;&nbsp;&nbsp;&nbsp;&nbsp;<\/td>\n<td width=\"5%\">\n<a href=\"https:\/\/scholar.google.sk\/citations?user=4R7bU1QAAAAJ&#038;hl=en&#038;oi=ao\" target=\"_blank\" rel=\"noopener noreferrer\"> <img decoding=\"async\" class=\"alignnone size-medium wp-image-1013\" src=\"https:\/\/confolab.sav.sk\/ovsb\/wp-content\/uploads\/GoogleScholar-e1563979195216.jpg\" alt=\"\" height=\"32\" srcset=\"https:\/\/confolab.sav.sk\/ovsb\/wp-content\/uploads\/GoogleScholar-e1563979195216.jpg 499w, https:\/\/confolab.sav.sk\/ovsb\/wp-content\/uploads\/GoogleScholar-e1563979195216-150x150.jpg 150w, https:\/\/confolab.sav.sk\/ovsb\/wp-content\/uploads\/GoogleScholar-e1563979195216-300x300.jpg 300w, https:\/\/confolab.sav.sk\/ovsb\/wp-content\/uploads\/GoogleScholar-e1563979195216-100x100.jpg 100w\" sizes=\"(max-width: 499px) 100vw, 499px\" \/> <\/a> &nbsp;&nbsp;&nbsp;&nbsp;&nbsp;<\/td>\n<td width=\"5%\">\n&nbsp;&nbsp;&nbsp;&nbsp;&nbsp; <\/td>\n<\/tr>\n<\/tbody>\n<\/table>\n<table width=\"100%\">\n<tbody>\n<tr>\n<td colspan=\"2\">\n<table class=\"list\" width=\"100%\" cellspacing=\"0\" cellpadding=\"2\">\n<tbody>\n<tr>\n<td colspan=\"2\">\n<h2>Pracovisko a pracovn\u00e9 zaradenie:<\/h2>\n<\/td>\n<\/tr>\n<tr>\n<td colspan=\"2\">\u00dastav experiment\u00e1lnej endokrinol\u00f3gie, Biomedic\u00ednske centrum, v.v.i., Slovensk\u00e1 akad\u00e9mia vied, Bratislava, Slovensk\u00e1 republika, ved\u00faci vedeck\u00fd pracovn\u00edk<\/td>\n<\/tr>\n<tr>\n<td colspan=\"2\">\n<h2>Kvalifik\u00e1cia:<\/h2>\n<\/td>\n<\/tr>\n<tr>\n<td width=\"10%\">1976<\/td>\n<td>Ing., Fakulta chemickej technol\u00f3gie, STU, Bratislava (\u0161kolite\u013e: RNDr. Zuzana Biela, CSc.)<\/td>\n<\/tr>\n<tr>\n<td>1982<\/td>\n<td>CSc., Fakulta chemickej technol\u00f3gie, STU, Bratislava (\u0161kolite\u013e: prof. Ing. Jan Gazo, DrSc.)<\/td>\n<\/tr>\n<tr>\n<td>1989-91<\/td>\n<td>PostDoc., Department of Physiology and Biophysics, UTMB, Galveston, TX, USA<\/td>\n<\/tr>\n<tr>\n<td>2010<\/td>\n<td>DrSc., Slovensk\u00e1 akad\u00e9mia vied<\/td>\n<\/tr>\n<tr>\n<td colspan=\"2\">\n<h2>Zru\u010dnosti:<\/h2>\n<\/td>\n<\/tr>\n<tr>\n<td colspan=\"2\">met\u00f3da patch-clamp na cel\u00fdch bunk\u00e1ch, plan\u00e1rne lipidov\u00e9 dvojvrstvy, konfok\u00e1lna mikroskopia, z\u00e1bleskov\u00e1 fotol\u00fdza, pokro\u010dil\u00e1 d\u00e1tov\u00e1 anal\u00fdza, matematick\u00e9 modelovanie a simul\u00e1cie<\/td>\n<\/tr>\n<tr>\n<td colspan=\"2\">\n<h2>Granty:<\/h2>\n<\/td>\n<\/tr>\n<\/tbody>\n<\/table>\n<\/td>\n<\/tr>\n<\/tbody>\n<\/table>\n<table class=\"list\" width=\"100%\">\n<tbody>\n<tr>\n<td width=\"10%\"><\/td>\n<td>\n<h3>Agent\u00fara na podporu v\u00fdskumu a v\u00fdvoja (APVV):<\/h3>\n<\/td>\n<\/tr>\n<tr>\n<td> <a href=\"https:\/\/confolab.sav.sk\/ovsb\/projekty\/aktivne-projekty\/apvv-21-0473\/\"><img decoding=\"async\" loading=\"lazy\" class=\"wp-image-428 alignnone\" src=\"https:\/\/confolab.sav.sk\/ovsb\/wp-content\/uploads\/pictogram-image-for-web-page-Wfs1-recessive-dominant-v1.jpg\" alt=\"wave\" width=\"80\" height=\"80\" \/><\/a><\/td>\n<td>APVV-21-0473<br \/>\n<a href=\"https:\/\/confolab.sav.sk\/ovsb\/projekty\/aktivne-projekty\/apvv-21-0473\/\"><i>Mut\u00e1cie asociovan\u00e9 s Wolframov\u00fdm syndr\u00f3mom: rozdielne sign\u00e1lne dr\u00e1hy v zmysle metabolizmu v\u00e1pnika a funkcie mitochondri\u00ed<\/i><\/a> (2022 \u2013 2026)<br \/>\n<strong>spolurie\u0161ite\u013e<\/strong>; ved\u00faci projektu: Michal Cagalinec<\/td>\n<\/tr>\n<tr>\n<td><a href=\"https:\/\/confolab.sav.sk\/ovsb\/projekty\/aktivne-projekty\/apvv-21-0443\/\"><img decoding=\"async\" loading=\"lazy\" class=\"\" title=\"Patch-clamped cardiac myocyte\" src=\"https:\/\/confolab.sav.sk\/ovsb\/wp-content\/uploads\/ERANET-1.png\" alt=\"image\" width=\"80\" height=\"74\" align=\"left\" hspace=\"3\" vspace=\"1\" \/><\/a><\/td>\n<td>APVV-21-0443<br \/>\n<em><a href=\"https:\/\/confolab.sav.sk\/ovsb\/projekty\/aktivne-projekty\/apvv-21-0443\/\">Mitochondri\u00e1lne ochorenia a zlyhanie srdca<\/a> <\/em>(2022 \u2013 2026)<br \/>\n<strong>spolurie\u0161ite\u013e<\/strong>; ved\u00faci projektu: Alexandra Zahradn\u00edkov\u00e1 ml.<\/td>\n<\/tr>\n<tr>\n<td><a href=\"https:\/\/confolab.sav.sk\/ovsb\/projekty\/aktivne-projekty\/APVV-16-0452\/\"><img decoding=\"async\" loading=\"lazy\" class=\"\" title=\"ppis\" src=\"https:\/\/confolab.sav.sk\/ovsb\/wp-content\/uploads\/ppis.png\" alt=\"image\" width=\"80\" height=\"74\" align=\"left\" hspace=\"3\" vspace=\"1\" \/><\/a><\/td>\n<td>APVV-16-0452<br \/>\n<em><a href=\"https:\/\/confolab.sav.sk\/ovsb\/projekty\/aktivne-projekty\/APVV-16-0452\/\">PPIS &#8211; Regul\u00e1cia pericelul\u00e1rnej proteol\u00fdzy: od molekul\u00e1rnych mechanizmov k nov\u00fdm subsetom imunitn\u00fdch buniek a terapeutick\u00fdm n\u00e1strojom<\/a><\/em> (2017-2021)<br \/>\nVed\u00faci projektu (\u00daMB SAV): Vladim\u00edr Leksa<br \/>\n<strong>spolurie\u0161ite\u013e<\/strong>; ved\u00faci projektu za \u00daMFG SAV: Alexandra Zahradn\u00edkov\u00e1, jr.<\/td>\n<\/tr>\n<tr>\n<td width=\"10%\"><\/td>\n<td>\n<h3>Vedeck\u00e1 grantov\u00e1 agent\u00fara M\u0160VVa\u0160 a SAV (VEGA):<\/h3>\n<\/td>\n<\/tr>\n<tr>\n<td><a href=\"https:\/\/confolab.sav.sk\/ovsb\/projekty\/aktivne-projekty\/vega-2-0182-21\/\"><img decoding=\"async\" loading=\"lazy\" class=\"\" title=\"Patch-clamped cardiac myocyte\" src=\"https:\/\/confolab.sav.sk\/ovsb\/wp-content\/uploads\/ERANET-1.png\" alt=\"image\" width=\"80\" height=\"74\" align=\"left\" hspace=\"3\" vspace=\"1\" \/><\/a><\/td>\n<td>VEGA 2\/0182\/21<br \/>\n<em><a href=\"https:\/\/confolab.sav.sk\/ovsb\/projekty\/aktivne-projekty\/vega-2-0182-21\/\">Reorganiz\u00e1cia di\u00e1d kardiomyocytov pri experiment\u00e1lnej terapii zlyh\u00e1vaj\u00faceho srdca<\/a> <\/em>(2021 \u2013 2024)<br \/>\n<strong>spolurie\u0161ite\u013e<\/strong>; ved\u00faci projektu: Alexandra Zahradn\u00edkov\u00e1 ml.<\/td>\n<\/tr>\n<\/tbody>\n<\/table>\n","protected":false},"excerpt":{"rendered":"<p>Nasp\u00e4\u0165 \u017divotopis Zoznam publik\u00e1cii &nbsp;&nbsp;&nbsp;&nbsp;&nbsp; &nbsp;&nbsp;&nbsp;&nbsp;&nbsp; &nbsp;&nbsp;&nbsp;&nbsp;&nbsp; &nbsp;&nbsp;&nbsp;&nbsp;&nbsp; Pracovisko a pracovn\u00e9 zaradenie: \u00dastav experiment\u00e1lnej endokrinol\u00f3gie, Biomedic\u00ednske centrum, v.v.i., Slovensk\u00e1 akad\u00e9mia vied, Bratislava, Slovensk\u00e1 republika, ved\u00faci&#8230;<span class=\"excerpt_more\"><a href=\"https:\/\/confolab.sav.sk\/ovsb\/pracovnici\/vyskumnici\/ing-alexandra-zahradnikova-drsc\/\">\u010d\u00edta\u0165 \u010falej &raquo;<\/a><\/span><\/p>\n","protected":false},"author":2,"featured_media":0,"parent":90,"menu_order":80,"comment_status":"closed","ping_status":"closed","template":"","meta":[],"_links":{"self":[{"href":"https:\/\/confolab.sav.sk\/ovsb\/wp-json\/wp\/v2\/pages\/521"}],"collection":[{"href":"https:\/\/confolab.sav.sk\/ovsb\/wp-json\/wp\/v2\/pages"}],"about":[{"href":"https:\/\/confolab.sav.sk\/ovsb\/wp-json\/wp\/v2\/types\/page"}],"author":[{"embeddable":true,"href":"https:\/\/confolab.sav.sk\/ovsb\/wp-json\/wp\/v2\/users\/2"}],"replies":[{"embeddable":true,"href":"https:\/\/confolab.sav.sk\/ovsb\/wp-json\/wp\/v2\/comments?post=521"}],"version-history":[{"count":34,"href":"https:\/\/confolab.sav.sk\/ovsb\/wp-json\/wp\/v2\/pages\/521\/revisions"}],"predecessor-version":[{"id":2754,"href":"https:\/\/confolab.sav.sk\/ovsb\/wp-json\/wp\/v2\/pages\/521\/revisions\/2754"}],"up":[{"embeddable":true,"href":"https:\/\/confolab.sav.sk\/ovsb\/wp-json\/wp\/v2\/pages\/90"}],"wp:attachment":[{"href":"https:\/\/confolab.sav.sk\/ovsb\/wp-json\/wp\/v2\/media?parent=521"}],"curies":[{"name":"wp","href":"https:\/\/api.w.org\/{rel}","templated":true}]}}