{"id":518,"date":"2018-01-10T14:46:52","date_gmt":"2018-01-10T14:46:52","guid":{"rendered":"http:\/\/confolab.sav.sk\/ovsb\/?page_id=518"},"modified":"2024-11-26T07:45:15","modified_gmt":"2024-11-26T07:45:15","slug":"rndr-ivan-zahradnik-csc","status":"publish","type":"page","link":"https:\/\/confolab.sav.sk\/ovsb\/pracovnici\/vyskumnici\/rndr-ivan-zahradnik-csc\/","title":{"rendered":"RNDr. Ivan Zahradn\u00edk, CSc."},"content":{"rendered":"<p><script type=\"text\/javascript\">\n<!--\nfunction launch(newURL, newName, newFeatures, orgName) {\n  var remote = open(newURL, newName, newFeatures);\n  if (remote.opener == null)\n    remote.opener = window;\n  remote.opener.name = orgName;\n  return remote;\n}\n\nfunction launchRemoteCV(name) {\n  var address =  name;\n  myRemote = launch(address ,\n                    \"OknoCV\",\n                    \"height=500, width=850, left=50, top=50, alwaysLowered=0, alwaysRaised=0, channelmode=0, dependent=0, directories=0, fullscreen=0, hotkeys=1, location=0, menubar=0, resizable=0, scrollbars=0, status=0, titlebar=1, toolbar=0, z-lock=0\",\n                    \"myWindowCV\");\n}\n\nfunction launchRemotePub(name) {\n  var address =  name;\n  myRemote = launch(address ,\n                    \"OknoPub\",\n                    \"height=500, width=850, left=150, top=150, alwaysLowered=0, alwaysRaised=0, channelmode=0, dependent=0, directories=0, fullscreen=0, hotkeys=1, location=0, menubar=0, resizable=0, scrollbars=0, status=0, titlebar=1, toolbar=0, z-lock=0\",\n                    \"myWindowPub\");\n}\n\n\/\/ -->>\n<\/script><button onclick=\"goBack()\">Nasp\u00e4\u0165<\/button><br \/>\n<script>\t \t \nfunction goBack() { window.history.go(-1); }\t \t \n<\/script><\/p>\n<table width=\"100%\">\n<tbody>\n<tr>\n<td colspan=\"4\" width=\"80%\"><a href=\"javascript:launchRemoteCV(&quot;https:\/\/confolab.sav.sk\/ovsb\/wp-content\/uploads\/IZ_CV_slo-1.pdf&quot;)\">\u017divotopis<\/a><br \/>\n<a href=\"javascript:launchRemotePub(&quot;https:\/\/confolab.sav.sk\/ovsb\/wp-content\/uploads\/IZ_pub_slo-1.pdf&quot;)\">Zoznam publik\u00e1cii<\/a>\n<\/td>\n<td rowspan=\"2\"><img decoding=\"async\" class=\"alignright\" src=\"https:\/\/confolab.sav.sk\/ovsb\/wp-content\/uploads\/Ivan.png\" alt=\"photo\" width=\"100\" vspace=\"5\" hspace=\"10\" border=\"0\"><\/td>\n<\/tr>\n<tr>\n<td width=\"5%\" >\n<a href=\"https:\/\/orcid.org\/0000-0001-5125-9467\" target=\"_blank\" rel=\"noopener noreferrer\"> <img decoding=\"async\" src=\"https:\/\/confolab.sav.sk\/ovsb\/en\/wp-content\/uploads\/sites\/2\/orcid.jpg\" height=\"32\"><\/a> &nbsp;&nbsp;&nbsp;&nbsp;&nbsp;<\/td>\n<td width=\"5%\">\n<a href=\"https:\/\/www.researchgate.net\/profile\/Ivan_Zahradnik\" target=\"_blank\" rel=\"noopener noreferrer\"><img decoding=\"async\" class=\"alignnone size-medium wp-image-1016\" height=\"32\" src=\"https:\/\/confolab.sav.sk\/ovsb\/wp-content\/uploads\/ResearchGate-300x202.png\" alt=\"ResearcherID\"  \/><\/a> &nbsp;&nbsp;&nbsp;&nbsp;&nbsp;<\/td>\n<td width=\"5%\">\n&nbsp;&nbsp;&nbsp;&nbsp;&nbsp;<\/td>\n<td width=\"5%\">\n&nbsp;&nbsp;&nbsp;&nbsp;&nbsp; <\/td>\n<\/tr>\n<\/tbody>\n<\/table>\n<table width=\"100%\">\n<tbody>\n<tr>\n<td colspan=\"2\">\n<table class=\"list\" width=\"100%\" cellspacing=\"0\" cellpadding=\"2\">\n<tbody>\n<tr>\n<td colspan=\"2\">\n<h2>Pracovisko a pracovn\u00e9 zaradenie:<\/h2>\n<\/td>\n<\/tr>\n<tr>\n<td colspan=\"2\">\u00dastav experiment\u00e1lnej endokrinol\u00f3gie, Biomedic\u00ednske centrum, v.v.i., Slovensk\u00e1 akad\u00e9mia vied, Bratislava, Slovensk\u00e1 republika, samostatn\u00fd vedeck\u00fd pracovn\u00edk<\/td>\n<\/tr>\n<tr>\n<td colspan=\"2\">\n<h2>Kvalifik\u00e1cia:<\/h2>\n<\/td>\n<\/tr>\n<tr>\n<td width=\"10%\">1973<\/td>\n<td>Mgr., ch\u00e9mia, Pr\u00edrodovedeck\u00e1 fakulta, Univerzita Komensk\u00e9ho , Bratislava (\u0161kolite\u013e: prof. Miroslav Urban, DrSc.)<\/td>\n<\/tr>\n<tr>\n<td>1985<\/td>\n<td>RNDr., fyzik\u00e1lna ch\u00e9mia, Pr\u00edrodovedeck\u00e1 fakulta, Univerzita Komensk\u00e9ho , Bratislava (\u0161kolite\u013e: akademik prof. MUDr. Jozef Zachar, DrSc.)<\/td>\n<\/tr>\n<tr>\n<td>1985<\/td>\n<td>CSc., biofyzika, Slovensk\u00e1 akad\u00e9mia vied, Bratislava (\u0161kolite\u013e: akademik prof. MUDr. Jozef Zachar, DrSc.)<\/td>\n<\/tr>\n<tr>\n<td>1989-91<\/td>\n<td>PostDoc., Department of Physiology and Biophysics, UTMB, Galveston, TX, USA<\/td>\n<\/tr>\n<tr>\n<td colspan=\"2\">\n<h2>Zru\u010dnosti:<\/h2>\n<\/td>\n<\/tr>\n<tr>\n<td colspan=\"2\">met\u00f3da patch-clamp na cel\u00fdch bunk\u00e1ch, fyzik\u00e1lna ch\u00e9mia, konfok\u00e1lna mikroskopia, elekrt\u00f3nov\u00e1 mikroskopia, pokro\u010dil\u00e1 d\u00e1tov\u00e1 anal\u00fdza, matematick\u00e9 modelovanie a simul\u00e1cie<\/td>\n<\/tr>\n<tr>\n<td colspan=\"2\">\n<h2>Granty:<\/h2>\n<\/td>\n<\/tr>\n<\/tbody>\n<\/table>\n<\/td>\n<\/tr>\n<\/tbody>\n<\/table>\n<table class=\"list\" width=\"100%\">\n<tbody>\n<td width=\"10%\"><\/td>\n<td>\n<h3>Agent\u00fara na podporu v\u00fdskumu a v\u00fdvoja (APVV):<\/h3>\n<\/td>\n<\/tr>\n<tr>\n<td> <a href=\"https:\/\/confolab.sav.sk\/ovsb\/projekty\/aktivne-projekty\/apvv-21-0473\/\"><img decoding=\"async\" loading=\"lazy\" class=\"wp-image-428 alignnone\" src=\"https:\/\/confolab.sav.sk\/ovsb\/wp-content\/uploads\/pictogram-image-for-web-page-Wfs1-recessive-dominant-v1.jpg\" alt=\"wave\" width=\"80\" height=\"80\" \/><\/a><\/td>\n<td>APVV-21-0473<br \/>\n<a href=\"https:\/\/confolab.sav.sk\/ovsb\/projekty\/aktivne-projekty\/apvv-21-0473\/\"><i>Mut\u00e1cie asociovan\u00e9 s Wolframov\u00fdm syndr\u00f3mom: rozdielne sign\u00e1lne dr\u00e1hy v zmysle metabolizmu v\u00e1pnika a funkcie mitochondri\u00ed<\/i><\/a> (2022 \u2013 2026)<br \/>\n<strong>spolurie\u0161ite\u013e<\/strong>; ved\u00faci projektu: Michal Cagalinec<\/td>\n<\/tr>\n<tr>\n<td><a href=\"https:\/\/confolab.sav.sk\/ovsb\/projekty\/aktivne-projekty\/apvv-21-0443\/\"><img decoding=\"async\" loading=\"lazy\" class=\"\" title=\"Patch-clamped cardiac myocyte\" src=\"https:\/\/confolab.sav.sk\/ovsb\/wp-content\/uploads\/ERANET-1.png\" alt=\"image\" width=\"80\" height=\"74\" align=\"left\" hspace=\"3\" vspace=\"1\" \/><\/a><\/td>\n<td>APVV-21-0443<br \/>\n<em><a href=\"https:\/\/confolab.sav.sk\/ovsb\/projekty\/aktivne-projekty\/apvv-21-0443\/\">Mitochondri\u00e1lne ochorenia a zlyhanie srdca<\/a> <\/em>(2022 \u2013 2026)<br \/>\n<strong>spolurie\u0161ite\u013e<\/strong>; ved\u00faci projektu: Alexandra Zahradn\u00edkov\u00e1 ml.<\/td>\n<\/tr>\n<tr>\n<td width=\"10%\"><\/td>\n<td>\n<h3>Vedeck\u00e1 grantov\u00e1 agent\u00fara M\u0160VVa\u0160 a SAV (VEGA):<\/h3>\n<\/td>\n<\/tr>\n<tr>\n<td><a href=\"https:\/\/confolab.sav.sk\/ovsb\/projekty\/aktivne-projekty\/vega-2-0182-21\/\"><img decoding=\"async\" loading=\"lazy\" class=\"\" title=\"Patch-clamped cardiac myocyte\" src=\"https:\/\/confolab.sav.sk\/ovsb\/wp-content\/uploads\/ERANET-1.png\" alt=\"image\" width=\"80\" height=\"74\" align=\"left\" hspace=\"3\" vspace=\"1\" \/><\/a><\/td>\n<td>VEGA 2\/0182\/21<br \/>\n<em><a href=\"https:\/\/confolab.sav.sk\/ovsb\/projekty\/aktivne-projekty\/vega-2-0182-21\/\">Reorganiz\u00e1cia di\u00e1d kardiomyocytov pri experiment\u00e1lnej terapii zlyh\u00e1vaj\u00faceho srdca<\/a> <\/em>(2021 \u2013 2024)<br \/>\n<strong>spolurie\u0161ite\u013e<\/strong>; ved\u00faci projektu: Alexandra Zahradn\u00edkov\u00e1 ml.<\/td>\n<\/tr>\n<\/tbody>\n<\/table>\n","protected":false},"excerpt":{"rendered":"<p>Nasp\u00e4\u0165 \u017divotopis Zoznam publik\u00e1cii &nbsp;&nbsp;&nbsp;&nbsp;&nbsp; &nbsp;&nbsp;&nbsp;&nbsp;&nbsp; &nbsp;&nbsp;&nbsp;&nbsp;&nbsp; &nbsp;&nbsp;&nbsp;&nbsp;&nbsp; Pracovisko a pracovn\u00e9 zaradenie: \u00dastav experiment\u00e1lnej endokrinol\u00f3gie, Biomedic\u00ednske centrum, v.v.i., Slovensk\u00e1 akad\u00e9mia vied, Bratislava, Slovensk\u00e1 republika, samostatn\u00fd&#8230;<span class=\"excerpt_more\"><a href=\"https:\/\/confolab.sav.sk\/ovsb\/pracovnici\/vyskumnici\/rndr-ivan-zahradnik-csc\/\">\u010d\u00edta\u0165 \u010falej &raquo;<\/a><\/span><\/p>\n","protected":false},"author":2,"featured_media":0,"parent":90,"menu_order":70,"comment_status":"closed","ping_status":"closed","template":"","meta":[],"_links":{"self":[{"href":"https:\/\/confolab.sav.sk\/ovsb\/wp-json\/wp\/v2\/pages\/518"}],"collection":[{"href":"https:\/\/confolab.sav.sk\/ovsb\/wp-json\/wp\/v2\/pages"}],"about":[{"href":"https:\/\/confolab.sav.sk\/ovsb\/wp-json\/wp\/v2\/types\/page"}],"author":[{"embeddable":true,"href":"https:\/\/confolab.sav.sk\/ovsb\/wp-json\/wp\/v2\/users\/2"}],"replies":[{"embeddable":true,"href":"https:\/\/confolab.sav.sk\/ovsb\/wp-json\/wp\/v2\/comments?post=518"}],"version-history":[{"count":38,"href":"https:\/\/confolab.sav.sk\/ovsb\/wp-json\/wp\/v2\/pages\/518\/revisions"}],"predecessor-version":[{"id":2753,"href":"https:\/\/confolab.sav.sk\/ovsb\/wp-json\/wp\/v2\/pages\/518\/revisions\/2753"}],"up":[{"embeddable":true,"href":"https:\/\/confolab.sav.sk\/ovsb\/wp-json\/wp\/v2\/pages\/90"}],"wp:attachment":[{"href":"https:\/\/confolab.sav.sk\/ovsb\/wp-json\/wp\/v2\/media?parent=518"}],"curies":[{"name":"wp","href":"https:\/\/api.w.org\/{rel}","templated":true}]}}