{"id":515,"date":"2018-01-10T14:44:53","date_gmt":"2018-01-10T14:44:53","guid":{"rendered":"http:\/\/confolab.sav.sk\/ovsb\/?page_id=515"},"modified":"2024-11-26T07:44:16","modified_gmt":"2024-11-26T07:44:16","slug":"rndr-jana-pavelkova-csc","status":"publish","type":"page","link":"https:\/\/confolab.sav.sk\/ovsb\/pracovnici\/vyskumnici\/rndr-jana-pavelkova-csc\/","title":{"rendered":"RNDr. Jana Pavelkov\u00e1, CSc."},"content":{"rendered":"<p><script type=\"text\/javascript\">\n<!--\nfunction launch(newURL, newName, newFeatures, orgName) {\n  var remote = open(newURL, newName, newFeatures);\n  if (remote.opener == null)\n    remote.opener = window;\n  remote.opener.name = orgName;\n  return remote;\n}\n\nfunction launchRemoteCV(name) {\n  var address =  name;\n  myRemote = launch(address ,\n                    \"OknoCV\",\n                    \"height=500, width=850, left=50, top=50, alwaysLowered=0, alwaysRaised=0, channelmode=0, dependent=0, directories=0, fullscreen=0, hotkeys=1, location=0, menubar=0, resizable=0, scrollbars=0, status=0, titlebar=1, toolbar=0, z-lock=0\",\n                    \"myWindowCV\");\n}\n\nfunction launchRemotePub(name) {\n  var address =  name;\n  myRemote = launch(address ,\n                    \"OknoPub\",\n                    \"height=500, width=850, left=150, top=150, alwaysLowered=0, alwaysRaised=0, channelmode=0, dependent=0, directories=0, fullscreen=0, hotkeys=1, location=0, menubar=0, resizable=0, scrollbars=0, status=0, titlebar=1, toolbar=0, z-lock=0\",\n                    \"myWindowPub\");\n}\n\n\/\/ -->>\n<\/script><button onclick=\"goBack()\">Nasp\u00e4\u0165<\/button><br \/>\n<script>\t \t \nfunction goBack() { window.history.go(-1); }\t \t \n<\/script><\/p>\n<table class=\"list\" width=\"100%\">\n<tbody>\n<tr>\n<td colspan=\"4\" width=\"80%\"><a href='javascript:launchRemoteCV(\"https:\/\/confolab.sav.sk\/ovsb\/wp-content\/uploads\/JP_CV_slo.pdf\")'>\u017divotopis<\/a><br \/>\n<a href='javascript:launchRemotePub(\"https:\/\/confolab.sav.sk\/ovsb\/wp-content\/uploads\/JP_pub_slo.pdf\")'>Zoznam publik\u00e1cii<\/a><\/td>\n<td rowspan=\"2\"><img decoding=\"async\" class=\"alignright\" src=\"https:\/\/confolab.sav.sk\/ovsb\/wp-content\/uploads\/Jana.png\" alt=\"photo\" width=\"100\" border=\"0\" hspace=\"10\" vspace=\"5\" \/><\/td>\n<\/tr>\n<tr>\n<td width=\"5%\">\n<a href=\"https:\/\/orcid.org\/my-orcid?orcid=0000-0002-9539-2312\" target=\"_blank\" rel=\"noopener noreferrer\"> <img decoding=\"async\" src=\"https:\/\/confolab.sav.sk\/ovsb\/en\/wp-content\/uploads\/sites\/2\/orcid.jpg\" height=\"32\"><\/a> &nbsp;&nbsp;&nbsp;&nbsp;&nbsp;<\/td>\n<td width=\"5%\">\n<a href=\"https:\/\/publons.com\/researcher\/4720411\/jana-pavelkova\/\" target=\"_blank\" rel=\"noopener noreferrer\"><img decoding=\"async\" class=\"alignnone size-medium wp-image-1016\" height=\"32\" src=\"https:\/\/confolab.sav.sk\/ovsb\/wp-content\/uploads\/Publons-300x300.png\" alt=\"ResearcherID\" srcset=\"https:\/\/confolab.sav.sk\/ovsb\/wp-content\/uploads\/Publons-300x300.png 300w, https:\/\/confolab.sav.sk\/ovsb\/wp-content\/uploads\/Publons-150x150.png 150w, https:\/\/confolab.sav.sk\/ovsb\/wp-content\/uploads\/Publons-100x100.png 100w, https:\/\/confolab.sav.sk\/ovsb\/wp-content\/uploads\/Publons.png 552w\" sizes=\"(max-width: 300px) 100vw, 300px\" \/><\/a> &nbsp;&nbsp;&nbsp;&nbsp;&nbsp;<\/td>\n<td width=\"5%\">\n&nbsp;&nbsp;&nbsp;&nbsp;&nbsp; <\/td>\n<td width=\"5%\">\n&nbsp;&nbsp;&nbsp;&nbsp;&nbsp; <\/td>\n<\/tr>\n<\/tbody>\n<\/table>\n<table width=\"100%\">\n<tbody>\n<tr>\n<td colspan=\"2\">\n<table class=\"list\" width=\"100%\" cellspacing=\"0\" cellpadding=\"2\">\n<tbody>\n<tr>\n<td colspan=\"2\">\n<h2>Pracovisko a pracovn\u00e9 zaradenie:<\/h2>\n<\/td>\n<\/tr>\n<tr>\n<td colspan=\"2\">\u00dastav experiment\u00e1lnej endokrinol\u00f3gie, Biomedic\u00ednske centrum, v.v.i., Slovensk\u00e1 akad\u00e9mia vied, Bratislava, Slovensk\u00e1 republika, vedeck\u00fd pracovn\u00edk<\/td>\n<\/tr>\n<tr>\n<td colspan=\"2\">\n<h2>Kvalifik\u00e1cia:<\/h2>\n<\/td>\n<\/tr>\n<tr>\n<td width=\"10%\">1986<\/td>\n<td>Mgr., Biofyzika, Matematicko fyzik\u00e1lna fakulta, Univerzita Komensk\u00e9ho, Bratislava (\u0161kolite\u013e: prof. RNDr. Tibor Hianik, DrSc.)<\/td>\n<\/tr>\n<tr>\n<td>1987<\/td>\n<td>RNDr., Biofyzika, Univerzita Komensk\u00e9ho, Bratislava<\/td>\n<\/tr>\n<tr>\n<td>1998<\/td>\n<td>CSc., Biofyzika, Slovensk\u00e1 akad\u00e9mia vied, Bratislava (\u0161kolite\u013e: RNDr. Ivan Zahradn\u00edk, CSc.)<\/td>\n<\/tr>\n<tr>\n<td colspan=\"2\">\n<h2>Zru\u010dnosti:<\/h2>\n<\/td>\n<\/tr>\n<tr>\n<td colspan=\"2\">programovanie v jazyku Basic, Fortran a \u010diasto\u010dne v jazyku C, PC programy (Microsoft Office, Origin, IonChannel, Fiji, EndNote), anal\u00fdza experiment\u00e1lnych d\u00e1t, matematick\u00e9 modelovanie a simul\u00e1cie<\/td>\n<\/tr>\n<tr>\n<td colspan=\"2\">\n<h2>Granty:<\/h2>\n<\/td>\n<\/tr>\n<\/tbody>\n<\/table>\n<\/td>\n<\/tr>\n<\/tbody>\n<\/table>\n<table class=\"list\" width=\"100%\">\n<tbody>\n<tr>\n<td width=\"10%\"><\/td>\n<td>\n<h3>Agent\u00fara na podporu v\u00fdskumu a v\u00fdvoja (APVV):<\/h3>\n<\/td>\n<\/tr>\n<tr>\n<td> <a href=\"https:\/\/confolab.sav.sk\/ovsb\/projekty\/aktivne-projekty\/apvv-21-0473\/\"><img decoding=\"async\" loading=\"lazy\" class=\"wp-image-428 alignnone\" src=\"https:\/\/confolab.sav.sk\/ovsb\/wp-content\/uploads\/pictogram-image-for-web-page-Wfs1-recessive-dominant-v1.jpg\" alt=\"wave\" width=\"80\" height=\"80\" \/><\/a><\/td>\n<td>APVV-21-0473<br \/>\n<a href=\"https:\/\/confolab.sav.sk\/ovsb\/projekty\/aktivne-projekty\/apvv-21-0473\/\"><i>Mut\u00e1cie asociovan\u00e9 s Wolframov\u00fdm syndr\u00f3mom: rozdielne sign\u00e1lne dr\u00e1hy v zmysle metabolizmu v\u00e1pnika a funkcie mitochondri\u00ed<\/i><\/a> (2022 \u2013 2026)<br \/>\n<strong>spolurie\u0161ite\u013e<\/strong>; ved\u00faci projektu: Michal Cagalinec<\/td>\n<\/tr>\n<tr>\n<td><a href=\"https:\/\/confolab.sav.sk\/ovsb\/projekty\/aktivne-projekty\/apvv-21-0443\/\"><img decoding=\"async\" loading=\"lazy\" class=\"\" title=\"Patch-clamped cardiac myocyte\" src=\"https:\/\/confolab.sav.sk\/ovsb\/wp-content\/uploads\/ERANET-1.png\" alt=\"image\" width=\"80\" height=\"74\" align=\"left\" hspace=\"3\" vspace=\"1\" \/><\/a><\/td>\n<td>APVV-21-0443<br \/>\n<em><a href=\"https:\/\/confolab.sav.sk\/ovsb\/projekty\/aktivne-projekty\/apvv-21-0443\/\">Mitochondri\u00e1lne ochorenia a zlyhanie srdca<\/a> <\/em>(2022 \u2013 2026)<br \/>\n<strong>spolurie\u0161ite\u013e<\/strong>; ved\u00faci projektu: Alexandra Zahradn\u00edkov\u00e1 ml.<\/td>\n<\/tr>\n<tr>\n<td width=\"10%\"><\/td>\n<td>\n<h3>Vedeck\u00e1 grantov\u00e1 agent\u00fara M\u0160VVa\u0160 a SAV (VEGA):<\/h3>\n<\/td>\n<\/tr>\n<tr>\n<td><a href=\"https:\/\/confolab.sav.sk\/ovsb\/projekty\/aktivne-projekty\/vega-2-0182-21\/\"><img decoding=\"async\" loading=\"lazy\" class=\"\" title=\"Patch-clamped cardiac myocyte\" src=\"https:\/\/confolab.sav.sk\/ovsb\/wp-content\/uploads\/ERANET-1.png\" alt=\"image\" width=\"80\" height=\"74\" align=\"left\" hspace=\"3\" vspace=\"1\" \/><\/a><\/td>\n<td>VEGA 2\/0182\/21<br \/>\n<em><a href=\"https:\/\/confolab.sav.sk\/ovsb\/projekty\/aktivne-projekty\/vega-2-0182-21\/\">Reorganiz\u00e1cia di\u00e1d kardiomyocytov pri experiment\u00e1lnej terapii zlyh\u00e1vaj\u00faceho srdca<\/a> <\/em>(2021 \u2013 2024)<br \/>\n<strong>spolurie\u0161ite\u013e<\/strong>; ved\u00faci projektu: Alexandra Zahradn\u00edkov\u00e1 ml.<\/td>\n<\/tr>\n<\/tbody>\n<\/table>\n","protected":false},"excerpt":{"rendered":"<p>Nasp\u00e4\u0165 \u017divotopis Zoznam publik\u00e1cii &nbsp;&nbsp;&nbsp;&nbsp;&nbsp; &nbsp;&nbsp;&nbsp;&nbsp;&nbsp; &nbsp;&nbsp;&nbsp;&nbsp;&nbsp; &nbsp;&nbsp;&nbsp;&nbsp;&nbsp; Pracovisko a pracovn\u00e9 zaradenie: \u00dastav experiment\u00e1lnej endokrinol\u00f3gie, Biomedic\u00ednske centrum, v.v.i., Slovensk\u00e1 akad\u00e9mia vied, Bratislava, Slovensk\u00e1 republika, vedeck\u00fd&#8230;<span class=\"excerpt_more\"><a href=\"https:\/\/confolab.sav.sk\/ovsb\/pracovnici\/vyskumnici\/rndr-jana-pavelkova-csc\/\">\u010d\u00edta\u0165 \u010falej &raquo;<\/a><\/span><\/p>\n","protected":false},"author":2,"featured_media":0,"parent":90,"menu_order":50,"comment_status":"closed","ping_status":"closed","template":"","meta":[],"_links":{"self":[{"href":"https:\/\/confolab.sav.sk\/ovsb\/wp-json\/wp\/v2\/pages\/515"}],"collection":[{"href":"https:\/\/confolab.sav.sk\/ovsb\/wp-json\/wp\/v2\/pages"}],"about":[{"href":"https:\/\/confolab.sav.sk\/ovsb\/wp-json\/wp\/v2\/types\/page"}],"author":[{"embeddable":true,"href":"https:\/\/confolab.sav.sk\/ovsb\/wp-json\/wp\/v2\/users\/2"}],"replies":[{"embeddable":true,"href":"https:\/\/confolab.sav.sk\/ovsb\/wp-json\/wp\/v2\/comments?post=515"}],"version-history":[{"count":43,"href":"https:\/\/confolab.sav.sk\/ovsb\/wp-json\/wp\/v2\/pages\/515\/revisions"}],"predecessor-version":[{"id":966,"href":"https:\/\/confolab.sav.sk\/ovsb\/wp-json\/wp\/v2\/pages\/515\/revisions\/966"}],"up":[{"embeddable":true,"href":"https:\/\/confolab.sav.sk\/ovsb\/wp-json\/wp\/v2\/pages\/90"}],"wp:attachment":[{"href":"https:\/\/confolab.sav.sk\/ovsb\/wp-json\/wp\/v2\/media?parent=515"}],"curies":[{"name":"wp","href":"https:\/\/api.w.org\/{rel}","templated":true}]}}