{"id":40,"date":"2018-01-08T08:44:57","date_gmt":"2018-01-08T08:44:57","guid":{"rendered":"http:\/\/confolab.sav.sk\/ovsb\/?page_id=40"},"modified":"2023-10-05T12:38:09","modified_gmt":"2023-10-05T12:38:09","slug":"udalosti","status":"publish","type":"page","link":"https:\/\/confolab.sav.sk\/ovsb\/aktivity\/udalosti\/","title":{"rendered":"Udalosti"},"content":{"rendered":"<p><script type=\"text\/javascript\">\n<!--\nfunction launch(newURL, newName, newFeatures, orgName) {\n  var remote = open(newURL, newName, newFeatures);\n  if (remote.opener == null)\n    remote.opener = window;\n  remote.opener.name = orgName;\n  return remote;\n}\n\nfunction launchRemote(name) {\n  var address =  name;\n  myRemote = launch(address ,\n                    \"Okno\",\n                    \"height=500, width=850, left=50, top=50, alwaysLowered=0, alwaysRaised=0, channelmode=0, dependent=0, directories=0, fullscreen=0, hotkeys=1, location=0, menubar=0, resizable=0, scrollbars=0, status=0, titlebar=1, toolbar=0, z-lock=0\",\n                    \"myWindow\");\n}\n\/\/ -->>\n<\/script><br \/>\n<button onclick=\"goBack()\">Nasp\u00e4\u0165<\/button> <\/h2>\n<p><script>\t \t \nfunction goBack() { window.history.go(-1); }\t \t \n<\/script><\/h2>\n<div class=\"post_list\">\n<div class=\"news_date\">14.8. \u2013 18.8. 2023<\/div>\n<div>\u0160tudentky 2. ro\u010dn\u00edka Galileo School v Bratislave Hana Koro\u0161ov\u00e1 a Ol\u00edvia Pantelidis str\u00e1vili svoje  pr\u00e1zdninov\u00e9 dni od 14.8. \u2013 18.8. 2023 v Laborat\u00f3riu elektr\u00f3novej mikroskopie. Pod veden\u00edm <strong>Dr. M. Novotovej<\/strong> sa zaoberali pr\u00edpravou srdcov\u00e9ho tkaniva pre elektr\u00f3nov\u00fa mikroskopiu a \u0161t\u00fadiom ultra\u0161trukt\u00fary srdcov\u00fdch buniek pod elektr\u00f3nov\u00fdm mikroskopom.<a class=\"more-link\" href=\"https:\/\/confolab.sav.sk\/ovsb\/aktivity\/udalosti\/studentska-prax-2\/\"> (viac\u2026)<\/a><\/div>\n<div class=\"post_list\">\n<div class=\"news_date\">31.7. \u2013 4.8. 2023<\/div>\n<div>\u0160tudentky 2. ro\u010dn\u00edka Galileo School v Bratislave Karol\u00edna Csonkov\u00e1 a Vikt\u00f3ria Vidovi\u010dov\u00e1 str\u00e1vili svoje  pr\u00e1zdninov\u00e9 dni od 31.7. \u2013 4.8. 2023 v Laborat\u00f3riu elektr\u00f3novej mikroskopie. Pod veden\u00edm <strong>Dr. M. Novotovej<\/strong> sa zaoberali pr\u00edpravou srdcov\u00e9ho tkaniva pre elektr\u00f3nov\u00fa mikroskopiu a \u0161t\u00fadiom ultra\u0161trukt\u00fary srdcov\u00fdch buniek pod elektr\u00f3nov\u00fdm mikroskopom.<a class=\"more-link\" href=\"https:\/\/confolab.sav.sk\/ovsb\/studentska-prax\/\"> (viac\u2026)<\/a><\/div>\n<div class=\"post_list\">\n<div class=\"news_date\">23. 9. 2022<\/div>\n<div>D\u0148a 23. septembra 2022 sa konal <strong>Vedeck\u00fd veltrh<\/strong> na n\u00e1mest\u00ed NC Eurovea v Bratislave, do ktor\u00e9ho bol zapojen\u00fd aj \u00dastav experiment\u00e1lnej endokrinol\u00f3gie BMC SAV v.v.i. Na podujat\u00ed sa taktie\u017e akt\u00edvne z\u00fa\u010dastnilo aj na\u0161e oddelenie. Na t\u00e9mu  \u201eultra\u0161trukt\u00fara bunky\u201c boli vystaven\u00e9 obrazy z elektr\u00f3novej mikroskopie autorov: <strong>Marty Novotovej<\/strong> a Martina Bal\u00e1\u017ea z \u00daD, FA, STU. S\u00fa\u010dasne bolo k nahliadnutiu video \u201eVeda a umenie\u201c.<a class=\"more-link\" href=\"https:\/\/confolab.sav.sk\/ovsb\/vedecky-veltrh-2022\/\"> (viac\u2026)<\/a><\/div>\n<div class=\"post_list\">\n<div class=\"news_date\">21. 11. 2019<\/div>\n<div>V r\u00e1mci neform\u00e1lnej spolupr\u00e1ce Oddelenia bunkovej kardiol\u00f3gie UEE a Oddelenia fyziol\u00f3gie Lek\u00e1rskej fakulty v Splite, Chorv\u00e1tsko, nav\u0161t\u00edvili v d\u0148och  od 9.11.2019 do 16.11.2019 laborat\u00f3ri\u00e1 elektr\u00f3novej a konfok\u00e1lnej mikroskopie PhD \u0161tudent Ivan Mihanovi\u010d a techni\u010dka Lucija Frankovi\u010d. \u00da\u010dastn\u00edci si pobyt hradili z programu Erasmus.<br \/>\n\u00da\u010delom n\u00e1v\u0161tevy bolo nielen obozn\u00e1menie sa s technikami elektr\u00f3novej a konfok\u00e1lnej mikroskopie ale aj \u0161t\u00fadium biopsi\u00ed \u013eudsk\u00e9ho myokardu s ak\u00fatnym infarktom, z\u00edskan\u00e9 od pacientov Univerzitnej nemocnici Split.<a class=\"more-link\" href=\"https:\/\/confolab.sav.sk\/ovsb\/aktivity\/udalosti\/neformalna-spolupraca-obk-uee-a-oddelenia-fyziologie-lekarskej-fakulty-v-splite-chorvatsko\/\"> (viac\u2026)<\/a><\/div>\n<\/div>\n<div class=\"post_list\">\n<div class=\"news_date\">18. 9. 2019<\/div>\n<div>D\u0148a 18. 9. 2019 o 13. hod. sa konal Semin\u00e1r BMC vo ve\u013ekej zasada\u010dke Virologick\u00e9ho \u00fastavu BMC SAV. N\u00e1zov predn\u00e1\u0161ky: <strong>Gender issues in the cardiovascular field<\/strong>. Predn\u00e1\u0161aj\u00faci: <strong>prof. Ren\u00e9e Ventura-Clapier, Centre National de la Recherche Scientifique, France<\/strong>.<a class=\"more-link\" href=\"https:\/\/confolab.sav.sk\/ovsb\/aktivity\/udalosti\/gender-issues-in-the-cardiovascular-field\/\"> (viac\u2026)<\/a><\/div>\n<\/div>\n<div class=\"post_list\">\n<div class=\"news_date\">12. 12. 2017<\/div>\n<div>D\u0148a 12. 12. 2017 v priestoroch Centra  STU pre nanodiagnostiku v Bratislave na Vazovovej 5. bola otvoren\u00e1 v\u00fdstava <strong>\u201cVeda a umenie, pozn\u00e1vanie mikro a nano sveta, ako in\u0161pir\u00e1cia pre materi\u00e1lov\u00fd v\u00fdskum a dizajn\u00e9rsku tvorbu\u201d<\/strong>. Prezentovali sa na nej diela autorov: Marty Novotovej, z CBv \u00daMFG SAV a Martina Bal\u00e1\u017ea a Iva V\u00e1vru z \u00daD, FA, STU.<a class=\"more-link\" href=\"https:\/\/confolab.sav.sk\/ovsb\/aktivity\/udalosti\/veda-a-umenie-poznavanie-mikro-a-nano-sveta-ako-inspiracia-pre-materialovy-vyskum-a-dizajnersku-tvorbu\/\"> (viac\u2026)<\/a><\/div>\n<\/div>\n<div class=\"post_list\">\n<div class=\"news_date\">7. 12. 2017<\/div>\n<div>\nAko odozva na Eur\u00f3psku noc v\u00fdskumn\u00edkov, \u0161tudenti Pr\u00edrodovedeckej fakulty UK Bratislava z vlastnej iniciat\u00edvy si dohodli n\u00e1v\u0161tevu laborat\u00f3ri\u00ed elektr\u00f3novej a konfok\u00e1lnej mikroskopie OVSB. Prezent\u00e1cia laborat\u00f3ri\u00ed, diskusia so \u0161tudentami II. a III. ro\u010dn\u00edka (Novotov\u00e1, Zahradn\u00edkov\u00e1 jr., Zahradn\u00edk) ako aj praktick\u00e9 vysk\u00fa\u0161anie si pr\u00e1ce s elektr\u00f3nov\u00fdm mikroskopom prebehlo v d\u0148och 20.11., 24.11. 27.11 a 1. 12. 2017. Celkovo v t\u00fdchto d\u0148och nav\u0161t\u00edvilo pracovisko OVSB 20 \u0161tudentov.<\/div>\n<\/div>\n<div class=\"post_list\">\n<div class=\"news_date\">24. 10. 2017<\/div>\n<div>\nV r\u00e1mci <a class=\"more-link\" href='javascript:launchRemote(\"https:\/\/www.tyzdenvedy.sk\/\")'> <strong>T\u00fd\u017ed\u0148a vedy a techniky na Slovensku<\/strong><\/a>  pripravuje pracovn\u00ed\u010dka OVSB \u00daMFG CBv SAV Marta Novotov\u00e1 spolo\u010dne s pracovn\u00edkmi Oddelenia bunkovej fyziol\u00f3gie a genetiky predn\u00e1\u0161ku na t\u00e9mu <strong>&#8222;Ako bije srdce&#8220;<\/strong>. <a class=\"more-link\" href=\"https:\/\/confolab.sav.sk\/ovsb\/aktivity\/udalosti\/tyzden-vedy-a-techniky-centrum-biovied-sav-bratislava-8-november-2017\/\"> (viac\u2026)<\/a><\/div>\n<\/div>\n<div class=\"post_list\">\n<div class=\"news_date\">29. 9. 2017<\/div>\n<div>V r\u00e1mci <strong>Eur\u00f3pskej noci v\u00fdskumn\u00edkov<\/strong> sme v Starej tr\u017enici v Bratislave prezentovali vedeck\u00fd st\u00e1nok <strong>Elektr\u00f3nov\u00e1 mikroskopia ako in\u0161pir\u00e1cia pre dizajn<\/strong>. Prezentuj\u00faci: Marta Novotov\u00e1, Ladislav Novota z Centra biovied, \u00dastavu molekul\u00e1rnej fyziol\u00f3gie a genetiky, SAV a Martin Bal\u00e1\u017e z \u00dastavu dizajnu, Fakulty architekt\u00fary, STU. S\u00fabe\u017ene od 16:30 prebehla aj predn\u00e1\u0161ka v Lab cafe, ktor\u00fa prezentovali: Marta Novotov\u00e1, z CBv \u00daMFG SAV a Martin Bal\u00e1\u017e a Ivo V\u00e1vra z \u00daD, FA, STU<a class=\"more-link\" href=\"https:\/\/confolab.sav.sk\/ovsb\/aktivity\/udalosti\/europska-noc-vyskumnikov-stara-trznica-a-lab-cafe-bratislava-29-septembra-2017-2\/\"> (viac\u2026)<\/a><\/div>\n<\/div>\n<div class=\"post_list\">\n<div class=\"news_date\">21. 9. 2017<\/div>\n<div>Oddelenie pre v\u00fdskum svalov\u00fdch buniek \u00daMFG CBv SAV v spolupr\u00e1ci s firmou Pragolab zorganizovalo <strong>workshop Nanoscopy Studies vol.1, Theoretical and Practical sessions with LEICA STED 3X <\/strong>pre pracovn\u00edkov, ktor\u00ed maj\u00fa z\u00e1ujem vyu\u017e\u00edva\u0165 vysokorozli\u0161ovaciu mikroskopiu pre identifik\u00e1ciu buniek, organel, prote\u00ednov pomocou fluorescen\u010dn\u00fdch zna\u010diek.<a class=\"more-link\" href='javascript:launchRemote(\"https:\/\/www.sav.sk\/index.php?doc=services-news&#038;source_no=20&#038;news_no=7121\")'> (viac\u2026)<\/a><\/div>\n<\/div>\n<div class=\"post_list\">\n<div class=\"news_date\">27. 4. 2016<\/div>\n<div><strong>De\u0148 otvoren\u00fdch dver\u00ed OVSB.<\/strong> \u0160tudenti biomedic\u00ednskej fyziky Katedy biofyziky MFF UK nav\u0161t\u00edvili Oddelenie pre v\u00fdskum svalov\u00fdch buniek so svojou ved\u00facou doc. Ivetou Waczul\u00edkovou, PhD.<a class=\"more-link\" href=\"https:\/\/confolab.sav.sk\/ovsb\/aktivity\/udalosti\/den-otvorenych-dveri-ovsb-27-4-2016\/\"> (viac\u2026)<\/a><\/div>\n<\/div>\n<div class=\"post_list\">\n<div class=\"news_date\">7. 3. 2016<\/div>\n<div>Oddelenie pre v\u00fdskum svalov\u00fdch buniek \u00daMFG SAV v spolupr\u00e1ci s firmou Pragolab zorganizovalo <strong>prezent\u00e1ciu STED mikroskopu <\/strong><strong><strong>Leica TCS SP8 STED 3X<\/strong> <\/strong>pre \u010dlenov Slovak Bioimaging Initiative v r\u00e1mci 1. Svetov\u00e9ho t\u00fd\u017ed\u0148a biofyziky.<a class=\"more-link\" href=\"https:\/\/confolab.sav.sk\/ovsb\/aktivity\/udalosti\/1-svetovy-tyzden-biofyziky\/\"> (viac\u2026)<\/a><\/div>\n<\/div>\n<div class=\"post_list\">\n<div class=\"news_date\">8. 2. 2016<\/div>\n<div>Zorganizovali sme <strong>De\u0148 otvoren\u00fdch dver\u00ed o met\u00f3de patch clamp<\/strong> pre \u0161tudentov \u2013 diplomantov v odbore Biomedic\u00ednske in\u017einierstvo na Elektrotechnickej fakulte \u017dilinskej univerzity.<a class=\"more-link\" href=\"https:\/\/confolab.sav.sk\/ovsb\/aktivity\/udalosti\/den-otvorenych-dveri-pre-studenov-zo-zilinskej-univerzity\/\"> (viac\u2026) <\/a><\/div>\n<\/div>\n<div class=\"post_list\">\n<div class=\"news_date\">17. 8. 2015<\/div>\n<div>Vypracovali sme <strong>video<\/strong> ur\u010den\u00e9 pre v\u00fdskumn\u00edkov in\u00fdch oblast\u00ed vedy, objas\u0148uj\u00face \u010dl\u00e1nok \u201c<a href='javascript:launchRemote(\"https:\/\/jgp.rupress.org\/content\/145\/6\/489.abstract\")'>Ryanodine receptor gating controls generation of diastolic calcium waves in cardiac myocytes<\/a>\u201d autorov Pavel Petrovi\u010d, Ivan Valent, Elena Cocherov\u00e1, Jana Pavelkov\u00e1 a Alexandra Zahradn\u00edkov\u00e1<a class=\"more-link\" href=\"https:\/\/confolab.sav.sk\/ovsb\/aktivity\/udalosti\/video-o-vyskume-vapnikovych-vln-v-srdcovych-myocytoch\/\"> (viac\u2026)<\/a><\/div>\n<\/div>\n<div class=\"post_list\">\n<div class=\"news_date\">13. 10. 2014<\/div>\n<div><strong>Informa\u010dn\u00fd de\u0148 pre \u0161tudentov 1. ro\u010dn\u00edka Lek\u00e1rskej fakulty Univerzity Komensk\u00e9ho v Bratislave.<\/strong> \u0160tudenti medic\u00edny prejavili z\u00e1ujem zapoji\u0165 sa do vedeckej \u010dinnosti na \u00fastavoch. V\u00fdsledkom je iniciat\u00edva k vytvoreniu informa\u010dnej platformy medzi \u00fastavmi. Na exkurzii sa prezentovali: Marta Novotov\u00e1, Ivan Zahradn\u00edk, Alexandra Zahradn\u00edkov\u00e1, jr. a Zuzana Nichtov\u00e1.<\/div>\n<\/div>\n<div class=\"post_list\">\n<div class=\"news_date\">26. 9. 2014<\/div>\n<div><strong>De\u0148 otvoren\u00fdch dver\u00ed OVSB.<\/strong> \u0160tudenti \u2013 septim\u00e1ni 1. s\u00fakromn\u00e9ho gymn\u00e1zia v Bratislave (Bajkalsk\u00e1 21, 821 08 Bratislava) pri\u0161li 26. 9. 2014 na n\u00e1v\u0161tevu na\u0161ich laborat\u00f3ri\u00ed v r\u00e1mci svojho ro\u010dn\u00edkov\u00e9ho projektu.<a class=\"more-link\" href=\"https:\/\/confolab.sav.sk\/ovsb\/aktivity\/udalosti\/den-otvorenych-dveri-na-ovsb-26-9-2014\/\"> (viac\u2026)<\/a><\/div>\n<\/div>\n<div class=\"post_list\">\n<div class=\"news_date\">26. 9. 2014<\/div>\n<div>V r\u00e1mci <strong>Eur\u00f3pskej noci v\u00fdskumn\u00edkov<\/strong> sme v Starej tr\u017enici v Bratislave prezentovali vedeck\u00fd st\u00e1nok \u017div\u00e9 srdcov\u00e9 bunky. Prezentuj\u00faci: Matej Ho\u0165ka, Gizela Gajdo\u0161\u00edkov\u00e1, Zuzana Nichtov\u00e1, Marta Novotov\u00e1, Alexandra Zahradn\u00edkov\u00e1, jr., Alexandra Zahradn\u00edkov\u00e1, Ivan Zahradn\u00edk.<a class=\"more-link\" href=\"https:\/\/confolab.sav.sk\/ovsb\/aktivity\/udalosti\/europska-noc-vyskumnikov-stara-trznica-bratislava-26-septembra-2014\/\"> (viac\u2026)<\/a><\/div>\n<\/div>\n<div class=\"post_list\">\n<div class=\"news_date\">27. 9. 2013<\/div>\n<div>V r\u00e1mci <strong>Eur\u00f3pskej noci v\u00fdskumn\u00edkov<\/strong> predniesla A. Zahradn\u00edkov\u00e1 v Objavovni Slovensk\u00e9ho n\u00e1rodn\u00e9ho m\u00fazea v Bratislave predn\u00e1\u0161ku \u201cBunky, ktor\u00e9 poh\u00e1\u0148aj\u00fa \u017eivot\u201d o srdcov\u00fdch svalov\u00fdch bunk\u00e1ch \u010di\u017ee kardiomyocytoch, ktor\u00e9 svojou pr\u00e1cou ved\u00fa k s\u0165ahu srdcov\u00e9ho svalu po\u010das systoly a zabezpe\u010duj\u00fa tak kolobeh krvi v organizme. <a class=\"more-link\" href=\"https:\/\/confolab.sav.sk\/ovsb\/aktivity\/udalosti\/europska-noc-vyskumnikov-slovenske-narodne-muzeum-bratislava-27-septembra-2013\/\">(viac\u2026)<\/a><\/div>\n<\/div>\n","protected":false},"excerpt":{"rendered":"<p>Nasp\u00e4\u0165 14.8. \u2013 18.8. 2023 \u0160tudentky 2. ro\u010dn\u00edka Galileo School v Bratislave Hana Koro\u0161ov\u00e1 a Ol\u00edvia Pantelidis str\u00e1vili svoje pr\u00e1zdninov\u00e9 dni od 14.8. \u2013 18.8&#8230;.<span class=\"excerpt_more\"><a href=\"https:\/\/confolab.sav.sk\/ovsb\/aktivity\/udalosti\/\">\u010d\u00edta\u0165 \u010falej &raquo;<\/a><\/span><\/p>\n","protected":false},"author":1,"featured_media":0,"parent":16,"menu_order":50,"comment_status":"closed","ping_status":"closed","template":"","meta":[],"_links":{"self":[{"href":"https:\/\/confolab.sav.sk\/ovsb\/wp-json\/wp\/v2\/pages\/40"}],"collection":[{"href":"https:\/\/confolab.sav.sk\/ovsb\/wp-json\/wp\/v2\/pages"}],"about":[{"href":"https:\/\/confolab.sav.sk\/ovsb\/wp-json\/wp\/v2\/types\/page"}],"author":[{"embeddable":true,"href":"https:\/\/confolab.sav.sk\/ovsb\/wp-json\/wp\/v2\/users\/1"}],"replies":[{"embeddable":true,"href":"https:\/\/confolab.sav.sk\/ovsb\/wp-json\/wp\/v2\/comments?post=40"}],"version-history":[{"count":43,"href":"https:\/\/confolab.sav.sk\/ovsb\/wp-json\/wp\/v2\/pages\/40\/revisions"}],"predecessor-version":[{"id":2520,"href":"https:\/\/confolab.sav.sk\/ovsb\/wp-json\/wp\/v2\/pages\/40\/revisions\/2520"}],"up":[{"embeddable":true,"href":"https:\/\/confolab.sav.sk\/ovsb\/wp-json\/wp\/v2\/pages\/16"}],"wp:attachment":[{"href":"https:\/\/confolab.sav.sk\/ovsb\/wp-json\/wp\/v2\/media?parent=40"}],"curies":[{"name":"wp","href":"https:\/\/api.w.org\/{rel}","templated":true}]}}