{"id":37,"date":"2018-01-08T08:44:57","date_gmt":"2018-01-08T08:44:57","guid":{"rendered":"http:\/\/confolab.sav.sk\/ovsb\/?page_id=37"},"modified":"2023-10-02T14:16:55","modified_gmt":"2023-10-02T14:16:55","slug":"vo-vedeckych-casopisoch","status":"publish","type":"page","link":"https:\/\/confolab.sav.sk\/ovsb\/aktivity\/povedali-o-nas\/vo-vedeckych-casopisoch\/","title":{"rendered":"&#8230; vo vedeck\u00fdch \u010dasopisoch"},"content":{"rendered":"<p><script type=\"text\/javascript\">\n<!--\nfunction launch(newURL, newName, newFeatures, orgName) {\n  var remote = open(newURL, newName, newFeatures);\n  if (remote.opener == null)\n    remote.opener = window;\n  remote.opener.name = orgName;\n  return remote;\n}\n\nfunction launchRemote(name) {\n  var address =  name;\n  myRemote = launch(address ,\n                    \"Okno\",\n                    \"height=500, width=850, left=50, top=50, alwaysLowered=0, alwaysRaised=0, channelmode=0, dependent=0, directories=0, fullscreen=0, hotkeys=1, location=0, menubar=0, resizable=0, scrollbars=0, status=0, titlebar=1, toolbar=0, z-lock=0\",\n                    \"myWindow\");\n}\n\/\/ -->>\n<\/script><\/p>\n<h2>V tejto \u010dasti sa nach\u00e1dzaj\u00fa reakcie na na\u0161e publik\u00e1cie, ako napr\u00edklad \u00favodn\u00edky vydavate\u013ea, koment\u00e1re, refer\u00e1ty o na\u0161ich \u010dl\u00e1nkoch a odpor\u00fa\u010dania F1000.<\/h2>\n<table class=\"list\" border=\"0\" width=\"100%\" cellspacing=\"0\" cellpadding=\"4\">\n<tbody>\n<tr>\n<td class=\"top\"><a href='javascript:launchRemote(\"https:\/\/jgp.rupress.org\/content\/140\/2\/87.long\")'><img decoding=\"async\" loading=\"lazy\" class=\"alignnone wp-image-1114\" src=\"https:\/\/confolab.sav.sk\/ovsb\/wp-content\/uploads\/JGP.jpg\" alt=\"JGP\" width=\"80\" height=\"104\" \/><\/a><\/td>\n<td class=\"small\">Dulhunty AF, Beard NA, Hanna AD, J Gen Physiol 140:87-92, 2012<br \/>\nKoment\u00e1r k <i>Tencerova B, Zahradnikova A, Gaburjakova J, Gaburjakova M (2012). J Gen Physiol 140, 93\u2013108<\/i>.<\/td>\n<\/tr>\n<tr>\n<td class=\"top\"><a href='javascript:launchRemote(\"https:\/\/cardiovascres.oxfordjournals.org\/content\/94\/3\/391.long\")'><img decoding=\"async\" loading=\"lazy\" class=\"alignnone wp-image-1115\" src=\"https:\/\/confolab.sav.sk\/ovsb\/wp-content\/uploads\/CardiovascRes.jpg\" width=\"80\" height=\"112\" \/><\/a><\/td>\n<td class=\"small\">Hall AR, Hausenloy DJ, Cardiovasc Res. 94: 391-392, 2012<br \/>\nKoment\u00e1r k <i>Piquereau J, Caffin F, Novotova M, Prola A, Garnier A, Mateo P, Fortin D, Huynh le H, Nicolas V, Alavi MV, Brenner C, Ventura-Clapier R, Veksler V, Joubert F (2012). Cardiovasc Res. 94: 408-417<\/i>.<\/td>\n<\/tr>\n<tr>\n<td class=\"top\"><a href='javascript:launchRemote(\"https:\/\/www.ncbi.nlm.nih.gov\/pmc\/articles\/PMC3010130\/\")'><img decoding=\"async\" loading=\"lazy\" class=\"alignnone wp-image-1113\" src=\"https:\/\/confolab.sav.sk\/ovsb\/wp-content\/uploads\/JPhysiol3.jpg\" alt=\"JPhysiol3\" width=\"80\" height=\"101\" \/><\/a><\/td>\n<td class=\"small\">Illaste A, Kalda M, Schryer DW, Sepp M, J Physiol 588:4617-4619, 2010<br \/>\nKoment\u00e1r k <i>Piquereau J, Novotova M, Fortin D, Garnier A, Ventura-Clapier R, Veksler V, Joubert F (2010). J Physiol 588, 2443\u20132454<\/i>.<\/td>\n<\/tr>\n<tr>\n<td class=\"top\"><a href='javascript:launchRemote(\"https:\/\/jp.physoc.org\/content\/586\/21\/5037.long\")'><img decoding=\"async\" loading=\"lazy\" class=\"alignnone wp-image-1113\" src=\"https:\/\/confolab.sav.sk\/ovsb\/wp-content\/uploads\/JPhysiol3.jpg\" alt=\"JPhysiol3\" width=\"80\" height=\"101\" \/><\/a><\/td>\n<td class=\"small\">Barclay CJ, J Physiol 586:5037-5038, 2008<br \/>\nKoment\u00e1r k <i>Joubert F, Wilding JR, Fortin D, Domergue-Dupont V, Novotova M, Ventura-Clapier R, Veksler V (2008). J Physiol 586, 5181\u20135192<\/i>.<\/td>\n<\/tr>\n<tr>\n<td class=\"top\"><a href='javascript:launchRemote(\"https:\/\/jp.physoc.org\/content\/586\/16\/3735.full\")'><img decoding=\"async\" loading=\"lazy\" class=\"alignnone wp-image-1113\" src=\"https:\/\/confolab.sav.sk\/ovsb\/wp-content\/uploads\/JPhysiol3.jpg\" alt=\"JPhysiol3\" width=\"80\" height=\"101\" \/><\/a><\/td>\n<td class=\"small\">Bridge JHB, Torres NS, Sobie EA, J Physiol 586:3735, 2008<br \/>\nKoment\u00e1r k <i>Polakova E, Zahradnikova A Jr, Pavelkova J, Zahradnik I, Zahradnikova A (2008). J Physiol 586, 3839\u20133854. <\/i><\/td>\n<\/tr>\n<tr>\n<td class=\"top\"><a href='javascript:launchRemote(\"https:\/\/jp.physoc.org\/content\/587\/2\/301.long\")'><img decoding=\"async\" loading=\"lazy\" class=\"alignnone wp-image-1113\" src=\"https:\/\/confolab.sav.sk\/ovsb\/wp-content\/uploads\/JPhysiol3.jpg\" alt=\"JPhysiol3\" width=\"80\" height=\"101\" \/><\/a><\/td>\n<td class=\"small\">Fowler MR, J Physiol 587:301-302, 2009<br \/>\nKoment\u00e1r k <i>Polakova E, Zahradnikova A Jr, Pavelkova J, Zahradnik I, Zahradnikova A (2008). J Physiol 586, 3839\u20133854.<\/i>.<\/td>\n<\/tr>\n<tr>\n<td class=\"top\"><a href='javascript:launchRemote(\"https:\/\/f1000.com\/1124127\")'><img decoding=\"async\" loading=\"lazy\" class=\"alignnone wp-image-1337\" src=\"https:\/\/confolab.sav.sk\/ovsb\/wp-content\/uploads\/F1000-100x34.jpg\" alt=\"F1000\" width=\"80\" height=\"27\" \/><\/a><\/td>\n<td class=\"small\">Smith G (2008). F1000.com\/1124127<br \/>\nF1000 hodnotenie &#8222;Odporu\u010den\u00fd (sk\u00f3re 6)&#8220; pre <i>Polakova E, Zahradnikova A Jr, Pavelkova J, Zahradnik I, Zahradnikova A (2008). J Physiol 586, 3839\u20133854.<\/i><\/td>\n<\/tr>\n<tr>\n<td class=\"top\"><a href='javascript:launchRemote(\"https:\/\/circres.ahajournals.org\/content\/89\/2\/108.long\")'><img decoding=\"async\" loading=\"lazy\" class=\"alignnone wp-image-1121\" src=\"https:\/\/confolab.sav.sk\/ovsb\/wp-content\/uploads\/CircRes.jpg\" alt=\"CircRes\" width=\"80\" height=\"103\" \/><\/a><\/td>\n<td class=\"small\">Weiss JN, Korge P, Circ Res 89:108-110, 2001<br \/>\nKoment\u00e1r k <i>Kaasik A, Veksler V, Boehm E, Novotova M, Minajeva A, Ventura-Clapier R (2001). Circ Res 89:153\u2013159.<\/i><\/td>\n<\/tr>\n<\/tbody>\n<\/table>\n","protected":false},"excerpt":{"rendered":"<p>V tejto \u010dasti sa nach\u00e1dzaj\u00fa reakcie na na\u0161e publik\u00e1cie, ako napr\u00edklad \u00favodn\u00edky vydavate\u013ea, koment\u00e1re, refer\u00e1ty o na\u0161ich \u010dl\u00e1nkoch a odpor\u00fa\u010dania F1000. Dulhunty AF, Beard NA,&#8230;<span class=\"excerpt_more\"><a href=\"https:\/\/confolab.sav.sk\/ovsb\/aktivity\/povedali-o-nas\/vo-vedeckych-casopisoch\/\">\u010d\u00edta\u0165 \u010falej &raquo;<\/a><\/span><\/p>\n","protected":false},"author":1,"featured_media":0,"parent":36,"menu_order":10,"comment_status":"closed","ping_status":"closed","template":"","meta":[],"_links":{"self":[{"href":"https:\/\/confolab.sav.sk\/ovsb\/wp-json\/wp\/v2\/pages\/37"}],"collection":[{"href":"https:\/\/confolab.sav.sk\/ovsb\/wp-json\/wp\/v2\/pages"}],"about":[{"href":"https:\/\/confolab.sav.sk\/ovsb\/wp-json\/wp\/v2\/types\/page"}],"author":[{"embeddable":true,"href":"https:\/\/confolab.sav.sk\/ovsb\/wp-json\/wp\/v2\/users\/1"}],"replies":[{"embeddable":true,"href":"https:\/\/confolab.sav.sk\/ovsb\/wp-json\/wp\/v2\/comments?post=37"}],"version-history":[{"count":12,"href":"https:\/\/confolab.sav.sk\/ovsb\/wp-json\/wp\/v2\/pages\/37\/revisions"}],"predecessor-version":[{"id":2490,"href":"https:\/\/confolab.sav.sk\/ovsb\/wp-json\/wp\/v2\/pages\/37\/revisions\/2490"}],"up":[{"embeddable":true,"href":"https:\/\/confolab.sav.sk\/ovsb\/wp-json\/wp\/v2\/pages\/36"}],"wp:attachment":[{"href":"https:\/\/confolab.sav.sk\/ovsb\/wp-json\/wp\/v2\/media?parent=37"}],"curies":[{"name":"wp","href":"https:\/\/api.w.org\/{rel}","templated":true}]}}