{"id":35,"date":"2018-01-08T08:44:57","date_gmt":"2018-01-08T08:44:57","guid":{"rendered":"http:\/\/confolab.sav.sk\/ovsb\/?page_id=35"},"modified":"2024-02-15T12:27:03","modified_gmt":"2024-02-15T12:27:03","slug":"ocenenia","status":"publish","type":"page","link":"https:\/\/confolab.sav.sk\/ovsb\/aktivity\/ocenenia\/","title":{"rendered":"Ocenenia"},"content":{"rendered":"<p><script type=\"text\/javascript\"><br \/>\n<!--\nfunction launch(newURL, newName, newFeatures, orgName) {\n  var remote = open(newURL, newName, newFeatures);\n  if (remote.opener == null)\n    remote.opener = window;\n  remote.opener.name = orgName;\n  return remote;\n}\n\nfunction launchRemote(name) {\n  var address =  name;\n  myRemote = launch(address ,\n                    \"Okno\",\n                    \"height=500, width=850, left=50, top=50, alwaysLowered=0, alwaysRaised=0, channelmode=0, dependent=0, directories=0, fullscreen=0, hotkeys=1, location=0, menubar=0, resizable=0, scrollbars=0, status=0, titlebar=1, toolbar=0, z-lock=0\",\n                    \"myWindow\");\n}\n\/\/ -->><br \/>\n<\/script><\/p>\n<div class=\"post_list\">\n<div class=\"news_date\">7. 2. 2024<\/div>\n<div>D\u0148a 7. febru\u00e1ra 2024 si z r\u00fak predsedn\u00ed\u010dky SFyS Prof. MUDr. Andrey \u010calkovskej, DrSc. a vedeck\u00e9ho sekret\u00e1ra SFyS Prof. MUDr. Kamila Javorku, DrSc. prevzala Medailu zalo\u017eenia spole\u010dnosti l\u00e9ka\u0159sko-slowanskej\u201d <strong>Ing. Alexandra Zahradn\u00edkov\u00e1, DrSc. <\/strong><a class=\"more-link\" href=\"https:\/\/confolab.sav.sk\/ovsb\/aktivity\/ocenenia\/medaila-zalozenia-spolecnosti-lekarsko-slowanskej\/\">(viac\u2026)<\/a><\/div>\n<div class=\"post_list\">\n<div class=\"news_date\">29. 9. 2021<\/div>\n<div>D\u0148a 29. septembra 2021 si prevzal Strieborn\u00fa medailu Slovenskej lek\u00e1rskej spolo\u010dnosti (SLS) <strong>RNDr. Ivan Zahradn\u00edk, CSc. <\/strong><a class=\"more-link\" href=\"https:\/\/confolab.sav.sk\/ovsb\/aktivity\/ocenenia\/strieborna-medaila-slovenskej-lekarskej-spolocnosti\/\">(viac\u2026)<\/a><\/div>\n<div class=\"post_list\">\n<div class=\"news_date\">5. 2. 2019<\/div>\n<div>D\u0148a 5. febru\u00e1ra 2019 si z r\u00fak predsedn\u00ed\u010dky SFyS Prof. MUDr. Andrey \u010calkovskej, DrSc. a vedeck\u00e9ho sekret\u00e1ra SFyS Prof. MUDr. Kamila Javorku, DrSc. prevzala Strieborn\u00fa medailu Slovenskej lek\u00e1rskej spolo\u010dnosti (SLS) <strong>Ing. Alexandra Zahradn\u00edkov\u00e1, DrSc. <\/strong><a class=\"more-link\" href=\"https:\/\/confolab.sav.sk\/ovsb\/aktivity\/ocenenia\/striebornu-medailu-sls\/\">(viac\u2026)<\/a><\/div>\n<\/div>\n<div class=\"post_list\">\n<div class=\"news_date\">29. 6. 2015<\/div>\n<div>Cena Slovenskej akad\u00e9mie vied za v\u00fdskumn\u00fa \u010dinnos\u0165 v r. 2014 bola udelen\u00e1 v Smoleniciach 29. 6. 2015 kolekt\u00edvu pracovn\u00edkov \u00dastavu molekul\u00e1rnej fyziol\u00f3gie a genetiky SAV v zlo\u017een\u00ed: Ing. Alexandra Zahradn\u00edkov\u00e1, DrSc., RNDr. Ivan Zahradn\u00edk, CSc., Mgr. Marta Gaburj\u00e1kov\u00e1, PhD. a pracovn\u00edkov \u00dastavu molekul\u00e1rnej biol\u00f3gie SAV v zlo\u017een\u00ed: Ing. Jozef \u0160ev\u010d\u00edk, DrSc., Mgr. Vladena Bauerov\u00e1, PhD. za s\u00fabor vedeckov\u00fdskumn\u00fdch pr\u00e1c <strong>\u201c\u0160trukt\u00fara a funkcia ryanod\u00ednov\u00e9ho receptora vo vz\u0165ahu k funkcii srdca\u201d<\/strong>. <a class=\"more-link\" href=\"https:\/\/confolab.sav.sk\/ovsb\/aktivity\/ocenenia\/cena-slovenskej-akademie-vied-za-vyskumnu-cinnost-2014\/\">(viac\u2026)<\/a><\/div>\n<\/div>\n<div class=\"post_list\">\n<div class=\"news_date\">22. 12. 2015<\/div>\n<div>22. decembra 2015 vyhl\u00e1sila Biofyzik\u00e1lna spolo\u010dnos\u0165 USA v\u00fdsledky s\u00fa\u0165a\u017ee o cestovn\u00e9 granty na v\u00fdro\u010dn\u00fa konferenciu 60. Biophysical Society Annual Meeting v Los Angeles. Medzi ocenen\u00fdmi boli aj dve \u0161tudentky z n\u00e1\u0161ho oddelenia: <strong>Katka Mackov\u00e1<\/strong>, doktorandka v odbore Biofyzika na \u00daMFG SAV, a <strong>Barbora Hoffmannov\u00e1<\/strong>, diplomantka v odbore Biomedic\u00ednska fyzika na FMFI UK. <a class=\"more-link\" href=\"https:\/\/confolab.sav.sk\/ovsb\/aktivity\/ocenenia\/biofyzikalna-spolocnost-usa-udelila-cestovne-granty-studentkam-z-ovsb\/\">(viac\u2026)<\/a><\/div>\n<\/div>\n<div class=\"post_list\">\n<div class=\"news_date\">19. 3. 2014<\/div>\n<div>D\u0148a 19. marca 2014 si z r\u00fak podpredsedu SAV pre II. oddelenie vied Richarda Imricha prevzala \u010cestn\u00fa plaketu SAV Dion\u00fdza Ilkovi\u010da za z\u00e1sluhy vo fyzik\u00e1lno-chemick\u00fdch ved\u00e1ch <strong>Ing. Alexandra Zahradn\u00edkov\u00e1, DrSc. <\/strong>(<a>viac\u2026<\/a>)<\/div>\n<\/div>\n<div class=\"post_list\">\n<div class=\"news_date\">15. 3. 2012<\/div>\n<div>\u0160tudenti-doktorandi OVSB sa v r. 2012 mohli z\u00fa\u010dastni\u0165 konferencie 56th Biophysical Society Annual Meeting v\u010faka cestovn\u00fdm grantom od tejto vedeckej spolo\u010dnosti. Cestovn\u00fd grant <a>Biophysical Society Educational Committee<\/a> z\u00edskal <strong>Ing. Matej Ho\u0165ka<\/strong> a cestovn\u00fd grant <a>International Relations Committee <\/a>z\u00edskal <strong>RNDr. Radoslav Jan\u00ed\u010dek<\/strong>.(<a href=\"https:\/\/confolab.sav.sk\/ovsb\/aktivity\/ocenenia\/cestovne-granty-biophysical-society-usa-umoznili-studentom-ovsb-prezentovat-svoje-vysledky-na-konferencii-v-san-diegu\/\">viac\u2026<\/a>)<\/div>\n<\/div>\n<div class=\"post_list\">\n<div class=\"news_date\">26. 5. 2010<\/div>\n<div>Podpredseda SAV doc. Albert Breier odovzdal 26. m\u00e1ja \u010cestn\u00fa plaketu SAV Dion\u00fdza Ilkovi\u010da v priestoroch II. oddelenia vied SAV v Bratislave samostatn\u00e9mu vedeck\u00e9mu pracovn\u00edkovi v \u00dastave molekul\u00e1rnej fyziol\u00f3gie a genetiky (\u00daMFG) SAV <strong>Ivanovi Zahradn\u00edkovi<\/strong>. Na sl\u00e1vnosti sa z\u00fa\u010dastnil \u010dlen Predsedn\u00edctva SAV doc. Ladislav Petru\u0161, riadite\u013eka \u00daMFG SAV doc. O\u013ega Kri\u017eanov\u00e1, predsedn\u00ed\u010dka vedeckej rady \u00daMFG \u013dubica Lacinov\u00e1 a b\u00fdval\u00fd podpredseda SAV prof. J\u00e1n Slez\u00e1k. Predsedn\u00edctvo SAV tak ocenilo iniciat\u00edvny pr\u00edstup Ivana Zahradn\u00edka k rie\u0161eniu v\u00fdskumn\u00fdch \u00faloh a zodpovednos\u0165 pri plnen\u00ed pracovn\u00fdch povinnost\u00ed. (<a>viac\u2026<\/a>)<\/div>\n<\/div>\n","protected":false},"excerpt":{"rendered":"<p>7. 2. 2024 D\u0148a 7. febru\u00e1ra 2024 si z r\u00fak predsedn\u00ed\u010dky SFyS Prof. MUDr. Andrey \u010calkovskej, DrSc. a vedeck\u00e9ho sekret\u00e1ra SFyS Prof. MUDr. Kamila Javorku,&#8230;<span class=\"excerpt_more\"><a href=\"https:\/\/confolab.sav.sk\/ovsb\/aktivity\/ocenenia\/\">\u010d\u00edta\u0165 \u010falej &raquo;<\/a><\/span><\/p>\n","protected":false},"author":1,"featured_media":0,"parent":16,"menu_order":30,"comment_status":"closed","ping_status":"closed","template":"","meta":[],"_links":{"self":[{"href":"https:\/\/confolab.sav.sk\/ovsb\/wp-json\/wp\/v2\/pages\/35"}],"collection":[{"href":"https:\/\/confolab.sav.sk\/ovsb\/wp-json\/wp\/v2\/pages"}],"about":[{"href":"https:\/\/confolab.sav.sk\/ovsb\/wp-json\/wp\/v2\/types\/page"}],"author":[{"embeddable":true,"href":"https:\/\/confolab.sav.sk\/ovsb\/wp-json\/wp\/v2\/users\/1"}],"replies":[{"embeddable":true,"href":"https:\/\/confolab.sav.sk\/ovsb\/wp-json\/wp\/v2\/comments?post=35"}],"version-history":[{"count":16,"href":"https:\/\/confolab.sav.sk\/ovsb\/wp-json\/wp\/v2\/pages\/35\/revisions"}],"predecessor-version":[{"id":2609,"href":"https:\/\/confolab.sav.sk\/ovsb\/wp-json\/wp\/v2\/pages\/35\/revisions\/2609"}],"up":[{"embeddable":true,"href":"https:\/\/confolab.sav.sk\/ovsb\/wp-json\/wp\/v2\/pages\/16"}],"wp:attachment":[{"href":"https:\/\/confolab.sav.sk\/ovsb\/wp-json\/wp\/v2\/media?parent=35"}],"curies":[{"name":"wp","href":"https:\/\/api.w.org\/{rel}","templated":true}]}}