{"id":2769,"date":"2024-11-28T11:18:58","date_gmt":"2024-11-28T11:18:58","guid":{"rendered":"https:\/\/confolab.sav.sk\/ovsb\/?page_id=2769"},"modified":"2024-11-28T11:26:29","modified_gmt":"2024-11-28T11:26:29","slug":"zobrazovanie-kovidovych-virusovych-castic-v-elektronovej-mikroskopii","status":"publish","type":"page","link":"https:\/\/confolab.sav.sk\/ovsb\/aktivity\/povedali-o-nas\/v-tv-a-v-rozhlase\/zobrazovanie-kovidovych-virusovych-castic-v-elektronovej-mikroskopii\/","title":{"rendered":"Zobrazovanie kovidov\u00fdch v\u00edrusov\u00fdch \u010dast\u00edc v elektr\u00f3novej mikroskopii"},"content":{"rendered":"<p><script type=\"text\/javascript\">\n<!--\nfunction launch(newURL, newName, newFeatures, orgName) {\n  var remote = open(newURL, newName, newFeatures);\n  if (remote.opener == null)\n    remote.opener = window;\n  remote.opener.name = orgName;\n  return remote;\n}\n\nfunction launchRemote(name) {\n  var address =  name;\n  myRemote = launch(address ,\n                    \"Okno\",\n                    \"height=500, width=850, left=50, top=50, alwaysLowered=0, alwaysRaised=0, channelmode=0, dependent=0, directories=0, fullscreen=0, hotkeys=1, location=0, menubar=0, resizable=0, scrollbars=0, status=0, titlebar=1, toolbar=0, z-lock=0\",\n                    \"myWindow\");\n}\n\/\/ -->>\n<\/script><button onclick=\"goBack()\">Nasp\u00e4\u0165<\/button><br \/>\n<script>\t \t \nfunction goBack() { window.history.go(-1); }\t \t \n<\/script><br \/>\nMarta Novotov\u00e1: V\u00edrus v n\u00e1s a ja vo vede. V\u00fdstava umenia UNESCO: Kreat\u00edvna odolnos\u0165<\/p>\n<table border=\"0\" width=\"100%\" cellspacing=\"1\" cellpadding=\"2\">\n<\/table>\n<p><img decoding=\"async\" loading=\"lazy\" title=\"\" src=\"https:\/\/confolab.sav.sk\/ovsb\/en\/wp-content\/uploads\/sites\/2\/UNESCO-Covid.png\" alt=\"\" width=\"600\" height=\"600\" hspace=\"3\" vspace=\"3\" \/> <\/p>\n","protected":false},"excerpt":{"rendered":"<p>Nasp\u00e4\u0165 Marta Novotov\u00e1: V\u00edrus v n\u00e1s a ja vo vede. V\u00fdstava umenia UNESCO: Kreat\u00edvna odolnos\u0165<\/p>\n","protected":false},"author":1,"featured_media":0,"parent":39,"menu_order":0,"comment_status":"closed","ping_status":"closed","template":"","meta":[],"_links":{"self":[{"href":"https:\/\/confolab.sav.sk\/ovsb\/wp-json\/wp\/v2\/pages\/2769"}],"collection":[{"href":"https:\/\/confolab.sav.sk\/ovsb\/wp-json\/wp\/v2\/pages"}],"about":[{"href":"https:\/\/confolab.sav.sk\/ovsb\/wp-json\/wp\/v2\/types\/page"}],"author":[{"embeddable":true,"href":"https:\/\/confolab.sav.sk\/ovsb\/wp-json\/wp\/v2\/users\/1"}],"replies":[{"embeddable":true,"href":"https:\/\/confolab.sav.sk\/ovsb\/wp-json\/wp\/v2\/comments?post=2769"}],"version-history":[{"count":3,"href":"https:\/\/confolab.sav.sk\/ovsb\/wp-json\/wp\/v2\/pages\/2769\/revisions"}],"predecessor-version":[{"id":2773,"href":"https:\/\/confolab.sav.sk\/ovsb\/wp-json\/wp\/v2\/pages\/2769\/revisions\/2773"}],"up":[{"embeddable":true,"href":"https:\/\/confolab.sav.sk\/ovsb\/wp-json\/wp\/v2\/pages\/39"}],"wp:attachment":[{"href":"https:\/\/confolab.sav.sk\/ovsb\/wp-json\/wp\/v2\/media?parent=2769"}],"curies":[{"name":"wp","href":"https:\/\/api.w.org\/{rel}","templated":true}]}}