{"id":2760,"date":"2024-11-28T10:43:21","date_gmt":"2024-11-28T10:43:21","guid":{"rendered":"https:\/\/confolab.sav.sk\/ovsb\/?page_id=2760"},"modified":"2024-11-28T10:52:54","modified_gmt":"2024-11-28T10:52:54","slug":"letna-skola-2022","status":"publish","type":"page","link":"https:\/\/confolab.sav.sk\/ovsb\/aktivity\/povedali-o-nas\/v-tv-a-v-rozhlase\/letna-skola-2022\/","title":{"rendered":"Letn\u00e1 \u0161kola 2022"},"content":{"rendered":"<p><script type=\"text\/javascript\">\n<!--\nfunction launch(newURL, newName, newFeatures, orgName) {\n  var remote = open(newURL, newName, newFeatures);\n  if (remote.opener == null)\n    remote.opener = window;\n  remote.opener.name = orgName;\n  return remote;\n}\n\nfunction launchRemote(name) {\n  var address =  name;\n  myRemote = launch(address ,\n                    \"Okno\",\n                    \"height=500, width=850, left=50, top=50, alwaysLowered=0, alwaysRaised=0, channelmode=0, dependent=0, directories=0, fullscreen=0, hotkeys=1, location=0, menubar=0, resizable=0, scrollbars=0, status=0, titlebar=1, toolbar=0, z-lock=0\",\n                    \"myWindow\");\n}\n\/\/ -->>\n<\/script><button onclick=\"goBack()\">Nasp\u00e4\u0165<\/button><br \/>\n<script>\t \t \nfunction goBack() { window.history.go(-1); }\t \t \n<\/script><br \/>\nLetn\u00fa \u0161kolu pre mlad\u00fdch vedcov zorganizovali Marta Novotov\u00e1 a Ivan Zahradn\u00edk.<br \/>\nBola zameran\u00e1 na t\u00e9mu: Cesta do srdcovej bunky.<\/p>\n<table border=\"0\" width=\"100%\" cellspacing=\"1\" cellpadding=\"2\">\n<\/table>\n<p><img decoding=\"async\" loading=\"lazy\" title=\"\" src=\"https:\/\/confolab.sav.sk\/ovsb\/en\/wp-content\/uploads\/sites\/2\/Summer-school-2022-1.png\" alt=\"\" width=\"335\" height=\"245\" hspace=\"3\" vspace=\"3\" \/> <img decoding=\"async\" loading=\"lazy\" title=\"\" src=\"https:\/\/confolab.sav.sk\/ovsb\/en\/wp-content\/uploads\/sites\/2\/Summer-school-2022-2.png\" alt=\"\" width=\"335\" height=\"245\" hspace=\"3\" vspace=\"3\" \/> <\/p>\n","protected":false},"excerpt":{"rendered":"<p>Nasp\u00e4\u0165 Letn\u00fa \u0161kolu pre mlad\u00fdch vedcov zorganizovali Marta Novotov\u00e1 a Ivan Zahradn\u00edk. Bola zameran\u00e1 na t\u00e9mu: Cesta do srdcovej bunky.<\/p>\n","protected":false},"author":1,"featured_media":0,"parent":39,"menu_order":0,"comment_status":"closed","ping_status":"closed","template":"","meta":[],"_links":{"self":[{"href":"https:\/\/confolab.sav.sk\/ovsb\/wp-json\/wp\/v2\/pages\/2760"}],"collection":[{"href":"https:\/\/confolab.sav.sk\/ovsb\/wp-json\/wp\/v2\/pages"}],"about":[{"href":"https:\/\/confolab.sav.sk\/ovsb\/wp-json\/wp\/v2\/types\/page"}],"author":[{"embeddable":true,"href":"https:\/\/confolab.sav.sk\/ovsb\/wp-json\/wp\/v2\/users\/1"}],"replies":[{"embeddable":true,"href":"https:\/\/confolab.sav.sk\/ovsb\/wp-json\/wp\/v2\/comments?post=2760"}],"version-history":[{"count":3,"href":"https:\/\/confolab.sav.sk\/ovsb\/wp-json\/wp\/v2\/pages\/2760\/revisions"}],"predecessor-version":[{"id":2764,"href":"https:\/\/confolab.sav.sk\/ovsb\/wp-json\/wp\/v2\/pages\/2760\/revisions\/2764"}],"up":[{"embeddable":true,"href":"https:\/\/confolab.sav.sk\/ovsb\/wp-json\/wp\/v2\/pages\/39"}],"wp:attachment":[{"href":"https:\/\/confolab.sav.sk\/ovsb\/wp-json\/wp\/v2\/media?parent=2760"}],"curies":[{"name":"wp","href":"https:\/\/api.w.org\/{rel}","templated":true}]}}