{"id":2714,"date":"2024-09-12T08:01:36","date_gmt":"2024-09-12T08:01:36","guid":{"rendered":"https:\/\/confolab.sav.sk\/ovsb\/?page_id=2714"},"modified":"2024-09-12T08:09:19","modified_gmt":"2024-09-12T08:09:19","slug":"european-joint-program-for-rare-diseases-ejp-rd-no-40-46300-98-1074","status":"publish","type":"page","link":"https:\/\/confolab.sav.sk\/ovsb\/projekty\/ukoncene-projekty\/european-joint-program-for-rare-diseases-ejp-rd-no-40-46300-98-1074\/","title":{"rendered":"European Joint Program for Rare Diseases (EJP-RD) No 40-46300-98-1074"},"content":{"rendered":"<p><script type=\"text\/javascript\">\n<!--\nfunction launch(newURL, newName, newFeatures, orgName) {\n  var remote = open(newURL, newName, newFeatures);\n  if (remote.opener == null)\n    remote.opener = window;\n  remote.opener.name = orgName;\n  return remote;\n}\n\nfunction launchRemote(name) {\n  var address =  name;\n  myRemote = launch(address ,\n                    \"Okno\",\n                    \"height=500, width=850, left=50, top=50, alwaysLowered=0, alwaysRaised=0, channelmode=0, dependent=0, directories=0, fullscreen=0, hotkeys=1, location=0, menubar=0, resizable=0, scrollbars=0, status=0, titlebar=1, toolbar=0, z-lock=0\",\n                    \"myWindow\");\n}\n\/\/ -->>\n<\/script><\/p>\n<h2>Grantov\u00e9 finan\u010dn\u00e9 zabezpe\u010denie symp\u00f3zia SIRMAMTHERA\u201922 \u2013 Mitochondria-associated membranes as a therapeutic target in rare neurodegenerative diseases &nbsp;&nbsp;&nbsp;&nbsp;&nbsp;&nbsp;&nbsp;<button onclick=\"goBack()\">Nasp\u00e4\u0165<\/button> <\/h2>\n<p><script>\t \t \nfunction goBack() { window.history.go(-1); }\t \t \n<\/script><\/p>\n<table border=\"0\" width=\"100%\" cellspacing=\"1\" cellpadding=\"2\">\n<tbody>\n<tr>\n<td>\n<h3>Ved\u00faci projektu: <a href=\"https:\/\/confolab.sav.sk\/ovsb\/pracovnici\/vyskumnici\/rndr-michal-cagalinec-phd\/\">Michal Cagalinec<\/a><\/h3>\n<h3>Trvanie: 26.-27. 10. 2022<br \/>\nKoordinuj\u00faca organiz\u00e1cia: \u00dastav experiment\u00e1lnej endokrinol\u00f3gie BMC SAV, Bratislava<\/h3>\n<\/td>\n<\/tr>\n<\/tbody>\n<\/table>\n","protected":false},"excerpt":{"rendered":"<p>Grantov\u00e9 finan\u010dn\u00e9 zabezpe\u010denie symp\u00f3zia SIRMAMTHERA\u201922 \u2013 Mitochondria-associated membranes as a therapeutic target in rare neurodegenerative diseases &nbsp;&nbsp;&nbsp;&nbsp;&nbsp;&nbsp;&nbsp;Nasp\u00e4\u0165 Ved\u00faci projektu: Michal Cagalinec Trvanie: 26.-27. 10. 2022&#8230;<span class=\"excerpt_more\"><a href=\"https:\/\/confolab.sav.sk\/ovsb\/projekty\/ukoncene-projekty\/european-joint-program-for-rare-diseases-ejp-rd-no-40-46300-98-1074\/\">\u010d\u00edta\u0165 \u010falej &raquo;<\/a><\/span><\/p>\n","protected":false},"author":1,"featured_media":0,"parent":117,"menu_order":0,"comment_status":"closed","ping_status":"closed","template":"","meta":[],"_links":{"self":[{"href":"https:\/\/confolab.sav.sk\/ovsb\/wp-json\/wp\/v2\/pages\/2714"}],"collection":[{"href":"https:\/\/confolab.sav.sk\/ovsb\/wp-json\/wp\/v2\/pages"}],"about":[{"href":"https:\/\/confolab.sav.sk\/ovsb\/wp-json\/wp\/v2\/types\/page"}],"author":[{"embeddable":true,"href":"https:\/\/confolab.sav.sk\/ovsb\/wp-json\/wp\/v2\/users\/1"}],"replies":[{"embeddable":true,"href":"https:\/\/confolab.sav.sk\/ovsb\/wp-json\/wp\/v2\/comments?post=2714"}],"version-history":[{"count":5,"href":"https:\/\/confolab.sav.sk\/ovsb\/wp-json\/wp\/v2\/pages\/2714\/revisions"}],"predecessor-version":[{"id":2720,"href":"https:\/\/confolab.sav.sk\/ovsb\/wp-json\/wp\/v2\/pages\/2714\/revisions\/2720"}],"up":[{"embeddable":true,"href":"https:\/\/confolab.sav.sk\/ovsb\/wp-json\/wp\/v2\/pages\/117"}],"wp:attachment":[{"href":"https:\/\/confolab.sav.sk\/ovsb\/wp-json\/wp\/v2\/media?parent=2714"}],"curies":[{"name":"wp","href":"https:\/\/api.w.org\/{rel}","templated":true}]}}