{"id":264,"date":"2018-01-09T10:12:59","date_gmt":"2018-01-09T10:12:59","guid":{"rendered":"http:\/\/confolab.sav.sk\/ovsb\/?page_id=264"},"modified":"2023-10-02T14:56:54","modified_gmt":"2023-10-02T14:56:54","slug":"europska-noc-vyskumnikov-slovenske-narodne-muzeum-bratislava-27-septembra-2013","status":"publish","type":"page","link":"https:\/\/confolab.sav.sk\/ovsb\/aktivity\/udalosti\/europska-noc-vyskumnikov-slovenske-narodne-muzeum-bratislava-27-septembra-2013\/","title":{"rendered":"Eur\u00f3pska noc v\u00fdskumn\u00edkov, Slovensk\u00e9 n\u00e1rodn\u00e9 m\u00fazeum, Bratislava, 27. Septembra 2013"},"content":{"rendered":"<p><script type=\"text\/javascript\">\n<!--\nfunction launch(newURL, newName, newFeatures, orgName) {\n  var remote = open(newURL, newName, newFeatures);\n  if (remote.opener == null)\n    remote.opener = window;\n  remote.opener.name = orgName;\n  return remote;\n}\n\nfunction launchRemote(name) {\n  var address =  name;\n  myRemote = launch(address ,\n                    \"Okno\",\n                    \"height=500, width=850, left=50, top=50, alwaysLowered=0, alwaysRaised=0, channelmode=0, dependent=0, directories=0, fullscreen=0, hotkeys=1, location=0, menubar=0, resizable=0, scrollbars=0, status=0, titlebar=1, toolbar=0, z-lock=0\",\n                    \"myWindow\");\n}\n\/\/ -->>\n<\/script><br \/>\n<button onclick=\"goBack()\">Nasp\u00e4\u0165<\/button><br \/>\n<script>\t \t \nfunction goBack() { window.history.go(-1); }\t \t \n<\/script><\/p>\n<h2>Predn\u00e1\u0161ka &#8222;Bunky, ktor\u00e9 poh\u00e1\u0148aj\u00fa \u017eivot&#8220; v Objavovni Slovensk\u00e9ho n\u00e1rodn\u00e9ho m\u00fazea<\/h2>\n<p>A. Zahradn\u00edkov\u00e1 predniesla predn\u00e1\u0161ku o srdcov\u00fdch svalov\u00fdch bunk\u00e1ch \u010di\u017ee kardiomyocytoch, ktor\u00e9 svojou pr\u00e1cou ved\u00fa k s\u0165ahu srdcov\u00e9ho svalu po\u010das systoly a  zabezpe\u010duj\u00fa tak kolobeh krvi v organizme. Zaoberala sa v nej \u017eivotom takejto bunky po\u010das jedn\u00e9ho tepu, rozhovorom medzi molekulami dvoch prote\u00ednov DHPR a RyR, ktor\u00fd sa deje re\u010dou fyziky a ch\u00e9mie v priebehu nieko\u013ek\u00fdch milisek\u00fand a vedie k uvo\u013eneniu toho spr\u00e1vneho mno\u017estva v\u00e1pnika z vn\u00fatrobunkov\u00fdch z\u00e1sobn\u00edkov a preto aj k spr\u00e1vnej sile s\u0165ahu bunky. Poruchy komunik\u00e1cie medzi molekulami DHPR a RyR ved\u00fa k z\u00e1va\u017en\u00fdm srdcov\u00fdm chorob\u00e1m &#8211; k srdcovej nedostato\u010dnosti a k arytmi\u00e1m.<\/p>\n<p>Link: <a href='javascript:launchRemote(\"https:\/\/www.snm.sk\/?prirodovedne-muzeum-podujatia&amp;clanok=noc-vyskumnikov-2013\")'>Slovensk\u00e9 n\u00e1rodn\u00e9 m\u00fazeum<\/a><\/p>\n","protected":false},"excerpt":{"rendered":"<p>Nasp\u00e4\u0165 Predn\u00e1\u0161ka &#8222;Bunky, ktor\u00e9 poh\u00e1\u0148aj\u00fa \u017eivot&#8220; v Objavovni Slovensk\u00e9ho n\u00e1rodn\u00e9ho m\u00fazea A. Zahradn\u00edkov\u00e1 predniesla predn\u00e1\u0161ku o srdcov\u00fdch svalov\u00fdch bunk\u00e1ch \u010di\u017ee kardiomyocytoch, ktor\u00e9 svojou pr\u00e1cou ved\u00fa&#8230;<span class=\"excerpt_more\"><a href=\"https:\/\/confolab.sav.sk\/ovsb\/aktivity\/udalosti\/europska-noc-vyskumnikov-slovenske-narodne-muzeum-bratislava-27-septembra-2013\/\">\u010d\u00edta\u0165 \u010falej &raquo;<\/a><\/span><\/p>\n","protected":false},"author":2,"featured_media":0,"parent":40,"menu_order":145,"comment_status":"closed","ping_status":"closed","template":"","meta":[],"_links":{"self":[{"href":"https:\/\/confolab.sav.sk\/ovsb\/wp-json\/wp\/v2\/pages\/264"}],"collection":[{"href":"https:\/\/confolab.sav.sk\/ovsb\/wp-json\/wp\/v2\/pages"}],"about":[{"href":"https:\/\/confolab.sav.sk\/ovsb\/wp-json\/wp\/v2\/types\/page"}],"author":[{"embeddable":true,"href":"https:\/\/confolab.sav.sk\/ovsb\/wp-json\/wp\/v2\/users\/2"}],"replies":[{"embeddable":true,"href":"https:\/\/confolab.sav.sk\/ovsb\/wp-json\/wp\/v2\/comments?post=264"}],"version-history":[{"count":2,"href":"https:\/\/confolab.sav.sk\/ovsb\/wp-json\/wp\/v2\/pages\/264\/revisions"}],"predecessor-version":[{"id":2516,"href":"https:\/\/confolab.sav.sk\/ovsb\/wp-json\/wp\/v2\/pages\/264\/revisions\/2516"}],"up":[{"embeddable":true,"href":"https:\/\/confolab.sav.sk\/ovsb\/wp-json\/wp\/v2\/pages\/40"}],"wp:attachment":[{"href":"https:\/\/confolab.sav.sk\/ovsb\/wp-json\/wp\/v2\/media?parent=264"}],"curies":[{"name":"wp","href":"https:\/\/api.w.org\/{rel}","templated":true}]}}