{"id":2619,"date":"2024-02-15T14:52:56","date_gmt":"2024-02-15T14:52:56","guid":{"rendered":"https:\/\/confolab.sav.sk\/ovsb\/?page_id=2619"},"modified":"2024-11-26T07:43:28","modified_gmt":"2024-11-26T07:43:28","slug":"msc-adnan-mohammad","status":"publish","type":"page","link":"https:\/\/confolab.sav.sk\/ovsb\/pracovnici\/studenti\/msc-adnan-mohammad\/","title":{"rendered":"MSc. Adnan Mohammad"},"content":{"rendered":"<p><script type=\"text\/javascript\">\n<!--\nfunction launch(newURL, newName, newFeatures, orgName) {\n  var remote = open(newURL, newName, newFeatures);\n  if (remote.opener == null)\n    remote.opener = window;\n  remote.opener.name = orgName;\n  return remote;\n}\n\nfunction launchRemoteCV(name) {\n  var address =  name;\n  myRemote = launch(address ,\n                    \"OknoCV\",\n                    \"height=500, width=850, left=50, top=50, alwaysLowered=0, alwaysRaised=0, channelmode=0, dependent=0, directories=0, fullscreen=0, hotkeys=1, location=0, menubar=0, resizable=0, scrollbars=0, status=0, titlebar=1, toolbar=0, z-lock=0\",\n                    \"myWindowCV\");\n}\n\nfunction launchRemotePub(name) {\n  var address =  name;\n  myRemote = launch(address ,\n                    \"OknoPub\",\n                    \"height=500, width=850, left=150, top=150, alwaysLowered=0, alwaysRaised=0, channelmode=0, dependent=0, directories=0, fullscreen=0, hotkeys=1, location=0, menubar=0, resizable=0, scrollbars=0, status=0, titlebar=1, toolbar=0, z-lock=0\",\n                    \"myWindowPub\");\n}\n\n\/\/ -->>\n<\/script><button onclick=\"goBack()\">Nasp\u00e4\u0165<\/button><br \/>\n<script>\t \t \nfunction goBack() { window.history.go(-1); }\t \t \n<\/script><\/p>\n<table width=\"100%\">\n<tbody>\n<tr>\n<td colspan=\"4\" width=\"80%\"><a href='javascript:launchRemoteCV(\"https:\/\/confolab.sav.sk\/ovsb\/en\/wp-content\/uploads\/sites\/2\/Adnan_CV.pdf\")'>\u017divotopis<\/a><br \/>\n<a href='javascript:launchRemotePub(\"https:\/\/confolab.sav.sk\/ovsb\/wp-content\/uploads\/Adnan_pub_slo.pdf\")'>Zoznam publik\u00e1cii<\/a><\/td>\n<td rowspan=\"2\"><img decoding=\"async\" class=\"alignright\" src=\"https:\/\/confolab.sav.sk\/ovsb\/wp-content\/uploads\/Adnan.png\" alt=\"photo\" width=\"100\" border=\"0\" hspace=\"10\" vspace=\"5\" \/><\/td>\n<\/tr>\n<tr>\n<td width=\"5%\" >\n<a href=\"https:\/\/orcid.org\/0009-0007-1574-7317\" target=\"_blank\" rel=\"noopener noreferrer\"> <img decoding=\"async\" src=\"https:\/\/confolab.sav.sk\/ovsb\/en\/wp-content\/uploads\/sites\/2\/orcid.jpg\" height=\"32\"><\/a> &nbsp;&nbsp;&nbsp;&nbsp;&nbsp;<\/td>\n<td width=\"5%\">\n&nbsp;&nbsp;&nbsp;&nbsp;&nbsp;<\/td>\n<td width=\"5%\">\n&nbsp;&nbsp;&nbsp;&nbsp;&nbsp; <\/td>\n<\/tr>\n<\/tbody>\n<\/table>\n<table width=\"100%\">\n<tbody>\n<tr>\n<td colspan=\"2\">\n<table class=\"list\" width=\"100%\" cellspacing=\"0\" cellpadding=\"2\">\n<tbody>\n<tr>\n<td colspan=\"2\">\n<h2>Pracovisko a pracovn\u00e9 zaradenie:<\/h2>\n<\/td>\n<\/tr>\n<tr>\n<td colspan=\"2\">\u00dastav experiment\u00e1lnej endokrinol\u00f3gie, Biomedic\u00ednske centrum, v.v.i., Slovensk\u00e1 akad\u00e9mia vied, Bratislava, Slovensk\u00e1 republika, doktorand<br \/>\nKatedra fyziol\u00f3gie \u017eivo\u010d\u00edchov, Pr\u00edrodovedeck\u00e1 fakulta, Univerzita Pavla Jozefa \u0160af\u00e1rika, Ko\u0161ice, Slovensk\u00e1 republika<\/td>\n<\/tr>\n<tr>\n<td colspan=\"2\">\n<h2>Kvalifik\u00e1cia:<\/h2>\n<\/td>\n<\/tr>\n<tr>\n<td width=\"10%\">2019<\/td>\n<td>B.Voc: in Medical laboratory science, Jamia Millia Islamia University, New Delhi, India (\u0161kolite\u013e: Ms. Shahnaz Parveen)<br \/>\nBakal\u00e1rska pr\u00e1ca: \u201cA case study on breast cancer\u201d<\/td>\n<\/tr>\n<tr>\n<td>2022<\/td>\n<td> MSc: Biotechnol\u00f3gia, Hungarian University of Agriculture and Life Sciences, G\u00f6d\u00f6ll\u0151, Hungary (\u0161kolite\u013e: Mr. Ecker Andras)<br \/>\nDiplomov\u00e1 pr\u00e1ca: \u201cCombined effect of toxins on the proliferation rate of chicken primordial germ cells\u201d<\/td>\n<\/tr>\n<tr>\n<td colspan=\"2\">\n<h2>Zru\u010dnosti:<\/h2>\n<\/td>\n<\/tr>\n<tr>\n<td colspan=2>\n<ul>\n<li>PGC izol\u00e1cie kme\u0148ov\u00fdch buniek z kuracieho embrya<\/li>\n<li>Cicav\u010die tkanivo a bunkov\u00e1 kult\u00fara<\/li>\n<li>PAGE, g\u00e9lov\u00e1 elektrofor\u00e9za, western blot met\u00f3da, qPCR<\/li>\n<li>Kalorimetria, spektrofotometer, ELISA<\/li>\n<li>Histologick\u00e9 techniky, imunologick\u00e9 farbenie, mikroskopia<\/li>\n<li>Manipul\u00e1cia so zvieratami: Hlodavec a sk\u00fasenosti s kurac\u00edm embryom<\/li>\n<\/ul>\n<\/td>\n<\/tr>\n<tr>\n<td colspan=\"2\">\n<h2>Granty:<\/h2>\n<\/td>\n<\/tr>\n<\/tbody>\n<\/table>\n<\/td>\n<\/tr>\n<\/tbody>\n<\/table>\n<table class=\"list\" width=\"100%\">\n<tbody>\n<tr>\n<td width=\"10%\"><\/td>\n<td>\n<h3>Agent\u00fara na podporu v\u00fdskumu a v\u00fdvoja (APVV):<\/h3>\n<\/td>\n<\/tr>\n<tr>\n<td> <a href=\"https:\/\/confolab.sav.sk\/ovsb\/projekty\/aktivne-projekty\/apvv-21-0473\/\"><img decoding=\"async\" loading=\"lazy\" class=\"wp-image-428 alignnone\" src=\"https:\/\/confolab.sav.sk\/ovsb\/wp-content\/uploads\/pictogram-image-for-web-page-Wfs1-recessive-dominant-v1.jpg\" alt=\"wave\" width=\"80\" height=\"80\" \/><\/a><\/td>\n<td>APVV-21-0473<br \/>\n<a href=\"https:\/\/confolab.sav.sk\/ovsb\/projekty\/aktivne-projekty\/apvv-21-0473\/\"><i>Mut\u00e1cie asociovan\u00e9 s Wolframov\u00fdm syndr\u00f3mom: rozdielne sign\u00e1lne dr\u00e1hy v zmysle metabolizmu v\u00e1pnika a funkcie mitochondri\u00ed<\/i><\/a> (2022 \u2013 2026)<br \/>\n<strong>spolurie\u0161ite\u013e<\/strong>; ved\u00faci projektu: Michal Cagalinec<\/td>\n<\/tr>\n<tr>\n<td><a href=\"https:\/\/confolab.sav.sk\/ovsb\/projekty\/aktivne-projekty\/apvv-21-0443\/\"><img decoding=\"async\" loading=\"lazy\" class=\"\" title=\"Patch-clamped cardiac myocyte\" src=\"https:\/\/confolab.sav.sk\/ovsb\/wp-content\/uploads\/ERANET-1.png\" alt=\"image\" width=\"80\" height=\"74\" align=\"left\" hspace=\"3\" vspace=\"1\" \/><\/a><\/td>\n<td>APVV-21-0443<br \/>\n<em><a href=\"https:\/\/confolab.sav.sk\/ovsb\/projekty\/aktivne-projekty\/apvv-21-0443\/\">Mitochondri\u00e1lne ochorenia a zlyhanie srdca<\/a> <\/em>(2022 \u2013 2026)<br \/>\n<strong>spolurie\u0161ite\u013e<\/strong>; ved\u00faci projektu: Alexandra Zahradn\u00edkov\u00e1 ml.<\/td>\n<\/tr>\n<tr>\n<td width=\"10%\"><\/td>\n<td>\n<h3>Vedeck\u00e1 grantov\u00e1 agent\u00fara M\u0160VVa\u0160 a SAV (VEGA):<\/h3>\n<\/td>\n<\/tr>\n<tr>\n<td><a href=\"https:\/\/confolab.sav.sk\/ovsb\/projekty\/aktivne-projekty\/vega-2-0182-21\/\"><img decoding=\"async\" loading=\"lazy\" class=\"\" title=\"Patch-clamped cardiac myocyte\" src=\"https:\/\/confolab.sav.sk\/ovsb\/wp-content\/uploads\/ERANET-1.png\" alt=\"image\" width=\"80\" height=\"74\" align=\"left\" hspace=\"3\" vspace=\"1\" \/><\/a><\/td>\n<td>VEGA 2\/0182\/21<br \/>\n<em><a href=\"https:\/\/confolab.sav.sk\/ovsb\/projekty\/aktivne-projekty\/vega-2-0182-21\/\">Reorganiz\u00e1cia di\u00e1d kardiomyocytov pri experiment\u00e1lnej terapii zlyh\u00e1vaj\u00faceho srdca<\/a> <\/em>(2021 \u2013 2024)<br \/>\n<strong>spolurie\u0161ite\u013e<\/strong>; ved\u00faci projektu: Alexandra Zahradn\u00edkov\u00e1 ml.<\/td>\n<\/tr>\n<\/tbody>\n<\/table>\n","protected":false},"excerpt":{"rendered":"<p>Nasp\u00e4\u0165 \u017divotopis Zoznam publik\u00e1cii &nbsp;&nbsp;&nbsp;&nbsp;&nbsp; &nbsp;&nbsp;&nbsp;&nbsp;&nbsp; &nbsp;&nbsp;&nbsp;&nbsp;&nbsp; Pracovisko a pracovn\u00e9 zaradenie: \u00dastav experiment\u00e1lnej endokrinol\u00f3gie, Biomedic\u00ednske centrum, v.v.i., Slovensk\u00e1 akad\u00e9mia vied, Bratislava, Slovensk\u00e1 republika, doktorand Katedra&#8230;<span class=\"excerpt_more\"><a href=\"https:\/\/confolab.sav.sk\/ovsb\/pracovnici\/studenti\/msc-adnan-mohammad\/\">\u010d\u00edta\u0165 \u010falej &raquo;<\/a><\/span><\/p>\n","protected":false},"author":1,"featured_media":0,"parent":92,"menu_order":0,"comment_status":"closed","ping_status":"closed","template":"","meta":[],"_links":{"self":[{"href":"https:\/\/confolab.sav.sk\/ovsb\/wp-json\/wp\/v2\/pages\/2619"}],"collection":[{"href":"https:\/\/confolab.sav.sk\/ovsb\/wp-json\/wp\/v2\/pages"}],"about":[{"href":"https:\/\/confolab.sav.sk\/ovsb\/wp-json\/wp\/v2\/types\/page"}],"author":[{"embeddable":true,"href":"https:\/\/confolab.sav.sk\/ovsb\/wp-json\/wp\/v2\/users\/1"}],"replies":[{"embeddable":true,"href":"https:\/\/confolab.sav.sk\/ovsb\/wp-json\/wp\/v2\/comments?post=2619"}],"version-history":[{"count":18,"href":"https:\/\/confolab.sav.sk\/ovsb\/wp-json\/wp\/v2\/pages\/2619\/revisions"}],"predecessor-version":[{"id":2810,"href":"https:\/\/confolab.sav.sk\/ovsb\/wp-json\/wp\/v2\/pages\/2619\/revisions\/2810"}],"up":[{"embeddable":true,"href":"https:\/\/confolab.sav.sk\/ovsb\/wp-json\/wp\/v2\/pages\/92"}],"wp:attachment":[{"href":"https:\/\/confolab.sav.sk\/ovsb\/wp-json\/wp\/v2\/media?parent=2619"}],"curies":[{"name":"wp","href":"https:\/\/api.w.org\/{rel}","templated":true}]}}