{"id":261,"date":"2018-01-09T10:08:09","date_gmt":"2018-01-09T10:08:09","guid":{"rendered":"http:\/\/confolab.sav.sk\/ovsb\/?page_id=261"},"modified":"2023-10-02T14:55:37","modified_gmt":"2023-10-02T14:55:37","slug":"europska-noc-vyskumnikov-stara-trznica-bratislava-26-septembra-2014","status":"publish","type":"page","link":"https:\/\/confolab.sav.sk\/ovsb\/aktivity\/udalosti\/europska-noc-vyskumnikov-stara-trznica-bratislava-26-septembra-2014\/","title":{"rendered":"Eur\u00f3pska noc v\u00fdskumn\u00edkov, Star\u00e1 tr\u017enica, Bratislava, 26. Septembra 2014"},"content":{"rendered":"<p><script type=\"text\/javascript\">\n<!--\nfunction launch(newURL, newName, newFeatures, orgName) {\n  var remote = open(newURL, newName, newFeatures);\n  if (remote.opener == null)\n    remote.opener = window;\n  remote.opener.name = orgName;\n  return remote;\n}\n\nfunction launchRemote(name) {\n  var address =  name;\n  myRemote = launch(address ,\n                    \"Okno\",\n                    \"height=500, width=850, left=50, top=50, alwaysLowered=0, alwaysRaised=0, channelmode=0, dependent=0, directories=0, fullscreen=0, hotkeys=1, location=0, menubar=0, resizable=0, scrollbars=0, status=0, titlebar=1, toolbar=0, z-lock=0\",\n                    \"myWindow\");\n}\n\/\/ -->>\n<\/script><button onclick=\"goBack()\">Nasp\u00e4\u0165<\/button><br \/>\n<script>\t \t \nfunction goBack() { window.history.go(-1); }\t \t \n<\/script><\/p>\n<h2>\u017div\u00e9 srdcov\u00e9 bunky &#8211; vedeck\u00fd st\u00e1nok<\/h2>\n<table border=\"0\" width=\"100%\" cellspacing=\"1\" cellpadding=\"2\">\n<tbody>\n<tr>\n<td>&#8222;Ako funguj\u00fa bunky v na\u0161om tele?&#8220; p\u00fdtaj\u00fa sa lek\u00e1ri, in\u017einieri, filozofi, umelci a aj informatici. Bunka je predsa nosite\u013eom \u017eivota. Odpovede m\u00f4\u017eu poskytn\u00fa\u0165 len experimenty, vrav\u00edme my vedci. Ako na to? V prvom rade mus\u00edme oddeli\u0165 bunky od organizmu tak, aby ostali \u017eiv\u00e9. Pre\u010do? No aby sme zistili z\u00e1konitosti ich ne\u00fanavnej pr\u00e1ce bez vplyvu zlo\u017eit\u00e9ho okolia. Experimenty s\u00fa potom jednoduch\u0161ie a v\u00fdsledky omnoho presnej\u0161ie. Z\u00edskan\u00e9 poznatky n\u00e1m povedia ve\u013ea o na\u0161om zdrav\u00ed aj o na\u0161ich chorob\u00e1ch.<\/p>\n<p>Uk\u00e1zali sme, ako v na\u0161om laborat\u00f3riu z\u00edskavame \u017eiv\u00e9 bunky zo srdcov\u00e9ho svalu a \u010do s nimi rob\u00edme. Predstavili sme re\u00e1lne zariadenie, ktor\u00e9 sme si na tento \u00fa\u010del sami skon\u0161truovali. Op\u00edsali sme postup, vysvetlili pre\u010do, \u010do a ako. N\u00e1v\u0161tevn\u00edk mohol pozorova\u0165 perf\u00faziu vypreparovan\u00e9ho srdca laborat\u00f3rneho potkana na Langendorffovom zariaden\u00ed, izolovan\u00e9 srdcov\u00e9 svalov\u00e9 bunky v mikroskope, \u0161trukt\u00faru myocytov, ako ju vid\u00edme pomocou konfok\u00e1lnej a elektr\u00f3novej mikroskopie, a uk\u00e1\u017eky priebehu experimentu na obrazovke po\u010d\u00edta\u010da. Prezent\u00e1cia bola o\u017eiven\u00e1 umeleck\u00fdmi fotografiami vytvoren\u00fdmi zo z\u00e1berov elektr\u00f3novej mikroskopie.<\/p>\n<p>Prezentuj\u00faci: Matej Ho\u0165ka, Gizela Gajdo\u0161\u00edkov\u00e1, Zuzana Nichtov\u00e1, Marta Novotov\u00e1, Alexandra Zahradn\u00edkov\u00e1, jr., Alexandra Zahradn\u00edkov\u00e1, Ivan Zahradn\u00edk.<\/td>\n<\/tr>\n<tr>\n<td><span class=\"H3\">Linky: <\/span><a class=\"arial\" href='javascript:launchRemote(\"https:\/\/www.sav.sk\/index.php?doc=services-news&amp;source_no=20&amp;news_no=5552\")'>SAV<\/a><\/td>\n<\/tr>\n<\/tbody>\n<\/table>\n<p><span class=\"H3\">Fotogal\u00e9ria:<\/span><\/p>\n<p><img decoding=\"async\" loading=\"lazy\" title=\"Zuzana Nichtov\u00e1 v akcii\" src=\"https:\/\/confolab.sav.sk\/sk\/images\/DSC_0514_1_small.JPG\" alt=\"Zuzana Nichtov\u00e1 v akcii\" width=\"245\" height=\"170\" hspace=\"3\" vspace=\"3\" \/> <img decoding=\"async\" loading=\"lazy\" title=\"Marta Novotov\u00e1 vysvet\u013euje\" src=\"https:\/\/confolab.sav.sk\/sk\/images\/DSC_0541_2_small.JPG\" alt=\"Marta Novotov\u00e1 vysvet\u013euje\" width=\"245\" height=\"170\" hspace=\"3\" vspace=\"3\" \/><br \/>\n<img decoding=\"async\" loading=\"lazy\" title=\"Ivan a Sandra Zahradn\u00edkovci v diskusii\" src=\"https:\/\/confolab.sav.sk\/sk\/images\/DSC_0495_3_small.JPG\" alt=\"Ivan a Sandra Zahradn\u00edkovci v diskusii\" width=\"245\" height=\"170\" hspace=\"3\" vspace=\"3\" \/> <img decoding=\"async\" loading=\"lazy\" title=\"Zuzka v dave\" src=\"https:\/\/confolab.sav.sk\/sk\/images\/DSC_0511_4_small.JPG\" alt=\"Zuzka v dave\" width=\"245\" height=\"170\" hspace=\"3\" vspace=\"3\" \/><br \/>\n<img decoding=\"async\" loading=\"lazy\" title=\"Ivan Zahradn\u00edk a \u0161tudentka gymn\u00e1zia\" src=\"https:\/\/confolab.sav.sk\/sk\/images\/DSC_0507_5_small.JPG\" alt=\"Ivan Zahradn\u00edk a \u0161tudentka gymn\u00e1zia\" width=\"245\" height=\"170\" hspace=\"3\" vspace=\"3\" \/> <img decoding=\"async\" loading=\"lazy\" title=\"nielen deti zauj\u00edma na\u0161a pr\u00e1ca\" src=\"https:\/\/confolab.sav.sk\/sk\/images\/DSC_0534_6_small.JPG\" alt=\"nie len deti zauj\u00edma na\u0161a pr\u00e1ca\" width=\"245\" height=\"170\" hspace=\"3\" vspace=\"3\" \/><br \/>\n<img decoding=\"async\" loading=\"lazy\" title=\"Marta v akcii\" src=\"https:\/\/confolab.sav.sk\/sk\/images\/DSC_0501_7_small.JPG\" alt=\"Marta v akcii\" width=\"245\" height=\"170\" hspace=\"3\" vspace=\"3\" \/> <img decoding=\"async\" loading=\"lazy\" title=\"Gizka Gajdo\u0161\u00edkov\u00e1 predstavuje svoje \u017eivobytie\" src=\"https:\/\/confolab.sav.sk\/sk\/images\/DSC_0502_8_small.JPG\" alt=\"Gizka Gajdo\u0161\u00edkov\u00e1 predstavuje svoje \u017eivobytie\" width=\"245\" height=\"170\" hspace=\"3\" vspace=\"3\" \/><br \/>\n<img decoding=\"async\" loading=\"lazy\" title=\"ak chcete pe\u010diatku, pozrite sa sem\" src=\"https:\/\/confolab.sav.sk\/sk\/images\/DSC_0478_9_small.JPG\" alt=\"ak chcete pe\u010diatku, pozrite sa sem\" width=\"245\" height=\"170\" hspace=\"3\" vspace=\"3\" \/> <img decoding=\"async\" loading=\"lazy\" title=\"chlapec a Gizka\" src=\"https:\/\/confolab.sav.sk\/sk\/images\/DSC_0506_10_small.JPG\" alt=\"chlapec a Gizka\" width=\"245\" height=\"170\" hspace=\"3\" vspace=\"3\" \/><br \/>\n<img decoding=\"async\" loading=\"lazy\" title=\"matka a dc\u00e9ra\" src=\"https:\/\/confolab.sav.sk\/sk\/images\/DSC_0503_11_small.JPG\" alt=\"matka a dc\u00e9ra\" width=\"245\" height=\"170\" hspace=\"3\" vspace=\"3\" \/> <img decoding=\"async\" loading=\"lazy\" title=\"Matej Ho\u0165ka vysvet\u013euje\" src=\"https:\/\/confolab.sav.sk\/sk\/images\/DSC_0537_12_small.JPG\" alt=\"Matej Ho\u0165ka vysvet\u013euje\" width=\"245\" height=\"170\" hspace=\"3\" vspace=\"3\" \/><br \/>\n<img decoding=\"async\" loading=\"lazy\" title=\"Alexandra Zahradn\u00edkov\u00e1 s Evou Kutejovou\" src=\"https:\/\/confolab.sav.sk\/sk\/images\/DSC_0542_13_small.JPG\" alt=\"Alexandra Zahradn\u00edkov\u00e1 s Evou Kutejovou\" width=\"245\" height=\"170\" hspace=\"3\" vspace=\"3\" \/><\/p>\n","protected":false},"excerpt":{"rendered":"<p>Nasp\u00e4\u0165 \u017div\u00e9 srdcov\u00e9 bunky &#8211; vedeck\u00fd st\u00e1nok &#8222;Ako funguj\u00fa bunky v na\u0161om tele?&#8220; p\u00fdtaj\u00fa sa lek\u00e1ri, in\u017einieri, filozofi, umelci a aj informatici. Bunka je predsa&#8230;<span class=\"excerpt_more\"><a href=\"https:\/\/confolab.sav.sk\/ovsb\/aktivity\/udalosti\/europska-noc-vyskumnikov-stara-trznica-bratislava-26-septembra-2014\/\">\u010d\u00edta\u0165 \u010falej &raquo;<\/a><\/span><\/p>\n","protected":false},"author":2,"featured_media":0,"parent":40,"menu_order":140,"comment_status":"closed","ping_status":"closed","template":"","meta":[],"_links":{"self":[{"href":"https:\/\/confolab.sav.sk\/ovsb\/wp-json\/wp\/v2\/pages\/261"}],"collection":[{"href":"https:\/\/confolab.sav.sk\/ovsb\/wp-json\/wp\/v2\/pages"}],"about":[{"href":"https:\/\/confolab.sav.sk\/ovsb\/wp-json\/wp\/v2\/types\/page"}],"author":[{"embeddable":true,"href":"https:\/\/confolab.sav.sk\/ovsb\/wp-json\/wp\/v2\/users\/2"}],"replies":[{"embeddable":true,"href":"https:\/\/confolab.sav.sk\/ovsb\/wp-json\/wp\/v2\/comments?post=261"}],"version-history":[{"count":5,"href":"https:\/\/confolab.sav.sk\/ovsb\/wp-json\/wp\/v2\/pages\/261\/revisions"}],"predecessor-version":[{"id":2515,"href":"https:\/\/confolab.sav.sk\/ovsb\/wp-json\/wp\/v2\/pages\/261\/revisions\/2515"}],"up":[{"embeddable":true,"href":"https:\/\/confolab.sav.sk\/ovsb\/wp-json\/wp\/v2\/pages\/40"}],"wp:attachment":[{"href":"https:\/\/confolab.sav.sk\/ovsb\/wp-json\/wp\/v2\/media?parent=261"}],"curies":[{"name":"wp","href":"https:\/\/api.w.org\/{rel}","templated":true}]}}