{"id":258,"date":"2018-01-09T09:46:51","date_gmt":"2018-01-09T09:46:51","guid":{"rendered":"http:\/\/confolab.sav.sk\/ovsb\/?page_id=258"},"modified":"2023-10-02T14:52:19","modified_gmt":"2023-10-02T14:52:19","slug":"den-otvorenych-dveri-na-ovsb-26-9-2014","status":"publish","type":"page","link":"https:\/\/confolab.sav.sk\/ovsb\/aktivity\/udalosti\/den-otvorenych-dveri-na-ovsb-26-9-2014\/","title":{"rendered":"De\u0148 otvoren\u00fdch dver\u00ed na OVSB 26. 9. 2014"},"content":{"rendered":"<p><button onclick=\"goBack()\">Nasp\u00e4\u0165<\/button><br \/>\n<script>\t \t \nfunction goBack() { window.history.go(-1); }\t \t \n<\/script><\/p>\n<table border=\"0\" width=\"100%\" cellspacing=\"1\" cellpadding=\"2\">\n<tbody>\n<tr>\n<td>\u0160tudenti &#8211; septim\u00e1ni 1. s\u00fakromn\u00e9ho gymn\u00e1zia v Bratislave (Bajkalsk\u00e1 21, 821 08 Bratislava) pri\u0161li na n\u00e1v\u0161tevu na\u0161ich laborat\u00f3ri\u00ed v r\u00e1mci svojho ro\u010dn\u00edkov\u00e9ho projektu. Vypo\u010duli si predn\u00e1\u0161ky, pozreli si laborat\u00f3ri\u00e1 a diskutovali s nami o na\u0161ej pr\u00e1ci. O n\u00e1v\u0161teve \u00daMFG SAV urobili 150-min\u00fatov\u00fa prezent\u00e1ciu pred svoj\u00edm ro\u010dn\u00edkom a spracovali ju aj vo forme report\u00e1\u017ee &#8222;Srdce&#8220; vo svojom \u0161kolskom \u010dasopise.<span class=\"H3\">  <\/span><\/td>\n<\/tr>\n<\/tbody>\n<\/table>\n<p><img decoding=\"async\" loading=\"lazy\" title=\"Sandra Zahradn\u00edkova piptuje\" src=\"https:\/\/www.1sg.sk\/www\/data\/01\/projekty\/2014_2015\/uv\/images\/srdce\/mikroskop.jpg\" alt=\"Sandra Zahradn\u00edkova piptuje\" width=\"245\" height=\"170\" hspace=\"3\" vspace=\"3\" \/> <img decoding=\"async\" loading=\"lazy\" title=\"Marta Novotova vysvetluje\" src=\"https:\/\/www.1sg.sk\/www\/data\/01\/projekty\/2014_2015\/uv\/images\/srdce\/futu-cudesny_mikroskop.jpg\" alt=\"Marta Novotova vysvetluje\" width=\"245\" height=\"170\" hspace=\"3\" vspace=\"3\" \/><br \/>\n<em>Obr\u00e1zky s\u00fa prevzat\u00e9 z \u010dl\u00e1nku \u0161tudentov 1.sg &#8222;<span class=\"H3\"><a class=\"arial\" href=\"https:\/\/www.1sg.sk\/www\/data\/01\/projekty\/2014_2015\/uv\/clanky\/srdce.html\" target=\"_blank\" rel=\"noopener noreferrer\">Srdce<\/a><\/span>&#8222;<\/em><\/p>\n","protected":false},"excerpt":{"rendered":"<p>Nasp\u00e4\u0165 \u0160tudenti &#8211; septim\u00e1ni 1. s\u00fakromn\u00e9ho gymn\u00e1zia v Bratislave (Bajkalsk\u00e1 21, 821 08 Bratislava) pri\u0161li na n\u00e1v\u0161tevu na\u0161ich laborat\u00f3ri\u00ed v r\u00e1mci svojho ro\u010dn\u00edkov\u00e9ho projektu. Vypo\u010duli&#8230;<span class=\"excerpt_more\"><a href=\"https:\/\/confolab.sav.sk\/ovsb\/aktivity\/udalosti\/den-otvorenych-dveri-na-ovsb-26-9-2014\/\">\u010d\u00edta\u0165 \u010falej &raquo;<\/a><\/span><\/p>\n","protected":false},"author":2,"featured_media":0,"parent":40,"menu_order":135,"comment_status":"closed","ping_status":"closed","template":"","meta":[],"_links":{"self":[{"href":"https:\/\/confolab.sav.sk\/ovsb\/wp-json\/wp\/v2\/pages\/258"}],"collection":[{"href":"https:\/\/confolab.sav.sk\/ovsb\/wp-json\/wp\/v2\/pages"}],"about":[{"href":"https:\/\/confolab.sav.sk\/ovsb\/wp-json\/wp\/v2\/types\/page"}],"author":[{"embeddable":true,"href":"https:\/\/confolab.sav.sk\/ovsb\/wp-json\/wp\/v2\/users\/2"}],"replies":[{"embeddable":true,"href":"https:\/\/confolab.sav.sk\/ovsb\/wp-json\/wp\/v2\/comments?post=258"}],"version-history":[{"count":4,"href":"https:\/\/confolab.sav.sk\/ovsb\/wp-json\/wp\/v2\/pages\/258\/revisions"}],"predecessor-version":[{"id":2513,"href":"https:\/\/confolab.sav.sk\/ovsb\/wp-json\/wp\/v2\/pages\/258\/revisions\/2513"}],"up":[{"embeddable":true,"href":"https:\/\/confolab.sav.sk\/ovsb\/wp-json\/wp\/v2\/pages\/40"}],"wp:attachment":[{"href":"https:\/\/confolab.sav.sk\/ovsb\/wp-json\/wp\/v2\/media?parent=258"}],"curies":[{"name":"wp","href":"https:\/\/api.w.org\/{rel}","templated":true}]}}