{"id":251,"date":"2018-01-08T17:11:31","date_gmt":"2018-01-08T17:11:31","guid":{"rendered":"http:\/\/confolab.sav.sk\/ovsb\/?page_id=251"},"modified":"2018-01-08T17:11:31","modified_gmt":"2018-01-08T17:11:31","slug":"den-otvorenych-dveri-pre-studenov-zo-zilinskej-univerzity","status":"publish","type":"page","link":"https:\/\/confolab.sav.sk\/ovsb\/aktivity\/udalosti\/den-otvorenych-dveri-pre-studenov-zo-zilinskej-univerzity\/","title":{"rendered":"De\u0148 otvoren\u00fdch dver\u00ed pre \u0161tudenov zo \u017dilinskej univerzity"},"content":{"rendered":"<p><button onclick=\"goBack()\">Nasp\u00e4\u0165<\/button><br \/>\n<script>\t \t \nfunction goBack() { window.history.go(-1); }\t \t \n<\/script><br \/>\n8. febru\u00e1ra 2016 sme zorganizovali De\u0148 otvoren\u00fdch dver\u00ed o met\u00f3de patch clamp pre \u0161tudentov &#8211; diplomantov v odbore Biomedic\u00ednske in\u017einierstvo na Elektrotechnickej fakulte \u017dilinskej univerzity.<\/p>\n<p>Program stretnutia:<br \/>\n1. \u00davod do met\u00f3dy patch-clamp a do problematiky rie\u0161enej na OVSB &#8211; Alexandra Zahradn\u00edkov\u00e1, ml.<br \/>\n2. Praktick\u00e1 \u010das\u0165: pr\u00edprava a trhanie pipiet na trha\u010dke P-97 Flaming-Brown Micropipette Puller, meranie odporu pipety v roztoku &#8211; Katar\u00edna Mackov\u00e1<br \/>\n3. Diskusia: praktick\u00e9 rady t\u00fdkaj\u00face sa zavedenia metodiky patch clamp &#8211; A. Zahradn\u00edkov\u00e1, K. Mackov\u00e1<\/p>\n","protected":false},"excerpt":{"rendered":"<p>Nasp\u00e4\u0165 8. febru\u00e1ra 2016 sme zorganizovali De\u0148 otvoren\u00fdch dver\u00ed o met\u00f3de patch clamp pre \u0161tudentov &#8211; diplomantov v odbore Biomedic\u00ednske in\u017einierstvo na Elektrotechnickej fakulte \u017dilinskej&#8230;<span class=\"excerpt_more\"><a href=\"https:\/\/confolab.sav.sk\/ovsb\/aktivity\/udalosti\/den-otvorenych-dveri-pre-studenov-zo-zilinskej-univerzity\/\">\u010d\u00edta\u0165 \u010falej &raquo;<\/a><\/span><\/p>\n","protected":false},"author":2,"featured_media":0,"parent":40,"menu_order":125,"comment_status":"closed","ping_status":"closed","template":"","meta":[],"_links":{"self":[{"href":"https:\/\/confolab.sav.sk\/ovsb\/wp-json\/wp\/v2\/pages\/251"}],"collection":[{"href":"https:\/\/confolab.sav.sk\/ovsb\/wp-json\/wp\/v2\/pages"}],"about":[{"href":"https:\/\/confolab.sav.sk\/ovsb\/wp-json\/wp\/v2\/types\/page"}],"author":[{"embeddable":true,"href":"https:\/\/confolab.sav.sk\/ovsb\/wp-json\/wp\/v2\/users\/2"}],"replies":[{"embeddable":true,"href":"https:\/\/confolab.sav.sk\/ovsb\/wp-json\/wp\/v2\/comments?post=251"}],"version-history":[{"count":1,"href":"https:\/\/confolab.sav.sk\/ovsb\/wp-json\/wp\/v2\/pages\/251\/revisions"}],"predecessor-version":[{"id":252,"href":"https:\/\/confolab.sav.sk\/ovsb\/wp-json\/wp\/v2\/pages\/251\/revisions\/252"}],"up":[{"embeddable":true,"href":"https:\/\/confolab.sav.sk\/ovsb\/wp-json\/wp\/v2\/pages\/40"}],"wp:attachment":[{"href":"https:\/\/confolab.sav.sk\/ovsb\/wp-json\/wp\/v2\/media?parent=251"}],"curies":[{"name":"wp","href":"https:\/\/api.w.org\/{rel}","templated":true}]}}