{"id":2448,"date":"2023-09-05T08:05:12","date_gmt":"2023-09-05T08:05:12","guid":{"rendered":"https:\/\/confolab.sav.sk\/ovsb\/?page_id=2448"},"modified":"2023-09-05T08:22:19","modified_gmt":"2023-09-05T08:22:19","slug":"studentska-prax-2","status":"publish","type":"page","link":"https:\/\/confolab.sav.sk\/ovsb\/aktivity\/udalosti\/studentska-prax-2\/","title":{"rendered":"\u0160tudentsk\u00e1 prax 2"},"content":{"rendered":"<p><script type=\"text\/javascript\">\n<!--\nfunction launch(newURL, newName, newFeatures, orgName) {\n  var remote = open(newURL, newName, newFeatures);\n  if (remote.opener == null)\n    remote.opener = window;\n  remote.opener.name = orgName;\n  return remote;\n}\n\nfunction launchRemote(name) {\n  var address =  name;\n  myRemote = launch(address ,\n                    \"Okno\",\n                    \"height=500, width=850, left=50, top=50, alwaysLowered=0, alwaysRaised=0, channelmode=0, dependent=0, directories=0, fullscreen=0, hotkeys=1, location=0, menubar=0, resizable=0, scrollbars=0, status=0, titlebar=1, toolbar=0, z-lock=0\",\n                    \"myWindow\");\n}\n\/\/ -->>\n<\/script><button onclick=\"goBack()\">Nasp\u00e4\u0165<\/button><br \/>\n<script>\t \t \nfunction goBack() { window.history.go(-1); }\t \t \n<\/script><br \/>\n\u0160tudentky 2. ro\u010dn\u00edka Galileo School v Bratislave Hana Koro\u0161ov\u00e1 a Ol\u00edvia Pantelidis str\u00e1vili svoje  pr\u00e1zdninov\u00e9 dni od 14.8. \u2013 18.8. 2023 v Laborat\u00f3riu elektr\u00f3novej mikroskopie. Pod veden\u00edm Dr. M. Novotovej sa zaoberali pr\u00edpravou srdcov\u00e9ho tkaniva pre elektr\u00f3nov\u00fa mikroskopiu a \u0161t\u00fadiom ultra\u0161trukt\u00fary srdcov\u00fdch buniek pod elektr\u00f3nov\u00fdm mikroskopom.<\/p>\n<p><span class=\"H3\">Fotogal\u00e9ria:<\/span><\/p>\n<p><img decoding=\"async\" loading=\"lazy\" title=\"\" src=\"https:\/\/confolab.sav.sk\/ovsb\/wp-content\/uploads\/prax2_20230814_104952.jpg\" alt=\"\" width=\"160\" height=\"180\" hspace=\"3\" vspace=\"3\" \/> <img decoding=\"async\" loading=\"lazy\" title=\"\" src=\"https:\/\/confolab.sav.sk\/ovsb\/wp-content\/uploads\/prax2_20230816_105133.jpg\" alt=\"\" width=\"160\" height=\"180\" hspace=\"3\" vspace=\"3\" \/> <img decoding=\"async\" loading=\"lazy\" title=\"\" src=\"https:\/\/confolab.sav.sk\/ovsb\/wp-content\/uploads\/prax2_20230818_095040.jpg\" alt=\"\" width=\"160\" height=\"180\" hspace=\"3\" vspace=\"3\" \/> <img decoding=\"async\" loading=\"lazy\" title=\"\" src=\"https:\/\/confolab.sav.sk\/ovsb\/wp-content\/uploads\/prax2_20230818_102446.jpg\" alt=\"\" width=\"160\" height=\"180\" hspace=\"3\" vspace=\"3\" \/><\/p>\n","protected":false},"excerpt":{"rendered":"<p>Nasp\u00e4\u0165 \u0160tudentky 2. ro\u010dn\u00edka Galileo School v Bratislave Hana Koro\u0161ov\u00e1 a Ol\u00edvia Pantelidis str\u00e1vili svoje pr\u00e1zdninov\u00e9 dni od 14.8. \u2013 18.8. 2023 v Laborat\u00f3riu elektr\u00f3novej&#8230;<span class=\"excerpt_more\"><a href=\"https:\/\/confolab.sav.sk\/ovsb\/aktivity\/udalosti\/studentska-prax-2\/\">\u010d\u00edta\u0165 \u010falej &raquo;<\/a><\/span><\/p>\n","protected":false},"author":1,"featured_media":0,"parent":40,"menu_order":0,"comment_status":"closed","ping_status":"closed","template":"","meta":[],"_links":{"self":[{"href":"https:\/\/confolab.sav.sk\/ovsb\/wp-json\/wp\/v2\/pages\/2448"}],"collection":[{"href":"https:\/\/confolab.sav.sk\/ovsb\/wp-json\/wp\/v2\/pages"}],"about":[{"href":"https:\/\/confolab.sav.sk\/ovsb\/wp-json\/wp\/v2\/types\/page"}],"author":[{"embeddable":true,"href":"https:\/\/confolab.sav.sk\/ovsb\/wp-json\/wp\/v2\/users\/1"}],"replies":[{"embeddable":true,"href":"https:\/\/confolab.sav.sk\/ovsb\/wp-json\/wp\/v2\/comments?post=2448"}],"version-history":[{"count":9,"href":"https:\/\/confolab.sav.sk\/ovsb\/wp-json\/wp\/v2\/pages\/2448\/revisions"}],"predecessor-version":[{"id":2463,"href":"https:\/\/confolab.sav.sk\/ovsb\/wp-json\/wp\/v2\/pages\/2448\/revisions\/2463"}],"up":[{"embeddable":true,"href":"https:\/\/confolab.sav.sk\/ovsb\/wp-json\/wp\/v2\/pages\/40"}],"wp:attachment":[{"href":"https:\/\/confolab.sav.sk\/ovsb\/wp-json\/wp\/v2\/media?parent=2448"}],"curies":[{"name":"wp","href":"https:\/\/api.w.org\/{rel}","templated":true}]}}