{"id":243,"date":"2018-01-08T17:02:24","date_gmt":"2018-01-08T17:02:24","guid":{"rendered":"http:\/\/confolab.sav.sk\/ovsb\/?page_id=243"},"modified":"2023-10-02T14:47:59","modified_gmt":"2023-10-02T14:47:59","slug":"1-svetovy-tyzden-biofyziky","status":"publish","type":"page","link":"https:\/\/confolab.sav.sk\/ovsb\/aktivity\/udalosti\/1-svetovy-tyzden-biofyziky\/","title":{"rendered":"1. Svetov\u00fd t\u00fd\u017ede\u0148 biofyziky"},"content":{"rendered":"<p><button onclick=\"goBack()\">Nasp\u00e4\u0165<\/button><br \/>\n<script>\t \t \nfunction goBack() { window.history.go(-1); }\t \t \n<\/script><br \/>\nOddelenie pre v\u00fdskum svalov\u00fdch buniek \u00daMFG SAV v spolupr\u00e1ci s firmou Pragolab zorganizovalo 7. 3. 2016<\/p>\n<h2><strong>prezent\u00e1ciu STED mikroskopu <\/strong><strong><strong>Leica TCS SP8 STED 3X<\/strong> <\/strong>pre \u010dlenov  Slovak Bioimaging Initiative<strong><br \/>\n<\/strong><\/h2>\n<p>v r\u00e1mci 1. Svetov\u00e9ho t\u00fd\u017ed\u0148a biofyziky<strong><br \/>\n<\/strong><\/p>\n<p><img decoding=\"async\" loading=\"lazy\" class=\"wp-image-419 alignleft\" src=\"https:\/\/confolab.sav.sk\/ovsb\/wp-content\/uploads\/BiophyWeek-300x129-300x129.jpg\" alt=\"BiophyWeek\" width=\"314\" height=\"135\" \/>PROGRAM:<\/p>\n<p>14:00 Otvorenie &#8211; A. Zahradn\u00edkov\u00e1<\/p>\n<p>14:10 Nov\u00e9 mo\u017enosti zobrazovania technikou STED konfok\u00e1lnej mikroskopie &#8211; M. Kopecky, Pragolab<\/p>\n<p>14:30 Prest\u00e1vka<\/p>\n<p>14:45 Demon\u0161tr\u00e1cia STED mikroskopu<\/p>\n<p>16:30 Diskusia o mo\u017enostiach vyu\u017eitia mikroskopu v sieti EuBin<\/p>\n<p>17:30 Ve\u010dera<\/p>\n<table width=\"100%\">\n<tbody>\n<tr>\n<td>Akcia bola podporen\u00e1 firmou Pragolab<\/td>\n<td><img decoding=\"async\" loading=\"lazy\" class=\"wp-image-420 alignright\" src=\"https:\/\/confolab.sav.sk\/ovsb\/wp-content\/uploads\/pragolab-300x82-300x82.png\" alt=\"pragolab\" width=\"201\" height=\"55\" \/><\/td>\n<\/tr>\n<\/tbody>\n<\/table>\n","protected":false},"excerpt":{"rendered":"<p>Nasp\u00e4\u0165 Oddelenie pre v\u00fdskum svalov\u00fdch buniek \u00daMFG SAV v spolupr\u00e1ci s firmou Pragolab zorganizovalo 7. 3. 2016 prezent\u00e1ciu STED mikroskopu Leica TCS SP8 STED 3X&#8230;<span class=\"excerpt_more\"><a href=\"https:\/\/confolab.sav.sk\/ovsb\/aktivity\/udalosti\/1-svetovy-tyzden-biofyziky\/\">\u010d\u00edta\u0165 \u010falej &raquo;<\/a><\/span><\/p>\n","protected":false},"author":2,"featured_media":0,"parent":40,"menu_order":120,"comment_status":"closed","ping_status":"closed","template":"","meta":[],"_links":{"self":[{"href":"https:\/\/confolab.sav.sk\/ovsb\/wp-json\/wp\/v2\/pages\/243"}],"collection":[{"href":"https:\/\/confolab.sav.sk\/ovsb\/wp-json\/wp\/v2\/pages"}],"about":[{"href":"https:\/\/confolab.sav.sk\/ovsb\/wp-json\/wp\/v2\/types\/page"}],"author":[{"embeddable":true,"href":"https:\/\/confolab.sav.sk\/ovsb\/wp-json\/wp\/v2\/users\/2"}],"replies":[{"embeddable":true,"href":"https:\/\/confolab.sav.sk\/ovsb\/wp-json\/wp\/v2\/comments?post=243"}],"version-history":[{"count":4,"href":"https:\/\/confolab.sav.sk\/ovsb\/wp-json\/wp\/v2\/pages\/243\/revisions"}],"predecessor-version":[{"id":2509,"href":"https:\/\/confolab.sav.sk\/ovsb\/wp-json\/wp\/v2\/pages\/243\/revisions\/2509"}],"up":[{"embeddable":true,"href":"https:\/\/confolab.sav.sk\/ovsb\/wp-json\/wp\/v2\/pages\/40"}],"wp:attachment":[{"href":"https:\/\/confolab.sav.sk\/ovsb\/wp-json\/wp\/v2\/media?parent=243"}],"curies":[{"name":"wp","href":"https:\/\/api.w.org\/{rel}","templated":true}]}}