{"id":2422,"date":"2023-08-07T12:25:48","date_gmt":"2023-08-07T12:25:48","guid":{"rendered":"http:\/\/confolab.sav.sk\/ovsb\/?page_id=2422"},"modified":"2023-10-02T14:29:02","modified_gmt":"2023-10-02T14:29:02","slug":"studentska-prax","status":"publish","type":"page","link":"https:\/\/confolab.sav.sk\/ovsb\/studentska-prax\/","title":{"rendered":"\u0160tudentsk\u00e1 prax"},"content":{"rendered":"<p><script type=\"text\/javascript\">\n<!--\nfunction launch(newURL, newName, newFeatures, orgName) {\n  var remote = open(newURL, newName, newFeatures);\n  if (remote.opener == null)\n    remote.opener = window;\n  remote.opener.name = orgName;\n  return remote;\n}\n\nfunction launchRemote(name) {\n  var address =  name;\n  myRemote = launch(address ,\n                    \"Okno\",\n                    \"height=500, width=850, left=50, top=50, alwaysLowered=0, alwaysRaised=0, channelmode=0, dependent=0, directories=0, fullscreen=0, hotkeys=1, location=0, menubar=0, resizable=0, scrollbars=0, status=0, titlebar=1, toolbar=0, z-lock=0\",\n                    \"myWindow\");\n}\n\/\/ -->>\n<\/script><button onclick=\"goBack()\">Nasp\u00e4\u0165<\/button><br \/>\n<script>\t \t \nfunction goBack() { window.history.go(-1); }\t \t \n<\/script><br \/>\n\u0160tudentky 2. ro\u010dn\u00edka Galileo School v Bratislave Karol\u00edna Csonkov\u00e1 a Vikt\u00f3ria Vidovi\u010dov\u00e1 str\u00e1vili svoje  pr\u00e1zdninov\u00e9 dni od 31.7. \u2013 4.8. 2023 v Laborat\u00f3riu elektr\u00f3novej mikroskopie. Pod veden\u00edm Dr. M. Novotovej sa zaoberali pr\u00edpravou srdcov\u00e9ho tkaniva pre elektr\u00f3nov\u00fa mikroskopiu a \u0161t\u00fadiom ultra\u0161trukt\u00fary srdcov\u00fdch buniek pod elektr\u00f3nov\u00fdm mikroskopom.<\/p>\n<p><span class=\"H3\">Fotogal\u00e9ria:<\/span><\/p>\n<p><img decoding=\"async\" loading=\"lazy\" title=\"\" src=\"https:\/\/confolab.sav.sk\/ovsb\/wp-content\/uploads\/prax120230801_102344.jpg\" alt=\"\" width=\"160\" height=\"180\" hspace=\"3\" vspace=\"3\" \/> <img decoding=\"async\" loading=\"lazy\" title=\"\" src=\"https:\/\/confolab.sav.sk\/ovsb\/wp-content\/uploads\/prax220230801_102940.jpg\" alt=\"\" width=\"160\" height=\"180\" hspace=\"3\" vspace=\"3\" \/> <img decoding=\"async\" loading=\"lazy\" title=\"\" src=\"https:\/\/confolab.sav.sk\/ovsb\/wp-content\/uploads\/prax320230802_113456.jpg\" alt=\"\" width=\"160\" height=\"180\" hspace=\"3\" vspace=\"3\" \/> <img decoding=\"async\" loading=\"lazy\" title=\"\" src=\"https:\/\/confolab.sav.sk\/ovsb\/wp-content\/uploads\/prax420230802_111801.jpg\" alt=\"\" width=\"160\" height=\"180\" hspace=\"3\" vspace=\"3\" \/><\/p>\n","protected":false},"excerpt":{"rendered":"<p>Nasp\u00e4\u0165 \u0160tudentky 2. ro\u010dn\u00edka Galileo School v Bratislave Karol\u00edna Csonkov\u00e1 a Vikt\u00f3ria Vidovi\u010dov\u00e1 str\u00e1vili svoje pr\u00e1zdninov\u00e9 dni od 31.7. \u2013 4.8. 2023 v Laborat\u00f3riu elektr\u00f3novej&#8230;<span class=\"excerpt_more\"><a href=\"https:\/\/confolab.sav.sk\/ovsb\/studentska-prax\/\">\u010d\u00edta\u0165 \u010falej &raquo;<\/a><\/span><\/p>\n","protected":false},"author":1,"featured_media":0,"parent":0,"menu_order":0,"comment_status":"closed","ping_status":"closed","template":"","meta":[],"_links":{"self":[{"href":"https:\/\/confolab.sav.sk\/ovsb\/wp-json\/wp\/v2\/pages\/2422"}],"collection":[{"href":"https:\/\/confolab.sav.sk\/ovsb\/wp-json\/wp\/v2\/pages"}],"about":[{"href":"https:\/\/confolab.sav.sk\/ovsb\/wp-json\/wp\/v2\/types\/page"}],"author":[{"embeddable":true,"href":"https:\/\/confolab.sav.sk\/ovsb\/wp-json\/wp\/v2\/users\/1"}],"replies":[{"embeddable":true,"href":"https:\/\/confolab.sav.sk\/ovsb\/wp-json\/wp\/v2\/comments?post=2422"}],"version-history":[{"count":19,"href":"https:\/\/confolab.sav.sk\/ovsb\/wp-json\/wp\/v2\/pages\/2422\/revisions"}],"predecessor-version":[{"id":2496,"href":"https:\/\/confolab.sav.sk\/ovsb\/wp-json\/wp\/v2\/pages\/2422\/revisions\/2496"}],"wp:attachment":[{"href":"https:\/\/confolab.sav.sk\/ovsb\/wp-json\/wp\/v2\/media?parent=2422"}],"curies":[{"name":"wp","href":"https:\/\/api.w.org\/{rel}","templated":true}]}}