{"id":240,"date":"2018-01-08T16:48:17","date_gmt":"2018-01-08T16:48:17","guid":{"rendered":"http:\/\/confolab.sav.sk\/ovsb\/?page_id=240"},"modified":"2023-10-02T14:46:23","modified_gmt":"2023-10-02T14:46:23","slug":"den-otvorenych-dveri-ovsb-27-4-2016","status":"publish","type":"page","link":"https:\/\/confolab.sav.sk\/ovsb\/aktivity\/udalosti\/den-otvorenych-dveri-ovsb-27-4-2016\/","title":{"rendered":"De\u0148 otvoren\u00fdch dver\u00ed OVSB 27. 4. 2016"},"content":{"rendered":"<p><button onclick=\"goBack()\">Nasp\u00e4\u0165<\/button><br \/>\n<script>\t \t \nfunction goBack() { window.history.go(-1); }\t \t \n<\/script><br \/>\n\u0160tudenti biomedic\u00ednskej fyziky Katedry biofyziky MFF UK nav\u0161t\u00edvili Oddelenie pre v\u00fdskum svalov\u00fdch buniek so svojou ved\u00facou doc. Ivetou Waczul\u00edkovou, PhD.<\/p>\n<h2>Program:<\/h2>\n<h3>Prezen\u00e1cie s diskusiou:<\/h3>\n<p>Z\u00e1kladn\u00e9 inform\u00e1cie o spriahnut\u00ed excit\u00e1cie s kontrakciou, Alexandra Zahradnikova ml.<br \/>\nWolframov syndr\u00f3m: ako prote\u00edn v endoplazmatickom retikule ovplyv\u0148uje dynamiku mitochondri\u00ed, Michal Cagalinec<\/p>\n<h3>Metodiky na OVSB \u2013 laborat\u00f3rne cvi\u010denie:<\/h3>\n<p>Konfok\u00e1lna mikroskopia na pr\u00edstroji Leica TCS SP2 AOBS \u2013 Katar\u00edna Mackov\u00e1<br \/>\nSuper-rozli\u0161ovacia mikroskopia na pr\u00edstroji Leica TCS SP8 STED 3X \u2013 Alexandra Zahradnikova, ml.<\/p>\n<p><img decoding=\"async\" loading=\"lazy\" class=\"alignnone size-medium wp-image-841\" src=\"https:\/\/confolab.sav.sk\/sk\/images\/DSC_0986.jpg\" alt=\"DSC_0986\" width=\"300\" height=\"199\" \/><img decoding=\"async\" loading=\"lazy\" class=\"alignnone size-medium wp-image-830\" src=\"https:\/\/confolab.sav.sk\/sk\/images\/DSC_0998.jpg\" alt=\"DSC_0998\" width=\"300\" height=\"199\" \/><br \/>\n<img decoding=\"async\" loading=\"lazy\" class=\"alignnone size-medium wp-image-828\" src=\"https:\/\/confolab.sav.sk\/sk\/images\/DSC_0996.jpg\" alt=\"DSC_0996\" width=\"300\" height=\"199\" \/><img decoding=\"async\" loading=\"lazy\" class=\"alignnone size-medium wp-image-831\" src=\"https:\/\/confolab.sav.sk\/sk\/images\/DSC_0999.jpg\" alt=\"DSC_0999\" width=\"300\" height=\"199\" \/><br \/>\n<img decoding=\"async\" loading=\"lazy\" class=\"alignnone size-medium wp-image-832\" src=\"https:\/\/confolab.sav.sk\/sk\/images\/DSC_1016.jpg\" alt=\"DSC_1016\" width=\"300\" height=\"199\" \/><img decoding=\"async\" loading=\"lazy\" class=\"alignnone size-medium wp-image-833\" src=\"https:\/\/confolab.sav.sk\/sk\/images\/DSC_1020.jpg\" alt=\"DSC_1020\" width=\"300\" height=\"199\" \/><\/p>\n","protected":false},"excerpt":{"rendered":"<p>Nasp\u00e4\u0165 \u0160tudenti biomedic\u00ednskej fyziky Katedry biofyziky MFF UK nav\u0161t\u00edvili Oddelenie pre v\u00fdskum svalov\u00fdch buniek so svojou ved\u00facou doc. Ivetou Waczul\u00edkovou, PhD. Program: Prezen\u00e1cie s diskusiou:&#8230;<span class=\"excerpt_more\"><a href=\"https:\/\/confolab.sav.sk\/ovsb\/aktivity\/udalosti\/den-otvorenych-dveri-ovsb-27-4-2016\/\">\u010d\u00edta\u0165 \u010falej &raquo;<\/a><\/span><\/p>\n","protected":false},"author":2,"featured_media":0,"parent":40,"menu_order":110,"comment_status":"closed","ping_status":"closed","template":"","meta":[],"_links":{"self":[{"href":"https:\/\/confolab.sav.sk\/ovsb\/wp-json\/wp\/v2\/pages\/240"}],"collection":[{"href":"https:\/\/confolab.sav.sk\/ovsb\/wp-json\/wp\/v2\/pages"}],"about":[{"href":"https:\/\/confolab.sav.sk\/ovsb\/wp-json\/wp\/v2\/types\/page"}],"author":[{"embeddable":true,"href":"https:\/\/confolab.sav.sk\/ovsb\/wp-json\/wp\/v2\/users\/2"}],"replies":[{"embeddable":true,"href":"https:\/\/confolab.sav.sk\/ovsb\/wp-json\/wp\/v2\/comments?post=240"}],"version-history":[{"count":7,"href":"https:\/\/confolab.sav.sk\/ovsb\/wp-json\/wp\/v2\/pages\/240\/revisions"}],"predecessor-version":[{"id":2508,"href":"https:\/\/confolab.sav.sk\/ovsb\/wp-json\/wp\/v2\/pages\/240\/revisions\/2508"}],"up":[{"embeddable":true,"href":"https:\/\/confolab.sav.sk\/ovsb\/wp-json\/wp\/v2\/pages\/40"}],"wp:attachment":[{"href":"https:\/\/confolab.sav.sk\/ovsb\/wp-json\/wp\/v2\/media?parent=240"}],"curies":[{"name":"wp","href":"https:\/\/api.w.org\/{rel}","templated":true}]}}