{"id":234,"date":"2018-01-08T15:58:41","date_gmt":"2018-01-08T15:58:41","guid":{"rendered":"http:\/\/confolab.sav.sk\/ovsb\/?page_id=234"},"modified":"2023-10-02T14:37:42","modified_gmt":"2023-10-02T14:37:42","slug":"tyzden-vedy-a-techniky-centrum-biovied-sav-bratislava-8-november-2017","status":"publish","type":"page","link":"https:\/\/confolab.sav.sk\/ovsb\/aktivity\/udalosti\/tyzden-vedy-a-techniky-centrum-biovied-sav-bratislava-8-november-2017\/","title":{"rendered":"T\u00fd\u017ede\u0148 vedy a techniky, Centrum biovied SAV, Bratislava, 8. november 2017"},"content":{"rendered":"<p><script type=\"text\/javascript\">\n<!--\nfunction launch(newURL, newName, newFeatures, orgName) {\n  var remote = open(newURL, newName, newFeatures);\n  if (remote.opener == null)\n    remote.opener = window;\n  remote.opener.name = orgName;\n  return remote;\n}\n\nfunction launchRemote(name) {\n  var address =  name;\n  myRemote = launch(address ,\n                    \"Okno\",\n                    \"height=500, width=850, left=50, top=50, alwaysLowered=0, alwaysRaised=0, channelmode=0, dependent=0, directories=0, fullscreen=0, hotkeys=1, location=0, menubar=0, resizable=0, scrollbars=0, status=0, titlebar=1, toolbar=0, z-lock=0\",\n                    \"myWindow\");\n}\n\/\/ -->>\n<\/script><button onclick=\"goBack()\">Nasp\u00e4\u0165<\/button><br \/>\n<script>\t \t \nfunction goBack() { window.history.go(-1); }\t \t \n<\/script><\/p>\n<h2>Ako bije srdce <\/h2>\n<table border=\"0\" width=\"100%\" cellspacing=\"1\" cellpadding=\"2\">\n<tbody>\n<tr>\n<td>Dozviete sa, ako vznik\u00e1 elektrick\u00fd sign\u00e1l, ktor\u00fd riadi tlkot srdca, ako vznikaj\u00fa s\u0165ahy, ktor\u00e9 pumpuj\u00fa krv, a ako sa meraj\u00fa elektrick\u00e9 pr\u00fady, ktor\u00e9 s\u00fa za to zodpovedn\u00e9. V laborat\u00f3ri\u00e1ch uvid\u00edte merania elektrick\u00fdch pr\u00fadov a ultra\u0161trukt\u00faru srdcovej bunky v elektr\u00f3novom mikroskope.<\/p>\n<p>Kedy? 8. novembra 2017 o 9:00 <\/p>\n<p>Kde? Pavil\u00f3n lek\u00e1rskych vied v are\u00e1li SAV na Patr\u00f3nke, prv\u00e9 nadzemn\u00e9 podla\u017eie bloku A, miestnos\u0165 \u010d. 2.25 <\/p>\n<p>Kto? \u013dubica Lacinov\u00e1, Lucia Morav\u010d\u00edkov\u00e1, Bohumila Jurkovi\u010dov\u00e1-Tarabov\u00e1, Marta Gaburj\u00e1kov\u00e1, Jana Gaburj\u00e1kov\u00e1, Marta Novotov\u00e1 <\/td>\n<\/tr>\n<\/tbody>\n<\/table>\n<p><span class=\"H3\">Fotogal\u00e9ria:<\/span><\/p>\n<p><img decoding=\"async\" loading=\"lazy\" title=\"\" src=\"https:\/\/confolab.sav.sk\/sk\/images\/IMG_0004.jpg\" alt=\"\" width=\"245\" height=\"170\" hspace=\"3\" vspace=\"3\" \/> <img decoding=\"async\" loading=\"lazy\" title=\"\" src=\"https:\/\/confolab.sav.sk\/sk\/images\/IMG_0018.jpg\" alt=\"\" width=\"245\" height=\"170\" hspace=\"3\" vspace=\"3\" \/><br \/>\n<img decoding=\"async\" loading=\"lazy\" title=\"\" src=\"https:\/\/confolab.sav.sk\/sk\/images\/IMG_0022.jpg\" alt=\"\" width=\"245\" height=\"170\" hspace=\"3\" vspace=\"3\" \/> <img decoding=\"async\" loading=\"lazy\" title=\"\" src=\"https:\/\/confolab.sav.sk\/sk\/images\/IMG_0024.jpg\"\" alt=\"\" width=\"245\" height=\"170\" hspace=\"3\" vspace=\"3\" \/><br \/>\n<img decoding=\"async\" loading=\"lazy\" title=\"\" src=\"https:\/\/confolab.sav.sk\/sk\/images\/IMG_0037.jpg\" alt=\"\" width=\"245\" height=\"170\" hspace=\"3\" vspace=\"3\" \/> <img decoding=\"async\" loading=\"lazy\" title=\"\" src=\"https:\/\/confolab.sav.sk\/sk\/images\/IMG_0041.jpg\"\" alt=\"\" width=\"245\" height=\"170\" hspace=\"3\" vspace=\"3\" \/><br \/>\n<img decoding=\"async\" loading=\"lazy\" title=\"\" src=\"https:\/\/confolab.sav.sk\/sk\/images\/IMG_0044.jpg\" alt=\"\" width=\"245\" height=\"170\" hspace=\"3\" vspace=\"3\" \/> <img decoding=\"async\" loading=\"lazy\" title=\"\" src=\"https:\/\/confolab.sav.sk\/sk\/images\/IMG_0046.jpg\"\" alt=\"\" width=\"245\" height=\"170\" hspace=\"3\" vspace=\"3\" \/><br \/>\n<img decoding=\"async\" loading=\"lazy\" title=\"\" src=\"https:\/\/confolab.sav.sk\/sk\/images\/IMG_0050.jpg\" alt=\"\" width=\"245\" height=\"170\" hspace=\"3\" vspace=\"3\" \/> <img decoding=\"async\" loading=\"lazy\" title=\"\" src=\"https:\/\/confolab.sav.sk\/sk\/images\/IMG_0053.jpg\"\" alt=\"\" width=\"245\" height=\"170\" hspace=\"3\" vspace=\"3\" \/><br \/>\n<img decoding=\"async\" loading=\"lazy\" title=\"\" src=\"https:\/\/confolab.sav.sk\/sk\/images\/IMG_0054.jpg\" alt=\"\" width=\"245\" height=\"170\" hspace=\"3\" vspace=\"3\" \/> <img decoding=\"async\" loading=\"lazy\" title=\"\" src=\"https:\/\/confolab.sav.sk\/sk\/images\/IMG_0056.jpg\"\" alt=\"\" width=\"245\" height=\"170\" hspace=\"3\" vspace=\"3\" \/><br \/>\n<img decoding=\"async\" loading=\"lazy\" title=\"\" src=\"https:\/\/confolab.sav.sk\/sk\/images\/IMG_0058.jpg\" alt=\"\" width=\"245\" height=\"170\" hspace=\"3\" vspace=\"3\" \/> <img decoding=\"async\" loading=\"lazy\" title=\"\" src=\"https:\/\/confolab.sav.sk\/sk\/images\/IMG_0060.jpg\"\" alt=\"\" width=\"245\" height=\"170\" hspace=\"3\" vspace=\"3\" \/><\/p>\n","protected":false},"excerpt":{"rendered":"<p>Nasp\u00e4\u0165 Ako bije srdce Dozviete sa, ako vznik\u00e1 elektrick\u00fd sign\u00e1l, ktor\u00fd riadi tlkot srdca, ako vznikaj\u00fa s\u0165ahy, ktor\u00e9 pumpuj\u00fa krv, a ako sa meraj\u00fa elektrick\u00e9&#8230;<span class=\"excerpt_more\"><a href=\"https:\/\/confolab.sav.sk\/ovsb\/aktivity\/udalosti\/tyzden-vedy-a-techniky-centrum-biovied-sav-bratislava-8-november-2017\/\">\u010d\u00edta\u0165 \u010falej &raquo;<\/a><\/span><\/p>\n","protected":false},"author":2,"featured_media":0,"parent":40,"menu_order":100,"comment_status":"closed","ping_status":"closed","template":"","meta":[],"_links":{"self":[{"href":"https:\/\/confolab.sav.sk\/ovsb\/wp-json\/wp\/v2\/pages\/234"}],"collection":[{"href":"https:\/\/confolab.sav.sk\/ovsb\/wp-json\/wp\/v2\/pages"}],"about":[{"href":"https:\/\/confolab.sav.sk\/ovsb\/wp-json\/wp\/v2\/types\/page"}],"author":[{"embeddable":true,"href":"https:\/\/confolab.sav.sk\/ovsb\/wp-json\/wp\/v2\/users\/2"}],"replies":[{"embeddable":true,"href":"https:\/\/confolab.sav.sk\/ovsb\/wp-json\/wp\/v2\/comments?post=234"}],"version-history":[{"count":14,"href":"https:\/\/confolab.sav.sk\/ovsb\/wp-json\/wp\/v2\/pages\/234\/revisions"}],"predecessor-version":[{"id":2504,"href":"https:\/\/confolab.sav.sk\/ovsb\/wp-json\/wp\/v2\/pages\/234\/revisions\/2504"}],"up":[{"embeddable":true,"href":"https:\/\/confolab.sav.sk\/ovsb\/wp-json\/wp\/v2\/pages\/40"}],"wp:attachment":[{"href":"https:\/\/confolab.sav.sk\/ovsb\/wp-json\/wp\/v2\/media?parent=234"}],"curies":[{"name":"wp","href":"https:\/\/api.w.org\/{rel}","templated":true}]}}