{"id":2305,"date":"2022-10-06T12:45:16","date_gmt":"2022-10-06T12:45:16","guid":{"rendered":"http:\/\/confolab.sav.sk\/ovsb\/?page_id=2305"},"modified":"2023-10-02T14:29:42","modified_gmt":"2023-10-02T14:29:42","slug":"vedecky-veltrh-2022","status":"publish","type":"page","link":"https:\/\/confolab.sav.sk\/ovsb\/vedecky-veltrh-2022\/","title":{"rendered":"Vedeck\u00fd ve\u013etrh 2022"},"content":{"rendered":"<p><script type=\"text\/javascript\">\n<!--\nfunction launch(newURL, newName, newFeatures, orgName) {\n  var remote = open(newURL, newName, newFeatures);\n  if (remote.opener == null)\n    remote.opener = window;\n  remote.opener.name = orgName;\n  return remote;\n}\n\nfunction launchRemote(name) {\n  var address =  name;\n  myRemote = launch(address ,\n                    \"Okno\",\n                    \"height=500, width=850, left=50, top=50, alwaysLowered=0, alwaysRaised=0, channelmode=0, dependent=0, directories=0, fullscreen=0, hotkeys=1, location=0, menubar=0, resizable=0, scrollbars=0, status=0, titlebar=1, toolbar=0, z-lock=0\",\n                    \"myWindow\");\n}\n\/\/ -->>\n<\/script><button onclick=\"goBack()\">Nasp\u00e4\u0165<\/button><br \/>\n<script>\t \t \nfunction goBack() { window.history.go(-1); }\t \t \n<\/script><br \/>\nVedeck\u00fd veltrh sa konal 23. septembra 2022 na n\u00e1mest\u00ed NC Eurovea v Bratislave.<\/p>\n<p>Organiz\u00e1tori ve\u013etrhu Omniveda\/VEDA N\u00c1S BAV\u00cd n.o. v spolupr\u00e1ci s Fakultou matematiky, fyziky a informatiky Univerzity Komensk\u00e9ho v Bratislave a Slovenskou technickou univerzitou v Bratislave si stanovili za cie\u013e hravou formou pribl\u00ed\u017ei\u0165 vedu hlavne \u017eiakom z\u00e1kladn\u00fdch a stredn\u00fdch \u0161k\u00f4l, ale i zvedav\u00fdm dospel\u00fdm.<\/p>\n<p>V st\u00e1nku \u00dastavu experiment\u00e1lnej endokrinol\u00f3gie BMC SAV v.v.i. boli vystaven\u00e9 obrazy z elektr\u00f3novej mikroskopie autorov: Marty Novotovej z OBK \u00daEE BMC SAV a Martina Bal\u00e1\u017ea z \u00daD, FA, STU na t\u00e9mu &#8222;ultra\u0161trukt\u00fara bunky&#8220; a s\u00fa\u010dasne bolo k nahliadnutiu  video &#8222;Veda a umenie&#8220;.<\/p>\n<p><span class=\"H3\">Fotogal\u00e9ria:<\/span><\/p>\n<p><img decoding=\"async\" loading=\"lazy\" title=\"\" src=\"https:\/\/confolab.sav.sk\/ovsb\/wp-content\/uploads\/VedeckyVeltrh2022Stanok.jpg\" alt=\"\" width=\"330\" height=\"230\" hspace=\"3\" vspace=\"3\" \/> <img decoding=\"async\" loading=\"lazy\" title=\"\" src=\"https:\/\/confolab.sav.sk\/ovsb\/wp-content\/uploads\/VedeckyVeltrh22Deti.jpg\" alt=\"\" width=\"330\" height=\"230\" hspace=\"3\" vspace=\"3\" \/><\/p>\n","protected":false},"excerpt":{"rendered":"<p>Nasp\u00e4\u0165 Vedeck\u00fd veltrh sa konal 23. septembra 2022 na n\u00e1mest\u00ed NC Eurovea v Bratislave. Organiz\u00e1tori ve\u013etrhu Omniveda\/VEDA N\u00c1S BAV\u00cd n.o. v spolupr\u00e1ci s Fakultou matematiky,&#8230;<span class=\"excerpt_more\"><a href=\"https:\/\/confolab.sav.sk\/ovsb\/vedecky-veltrh-2022\/\">\u010d\u00edta\u0165 \u010falej &raquo;<\/a><\/span><\/p>\n","protected":false},"author":1,"featured_media":0,"parent":0,"menu_order":0,"comment_status":"closed","ping_status":"closed","template":"","meta":[],"_links":{"self":[{"href":"https:\/\/confolab.sav.sk\/ovsb\/wp-json\/wp\/v2\/pages\/2305"}],"collection":[{"href":"https:\/\/confolab.sav.sk\/ovsb\/wp-json\/wp\/v2\/pages"}],"about":[{"href":"https:\/\/confolab.sav.sk\/ovsb\/wp-json\/wp\/v2\/types\/page"}],"author":[{"embeddable":true,"href":"https:\/\/confolab.sav.sk\/ovsb\/wp-json\/wp\/v2\/users\/1"}],"replies":[{"embeddable":true,"href":"https:\/\/confolab.sav.sk\/ovsb\/wp-json\/wp\/v2\/comments?post=2305"}],"version-history":[{"count":7,"href":"https:\/\/confolab.sav.sk\/ovsb\/wp-json\/wp\/v2\/pages\/2305\/revisions"}],"predecessor-version":[{"id":2497,"href":"https:\/\/confolab.sav.sk\/ovsb\/wp-json\/wp\/v2\/pages\/2305\/revisions\/2497"}],"wp:attachment":[{"href":"https:\/\/confolab.sav.sk\/ovsb\/wp-json\/wp\/v2\/media?parent=2305"}],"curies":[{"name":"wp","href":"https:\/\/api.w.org\/{rel}","templated":true}]}}