{"id":2154,"date":"2022-04-19T14:08:07","date_gmt":"2022-04-19T14:08:07","guid":{"rendered":"http:\/\/confolab.sav.sk\/ovsb\/?page_id=2154"},"modified":"2023-10-06T11:46:24","modified_gmt":"2023-10-06T11:46:24","slug":"program","status":"publish","type":"page","link":"https:\/\/confolab.sav.sk\/ovsb\/program\/","title":{"rendered":"Program"},"content":{"rendered":"<table style=\"width: 500pt; margin-left: 4.65pt; border-collapse: collapse;\" border=\"0\" width=\"738\" cellspacing=\"0\" cellpadding=\"0\">\n<tbody>\n<tr style=\"height: 12.75pt;\">\n<td style=\"width: 100pt; background: #FFC000; padding: 0cm 5.4pt 0cm 5.4pt; height: 12.75pt;\" width=\"100\">\n<p style=\"margin-bottom: .0001pt; text-align: center; line-height: normal;\" align=\"center\"><b><i><span style=\"font-size: 10.0pt; color: black;\">Time<\/span><\/i><\/b><\/p>\n<\/td>\n<td style=\"width: 161.2pt; background: #FFC000; padding: 0cm 5.4pt 0cm 5.4pt; height: 12.75pt;\" width=\"215\">\n<p style=\"margin-bottom: .0001pt; text-align: center; line-height: normal;\" align=\"center\"><b><i><span style=\"font-size: 10.0pt; color: black;\">May 3<\/span><\/i><\/b><\/p>\n<\/td>\n<td style=\"width: 161.2pt; background: #FFC000; padding: 0cm 5.4pt 0cm 5.4pt; height: 12.75pt;\" width=\"215\">\n<p style=\"margin-bottom: .0001pt; text-align: center; line-height: normal;\" align=\"center\"><b><i><span style=\"font-size: 10.0pt; color: black;\">May 4<\/span><\/i><\/b><\/p>\n<\/td>\n<td style=\"width: 161.2pt; background: #FFC000; padding: 0cm 5.4pt 0cm 5.4pt; height: 12.75pt;\" width=\"215\">\n<p style=\"margin-bottom: .0001pt; text-align: center; line-height: normal;\" align=\"center\"><b><i><span style=\"font-size: 10.0pt; color: black;\">May 5<\/span><\/i><\/b><\/p>\n<\/td>\n<\/tr>\n<tr style=\"height: 12.75pt;\">\n<td style=\"width: 70.0pt; padding: 0cm 5.4pt 0cm 5.4pt; height: 12.75pt;\" valign=\"top\" width=\"93\">\n<p style=\"margin-bottom: .0001pt; text-align: right; line-height: normal;\" align=\"right\"><span style=\"font-size: 10.0pt; color: black;\">7:30-8:30<\/span><\/p>\n<\/td>\n<td style=\"width: 161.2pt; padding: 0cm 5.4pt 0cm 5.4pt; height: 12.75pt;\" rowspan=\"9\" valign=\"top\" width=\"215\"><\/td>\n<td style=\"width: 161.2pt; background: #FDE9D9; padding: 0cm 5.4pt 0cm 5.4pt; height: 12.75pt;\" valign=\"top\" width=\"215\">\n<p style=\"margin-bottom: .0001pt; line-height: normal;\"><i><span style=\"font-size: 10.0pt; color: black;\">Breakfast<\/span><\/i><\/p>\n<\/td>\n<td style=\"width: 161.2pt; background: #FDE9D9; padding: 0cm 5.4pt 0cm 5.4pt; height: 12.75pt;\" valign=\"top\" width=\"215\">\n<p style=\"margin-bottom: .0001pt; line-height: normal;\"><i><span style=\"font-size: 10.0pt; color: black;\">Breakfast<\/span><\/i><\/p>\n<\/td>\n<\/tr>\n<tr style=\"height: 8.25pt;\">\n<td style=\"width: 70.0pt; padding: 0cm 5.4pt 0cm 5.4pt; height: 8.25pt;\" valign=\"top\" width=\"93\">\n<p style=\"margin-bottom: .0001pt; text-align: right; line-height: normal;\" align=\"right\"><span style=\"font-size: 10.0pt; color: black;\">8:30-8:50<\/span><\/p>\n<\/td>\n<td style=\"width: 161.2pt; padding: 0cm 5.4pt 0cm 5.4pt; height: 8.25pt;\" rowspan=\"2\" valign=\"top\" width=\"215\">\n<p style=\"margin-bottom: 0.0001pt; line-height: normal; text-align: left;\"><b><span style=\"font-size: 10.0pt; color: black;\">Directed evolution <\/span><\/b><i><span style=\"font-size: 10.0pt; color: black;\">(Jancura)<\/span><\/i><span style=\"font-size: 10.0pt; color: black;\"><br \/>\n\u017dold\u00e1k, Tomkov\u00e1, Dzurillov\u00e1<\/span><\/p>\n<\/td>\n<td style=\"width: 161.2pt; background: #FDE9D9; padding: 0cm 5.4pt 0cm 5.4pt; height: 8.25pt;\" valign=\"top\" width=\"215\">\n<p style=\"margin-bottom: .0001pt; line-height: normal;\"><span style=\"font-size: 10.0pt; color: black;\">\u00a0<\/span><\/p>\n<\/td>\n<\/tr>\n<tr style=\"height: 31.5pt;\">\n<td style=\"width: 70.0pt; padding: 0cm 5.4pt 0cm 5.4pt; height: 31.5pt;\" valign=\"top\" width=\"93\">\n<p style=\"margin-bottom: .0001pt; text-align: right; line-height: normal;\" align=\"right\"><span style=\"font-size: 10.0pt; color: black;\">8:50-9:30<\/span><\/p>\n<\/td>\n<td style=\"width: 161.2pt; padding: 0cm 5.4pt 0cm 5.4pt; height: 31.5pt;\" valign=\"top\" width=\"215\">\n<p style=\"margin-bottom: 0.0001pt; line-height: normal; text-align: left;\"><b><span style=\"font-size: 10.0pt; color: black;\">Protein-lipid<br \/>\ninteractions<\/span><\/b><b> <\/b><i><span style=\"font-size: 10.0pt;\">(Uli\u010dn\u00fd)<\/span><\/i><span style=\"font-size: 10.0pt; color: black;\"><br \/>\nKu\u010derka, Klacsov\u00e1<\/span><\/p>\n<\/td>\n<\/tr>\n<tr style=\"height: 28.5pt;\">\n<td style=\"width: 70.0pt; padding: 0cm 5.4pt 0cm 5.4pt; height: 28.5pt;\" valign=\"top\" width=\"93\">\n<p style=\"margin-bottom: .0001pt; text-align: right; line-height: normal;\" align=\"right\"><span style=\"font-size: 10.0pt; color: black;\">9:30-9:50<\/span><\/p>\n<\/td>\n<td style=\"width: 161.2pt; background: #E4DFEC; padding: 0cm 5.4pt 0cm 5.4pt; height: 28.5pt;\" valign=\"top\" width=\"215\">\n<p style=\"margin-bottom: 0.0001pt; line-height: normal; text-align: left;\"><b><span style=\"font-size: 10.0pt; color: black;\">Methods <\/span><\/b><i><span style=\"font-size: 10.0pt; color: black;\">(B\u00e1n\u00f3)<\/span><\/i><span style=\"font-size: 10.0pt; color: black;\"><br \/>\nUli\u010dn\u00fd<\/span><\/p>\n<\/td>\n<td style=\"width: 161.2pt; background: #DAEEF3; padding: 0cm 5.4pt 0cm 5.4pt; height: 28.5pt;\" valign=\"top\" width=\"215\">\n<p style=\"margin-bottom: 0.0001pt; line-height: normal; text-align: left;\"><b><span style=\"font-size: 10.0pt; color: black;\">Company presentation<\/span><\/b><span style=\"font-size: 10.0pt; color: black;\"> <i>(Cagalinec)<\/i> Specion<\/span><\/p>\n<\/td>\n<\/tr>\n<tr style=\"height: 12.75pt;\">\n<td style=\"width: 70.0pt; padding: 0cm 5.4pt 0cm 5.4pt; height: 12.75pt;\" valign=\"top\" width=\"93\">\n<p style=\"margin-bottom: .0001pt; text-align: right; line-height: normal;\" align=\"right\"><span style=\"font-size: 10.0pt; color: black;\">9:50-10:20<\/span><\/p>\n<\/td>\n<td style=\"width: 161.2pt; background: #FDE9D9; padding: 0cm 5.4pt 0cm 5.4pt; height: 12.75pt;\" valign=\"top\" width=\"215\">\n<p style=\"margin-bottom: .0001pt; line-height: normal;\"><i><span style=\"font-size: 10.0pt; color: black;\">Coffee break<\/span><\/i><\/p>\n<\/td>\n<td style=\"width: 161.2pt; background: #FDE9D9; padding: 0cm 5.4pt 0cm 5.4pt; height: 12.75pt;\" valign=\"top\" width=\"215\">\n<p style=\"margin-bottom: .0001pt; line-height: normal;\"><i><span style=\"font-size: 10.0pt; color: black;\">Coffee break<\/span><\/i><\/p>\n<\/td>\n<\/tr>\n<tr style=\"height: 50.25pt;\">\n<td style=\"width: 70.0pt; padding: 0cm 5.4pt 0cm 5.4pt; height: 50.25pt;\" valign=\"top\" width=\"93\">\n<p style=\"margin-bottom: .0001pt; text-align: right; line-height: normal;\" align=\"right\"><span style=\"font-size: 10.0pt; color: black;\">10:20-11:10<\/span><\/p>\n<\/td>\n<td style=\"width: 161.2pt; background: #E4DFEC; padding: 0cm 5.4pt 0cm 5.4pt; height: 50.25pt;\" valign=\"top\" width=\"215\">\n<p style=\"margin-bottom: 0.0001pt; line-height: normal; text-align: left;\"><b><span style=\"font-size: 10.0pt; color: black;\">Plenary Lecture <\/span><\/b><i><span style=\"font-size: 10.0pt; color: black;\">(Gaburj\u00e1kov\u00e1)<\/span><\/i><span style=\"font-size: 10.0pt; color: black;\"><br \/>\nZahradn\u00edkov\u00e1<\/span><\/p>\n<\/td>\n<td style=\"width: 161.2pt; padding: 0cm 5.4pt 0cm 5.4pt; height: 50.25pt;\" rowspan=\"2\" valign=\"top\" width=\"215\">\n<p style=\"margin-bottom: 0.0001pt; line-height: normal; text-align: left;\"><b><span style=\"font-size: 10.0pt; color: black;\">Protein aggregation <\/span><\/b><i><span style=\"font-size: 10.0pt; color: black;\">(\u0160troffekov\u00e1)<\/span><\/i><b><span style=\"font-size: 10.0pt; color: black;\"><br \/>\n<\/span><\/b><span style=\"font-size: 10.0pt; color: black;\">Cehl\u00e1r, \u0160krabana,<br \/>\nDzupponov\u00e1, Ganc\u00e1r<\/span><\/p>\n<\/td>\n<\/tr>\n<tr style=\"height: 25.5pt;\">\n<td style=\"width: 70.0pt; padding: 0cm 5.4pt 0cm 5.4pt; height: 25.5pt;\" valign=\"top\" width=\"93\">\n<p style=\"margin-bottom: .0001pt; text-align: right; line-height: normal;\" align=\"right\"><span style=\"font-size: 10.0pt; color: black;\">11:10-11:40<\/span><\/p>\n<\/td>\n<td style=\"width: 161.2pt; padding: 0cm 5.4pt 0cm 5.4pt; height: 25.5pt;\" rowspan=\"3\" valign=\"top\" width=\"215\">\n<p style=\"margin-bottom: 0.0001pt; line-height: normal; text-align: left;\"><b><span style=\"font-size: 10.0pt; color: black;\">Calcium transport<br \/>\n<\/span><\/b><i><span style=\"font-size: 10.0pt; color: black;\">(Zahradn\u00edkov\u00e1 Jr.)<\/span><\/i><b><span style=\"font-size: 10.0pt; color: black;\"><br \/>\n<\/span><\/b><span style=\"font-size: 10.0pt; color: black;\">Iaparov, Gaburj\u00e1kov\u00e1,<br \/>\nM\u00e1jekov\u00e1<\/span><\/p>\n<\/td>\n<\/tr>\n<tr style=\"height: 18.0pt;\">\n<td style=\"width: 70.0pt; padding: 0cm 5.4pt 0cm 5.4pt; height: 18.0pt;\" valign=\"top\" width=\"93\">\n<p style=\"margin-bottom: .0001pt; text-align: right; line-height: normal;\" align=\"right\"><span style=\"font-size: 10.0pt; color: black;\">11:40-11:50<\/span><\/p>\n<\/td>\n<td style=\"width: 161.2pt; background: #EBF1DE; padding: 0cm 5.4pt 0cm 5.4pt; height: 18.0pt;\" valign=\"top\" width=\"215\">\n<p style=\"margin-bottom: .0001pt; line-height: normal;\"><b><span style=\"font-size: 10.0pt; color: black;\">Concluding remarks<\/span><\/b><\/p>\n<\/td>\n<\/tr>\n<tr style=\"height: 14.25pt;\">\n<td style=\"width: 70.0pt; padding: 0cm 5.4pt 0cm 5.4pt; height: 14.25pt;\" valign=\"top\" width=\"93\">\n<p style=\"margin-bottom: .0001pt; text-align: right; line-height: normal;\" align=\"right\"><span style=\"font-size: 10.0pt; color: black;\">11:50-12:10<\/span><\/p>\n<\/td>\n<td style=\"width: 161.2pt; background: #FDE9D9; padding: 0cm 5.4pt 0cm 5.4pt; height: 14.25pt;\" rowspan=\"3\" valign=\"top\" width=\"215\">\n<p style=\"margin-bottom: .0001pt; line-height: normal;\"><i><span style=\"font-size: 10.0pt; color: black;\">Lunch<\/span><\/i><\/p>\n<p style=\"margin-bottom: .0001pt; line-height: normal;\"><i><span style=\"font-size: 10.0pt; color: black;\">\u00a0<\/span><\/i><\/p>\n<p style=\"margin-bottom: .0001pt; line-height: normal;\"><i><span style=\"font-size: 10.0pt; color: black;\">\u00a0<\/span><\/i><\/p>\n<\/td>\n<\/tr>\n<tr style=\"height: 16.5pt;\">\n<td style=\"width: 70.0pt; padding: 0cm 5.4pt 0cm 5.4pt; height: 16.5pt;\" valign=\"top\" width=\"93\">\n<p style=\"margin-bottom: .0001pt; text-align: right; line-height: normal;\" align=\"right\"><span style=\"font-size: 10.0pt; color: black;\">12:10-13:15<\/span><\/p>\n<\/td>\n<td style=\"width: 161.2pt; background: #FDE9D9; padding: 0cm 5.4pt 0cm 5.4pt; height: 16.5pt;\" rowspan=\"2\" valign=\"top\" width=\"215\">\n<p style=\"margin-bottom: .0001pt; line-height: normal;\"><i><span style=\"font-size: 10.0pt; color: black;\">Lunch \/ Registration<\/span><\/i><\/p>\n<\/td>\n<td style=\"width: 161.2pt; background: #FDE9D9; padding: 0cm 5.4pt 0cm 5.4pt; height: 16.5pt;\" valign=\"top\" width=\"215\">\n<p style=\"margin-bottom: .0001pt; line-height: normal;\"><i><span style=\"font-size: 10.0pt; color: black;\">Lunch<\/span><\/i><\/p>\n<\/td>\n<\/tr>\n<tr style=\"height: 12.75pt;\">\n<td style=\"width: 70.0pt; padding: 0cm 5.4pt 0cm 5.4pt; height: 12.75pt;\" valign=\"top\" width=\"93\">\n<p style=\"margin-bottom: .0001pt; text-align: right; line-height: normal;\" align=\"right\"><span style=\"font-size: 10.0pt; color: black;\">13:15-13:30<\/span><\/p>\n<\/td>\n<td style=\"width: 161.2pt; background: #EBF1DE; padding: 0cm 5.4pt 0cm 5.4pt; height: 12.75pt;\" rowspan=\"3\" valign=\"top\" width=\"215\">\n<p style=\"margin-bottom: 0.0001pt; line-height: normal; text-align: left;\"><b><span style=\"font-size: 10.0pt; color: black;\">SkBS Awards (ceremony)<br \/>\n<\/span><\/b><i><span style=\"font-size: 10.0pt; color: black;\">(Mar\u010dek Chorv\u00e1tov\u00e1)<\/span><\/i><span style=\"font-size: 10.0pt; color: black;\"><br \/>\n<b>Awardees&#8216; presentations<\/b><br \/>\nZahradn\u00edk, \u0160ubjakov\u00e1<\/span><\/p>\n<\/td>\n<\/tr>\n<tr style=\"height: 16.5pt;\">\n<td style=\"width: 70.0pt; padding: 0cm 5.4pt 0cm 5.4pt; height: 16.5pt;\" valign=\"top\" width=\"93\">\n<p style=\"margin-bottom: .0001pt; text-align: right; line-height: normal;\" align=\"right\"><span style=\"font-size: 10.0pt; color: black;\">13:30-13:40<\/span><\/p>\n<\/td>\n<td style=\"width: 161.2pt; background: #EBF1DE; padding: 0cm 5.4pt 0cm 5.4pt; height: 16.5pt;\" valign=\"top\" width=\"215\">\n<p style=\"margin-bottom: 0.0001pt; line-height: normal; text-align: left;\"><b><span style=\"font-size: 10.0pt; color: black;\">Opening of the<br \/>\nconference<\/span><\/b><\/p>\n<\/td>\n<td style=\"width: 161.2pt; padding: 0cm 5.4pt 0cm 5.4pt; height: 16.5pt;\" valign=\"top\" width=\"215\"><\/td>\n<\/tr>\n<tr style=\"height: 55.5pt;\">\n<td style=\"width: 70.0pt; padding: 0cm 5.4pt 0cm 5.4pt; height: 55.5pt;\" valign=\"top\" width=\"93\">\n<p style=\"margin-bottom: .0001pt; text-align: right; line-height: normal;\" align=\"right\"><span style=\"font-size: 10.0pt; color: black;\">13:40-14:30<\/span><\/p>\n<\/td>\n<td style=\"width: 161.2pt; background: #E4DFEC; padding: 0cm 5.4pt 0cm 5.4pt; height: 55.5pt;\" valign=\"top\" width=\"215\">\n<p style=\"margin-bottom: 0.0001pt; line-height: normal; text-align: left;\"><b><span style=\"font-size: 10.0pt; color: black;\">Plenary Lecture <\/span><\/b><i><span style=\"font-size: 10.0pt; color: black;\">(Lacinov\u00e1)<\/span><\/i><span style=\"font-size: 10.0pt; color: black;\"><br \/>\nHo\u0165ka<\/span><\/p>\n<\/td>\n<td style=\"width: 161.2pt; padding: 0cm 5.4pt 0cm 5.4pt; height: 55.5pt;\" width=\"215\"><\/td>\n<\/tr>\n<tr style=\"height: 37.5pt;\">\n<td style=\"width: 70.0pt; padding: 0cm 5.4pt 0cm 5.4pt; height: 37.5pt;\" valign=\"top\" width=\"93\">\n<p style=\"margin-bottom: .0001pt; text-align: right; line-height: normal;\" align=\"right\"><span style=\"font-size: 10.0pt; color: black;\">14:30-15:10<\/span><\/p>\n<\/td>\n<td style=\"width: 161.2pt; padding: 0cm 5.4pt 0cm 5.4pt; height: 37.5pt;\" valign=\"top\" width=\"215\">\n<p style=\"margin-bottom: .0001pt; line-height: normal;\"><b><span style=\"font-size: 10.0pt; color: black;\">Neuroscience <\/span><\/b><i><span style=\"font-size: 10.0pt; color: black;\">(Ho\u0165ka)<\/span><\/i><b><span style=\"font-size: 10.0pt; color: black;\"><br \/>\n<\/span><\/b><span style=\"font-size: 10.0pt; color: black;\">Lacinov\u00e1, \u0160imera<\/span><\/p>\n<\/td>\n<td style=\"width: 161.2pt; padding: 0cm 5.4pt 0cm 5.4pt; height: 37.5pt;\" rowspan=\"2\" valign=\"top\" width=\"215\">\n<p style=\"margin-bottom: 0.0001pt; line-height: normal; text-align: left;\"><b><span style=\"font-size: 10.0pt; color: black;\">Aptamers,<br \/>\nNanostructures <\/span><\/b><i><span style=\"font-size: 10.0pt; color: black;\">(Ga\u017eov\u00e1)<\/span><\/i><b><span style=\"font-size: 10.0pt; color: black;\"><br \/>\n<\/span><\/b><span style=\"font-size: 10.0pt; color: black;\">Tatarko, Mar\u010dek<br \/>\nChorv\u00e1tov\u00e1, Talafov\u00e1<\/span><\/p>\n<\/td>\n<td style=\"width: 161.2pt; padding: 0cm 5.4pt 0cm 5.4pt; height: 37.5pt;\" width=\"215\"><\/td>\n<\/tr>\n<tr style=\"height: 30.0pt;\">\n<td style=\"width: 70.0pt; padding: 0cm 5.4pt 0cm 5.4pt; height: 30.0pt;\" valign=\"top\" width=\"93\">\n<p style=\"margin-bottom: .0001pt; text-align: right; line-height: normal;\" align=\"right\"><span style=\"font-size: 10.0pt; color: black;\">15:10-15:30<\/span><\/p>\n<\/td>\n<td style=\"width: 161.2pt; background: #DAEEF3; padding: 0cm 5.4pt 0cm 5.4pt; height: 30.0pt;\" valign=\"top\" width=\"215\">\n<p style=\"margin-bottom: 0.0001pt; line-height: normal; text-align: left;\"><b><span style=\"font-size: 10.0pt; color: black;\">Company presentation<\/span><\/b><span style=\"font-size: 10.0pt; color: black;\"> <i>(Cagalinec)\u00a0<\/i><\/span><span style=\"font-size: 10.0pt; color: black;\">NanoTemper<\/span><\/p>\n<\/td>\n<td style=\"width: 161.2pt; padding: 0cm 5.4pt 0cm 5.4pt; height: 30.0pt;\" width=\"215\"><\/td>\n<\/tr>\n<tr style=\"height: 15.75pt;\">\n<td style=\"width: 70.0pt; padding: 0cm 5.4pt 0cm 5.4pt; height: 15.75pt;\" valign=\"top\" width=\"93\">\n<p style=\"margin-bottom: .0001pt; text-align: right; line-height: normal;\" align=\"right\"><span style=\"font-size: 10.0pt; color: black;\">15:30-16:00<\/span><\/p>\n<\/td>\n<td style=\"width: 161.2pt; background: #FDE9D9; padding: 0cm 5.4pt 0cm 5.4pt; height: 15.75pt;\" valign=\"top\" width=\"215\">\n<p style=\"margin-bottom: .0001pt; line-height: normal;\"><i><span style=\"font-size: 10.0pt; color: black;\">Coffee break<\/span><\/i><\/p>\n<\/td>\n<td style=\"width: 161.2pt; background: #FFC000; padding: 0cm 5.4pt 0cm 5.4pt; height: 15.75pt;\" valign=\"top\" width=\"215\">\n<p style=\"margin-bottom: .0001pt; line-height: normal;\"><i><span style=\"font-size: 10.0pt; color: black;\">Coffee break<\/span><\/i><\/p>\n<\/td>\n<td style=\"width: 161.2pt; padding: 0cm 5.4pt 0cm 5.4pt; height: 15.75pt;\" width=\"215\"><\/td>\n<\/tr>\n<tr style=\"height: 63.0pt;\">\n<td style=\"width: 70.0pt; padding: 0cm 5.4pt 0cm 5.4pt; height: 63.0pt;\" valign=\"top\" width=\"93\">\n<p style=\"margin-bottom: .0001pt; text-align: right; line-height: normal;\" align=\"right\"><span style=\"font-size: 10.0pt; color: black;\">16:00-16:45<\/span><\/p>\n<\/td>\n<td style=\"width: 161.2pt; padding: 0cm 5.4pt 0cm 5.4pt; height: 63.0pt;\" rowspan=\"2\" valign=\"top\" width=\"215\">\n<p style=\"margin-bottom: 0.0001pt; line-height: normal; text-align: left;\"><b><span style=\"font-size: 10.0pt; color: black;\">Singlet oxygen &amp;<br \/>\nPhotodynamic Therapy <\/span><\/b><i><span style=\"font-size: 10.0pt; color: black;\">(Mar\u010dek Chorv\u00e1tov\u00e1)<\/span><\/i><b><span style=\"font-size: 10.0pt; color: black;\"><br \/>\n<\/span><\/b><span style=\"font-size: 10.0pt; color: black;\">\u0160troffekov\u00e1, Hovan,<br \/>\nSedl\u00e1k<\/span><\/p>\n<\/td>\n<td style=\"width: 161.2pt; background: #FFC000; padding: 0cm 5.4pt 0cm 5.4pt; height: 63.0pt;\" valign=\"top\" width=\"215\">\n<p style=\"margin-bottom: .0001pt; line-height: normal;\"><b><span style=\"font-size: 10.0pt; color: black;\">Poster Session<\/span><\/b><\/p>\n<\/td>\n<td style=\"width: 161.2pt; padding: 0cm 5.4pt 0cm 5.4pt; height: 63.0pt;\" width=\"215\"><\/td>\n<\/tr>\n<tr style=\"height: 19.5pt;\">\n<td style=\"width: 70.0pt; padding: 0cm 5.4pt 0cm 5.4pt; height: 19.5pt;\" valign=\"top\" width=\"93\">\n<p style=\"margin-bottom: .0001pt; text-align: right; line-height: normal;\" align=\"right\"><span style=\"font-size: 10.0pt; color: black;\">16:45-17:00<\/span><\/p>\n<\/td>\n<td style=\"width: 161.2pt; background: #EBF1DE; padding: 0cm 5.4pt 0cm 5.4pt; height: 19.5pt;\" rowspan=\"3\" valign=\"top\" width=\"215\">\n<p style=\"margin-bottom: .0001pt; line-height: normal;\"><b><span style=\"font-size: 10.0pt; color: black;\">General Assembly SkBS<br \/>\n<\/span><\/b><i><span style=\"font-size: 10.0pt; color: black;\">(Mar\u010dek Chorv\u00e1tov\u00e1)<\/span><\/i><\/p>\n<\/td>\n<td style=\"width: 161.2pt; padding: 0cm 5.4pt 0cm 5.4pt; height: 19.5pt;\" width=\"215\"><\/td>\n<\/tr>\n<tr style=\"height: 28.5pt;\">\n<td style=\"width: 70.0pt; padding: 0cm 5.4pt 0cm 5.4pt; height: 28.5pt;\" valign=\"top\" width=\"93\">\n<p style=\"margin-bottom: .0001pt; text-align: right; line-height: normal;\" align=\"right\"><span style=\"font-size: 10.0pt; color: black;\">17:00-17:20<\/span><\/p>\n<\/td>\n<td style=\"width: 161.2pt; background: #E4DFEC; padding: 0cm 5.4pt 0cm 5.4pt; height: 28.5pt;\" valign=\"top\" width=\"215\">\n<p style=\"margin-bottom: 0.0001pt; line-height: normal; text-align: left;\"><b><span style=\"font-size: 10.0pt; color: black;\">Methods <\/span><\/b><i><span style=\"font-size: 10.0pt; color: black;\">(Sedl\u00e1k)<\/span><\/i><b><span style=\"font-size: 10.0pt; color: black;\"><br \/>\n<\/span><\/b><span style=\"font-size: 10.0pt; color: black;\">Karh\u00e1nek<\/span><\/p>\n<\/td>\n<td style=\"width: 161.2pt; padding: 0cm 5.4pt 0cm 5.4pt; height: 28.5pt;\" width=\"215\"><\/td>\n<\/tr>\n<tr style=\"height: 37.5pt;\">\n<td style=\"width: 70.0pt; padding: 0cm 5.4pt 0cm 5.4pt; height: 37.5pt;\" valign=\"top\" width=\"93\">\n<p style=\"margin-bottom: .0001pt; text-align: right; line-height: normal;\" align=\"right\"><span style=\"font-size: 10.0pt; color: black;\">17:20-17:45<\/span><\/p>\n<\/td>\n<td style=\"width: 161.2pt; background: #DAEEF3; padding: 0cm 5.4pt 0cm 5.4pt; height: 37.5pt;\" valign=\"top\" width=\"215\">\n<p style=\"margin-bottom: 0.0001pt; line-height: normal; text-align: left;\"><b><span style=\"font-size: 10.0pt; color: black;\">Company presentation<\/span><\/b><span style=\"font-size: 10.0pt; color: black;\">\u00a0 <i>(Cagalinec) <\/i>SAFTRA photonics<\/span><\/p>\n<\/td>\n<td style=\"width: 161.2pt; padding: 0cm 5.4pt 0cm 5.4pt; height: 37.5pt;\" width=\"215\"><\/td>\n<\/tr>\n<tr style=\"height: 25.5pt;\">\n<td style=\"width: 70.0pt; padding: 0cm 5.4pt 0cm 5.4pt; height: 25.5pt;\" valign=\"top\" width=\"93\">\n<p style=\"margin-bottom: .0001pt; text-align: right; line-height: normal;\" align=\"right\"><span style=\"font-size: 10.0pt; color: black;\">17:45-18:00<\/span><\/p>\n<\/td>\n<td style=\"width: 161.2pt; background: #FDE9D9; padding: 0cm 5.4pt 0cm 5.4pt; height: 25.5pt;\" valign=\"top\" width=\"215\">\n<p style=\"margin-bottom: .0001pt; line-height: normal;\"><i><span style=\"font-size: 10.0pt; color: black;\">Welcome drink<\/span><\/i><\/p>\n<\/td>\n<td style=\"width: 161.2pt; padding: 0cm 5.4pt 0cm 5.4pt; height: 25.5pt;\" valign=\"top\" width=\"215\">\n<p style=\"margin-bottom: .0001pt; line-height: normal;\"><span style=\"font-size: 10.0pt; color: black;\">Departure for dinner<\/span><\/p>\n<\/td>\n<td style=\"width: 161.2pt; padding: 0cm 5.4pt 0cm 5.4pt; height: 25.5pt;\" width=\"215\"><\/td>\n<\/tr>\n<tr style=\"height: 25.5pt;\">\n<td style=\"width: 70.0pt; padding: 0cm 5.4pt 0cm 5.4pt; height: 25.5pt;\" valign=\"top\" width=\"93\">\n<p style=\"margin-bottom: .0001pt; text-align: right; line-height: normal;\" align=\"right\"><span style=\"font-size: 10.0pt; color: black;\">18:00-19:00<\/span><\/p>\n<\/td>\n<td style=\"width: 161.2pt; background: #FDE9D9; padding: 0cm 5.4pt 0cm 5.4pt; height: 25.5pt;\" valign=\"top\" width=\"215\">\n<p style=\"margin-bottom: .0001pt; line-height: normal;\"><i><span style=\"font-size: 10.0pt; color: black;\">Dinner<\/span><\/i><\/p>\n<\/td>\n<td style=\"width: 161.2pt; background: #FDE9D9; padding: 0cm 5.4pt 0cm 5.4pt; height: 25.5pt;\" rowspan=\"2\" valign=\"top\" width=\"215\">\n<p style=\"margin-bottom: .0001pt; line-height: normal;\"><i><span style=\"font-size: 10.0pt; color: black;\">Conference dinner<\/span><\/i><\/p>\n<p style=\"margin-bottom: .0001pt; line-height: normal;\"><i><span style=\"font-size: 10.0pt; color: black;\">\u00a0<\/span><\/i><\/p>\n<\/td>\n<td style=\"width: 161.2pt; padding: 0cm 5.4pt 0cm 5.4pt; height: 25.5pt;\" width=\"215\"><\/td>\n<\/tr>\n<tr style=\"height: 93.75pt;\">\n<td style=\"width: 70.0pt; padding: 0cm 5.4pt 0cm 5.4pt; height: 93.75pt;\" valign=\"top\" width=\"93\">\n<p style=\"margin-bottom: .0001pt; text-align: right; line-height: normal;\" align=\"right\"><span style=\"font-size: 10.0pt; color: black;\">19:00-22:00<\/span><\/p>\n<\/td>\n<td style=\"width: 161.2pt; background: #FFC000; padding: 0cm 5.4pt 0cm 5.4pt; height: 93.75pt;\" valign=\"top\" width=\"215\">\n<p style=\"margin-bottom: .0001pt; line-height: normal;\"><b><span style=\"font-size: 10.0pt; color: black;\">Poster Session<\/span><\/b><\/p>\n<\/td>\n<td style=\"width: 161.2pt; padding: 0cm 5.4pt 0cm 5.4pt; height: 93.75pt;\" width=\"215\">\n<p style=\"margin-bottom: .0001pt; line-height: normal;\"><i><span style=\"font-size: 10.0pt; color: black;\">(v z\u00e1tvorke s\u00fa uveden\u00ed ved\u00faci sekcie)\u00a0<\/span><\/i><\/p>\n<\/td>\n<\/tr>\n<\/tbody>\n<\/table>\n<p>&#8222;Program-at-a-glance&#8220; si m\u00f4\u017eete stiahnu\u0165 v pdf form\u00e1te <a href=\"https:\/\/confolab.sav.sk\/ovsb\/wp-content\/uploads\/Program-at-a-glance_FINAL.pdf\" target=\"blank\" rel=\"noopener noreferrer\">tu<\/a>.<br \/>\nCel\u00fd program vo form\u00e1te pdf si m\u00f4\u017eete stiahnu\u0165 <a href=\"https:\/\/confolab.sav.sk\/ovsb\/wp-content\/uploads\/Program.pdf\" target=\"blank\" rel=\"noopener noreferrer\">tu<\/a>.<\/p>\n<p>&nbsp;<\/p>\n","protected":false},"excerpt":{"rendered":"<p>Time May 3 May 4 May 5 7:30-8:30 Breakfast Breakfast 8:30-8:50 Directed evolution (Jancura) \u017dold\u00e1k, Tomkov\u00e1, Dzurillov\u00e1 \u00a0 8:50-9:30 Protein-lipid interactions (Uli\u010dn\u00fd) Ku\u010derka, Klacsov\u00e1 9:30-9:50&#8230;<span class=\"excerpt_more\"><a href=\"https:\/\/confolab.sav.sk\/ovsb\/program\/\">\u010d\u00edta\u0165 \u010falej &raquo;<\/a><\/span><\/p>\n","protected":false},"author":1,"featured_media":0,"parent":0,"menu_order":0,"comment_status":"closed","ping_status":"closed","template":"","meta":[],"_links":{"self":[{"href":"https:\/\/confolab.sav.sk\/ovsb\/wp-json\/wp\/v2\/pages\/2154"}],"collection":[{"href":"https:\/\/confolab.sav.sk\/ovsb\/wp-json\/wp\/v2\/pages"}],"about":[{"href":"https:\/\/confolab.sav.sk\/ovsb\/wp-json\/wp\/v2\/types\/page"}],"author":[{"embeddable":true,"href":"https:\/\/confolab.sav.sk\/ovsb\/wp-json\/wp\/v2\/users\/1"}],"replies":[{"embeddable":true,"href":"https:\/\/confolab.sav.sk\/ovsb\/wp-json\/wp\/v2\/comments?post=2154"}],"version-history":[{"count":17,"href":"https:\/\/confolab.sav.sk\/ovsb\/wp-json\/wp\/v2\/pages\/2154\/revisions"}],"predecessor-version":[{"id":2550,"href":"https:\/\/confolab.sav.sk\/ovsb\/wp-json\/wp\/v2\/pages\/2154\/revisions\/2550"}],"wp:attachment":[{"href":"https:\/\/confolab.sav.sk\/ovsb\/wp-json\/wp\/v2\/media?parent=2154"}],"curies":[{"name":"wp","href":"https:\/\/api.w.org\/{rel}","templated":true}]}}