{"id":2144,"date":"2022-04-19T14:05:34","date_gmt":"2022-04-19T14:05:34","guid":{"rendered":"http:\/\/confolab.sav.sk\/ovsb\/?page_id=2144"},"modified":"2022-04-22T15:49:29","modified_gmt":"2022-04-22T15:49:29","slug":"prezentacie-a-postery","status":"publish","type":"page","link":"https:\/\/confolab.sav.sk\/ovsb\/prezentacie-a-postery\/","title":{"rendered":"Prezent\u00e1cie a postery"},"content":{"rendered":"<h2> Postery <\/h2>\n<ul>\n<li> orient\u00e1cia na v\u00fd\u0161ku, rozmery max. 130 cm (v\u00fd\u0161ka) x 100 cm (\u0161\u00edrka) <\/li>\n<li> uchytenie posterov na panely formou pripin\u00e1\u010diek (pripin\u00e1\u010dky zabezpe\u010duje organiz\u00e1tor) <\/li>\n<li> postery bud\u00fa vystaven\u00e9 po cel\u00fd \u010das konania symp\u00f3zia <\/li>\n<li> text posterov m\u00f4\u017ee by\u0165 v sloven\u010dine alebo angli\u010dtine <\/li>\n<\/ul>\n<h2> Prezent\u00e1cie <\/h2>\n<p>Plen\u00e1rna predn\u00e1\u0161ka: 40 min\u00fat + 10 min\u00fat diskusia<\/p>\n<p>Kr\u00e1tke zdelenie: 15 min\u00fat + 5 min\u00fat diskusia<\/p>\n","protected":false},"excerpt":{"rendered":"<p>Postery orient\u00e1cia na v\u00fd\u0161ku, rozmery max. 130 cm (v\u00fd\u0161ka) x 100 cm (\u0161\u00edrka) uchytenie posterov na panely formou pripin\u00e1\u010diek (pripin\u00e1\u010dky zabezpe\u010duje organiz\u00e1tor) postery bud\u00fa vystaven\u00e9&#8230;<span class=\"excerpt_more\"><a href=\"https:\/\/confolab.sav.sk\/ovsb\/prezentacie-a-postery\/\">\u010d\u00edta\u0165 \u010falej &raquo;<\/a><\/span><\/p>\n","protected":false},"author":1,"featured_media":0,"parent":0,"menu_order":0,"comment_status":"closed","ping_status":"closed","template":"","meta":[],"_links":{"self":[{"href":"https:\/\/confolab.sav.sk\/ovsb\/wp-json\/wp\/v2\/pages\/2144"}],"collection":[{"href":"https:\/\/confolab.sav.sk\/ovsb\/wp-json\/wp\/v2\/pages"}],"about":[{"href":"https:\/\/confolab.sav.sk\/ovsb\/wp-json\/wp\/v2\/types\/page"}],"author":[{"embeddable":true,"href":"https:\/\/confolab.sav.sk\/ovsb\/wp-json\/wp\/v2\/users\/1"}],"replies":[{"embeddable":true,"href":"https:\/\/confolab.sav.sk\/ovsb\/wp-json\/wp\/v2\/comments?post=2144"}],"version-history":[{"count":10,"href":"https:\/\/confolab.sav.sk\/ovsb\/wp-json\/wp\/v2\/pages\/2144\/revisions"}],"predecessor-version":[{"id":2178,"href":"https:\/\/confolab.sav.sk\/ovsb\/wp-json\/wp\/v2\/pages\/2144\/revisions\/2178"}],"wp:attachment":[{"href":"https:\/\/confolab.sav.sk\/ovsb\/wp-json\/wp\/v2\/media?parent=2144"}],"curies":[{"name":"wp","href":"https:\/\/api.w.org\/{rel}","templated":true}]}}