{"id":1991,"date":"2022-03-07T16:01:45","date_gmt":"2022-03-07T16:01:45","guid":{"rendered":"http:\/\/confolab.sav.sk\/ovsb\/?page_id=1991"},"modified":"2022-03-31T12:15:43","modified_gmt":"2022-03-31T12:15:43","slug":"dolezite-informacie","status":"publish","type":"page","link":"https:\/\/confolab.sav.sk\/ovsb\/aktivity\/skbs2022\/dolezite-informacie\/","title":{"rendered":"D\u00f4le\u017eit\u00e9 inform\u00e1cie"},"content":{"rendered":"<h2> Term\u00edny <\/h2>\n<p>Registr\u00e1cia \u00fa\u010dasti a rezerv\u00e1cia ubytovania: 8. 4. 2022 (piatok).<br \/>\n\u00dahrada registra\u010dn\u00e9ho poplatku: 8. 4. 2022.<br \/>\nZaslanie abstraktu: 8. 4. 2022. <\/p>\n<h2> Bankov\u00e9 spojenie <\/h2>\n<p>Slovensk\u00e1 sporite\u013e\u0148a<br \/>\nIBAN: SK08 0900 0000 0005 7569 1367<br \/>\nSWIFT\/BIC: GIBASKBX<br \/>\nSpr\u00e1va pre prij\u00edmate\u013ea: MenoPriezviskoSKBS2022<\/p>\n<h2> Ubytovanie <\/h2>\n<p>KC Smolenice pon\u00faka mo\u017enos\u0165 ubytovania v 1- a\u017e 4-poste\u013eov\u00fdch izb\u00e1ch. Nako\u013eko po\u010det 1-poste\u013eov\u00fdch izieb je limitovan\u00fd, obraciame sa na \u00fa\u010dastn\u00edkov s prosbou preferen\u010dne si rezervova\u0165 2- alebo 3-poste\u013eov\u00fa izbu a uvies\u0165 aj pr\u00edpadn\u00e9ho spolub\u00fdvaj\u00faceho. Ubytovanie si rezervujte v registra\u010dnom formul\u00e1ri.<br \/>\nCenn\u00edk ubytovania (za osobu a noc):<br \/>\n1-poste\u013eov\u00e1 izba: 43 Eur<br \/>\n2-, 3- a 4-poste\u013eov\u00e1 izba: 39 Eur<br \/>\nCena ubytovania zah\u0155\u0148a aj miestny poplatok.<\/p>\n<p>\u00dahrada za ubytovanie: individu\u00e1lne po\u010das konania symp\u00f3zia.<br \/>\n<b><FONT COLOR=\"red\"> D\u00f4le\u017eit\u00e9 upozornenie:<\/FONT COLOR><\/b> v ubytovacom zariaden\u00ed KC Smolenice je t\u00fato \u00fahradu mo\u017en\u00e9 realizova\u0165 jedine prostredn\u00edctvom platobnej karty, nie v hotovosti. Ak by niekto z \u00fa\u010dastn\u00edkov nemal mo\u017enos\u0165 tejto formy \u00fahrady, pros\u00edm kontaktujte n\u00e1s.\n <\/p>\n<h2> Doprava<\/h2>\n<p>Individu\u00e1lnou formou.<\/p>\n<h2> Kontakt <\/h2>\n<p>RNDr. Michal Cagalinec, PhD.<br \/>\ne-mail: <a href=\"mailto:michal.cagalinec@savba.sk\">michal.cagalinec@savba.sk<\/a><br \/>\ntel.: 02\/ 322 95 040<\/p>\n","protected":false},"excerpt":{"rendered":"<p>Term\u00edny Registr\u00e1cia \u00fa\u010dasti a rezerv\u00e1cia ubytovania: 8. 4. 2022 (piatok). \u00dahrada registra\u010dn\u00e9ho poplatku: 8. 4. 2022. Zaslanie abstraktu: 8. 4. 2022. Bankov\u00e9 spojenie Slovensk\u00e1 sporite\u013e\u0148a&#8230;<span class=\"excerpt_more\"><a href=\"https:\/\/confolab.sav.sk\/ovsb\/aktivity\/skbs2022\/dolezite-informacie\/\">\u010d\u00edta\u0165 \u010falej &raquo;<\/a><\/span><\/p>\n","protected":false},"author":1,"featured_media":0,"parent":1780,"menu_order":5,"comment_status":"closed","ping_status":"closed","template":"","meta":[],"_links":{"self":[{"href":"https:\/\/confolab.sav.sk\/ovsb\/wp-json\/wp\/v2\/pages\/1991"}],"collection":[{"href":"https:\/\/confolab.sav.sk\/ovsb\/wp-json\/wp\/v2\/pages"}],"about":[{"href":"https:\/\/confolab.sav.sk\/ovsb\/wp-json\/wp\/v2\/types\/page"}],"author":[{"embeddable":true,"href":"https:\/\/confolab.sav.sk\/ovsb\/wp-json\/wp\/v2\/users\/1"}],"replies":[{"embeddable":true,"href":"https:\/\/confolab.sav.sk\/ovsb\/wp-json\/wp\/v2\/comments?post=1991"}],"version-history":[{"count":21,"href":"https:\/\/confolab.sav.sk\/ovsb\/wp-json\/wp\/v2\/pages\/1991\/revisions"}],"predecessor-version":[{"id":2142,"href":"https:\/\/confolab.sav.sk\/ovsb\/wp-json\/wp\/v2\/pages\/1991\/revisions\/2142"}],"up":[{"embeddable":true,"href":"https:\/\/confolab.sav.sk\/ovsb\/wp-json\/wp\/v2\/pages\/1780"}],"wp:attachment":[{"href":"https:\/\/confolab.sav.sk\/ovsb\/wp-json\/wp\/v2\/media?parent=1991"}],"curies":[{"name":"wp","href":"https:\/\/api.w.org\/{rel}","templated":true}]}}