{"id":199,"date":"2018-01-08T13:01:45","date_gmt":"2018-01-08T13:01:45","guid":{"rendered":"http:\/\/confolab.sav.sk\/ovsb\/?page_id=199"},"modified":"2023-09-25T13:27:39","modified_gmt":"2023-09-25T13:27:39","slug":"cestovne-granty-biophysical-society-usa-umoznili-studentom-ovsb-prezentovat-svoje-vysledky-na-konferencii-v-san-diegu","status":"publish","type":"page","link":"https:\/\/confolab.sav.sk\/ovsb\/aktivity\/ocenenia\/cestovne-granty-biophysical-society-usa-umoznili-studentom-ovsb-prezentovat-svoje-vysledky-na-konferencii-v-san-diegu\/","title":{"rendered":"Cestovn\u00e9 granty Biophysical Society USA umo\u017enili \u0161tudentom OVSB prezentova\u0165 svoje v\u00fdsledky na konferencii v San Diegu"},"content":{"rendered":"<p><button onclick=\"goBack()\">Nasp\u00e4\u0165<\/button> <\/h2>\n<p><script>\t \t \nfunction goBack() { window.history.go(-1); }\t \t \n<\/script><br \/>\n\u0160tudenti-doktorandi OVSB sa v r. 2012 mohli z\u00fa\u010dastni\u0165 konferencie 56th Biophysical Society Annual Meeting v\u010faka cestovn\u00fdm grantom od tejto vedeckej spolo\u010dnosti.<\/p>\n<p>Cestovn\u00fd grant <a href=\"https:\/\/www.eurekalert.org\/pub_releases\/2011-12\/bs-bsa_3120211.php\">Biophysical Society Educational Committee<\/a>  z\u00edskal Ing. Matej Ho\u0165ka s pr\u00edspevkom <b>Voltage Dependence of Calcium Spike Characteristics in Rat Cardiac Myocytes<\/b> autorov Matej Hotka, Radoslav Janicek, Alexandra Zahradnikova, Jr., Eva Polakova, Alexandra Zahradnikova, Ivan Zahradnik.<\/p>\n<p>Cestovn\u00fd grant <a href=\"https:\/\/www.eurekalert.org\/pub_releases\/2011-12\/bs-bsa_1120211.php\">International Relations Committee <\/a>x\u00edskal RNDr. Radoslav Jan\u00ed\u010dek s pr\u00edspevkom <b>Refractoriness of Calcium Release Units in Rat Cardiac Myocytes<\/b> autorov Radoslav Janicek, Alexandra Zahradnikova, Jr., Eva Polakova, Alexandra Zahradnikova, Ivan Zahradnik.<\/p>\n<p>V\u00fdro\u010dn\u00e9 konferencie Biofyzik\u00e1lnej spolo\u010dnosti USA s\u00fa miestom, kde sa ka\u017edoro\u010dne stret\u00e1vaj\u00fa biofyzici z cel\u00e9ho sveta. Z\u00fa\u010dastni\u0165 sa na t\u00fdchto podujatiach b\u00fdva pre \u0161tudentov ve\u013ek\u00fdm stimulom, preto\u017ee im umo\u017en\u00ed sa osobne stretn\u00fa\u0165 so svetovou \u0161pi\u010dkou vedcov v\u0161etk\u00fdch oblast\u00ed biofyziky, vypo\u010du\u0165 si ich predn\u00e1\u0161ky na symp\u00f3zi\u00e1ch a reagova\u0165 na ich ot\u00e1zky po\u010das svojich prezent\u00e1ci\u00ed.<\/p>\n<p><a href=\"https:\/\/www.biophysics.org\">Biofyzik\u00e1lna spolo\u010dnos\u0165 USA<\/a> bola zalo\u017een\u00e1 v r. 1958. Je to vedeck\u00e1 spolo\u010dnos\u0165 zalo\u017een\u00e1 pre podporu rozvoja a disemin\u00e1cie znalost\u00ed v oblasti biofyziky. Spolo\u010dnos\u0165 podporuje rozvoj biofyziky prostren\u00edctvom ka\u017edoro\u010dn\u00fdch v\u00fdro\u010dn\u00fdch konferenci\u00ed, vyd\u00e1van\u00edm vedeck\u00e9ho \u010dasopisu, a prostredn\u00edctvom svojich v\u00fdborov a populariza\u010dn\u00fdch aktiv\u00edt. 9000 \u010dlenov spolo\u010dnosti poch\u00e1dza z kraj\u00edn cel\u00e9ho sveta.<\/p>\n","protected":false},"excerpt":{"rendered":"<p>Nasp\u00e4\u0165 \u0160tudenti-doktorandi OVSB sa v r. 2012 mohli z\u00fa\u010dastni\u0165 konferencie 56th Biophysical Society Annual Meeting v\u010faka cestovn\u00fdm grantom od tejto vedeckej spolo\u010dnosti. Cestovn\u00fd grant Biophysical&#8230;<span class=\"excerpt_more\"><a href=\"https:\/\/confolab.sav.sk\/ovsb\/aktivity\/ocenenia\/cestovne-granty-biophysical-society-usa-umoznili-studentom-ovsb-prezentovat-svoje-vysledky-na-konferencii-v-san-diegu\/\">\u010d\u00edta\u0165 \u010falej &raquo;<\/a><\/span><\/p>\n","protected":false},"author":2,"featured_media":0,"parent":35,"menu_order":30,"comment_status":"closed","ping_status":"closed","template":"","meta":[],"_links":{"self":[{"href":"https:\/\/confolab.sav.sk\/ovsb\/wp-json\/wp\/v2\/pages\/199"}],"collection":[{"href":"https:\/\/confolab.sav.sk\/ovsb\/wp-json\/wp\/v2\/pages"}],"about":[{"href":"https:\/\/confolab.sav.sk\/ovsb\/wp-json\/wp\/v2\/types\/page"}],"author":[{"embeddable":true,"href":"https:\/\/confolab.sav.sk\/ovsb\/wp-json\/wp\/v2\/users\/2"}],"replies":[{"embeddable":true,"href":"https:\/\/confolab.sav.sk\/ovsb\/wp-json\/wp\/v2\/comments?post=199"}],"version-history":[{"count":2,"href":"https:\/\/confolab.sav.sk\/ovsb\/wp-json\/wp\/v2\/pages\/199\/revisions"}],"predecessor-version":[{"id":2487,"href":"https:\/\/confolab.sav.sk\/ovsb\/wp-json\/wp\/v2\/pages\/199\/revisions\/2487"}],"up":[{"embeddable":true,"href":"https:\/\/confolab.sav.sk\/ovsb\/wp-json\/wp\/v2\/pages\/35"}],"wp:attachment":[{"href":"https:\/\/confolab.sav.sk\/ovsb\/wp-json\/wp\/v2\/media?parent=199"}],"curies":[{"name":"wp","href":"https:\/\/api.w.org\/{rel}","templated":true}]}}