{"id":1974,"date":"2022-03-07T13:37:55","date_gmt":"2022-03-07T13:37:55","guid":{"rendered":"http:\/\/confolab.sav.sk\/ovsb\/?page_id=1974"},"modified":"2023-10-06T11:45:13","modified_gmt":"2023-10-06T11:45:13","slug":"registracia-a-abstrakty","status":"publish","type":"page","link":"https:\/\/confolab.sav.sk\/ovsb\/aktivity\/skbs2022\/registracia-a-abstrakty\/","title":{"rendered":"Registr\u00e1cia a abstrakty"},"content":{"rendered":"<style>\n.left{\n\twidth:20%;\n\tfloat:left;\n        height:160px;\n}\n.center{\n\twidth:60%;\n\tfloat:left;\n        text-align: center;\n        height:160px;\n        font-size:14px;\n        line-height:2;\n}\n.right{\n\twidth:20%;\n\tfloat:right;\n        height:160px;\n}\n@counter-style ticks {\n  system: cyclic;\n  symbols: \"\\2714\";\n  suffix: ' ';\n}\nul {\n  list-style-type: ticks;\n}\ntable, th, td {\n  border:1px solid black;\n  padding:5px;\n  border-collapse: collapse;\n  text-align: center;\n}\nol {\n    padding:0 0 0 15px;\n}\n<\/style>\n<p> Registr\u00e1cia pozost\u00e1va zo zaslania registra\u010dn\u00e9ho formul\u00e1ra, \u00fahrady registra\u010dn\u00e9ho poplatku a zaslania abstraktu. <\/p>\n<p> Pros\u00edm vypl\u0148te <a href=\"https:\/\/forms.gle\/FAPhigEoi8WsaeLF6\" target=\"_blank\" rel=\"noopener noreferrer\">Registra\u010dn\u00fd formul\u00e1r<\/a>.<\/p>\n<h2> Registra\u010dn\u00fd poplatok <\/h2>\n<p>V cene registra\u010dn\u00e9ho poplatku s\u00fa zahrnut\u00e9 vstup na v\u0161etky vedeck\u00e9 sekcie konferencie, stravovanie a ob\u010derstvenie (za\u010diatok ve\u010dera 3.5. a koniec ra\u0148ajky 5.5.). Pripom\u00edname, \u017ee zaplatenie konferen\u010dn\u00e9ho poplatku je spojen\u00e9 s odpusten\u00edm \u010dlensk\u00e9ho poplatku SKBS za roky 2022 a 2023.<\/p>\n<p>\nCenn\u00edk registra\u010dn\u00fdch poplatkov bez ubytovania (v Eur):<\/p>\n<table>\n<tr>\n<th><\/th>\n<th>\u010clen\/Ne\u010dlen SKBS<\/th>\n<th>\u0160tudent\/Doktorand<\/th>\n<\/tr>\n<tr>\n<td>\u0160tandard<\/td>\n<td>180<\/td>\n<td>100<\/td>\n<\/tr>\n<tr>\n<td>\u0160tandard + obed 3.5. a 5.5.<\/td>\n<td>196<\/td>\n<td>116<\/td>\n<\/tr>\n<tr>\n<td>Vstup na 1 de\u0148<\/td>\n<td>120<\/td>\n<td>65<\/td>\n<\/tr>\n<tr>\n<td>\u00da\u010das\u0165 online<\/td>\n<td>100<\/td>\n<td>55<\/td>\n<\/tr>\n<\/table>\n<p>Bli\u017e\u0161ie inform\u00e1cie o ubytovan\u00ed a bankov\u00e9 spojenie n\u00e1jdete v sekcii <a href=\"https:\/\/confolab.sav.sk\/ovsb\/aktivity\/skbs2022\/dolezite-informacie\/\">D\u00f4le\u017eit\u00e9 inform\u00e1cie<\/a> <\/p>\n<h2> Abstrakty <\/h2>\n<p>Pros\u00edm, stiahnite si a vypl\u0148te <a href=\"https:\/\/confolab.sav.sk\/ovsb\/wp-content\/uploads\/AbstractTemplate.docx\">Formul\u00e1r abstraktu<\/a>.<br \/>\nAbstrakt zasielajte na adresu <a href=\"mailto:bogdan.iaparov@savba.sk\">bogdan.iaparov@savba.sk<\/a>.<\/p>\n<h2> Registr\u00e1cia firemn\u00fdch \u00fa\u010dastn\u00edkov <\/h2>\n<p>Pros\u00edm kontaktujte:<br \/>\nRNDr. Michal Cagalinec, PhD.,<br \/>\ne-mail: <a href=\"mailto:michal.cagalinec@savba.sk\">michal.cagalinec@savba.sk<\/a>,<br \/>\ntel.: 02\/ 322 95 040<\/p>\n","protected":false},"excerpt":{"rendered":"<p>Registr\u00e1cia pozost\u00e1va zo zaslania registra\u010dn\u00e9ho formul\u00e1ra, \u00fahrady registra\u010dn\u00e9ho poplatku a zaslania abstraktu. Pros\u00edm vypl\u0148te Registra\u010dn\u00fd formul\u00e1r. Registra\u010dn\u00fd poplatok V cene registra\u010dn\u00e9ho poplatku s\u00fa zahrnut\u00e9 vstup&#8230;<span class=\"excerpt_more\"><a href=\"https:\/\/confolab.sav.sk\/ovsb\/aktivity\/skbs2022\/registracia-a-abstrakty\/\">\u010d\u00edta\u0165 \u010falej &raquo;<\/a><\/span><\/p>\n","protected":false},"author":1,"featured_media":0,"parent":1780,"menu_order":3,"comment_status":"closed","ping_status":"closed","template":"","meta":[],"_links":{"self":[{"href":"https:\/\/confolab.sav.sk\/ovsb\/wp-json\/wp\/v2\/pages\/1974"}],"collection":[{"href":"https:\/\/confolab.sav.sk\/ovsb\/wp-json\/wp\/v2\/pages"}],"about":[{"href":"https:\/\/confolab.sav.sk\/ovsb\/wp-json\/wp\/v2\/types\/page"}],"author":[{"embeddable":true,"href":"https:\/\/confolab.sav.sk\/ovsb\/wp-json\/wp\/v2\/users\/1"}],"replies":[{"embeddable":true,"href":"https:\/\/confolab.sav.sk\/ovsb\/wp-json\/wp\/v2\/comments?post=1974"}],"version-history":[{"count":28,"href":"https:\/\/confolab.sav.sk\/ovsb\/wp-json\/wp\/v2\/pages\/1974\/revisions"}],"predecessor-version":[{"id":2549,"href":"https:\/\/confolab.sav.sk\/ovsb\/wp-json\/wp\/v2\/pages\/1974\/revisions\/2549"}],"up":[{"embeddable":true,"href":"https:\/\/confolab.sav.sk\/ovsb\/wp-json\/wp\/v2\/pages\/1780"}],"wp:attachment":[{"href":"https:\/\/confolab.sav.sk\/ovsb\/wp-json\/wp\/v2\/media?parent=1974"}],"curies":[{"name":"wp","href":"https:\/\/api.w.org\/{rel}","templated":true}]}}