{"id":1968,"date":"2022-03-07T16:08:23","date_gmt":"2022-03-07T16:08:23","guid":{"rendered":"http:\/\/confolab.sav.sk\/ovsb\/?page_id=1968"},"modified":"2022-03-08T10:37:48","modified_gmt":"2022-03-08T10:37:48","slug":"organizatori","status":"publish","type":"page","link":"https:\/\/confolab.sav.sk\/ovsb\/aktivity\/skbs2022\/organizatori\/","title":{"rendered":"Organiz\u00e1tori"},"content":{"rendered":"<h2>Programov\u00fd v\u00fdbor konferencie<\/h2>\n<p>RNDr. Michal Cagalinec, PhD. <br \/>\nMgr. Marta Gaburj\u00e1kov\u00e1, PhD. <br \/>\nDoc. RNDr. Zuzana Ga\u017eov\u00e1, CSc. <br \/>\nProf. MUDr. J\u00e1n Jaku\u0161, DrSc. <br \/>\nDoc. Mgr. Daniel Jancura, PhD. <br \/>\nProf. Al\u017ebeta Mar\u010dek-Chorv\u00e1tov\u00e1, DrSc. <br \/>\nIng. Alexandra Zahradn\u00edkov\u00e1, DrSc. <\/p>\n<h2> Organiza\u010dn\u00fd v\u00fdbor konferencie <\/h2>\n<p>RNDr. Michal Cagalinec, PhD. <br \/>\nRNDr. Alexandra Zahradn\u00edkov\u00e1 ml., PhD. <br \/>\nIng. Alexandra Zahradn\u00edkov\u00e1, DrSc. <br \/>\nRNDr. Jana Pavelkov\u00e1, CSc. <br \/>\nMgr. Bogdan Iaparov <br \/>\nMgr. Iuliia Baglaeva <\/p>\n<h2> Editori konferen\u010dn\u00e9ho zborn\u00edka <\/h2>\n<p>RNDr. Michal Cagalinec, PhD. <br \/>\nRNDr. Alexandra Zahradn\u00edkov\u00e1 ml., PhD. <br \/>\nMgr. Bogdan Iaparov <\/p>\n","protected":false},"excerpt":{"rendered":"<p>Programov\u00fd v\u00fdbor konferencie RNDr. Michal Cagalinec, PhD. Mgr. Marta Gaburj\u00e1kov\u00e1, PhD. Doc. RNDr. Zuzana Ga\u017eov\u00e1, CSc. Prof. MUDr. J\u00e1n Jaku\u0161, DrSc. Doc. Mgr. Daniel Jancura,&#8230;<span class=\"excerpt_more\"><a href=\"https:\/\/confolab.sav.sk\/ovsb\/aktivity\/skbs2022\/organizatori\/\">\u010d\u00edta\u0165 \u010falej &raquo;<\/a><\/span><\/p>\n","protected":false},"author":1,"featured_media":0,"parent":1780,"menu_order":20,"comment_status":"closed","ping_status":"closed","template":"","meta":[],"_links":{"self":[{"href":"https:\/\/confolab.sav.sk\/ovsb\/wp-json\/wp\/v2\/pages\/1968"}],"collection":[{"href":"https:\/\/confolab.sav.sk\/ovsb\/wp-json\/wp\/v2\/pages"}],"about":[{"href":"https:\/\/confolab.sav.sk\/ovsb\/wp-json\/wp\/v2\/types\/page"}],"author":[{"embeddable":true,"href":"https:\/\/confolab.sav.sk\/ovsb\/wp-json\/wp\/v2\/users\/1"}],"replies":[{"embeddable":true,"href":"https:\/\/confolab.sav.sk\/ovsb\/wp-json\/wp\/v2\/comments?post=1968"}],"version-history":[{"count":4,"href":"https:\/\/confolab.sav.sk\/ovsb\/wp-json\/wp\/v2\/pages\/1968\/revisions"}],"predecessor-version":[{"id":2083,"href":"https:\/\/confolab.sav.sk\/ovsb\/wp-json\/wp\/v2\/pages\/1968\/revisions\/2083"}],"up":[{"embeddable":true,"href":"https:\/\/confolab.sav.sk\/ovsb\/wp-json\/wp\/v2\/pages\/1780"}],"wp:attachment":[{"href":"https:\/\/confolab.sav.sk\/ovsb\/wp-json\/wp\/v2\/media?parent=1968"}],"curies":[{"name":"wp","href":"https:\/\/api.w.org\/{rel}","templated":true}]}}