{"id":1965,"date":"2022-03-07T15:02:12","date_gmt":"2022-03-07T15:02:12","guid":{"rendered":"http:\/\/confolab.sav.sk\/ovsb\/?page_id=1965"},"modified":"2022-03-07T17:19:44","modified_gmt":"2022-03-07T17:19:44","slug":"tematicke-okruhy","status":"publish","type":"page","link":"https:\/\/confolab.sav.sk\/ovsb\/aktivity\/skbs2022\/tematicke-okruhy\/","title":{"rendered":"Tematick\u00e9 okruhy"},"content":{"rendered":"<style>\n.left{\n\twidth:20%;\n\tfloat:left;\n        height:160px;\n}\n.center{\n\twidth:60%;\n\tfloat:left;\n        text-align: center;\n        height:160px;\n        font-size:14px;\n        line-height:2;\n}\n.right{\n\twidth:20%;\n\tfloat:right;\n        height:160px;\n}\n@counter-style ticks {\n  system: cyclic;\n  symbols: \"\\2714\";\n  suffix: ' ';\n}\nul {\n  list-style-type: ticks;\n}\ntable, th, td {\n  border:1px solid black;\n  padding:5px;\n  border-collapse: collapse;\n  text-align: center;\n}\nol {\n    padding:0 0 0 15px;\n}\n<\/style>\n<ul>\n<li>Membr\u00e1nov\u00e9 syst\u00e9my a transportn\u00e9 procesy<\/li>\n<li>Bioenergetika<\/li>\n<li>\u0160trukt\u00fara a funkcie nukleov\u00fdch kysel\u00edn<\/li>\n<li>\u0160trukt\u00fara a stabilita prote\u00ednov<\/li>\n<li>Interakcie n\u00edzkomolekulov\u00fdch ligandov s biomakromolekulami<\/li>\n<li>Biosenzory a nanobiotechnol\u00f3gie<\/li>\n<li>Fotofyzika, fotoch\u00e9mia a fotobiol\u00f3gia<\/li>\n<li>Modern\u00e9 mikroskopick\u00e9 a spektroskopick\u00e9 techniky<\/li>\n<li>Lek\u00e1rska biofyzika<\/li>\n<li>\u201eBioimaging\u201c vo v\u00fdu\u010dbe a vede<\/li>\n<\/ul>\n","protected":false},"excerpt":{"rendered":"<p>Membr\u00e1nov\u00e9 syst\u00e9my a transportn\u00e9 procesy Bioenergetika \u0160trukt\u00fara a funkcie nukleov\u00fdch kysel\u00edn \u0160trukt\u00fara a stabilita prote\u00ednov Interakcie n\u00edzkomolekulov\u00fdch ligandov s biomakromolekulami Biosenzory a nanobiotechnol\u00f3gie Fotofyzika, fotoch\u00e9mia&#8230;<span class=\"excerpt_more\"><a href=\"https:\/\/confolab.sav.sk\/ovsb\/aktivity\/skbs2022\/tematicke-okruhy\/\">\u010d\u00edta\u0165 \u010falej &raquo;<\/a><\/span><\/p>\n","protected":false},"author":1,"featured_media":0,"parent":1780,"menu_order":10,"comment_status":"closed","ping_status":"closed","template":"","meta":[],"_links":{"self":[{"href":"https:\/\/confolab.sav.sk\/ovsb\/wp-json\/wp\/v2\/pages\/1965"}],"collection":[{"href":"https:\/\/confolab.sav.sk\/ovsb\/wp-json\/wp\/v2\/pages"}],"about":[{"href":"https:\/\/confolab.sav.sk\/ovsb\/wp-json\/wp\/v2\/types\/page"}],"author":[{"embeddable":true,"href":"https:\/\/confolab.sav.sk\/ovsb\/wp-json\/wp\/v2\/users\/1"}],"replies":[{"embeddable":true,"href":"https:\/\/confolab.sav.sk\/ovsb\/wp-json\/wp\/v2\/comments?post=1965"}],"version-history":[{"count":3,"href":"https:\/\/confolab.sav.sk\/ovsb\/wp-json\/wp\/v2\/pages\/1965\/revisions"}],"predecessor-version":[{"id":2047,"href":"https:\/\/confolab.sav.sk\/ovsb\/wp-json\/wp\/v2\/pages\/1965\/revisions\/2047"}],"up":[{"embeddable":true,"href":"https:\/\/confolab.sav.sk\/ovsb\/wp-json\/wp\/v2\/pages\/1780"}],"wp:attachment":[{"href":"https:\/\/confolab.sav.sk\/ovsb\/wp-json\/wp\/v2\/media?parent=1965"}],"curies":[{"name":"wp","href":"https:\/\/api.w.org\/{rel}","templated":true}]}}