{"id":196,"date":"2018-01-08T12:56:21","date_gmt":"2018-01-08T12:56:21","guid":{"rendered":"http:\/\/confolab.sav.sk\/ovsb\/?page_id=196"},"modified":"2023-09-25T13:22:33","modified_gmt":"2023-09-25T13:22:33","slug":"biofyzikalna-spolocnost-usa-udelila-cestovne-granty-studentkam-z-ovsb","status":"publish","type":"page","link":"https:\/\/confolab.sav.sk\/ovsb\/aktivity\/ocenenia\/biofyzikalna-spolocnost-usa-udelila-cestovne-granty-studentkam-z-ovsb\/","title":{"rendered":"Biofyzik\u00e1lna spolo\u010dnos\u0165 USA udelila cestovn\u00e9 granty \u0161tudentk\u00e1m z OVSB"},"content":{"rendered":"<p><button onclick=\"goBack()\">Nasp\u00e4\u0165<\/button> <\/h2>\n<p><script>\t \t \nfunction goBack() { window.history.go(-1); }\t \t \n<\/script><\/p>\n<p class=\"page_title\">V\u00fdro\u010dn\u00e9 konferencie Biofyzik\u00e1lnej spolo\u010dnosti USA s\u00fa miestom, kde sa ka\u017edoro\u010dne stret\u00e1vaj\u00fa biofyzici z cel\u00e9ho sveta. Z\u00fa\u010dastni\u0165 sa na t\u00fdchto podujatiach b\u00fdva pre \u0161tudentov ve\u013ek\u00fdm stimulom, preto\u017ee im umo\u017en\u00ed sa osobne stretn\u00fa\u0165 so svetovou \u0161pi\u010dkou vedcov v\u0161etk\u00fdch oblast\u00ed biofyziky, vypo\u010du\u0165 si ich predn\u00e1\u0161ky na symp\u00f3zi\u00e1ch a reagova\u0165 na ich ot\u00e1zky po\u010das svojich prezent\u00e1ci\u00ed. Pre \u0161tudentov zo Slovenska v\u0161ak \u010dasto jedin\u00e1 mo\u017enos\u0165 ako z\u00edska\u0165 prostriedky na \u00fa\u010das\u0165 je uch\u00e1dza\u0165 sa o cestovn\u00fd grant.<\/p>\n<p class=\"page_title\">22. decembra 2015 vyhl\u00e1sila Biofyzik\u00e1lna spolo\u010dnos\u0165 USA v\u00fdsledky s\u00fa\u0165a\u017ee o cestovn\u00e9 granty na v\u00fdro\u010dn\u00fa konferenciu <a href=\"https:\/\/www.biophysics.org\/2016meeting\/Main\/tabid\/6230\/Default.aspx\" target=\"_blank\" rel=\"noopener noreferrer\">60. Biophysical Society Annual Meeting<\/a> v Los Angeles. Medzi ocenen\u00fdmi boli aj dve \u0161tudentky z n\u00e1\u0161ho oddelenia:<\/p>\n<p class=\"page_title\"><a href=\"https:\/\/www.umfg.sav.sk\/ovsb\/pracovnici\/studenti\/mgr-katarina-mackova\/\">Katka Mackov\u00e1<\/a>, doktorandka v odbore Biofyzika na \u00daMFG SAV, sa z\u00fa\u010dastnila konferencie s pr\u00edspevkom <b>Postnatal Development of Calcium Signaling in Rat Cardiomyocytes<\/b> autorov Katarina Mackova, Alexandra Zahradnikova, Jr., Ivan Zahradnik<\/p>\n<p class=\"page_title\"><a href=\"https:\/\/www.umfg.sav.sk\/ovsb\/pracovnici\/studenti\/bc-barbora-hoffmannova\/\">Barbora Hoffmannov\u00e1<\/a>, diplomantka v odbore Biomedic\u00ednska fyzika na FMFI UK, sa z\u00fa\u010dastnila konferencie s pr\u00edspevkom <b>Local Character of Release-Dependent Inactivation of L-Type Calcium Current<\/b> autorov Barbora Hoffmannova, Eva Polakova, Alexandra Zahradnikova, jr., Alexandra Zahradnikova, Ivan Zahradnik.<\/p>\n<p class=\"page_title\"><a href=\"https:\/\/www.biophysics.org\">Biofyzik\u00e1lna spolo\u010dnos\u0165 USA<\/a> bola zalo\u017een\u00e1 v r. 1958. Je to vedeck\u00e1 spolo\u010dnos\u0165 zalo\u017een\u00e1 pre podporu rozvoja a disemin\u00e1cie znalost\u00ed v oblasti biofyziky. Spolo\u010dnos\u0165 podporuje rozvoj biofyziky prostren\u00edctvom ka\u017edoro\u010dn\u00fdch v\u00fdro\u010dn\u00fdch konferenci\u00ed, vyd\u00e1van\u00edm vedeck\u00e9ho \u010dasopisu, a prostredn\u00edctvom svojich v\u00fdborov a populariza\u010dn\u00fdch aktiv\u00edt. 9000 \u010dlenov spolo\u010dnosti poch\u00e1dza z kraj\u00edn cel\u00e9ho sveta.<\/p>\n<p>Linky: <a href=\"https:\/\/www.eurekalert.org\/pub_releases\/2015-12\/bs-bsa_2122215.php\" target=\"_blank\" rel=\"noopener noreferrer\">2016 Education Committee Travel Awards, <\/a><a href=\"https:\/\/www.eurekalert.org\/pub_releases\/2015-12\/bs-bsa_3122215.php\" target=\"_blank\" rel=\"noopener noreferrer\">2016 International Travel Awards<\/a><\/p>\n","protected":false},"excerpt":{"rendered":"<p>Nasp\u00e4\u0165 V\u00fdro\u010dn\u00e9 konferencie Biofyzik\u00e1lnej spolo\u010dnosti USA s\u00fa miestom, kde sa ka\u017edoro\u010dne stret\u00e1vaj\u00fa biofyzici z cel\u00e9ho sveta. Z\u00fa\u010dastni\u0165 sa na t\u00fdchto podujatiach b\u00fdva pre \u0161tudentov ve\u013ek\u00fdm&#8230;<span class=\"excerpt_more\"><a href=\"https:\/\/confolab.sav.sk\/ovsb\/aktivity\/ocenenia\/biofyzikalna-spolocnost-usa-udelila-cestovne-granty-studentkam-z-ovsb\/\">\u010d\u00edta\u0165 \u010falej &raquo;<\/a><\/span><\/p>\n","protected":false},"author":2,"featured_media":0,"parent":35,"menu_order":20,"comment_status":"closed","ping_status":"closed","template":"","meta":[],"_links":{"self":[{"href":"https:\/\/confolab.sav.sk\/ovsb\/wp-json\/wp\/v2\/pages\/196"}],"collection":[{"href":"https:\/\/confolab.sav.sk\/ovsb\/wp-json\/wp\/v2\/pages"}],"about":[{"href":"https:\/\/confolab.sav.sk\/ovsb\/wp-json\/wp\/v2\/types\/page"}],"author":[{"embeddable":true,"href":"https:\/\/confolab.sav.sk\/ovsb\/wp-json\/wp\/v2\/users\/2"}],"replies":[{"embeddable":true,"href":"https:\/\/confolab.sav.sk\/ovsb\/wp-json\/wp\/v2\/comments?post=196"}],"version-history":[{"count":2,"href":"https:\/\/confolab.sav.sk\/ovsb\/wp-json\/wp\/v2\/pages\/196\/revisions"}],"predecessor-version":[{"id":2486,"href":"https:\/\/confolab.sav.sk\/ovsb\/wp-json\/wp\/v2\/pages\/196\/revisions\/2486"}],"up":[{"embeddable":true,"href":"https:\/\/confolab.sav.sk\/ovsb\/wp-json\/wp\/v2\/pages\/35"}],"wp:attachment":[{"href":"https:\/\/confolab.sav.sk\/ovsb\/wp-json\/wp\/v2\/media?parent=196"}],"curies":[{"name":"wp","href":"https:\/\/api.w.org\/{rel}","templated":true}]}}