{"id":1780,"date":"2022-03-06T00:55:13","date_gmt":"2022-03-06T00:55:13","guid":{"rendered":"http:\/\/confolab.sav.sk\/ovsb\/?page_id=1780"},"modified":"2023-10-06T11:43:14","modified_gmt":"2023-10-06T11:43:14","slug":"skbs2022","status":"publish","type":"page","link":"https:\/\/confolab.sav.sk\/ovsb\/aktivity\/skbs2022\/","title":{"rendered":"X. Slovensk\u00e9 biofyzik\u00e1lne symp\u00f3zium"},"content":{"rendered":"<p><html><br \/>\n<head><\/p>\n<style>\n.left{\n\twidth:20%;\n\tfloat:left;\n        height:120px;\n}\n.center{\n\twidth:60%;\n\tfloat:left;\n        text-align: center;\n        height:120px;\n        font-size:14px;\n        line-height:1.5;\n}\n.right{\n\twidth:20%;\n\tfloat:right;\n        height:120px;\n}\n.smallfont{\n        font-size:12px;\n        line-height:1.15;<\/p>\n<p>}\n.sponsor{\n        display: flex;\n        justify-content: center;\n        padding-bottom: 20px;\n}<\/p>\n<p>@counter-style ticks {\n  system: cyclic;\n  symbols: \"\\2714\";\n  suffix: ' ';\n}\nul {\n  list-style-type: ticks;\n}\ntable, th, td {\n  border:1px solid black;\n  padding:5px;\n  text-color: white;\n  background-color: #fdf2e8;\n  border-collapse: collapse;\n  text-align: center;\n}\nol {\n    padding:0 0 0 15px;\n}\n<\/style>\n<p><\/head><\/p>\n<div class=\"left\">\n<img decoding=\"async\" loading=\"lazy\" src=\"https:\/\/confolab.sav.sk\/ovsb\/wp-content\/uploads\/SBS_logo.png\" alt=\"\" width=\"69\" height=\"79\" class=\"alignnone size-full wp-image-1783\" \/>\n<\/div>\n<div class=\"center\">\n<strong> Slovensk\u00e1 biofyzik\u00e1lna spolo\u010dnos\u0165 <\/strong><br \/>\n<strong> \u00dastav experiment\u00e1lnej endokrinol\u00f3gie  <\/strong><br \/>\n<strong>Biomedic\u00ednskeho centra SAV, v.v.i.<\/strong><br \/>\n organizuj\u00fa v d\u0148och<br \/>\n<strong>  3.5. \u2013 5.5.2022 <\/strong>\n<\/div>\n<div class=\"right\">\n<img decoding=\"async\" loading=\"lazy\" src=\"https:\/\/confolab.sav.sk\/ovsb\/wp-content\/uploads\/BMC_logo.png\" alt=\"\" width=\"79\" height=\"79\" class=\"alignnone size-full wp-image-1824\" \/>\n<\/div>\n<div>\n<img decoding=\"async\" loading=\"lazy\" src=\"https:\/\/confolab.sav.sk\/ovsb\/wp-content\/uploads\/logo-v2.jpg\" alt=\"\" width=\"690\" height=\"261\" class=\"aligncenter wp-image-1874\" \/>\n<\/div>\n<div class=\"smallfont\">\n<strong><\/p>\n<table>\n<tr>\n<td><a href=\"https:\/\/confolab.sav.sk\/ovsb\/aktivity\/skbs2022\/tematicke-okruhy\/\">Tematick\u00e9 okruhy<\/a><\/td>\n<td><a href=\"https:\/\/confolab.sav.sk\/ovsb\/aktivity\/skbs2022\/organizatori\/\">Organiz\u00e1tori<\/a><\/td>\n<td><a href=\"https:\/\/confolab.sav.sk\/ovsb\/aktivity\/skbs2022\/dolezite-informacie\/\">D\u00f4le\u017eit\u00e9 inform\u00e1cie<\/a><\/td>\n<td><a href=\"https:\/\/confolab.sav.sk\/ovsb\/zbornik-abstraktov_skbs2022\/\">Zborn\u00edk abstraktov<\/a><\/td>\n<td style=\"background-color:#eea15d;\"><a href=\"https:\/\/confolab.sav.sk\/ovsb\/program\/\">Program<\/a><\/td>\n<td style=\"background-color:#eea15d;\"><a href=\"https:\/\/confolab.sav.sk\/ovsb\/prezentacie-a-postery\/\">Prezent\u00e1cie a postery<\/a><\/td>\n<\/tr>\n<\/table>\n<p><\/strong>\n<\/div>\n<div>\n<p>Mil\u00e9 kolegyne, mil\u00ed kolegovia,<\/p>\n<p>srde\u010dne V\u00e1s poz\u00fdvame na jubilejn\u00fd X. ro\u010dn\u00edk Symp\u00f3zia Slovenskej biofyzik\u00e1lnej spolo\u010dnosti, ktor\u00e9 sa uskuto\u010dn\u00ed v d\u0148och 3.-5.5.2022 v Kongresovom centre SAV v Smoleniciach. Tento ro\u010dn\u00edk tradi\u010dn\u00e9ho bianu\u00e1lneho podujatia je organizovan\u00fd Slovenskou biofyzik\u00e1lnou spolo\u010dnos\u0165ou (SKBS) v spolupr\u00e1ci s Biomedic\u00ednskym centrom SAV v Bratislave.<\/p>\n<p>Hlavn\u00fdm poslan\u00edm symp\u00f3zia je umo\u017eni\u0165 stretnutie biofyzikov zo Slovenska, poskytn\u00fa\u0165 priestor na prezent\u00e1ciu najnov\u0161\u00edch v\u00fdsledkov dosiahnut\u00fdch v biofyzik\u00e1lnom v\u00fdskume, sprostredkova\u0165 posilnenie spolupr\u00e1ce medzi jednotliv\u00fdmi vedeck\u00fdmi t\u00edmami p\u00f4sobiacimi v tejto oblasti a prispie\u0165 k upevneniu a nadviazaniu kolegi\u00e1lnych a priate\u013esk\u00fdch vz\u0165ahov medzi \u010dlenmi spolo\u010dnosti. V r\u00e1mci podujatia bud\u00fa ocenen\u00e9 najv\u00fdznamnej\u0161ie pr\u00e1ce mlad\u00fdch v\u00fdskumn\u00edkov do 35 rokov, ako aj celo\u017eivotn\u00e9 \u00fasilie v\u00fdskumn\u00edkov nad 35 rokov, ktor\u00ed sa v\u00fdznamne zasl\u00fa\u017eili o rozvoj a propag\u00e1ciu biofyziky na Slovensku.<\/p>\n<p>Konferencia je pl\u00e1novan\u00e1 prezen\u010dnou formou, v pr\u00edpade obmedzen\u00ed spojen\u00fdch s pandemick\u00fdmi opatreniami bude zabezpe\u010den\u00e1 mo\u017enos\u0165 online \u00fa\u010dasti. <\/p>\n<p>Te\u0161\u00edme sa na Va\u0161u \u00fa\u010das\u0165 a na skor\u00e9 stretnutie.<\/p>\n<h2>Ceny SKBS<\/h2>\n<p>Na symp\u00f3ziu bud\u00fa udelen\u00e9 ceny SKBS:<\/p>\n<ol>\n<li> Cena SKBS pre mlad\u00e9ho vedca do 35 rokov za pr\u00e1ce v odbore Biofyzika<br \/>\n(vr\u00e1tane Lek\u00e1rskej biofyziky) v rokoch 2021, 2022 <\/li>\n<li> Cena SKBS za pr\u00ednos k rozvoju Biofyziky na Slovensku <\/li>\n<\/ol>\n<p>\u0160tat\u00fat cien je uveden\u00fd na str\u00e1nke <a href=\"https:\/\/skbs.sk\/ocenenia\/\" target=\"_blank\" rel=\"noopener noreferrer\">SKBS<\/a><\/p>\n<h2> Kontakt <\/h2>\n<p>RNDr. Michal Cagalinec, PhD.<br \/>\ne-mail: <a href=\"mailto:michal.cagalinec@savba.sk\">michal.cagalinec@savba.sk<\/a><br \/>\ntel.: 02\/ 322 95 040\n<\/div>\n<h2> Sponzori podujatia<\/h2>\n<div class=\"sponsor\">\n<a href=\"https:\/\/nanotempertech.com\/\" target=\"_blank\" rel=\"noopener noreferrer\"> <img decoding=\"async\" loading=\"lazy\" src=\"https:\/\/confolab.sav.sk\/ovsb\/wp-content\/uploads\/Nanotemper-300x83.png\" alt=\"\" width=\"300\" height=\"83\" class=\"aligncenter size-medium wp-image-2167\" srcset=\"https:\/\/confolab.sav.sk\/ovsb\/wp-content\/uploads\/Nanotemper-300x83.png 300w, https:\/\/confolab.sav.sk\/ovsb\/wp-content\/uploads\/Nanotemper-100x28.png 100w, https:\/\/confolab.sav.sk\/ovsb\/wp-content\/uploads\/Nanotemper.png 392w\" sizes=\"(max-width: 300px) 100vw, 300px\" \/><\/a>\n<\/div>\n<div class=\"sponsor\">\n<a href=\"https:\/\/www.pragolab.sk\/\" target=\"_blank\" rel=\"noopener noreferrer\"> <img decoding=\"async\" loading=\"lazy\" src=\"https:\/\/confolab.sav.sk\/ovsb\/wp-content\/uploads\/pragolab_logo-300x57.png\" alt=\"\" width=\"300\" height=\"57\" class=\"aligncenter size-medium wp-image-2164\" srcset=\"https:\/\/confolab.sav.sk\/ovsb\/wp-content\/uploads\/pragolab_logo-300x57.png 300w, https:\/\/confolab.sav.sk\/ovsb\/wp-content\/uploads\/pragolab_logo-768x146.png 768w, https:\/\/confolab.sav.sk\/ovsb\/wp-content\/uploads\/pragolab_logo-1024x195.png 1024w, https:\/\/confolab.sav.sk\/ovsb\/wp-content\/uploads\/pragolab_logo-100x19.png 100w\" sizes=\"(max-width: 300px) 100vw, 300px\" \/> <\/a>\n<\/div>\n<div class=\"sponsor\">\n<a href=\"https:\/\/caffedeldoge.sk\/\" target=\"_blank\" rel=\"noopener noreferrer\"> <img decoding=\"async\" loading=\"lazy\" src=\"https:\/\/confolab.sav.sk\/ovsb\/wp-content\/uploads\/CaffedelDoge.png\" alt=\"\" width=\"236\" height=\"137\" class=\"alignnone size-full wp-image-2173\" srcset=\"https:\/\/confolab.sav.sk\/ovsb\/wp-content\/uploads\/CaffedelDoge.png 236w, https:\/\/confolab.sav.sk\/ovsb\/wp-content\/uploads\/CaffedelDoge-100x58.png 100w\" sizes=\"(max-width: 236px) 100vw, 236px\" \/><\/a>\n<\/div>\n<div class=\"sponsor\">\n<a href=\"http:\/\/www.specion.biz\/\" target=\"_blank\" rel=\"noopener noreferrer\"> <img decoding=\"async\" loading=\"lazy\" src=\"https:\/\/confolab.sav.sk\/ovsb\/wp-content\/uploads\/Redshift-300x132.png\" alt=\"\" width=\"300\" height=\"132\" class=\"alignnone size-medium wp-image-2196\" srcset=\"https:\/\/confolab.sav.sk\/ovsb\/wp-content\/uploads\/Redshift-300x132.png 300w, https:\/\/confolab.sav.sk\/ovsb\/wp-content\/uploads\/Redshift-768x339.png 768w, https:\/\/confolab.sav.sk\/ovsb\/wp-content\/uploads\/Redshift-100x44.png 100w, https:\/\/confolab.sav.sk\/ovsb\/wp-content\/uploads\/Redshift.png 868w\" sizes=\"(max-width: 300px) 100vw, 300px\" \/><\/a>\n<\/div>\n<div class=\"sponsor\">\n<a href=\"https:\/\/www.saftra-photonics.org\/\" target=\"_blank\" rel=\"noopener noreferrer\"> <img decoding=\"async\" loading=\"lazy\" src=\"https:\/\/confolab.sav.sk\/ovsb\/wp-content\/uploads\/SAFTRA-Photonics-logo-300x85.png\" alt=\"\" width=\"300\" height=\"85\" class=\"alignnone size-medium wp-image-2198\" srcset=\"https:\/\/confolab.sav.sk\/ovsb\/wp-content\/uploads\/SAFTRA-Photonics-logo-300x85.png 300w, https:\/\/confolab.sav.sk\/ovsb\/wp-content\/uploads\/SAFTRA-Photonics-logo-100x28.png 100w, https:\/\/confolab.sav.sk\/ovsb\/wp-content\/uploads\/SAFTRA-Photonics-logo.png 449w\" sizes=\"(max-width: 300px) 100vw, 300px\" \/> <\/a>\n<\/div>\n<div class=\"sponsor\">\n<a href=\"https:\/\/www.lambda.sk\/\" target=\"_blank\" rel=\"noopener noreferrer\"> <img decoding=\"async\" loading=\"lazy\" src=\"https:\/\/confolab.sav.sk\/ovsb\/wp-content\/uploads\/logo_kvant_pre_vas_1995_fullhd-300x133.png\" alt=\"\" width=\"300\" height=\"133\" class=\"alignnone size-medium wp-image-2247\" srcset=\"https:\/\/confolab.sav.sk\/ovsb\/wp-content\/uploads\/logo_kvant_pre_vas_1995_fullhd-300x133.png 300w, https:\/\/confolab.sav.sk\/ovsb\/wp-content\/uploads\/logo_kvant_pre_vas_1995_fullhd-768x340.png 768w, https:\/\/confolab.sav.sk\/ovsb\/wp-content\/uploads\/logo_kvant_pre_vas_1995_fullhd-1024x454.png 1024w, https:\/\/confolab.sav.sk\/ovsb\/wp-content\/uploads\/logo_kvant_pre_vas_1995_fullhd-100x44.png 100w, https:\/\/confolab.sav.sk\/ovsb\/wp-content\/uploads\/logo_kvant_pre_vas_1995_fullhd.png 1919w\" sizes=\"(max-width: 300px) 100vw, 300px\" \/> <\/a>\n<\/div>\n<div class=\"sponsor\">\n<a href=\"https:\/\/www.zeiss.com\/\" target=\"_blank\" rel=\"noopener noreferrer\"> <img decoding=\"async\" loading=\"lazy\" src=\"https:\/\/confolab.sav.sk\/ovsb\/wp-content\/uploads\/Zeiss-295x300.png\" alt=\"\" width=\"295\" height=\"300\" class=\"alignnone size-medium wp-image-2293\" srcset=\"https:\/\/confolab.sav.sk\/ovsb\/wp-content\/uploads\/Zeiss-295x300.png 295w, https:\/\/confolab.sav.sk\/ovsb\/wp-content\/uploads\/Zeiss-768x781.png 768w, https:\/\/confolab.sav.sk\/ovsb\/wp-content\/uploads\/Zeiss-98x100.png 98w, https:\/\/confolab.sav.sk\/ovsb\/wp-content\/uploads\/Zeiss.png 907w\" sizes=\"(max-width: 295px) 100vw, 295px\" \/> <\/a>\n<\/div>\n<div class=\"sponsor\">\n<a href=\"https:\/\/www.lambda.sk\/\" target=\"_blank\" rel=\"noopener noreferrer\"> <img decoding=\"async\" loading=\"lazy\" src=\"https:\/\/confolab.sav.sk\/ovsb\/wp-content\/uploads\/lambda.png\" alt=\"\" width=\"172\" height=\"90\" class=\"alignnone size-full wp-image-2170\" srcset=\"https:\/\/confolab.sav.sk\/ovsb\/wp-content\/uploads\/lambda.png 258w, https:\/\/confolab.sav.sk\/ovsb\/wp-content\/uploads\/lambda-100x52.png 100w\" sizes=\"(max-width: 172px) 100vw, 172px\" \/> <\/a>\n<\/div>\n<p><\/html><\/p>\n","protected":false},"excerpt":{"rendered":"<p>Slovensk\u00e1 biofyzik\u00e1lna spolo\u010dnos\u0165 \u00dastav experiment\u00e1lnej endokrinol\u00f3gie Biomedic\u00ednskeho centra SAV, v.v.i. organizuj\u00fa v d\u0148och 3.5. \u2013 5.5.2022 Tematick\u00e9 okruhy Organiz\u00e1tori D\u00f4le\u017eit\u00e9 inform\u00e1cie Zborn\u00edk abstraktov Program Prezent\u00e1cie&#8230;<span class=\"excerpt_more\"><a href=\"https:\/\/confolab.sav.sk\/ovsb\/aktivity\/skbs2022\/\">\u010d\u00edta\u0165 \u010falej &raquo;<\/a><\/span><\/p>\n","protected":false},"author":1,"featured_media":0,"parent":16,"menu_order":2000,"comment_status":"closed","ping_status":"closed","template":"","meta":[],"_links":{"self":[{"href":"https:\/\/confolab.sav.sk\/ovsb\/wp-json\/wp\/v2\/pages\/1780"}],"collection":[{"href":"https:\/\/confolab.sav.sk\/ovsb\/wp-json\/wp\/v2\/pages"}],"about":[{"href":"https:\/\/confolab.sav.sk\/ovsb\/wp-json\/wp\/v2\/types\/page"}],"author":[{"embeddable":true,"href":"https:\/\/confolab.sav.sk\/ovsb\/wp-json\/wp\/v2\/users\/1"}],"replies":[{"embeddable":true,"href":"https:\/\/confolab.sav.sk\/ovsb\/wp-json\/wp\/v2\/comments?post=1780"}],"version-history":[{"count":231,"href":"https:\/\/confolab.sav.sk\/ovsb\/wp-json\/wp\/v2\/pages\/1780\/revisions"}],"predecessor-version":[{"id":2548,"href":"https:\/\/confolab.sav.sk\/ovsb\/wp-json\/wp\/v2\/pages\/1780\/revisions\/2548"}],"up":[{"embeddable":true,"href":"https:\/\/confolab.sav.sk\/ovsb\/wp-json\/wp\/v2\/pages\/16"}],"wp:attachment":[{"href":"https:\/\/confolab.sav.sk\/ovsb\/wp-json\/wp\/v2\/media?parent=1780"}],"curies":[{"name":"wp","href":"https:\/\/api.w.org\/{rel}","templated":true}]}}