{"id":1363,"date":"2020-04-07T09:02:25","date_gmt":"2020-04-07T09:02:25","guid":{"rendered":"http:\/\/confolab.sav.sk\/ovsb\/?page_id=1363"},"modified":"2023-10-05T13:08:08","modified_gmt":"2023-10-05T13:08:08","slug":"mgr-bogdan-iaparov","status":"publish","type":"page","link":"https:\/\/confolab.sav.sk\/ovsb\/pracovnici\/studenti\/mgr-bogdan-iaparov\/","title":{"rendered":"Mgr. Bogdan Iaparov"},"content":{"rendered":"<p><script type=\"text\/javascript\">\n<!--\nfunction launch(newURL, newName, newFeatures, orgName) {\n  var remote = open(newURL, newName, newFeatures);\n  if (remote.opener == null)\n    remote.opener = window;\n  remote.opener.name = orgName;\n  return remote;\n}\n\nfunction launchRemoteCV(name) {\n  var address =  name;\n  myRemote = launch(address ,\n                    \"OknoCV\",\n                    \"height=500, width=850, left=50, top=50, alwaysLowered=0, alwaysRaised=0, channelmode=0, dependent=0, directories=0, fullscreen=0, hotkeys=1, location=0, menubar=0, resizable=0, scrollbars=0, status=0, titlebar=1, toolbar=0, z-lock=0\",\n                    \"myWindowCV\");\n}\n\nfunction launchRemotePub(name) {\n  var address =  name;\n  myRemote = launch(address ,\n                    \"OknoPub\",\n                    \"height=500, width=850, left=150, top=150, alwaysLowered=0, alwaysRaised=0, channelmode=0, dependent=0, directories=0, fullscreen=0, hotkeys=1, location=0, menubar=0, resizable=0, scrollbars=0, status=0, titlebar=1, toolbar=0, z-lock=0\",\n                    \"myWindowPub\");\n}\n\n\/\/ -->>\n<\/script><button onclick=\"goBack()\">Nasp\u00e4\u0165<\/button><br \/>\n<script>\t \t \nfunction goBack() { window.history.go(-1); }\t \t \n<\/script><\/p>\n<table width=\"100%\">\n<tbody>\n<tr>\n<td colspan=\"4\" width=\"80%\"><a href='javascript:launchRemoteCV(\"https:\/\/confolab.sav.sk\/ovsb\/en\/wp-content\/uploads\/sites\/2\/BI_CV_eng.pdf\")'>\u017divotopis<\/a><br \/>\n<a href='javascript:launchRemotePub(\"https:\/\/confolab.sav.sk\/ovsb\/wp-content\/uploads\/BI_pub_slo-1.pdf\")'>Zoznam publik\u00e1cii<\/a><\/td>\n<td rowspan=\"2\"><img decoding=\"async\" class=\"alignright\" src=\"https:\/\/confolab.sav.sk\/ovsb\/en\/wp-content\/uploads\/sites\/2\/Iaparov.png\" alt=\"photo\" width=\"100\" border=\"0\" hspace=\"10\" vspace=\"5\" \/><\/td>\n<\/tr>\n<tr>\n<td width=\"5%\" >\n<a href=\"https:\/\/orcid.org\/0000-0002-3398-2093\" target=\"_blank\" rel=\"noopener noreferrer\"> <img decoding=\"async\" src=\"https:\/\/confolab.sav.sk\/ovsb\/en\/wp-content\/uploads\/sites\/2\/orcid.jpg\" height=\"32\"><\/a> &nbsp;&nbsp;&nbsp;&nbsp;&nbsp;<\/td>\n<td width=\"5%\">\n<a href=\"https:\/\/www.researchgate.net\/profile\/Bogdan_Iaparov\" target=\"_blank\" rel=\"noopener noreferrer\"><img decoding=\"async\" class=\"alignnone size-medium wp-image-1016\" height=\"32\" src=\"https:\/\/confolab.sav.sk\/ovsb\/wp-content\/uploads\/ResearchGate-300x202.png\" alt=\"ResearcherID\"  \/><\/a> &nbsp;&nbsp;&nbsp;&nbsp;&nbsp;<\/td>\n<td width=\"5%\">\n&nbsp;&nbsp;&nbsp;&nbsp;&nbsp;<\/td>\n<td width=\"5%\">\n&nbsp;&nbsp;&nbsp;&nbsp;&nbsp; <\/td>\n<\/tr>\n<\/tbody>\n<\/table>\n<table width=\"100%\">\n<tbody>\n<tr>\n<td colspan=\"2\">\n<table class=\"list\" width=\"100%\" cellspacing=\"0\" cellpadding=\"2\">\n<tbody>\n<tr>\n<td colspan=\"2\">\n<h2>Pracovisko a pracovn\u00e9 zaradenie:<\/h2>\n<\/td>\n<\/tr>\n<tr>\n<td colspan=\"2\">\u00dastav experiment\u00e1lnej endokrinol\u00f3gie, Biomedic\u00ednske centrum, Slovensk\u00e1 akad\u00e9mia vied, Bratislava, Slovensk\u00e1 republika, doktorand<br \/>\nKatedra biofyziky, Pr\u00edrodovedeck\u00e1 fakulta, Univerzita Pavla Jozefa \u0160af\u00e1rika, Ko\u0161ice, Slovensk\u00e1 republika<\/td>\n<\/tr>\n<tr>\n<td colspan=\"2\">\n<h2>Kvalifik\u00e1cia:<\/h2>\n<\/td>\n<\/tr>\n<tr>\n<td width=\"10%\">2017<\/td>\n<td>Bc: Fyzika, Department of Theoretical Physics,  Institute of Natural Sciences and Mathematics, Ural Federal University, Yekaterinburg, Russia (\u0161kolite\u013e: Alexander Moskvin, DrSc.)<br \/>\nBakal\u00e1rska pr\u00e1ca: \u201cMatematick\u00e9 modelovanie vr\u00e1tkovania a vodivosti ryanod\u00ednov\u00e9ho receptora pri r\u00f4znych teplot\u00e1ch\u201d<\/td>\n<\/tr>\n<tr>\n<td>2019<\/td>\n<td>Mgr: Fyzika, Department of Theoretical and Mathematical Physics, Institute of Natural Sciences and Mathematics, Ural Federal University, Yekaterinburg, Russia (\u0161kolite\u013e: Alexander Moskvin, DrSc.)<br \/>\nDiplomov\u00e1 pr\u00e1ca: \u201cMatematick\u00e9 modelovania vplyvu nerovnomern\u00e9ho rozlo\u017eenia ryanod\u00ednov\u00fdch receptorov v di\u00e1dach na amplit\u00fadu z\u00e1bleskov\u201d<\/td>\n<\/tr>\n<tr>\n<td colspan=\"2\">\n<h2>Zru\u010dnosti:<\/h2>\n<\/td>\n<\/tr>\n<tr>\n<td colspan=2>\n<ul>\n<li>Po\u010d\u00edta\u010dov\u00e9 zru\u010dnosti: GIMP, Inkscape, LaTeX<\/li>\n<li>Programovacie jazyky: C++, Qt, Python, Javascript<\/li>\n<li>Programovanie: paraleln\u00e9 programovanie v OpenMP a CUDA<\/li>\n<\/ul>\n<\/td>\n<\/tr>\n<tr>\n<td colspan=\"2\">\n<h2>Granty:<\/h2>\n<\/td>\n<\/tr>\n<\/tbody>\n<\/table>\n<\/td>\n<\/tr>\n<\/tbody>\n<\/table>\n<table class=\"list\" width=\"100%\">\n<tbody>\n<tr>\n<td width=\"10%\"><\/td>\n<td>\n<h3>Agent\u00fara na podporu v\u00fdskumu a v\u00fdvoja (APVV):<\/h3>\n<\/td>\n<\/tr>\n<tr>\n<td><a href=\"https:\/\/confolab.sav.sk\/ovsb\/projekty\/aktivne-projekty\/apvv-21-0443\/\"><img decoding=\"async\" loading=\"lazy\" class=\"\" title=\"Patch-clamped cardiac myocyte\" src=\"https:\/\/confolab.sav.sk\/ovsb\/wp-content\/uploads\/ERANET-1.png\" alt=\"image\" width=\"80\" height=\"74\" align=\"left\" hspace=\"3\" vspace=\"1\" \/><\/a><\/td>\n<td>APVV-21-0443<br \/>\n<em><a href=\"https:\/\/confolab.sav.sk\/ovsb\/projekty\/aktivne-projekty\/apvv-21-0443\/\">Mitochondri\u00e1lne ochorenia a zlyhanie srdca<\/a> <\/em>(2022 \u2013 2026)<br \/>\n<strong>spolurie\u0161ite\u013e<\/strong>; ved\u00faci projektu: Alexandra Zahradn\u00edkov\u00e1 ml.<\/td>\n<\/tr>\n<tr>\n<td width=\"10%\"><\/td>\n<td>\n<h3>Vedeck\u00e1 grantov\u00e1 agent\u00fara M\u0160VVa\u0160 a SAV (VEGA):<\/h3>\n<\/td>\n<\/tr>\n<tr>\n<td><a href=\"https:\/\/confolab.sav.sk\/ovsb\/projekty\/aktivne-projekty\/vega-2-0182-21\/\"><img decoding=\"async\" loading=\"lazy\" class=\"\" title=\"Patch-clamped cardiac myocyte\" src=\"https:\/\/confolab.sav.sk\/ovsb\/wp-content\/uploads\/ERANET-1.png\" alt=\"image\" width=\"80\" height=\"74\" align=\"left\" hspace=\"3\" vspace=\"1\" \/><\/a><\/td>\n<td>VEGA 2\/0182\/21<br \/>\n<em><a href=\"https:\/\/confolab.sav.sk\/ovsb\/projekty\/aktivne-projekty\/vega-2-0182-21\/\">Reorganiz\u00e1cia di\u00e1d kardiomyocytov pri experiment\u00e1lnej terapii zlyh\u00e1vaj\u00faceho srdca<\/a> <\/em>(2021 \u2013 2024)<br \/>\n<strong>spolurie\u0161ite\u013e<\/strong>; ved\u00faci projektu: Alexandra Zahradn\u00edkov\u00e1 ml.<\/td>\n<\/tr>\n<\/tbody>\n<\/table>\n","protected":false},"excerpt":{"rendered":"<p>Nasp\u00e4\u0165 \u017divotopis Zoznam publik\u00e1cii &nbsp;&nbsp;&nbsp;&nbsp;&nbsp; &nbsp;&nbsp;&nbsp;&nbsp;&nbsp; &nbsp;&nbsp;&nbsp;&nbsp;&nbsp; &nbsp;&nbsp;&nbsp;&nbsp;&nbsp; Pracovisko a pracovn\u00e9 zaradenie: \u00dastav experiment\u00e1lnej endokrinol\u00f3gie, Biomedic\u00ednske centrum, Slovensk\u00e1 akad\u00e9mia vied, Bratislava, Slovensk\u00e1 republika, doktorand Katedra&#8230;<span class=\"excerpt_more\"><a href=\"https:\/\/confolab.sav.sk\/ovsb\/pracovnici\/studenti\/mgr-bogdan-iaparov\/\">\u010d\u00edta\u0165 \u010falej &raquo;<\/a><\/span><\/p>\n","protected":false},"author":1,"featured_media":0,"parent":92,"menu_order":0,"comment_status":"closed","ping_status":"closed","template":"","meta":[],"_links":{"self":[{"href":"https:\/\/confolab.sav.sk\/ovsb\/wp-json\/wp\/v2\/pages\/1363"}],"collection":[{"href":"https:\/\/confolab.sav.sk\/ovsb\/wp-json\/wp\/v2\/pages"}],"about":[{"href":"https:\/\/confolab.sav.sk\/ovsb\/wp-json\/wp\/v2\/types\/page"}],"author":[{"embeddable":true,"href":"https:\/\/confolab.sav.sk\/ovsb\/wp-json\/wp\/v2\/users\/1"}],"replies":[{"embeddable":true,"href":"https:\/\/confolab.sav.sk\/ovsb\/wp-json\/wp\/v2\/comments?post=1363"}],"version-history":[{"count":29,"href":"https:\/\/confolab.sav.sk\/ovsb\/wp-json\/wp\/v2\/pages\/1363\/revisions"}],"predecessor-version":[{"id":2536,"href":"https:\/\/confolab.sav.sk\/ovsb\/wp-json\/wp\/v2\/pages\/1363\/revisions\/2536"}],"up":[{"embeddable":true,"href":"https:\/\/confolab.sav.sk\/ovsb\/wp-json\/wp\/v2\/pages\/92"}],"wp:attachment":[{"href":"https:\/\/confolab.sav.sk\/ovsb\/wp-json\/wp\/v2\/media?parent=1363"}],"curies":[{"name":"wp","href":"https:\/\/api.w.org\/{rel}","templated":true}]}}