{"id":1193,"date":"2019-11-21T13:02:54","date_gmt":"2019-11-21T13:02:54","guid":{"rendered":"http:\/\/confolab.sav.sk\/ovsb\/?page_id=1193"},"modified":"2023-10-02T14:30:51","modified_gmt":"2023-10-02T14:30:51","slug":"neformalna-spolupraca-obk-uee-a-oddelenia-fyziologie-lekarskej-fakulty-v-splite-chorvatsko","status":"publish","type":"page","link":"https:\/\/confolab.sav.sk\/ovsb\/aktivity\/udalosti\/neformalna-spolupraca-obk-uee-a-oddelenia-fyziologie-lekarskej-fakulty-v-splite-chorvatsko\/","title":{"rendered":"Neform\u00e1lna spolupr\u00e1ca OBK UEE a Oddelenia fyziol\u00f3gie Lek\u00e1rskej fakulty v Splite, Chorv\u00e1tsko"},"content":{"rendered":"<p><script type=\"text\/javascript\">\n<!--\nfunction launch(newURL, newName, newFeatures, orgName) {\n  var remote = open(newURL, newName, newFeatures);\n  if (remote.opener == null)\n    remote.opener = window;\n  remote.opener.name = orgName;\n  return remote;\n}\n\nfunction launchRemote(name) {\n  var address =  name;\n  myRemote = launch(address ,\n                    \"Okno\",\n                    \"height=500, width=850, left=50, top=50, alwaysLowered=0, alwaysRaised=0, channelmode=0, dependent=0, directories=0, fullscreen=0, hotkeys=1, location=0, menubar=0, resizable=0, scrollbars=0, status=0, titlebar=1, toolbar=0, z-lock=0\",\n                    \"myWindow\");\n}\n\/\/ -->>\n<\/script><button onclick=\"goBack()\">Nasp\u00e4\u0165<\/button><br \/>\n<script>\t \t \nfunction goBack() { window.history.go(-1); }\t \t \n<\/script><br \/>\nV r\u00e1mci neform\u00e1lnej spolupr\u00e1ce Oddelenia bunkovej kardiol\u00f3gie UEE a Oddelenia fyziol\u00f3gie Lek\u00e1rskej fakulty v Splite, Chorv\u00e1tsko, nav\u0161t\u00edvili v d\u0148och  od 9.11.2019 do 16.11.2019 laborat\u00f3ri\u00e1 elektr\u00f3novej a konfok\u00e1lnej mikroskopie PhD \u0161tudent Ivan Mihanovi\u010d a techni\u010dka Lucija Frankovi\u010d. \u00da\u010dastn\u00edci si pobyt hradili z programu Erasmus.<\/p>\n<p>\u00da\u010delom n\u00e1v\u0161tevy bolo nielen obozn\u00e1menie sa s technikami elektr\u00f3novej a konfok\u00e1lnej mikroskopie ale aj \u0161t\u00fadium biopsi\u00ed \u013eudsk\u00e9ho myokardu s ak\u00fatnym infarktom, z\u00edskan\u00e9 od pacientov  Univerzitnej nemocnici Split.<\/p>\n<p><span class=\"H3\">Fotogal\u00e9ria:<\/span><\/p>\n<p><img decoding=\"async\" loading=\"lazy\" title=\"\" src=\"https:\/\/confolab.sav.sk\/ovsb\/wp-content\/uploads\/Spolupraca-Split1.jpg\" alt=\"\" width=\"330\" height=\"230\" hspace=\"3\" vspace=\"3\" \/> <img decoding=\"async\" loading=\"lazy\" title=\"\" src=\"https:\/\/confolab.sav.sk\/ovsb\/wp-content\/uploads\/Spolupraca-Split2.jpg\" alt=\"\" width=\"330\" height=\"230\" hspace=\"3\" vspace=\"3\" \/> <img decoding=\"async\" loading=\"lazy\" title=\"\" src=\"https:\/\/confolab.sav.sk\/ovsb\/wp-content\/uploads\/Spolupraca-Split3.jpg\" alt=\"\" width=\"230\" height=\"280\" hspace=\"3\" vspace=\"3\" \/> <img decoding=\"async\" loading=\"lazy\" title=\"\" src=\"https:\/\/confolab.sav.sk\/ovsb\/wp-content\/uploads\/Spolupraca-Split4.jpg\" alt=\"\" width=\"330\" height=\"230\" hspace=\"3\" vspace=\"3\" \/><\/p>\n","protected":false},"excerpt":{"rendered":"<p>Nasp\u00e4\u0165 V r\u00e1mci neform\u00e1lnej spolupr\u00e1ce Oddelenia bunkovej kardiol\u00f3gie UEE a Oddelenia fyziol\u00f3gie Lek\u00e1rskej fakulty v Splite, Chorv\u00e1tsko, nav\u0161t\u00edvili v d\u0148och od 9.11.2019 do 16.11.2019 laborat\u00f3ri\u00e1&#8230;<span class=\"excerpt_more\"><a href=\"https:\/\/confolab.sav.sk\/ovsb\/aktivity\/udalosti\/neformalna-spolupraca-obk-uee-a-oddelenia-fyziologie-lekarskej-fakulty-v-splite-chorvatsko\/\">\u010d\u00edta\u0165 \u010falej &raquo;<\/a><\/span><\/p>\n","protected":false},"author":1,"featured_media":0,"parent":40,"menu_order":100,"comment_status":"closed","ping_status":"closed","template":"","meta":[],"_links":{"self":[{"href":"https:\/\/confolab.sav.sk\/ovsb\/wp-json\/wp\/v2\/pages\/1193"}],"collection":[{"href":"https:\/\/confolab.sav.sk\/ovsb\/wp-json\/wp\/v2\/pages"}],"about":[{"href":"https:\/\/confolab.sav.sk\/ovsb\/wp-json\/wp\/v2\/types\/page"}],"author":[{"embeddable":true,"href":"https:\/\/confolab.sav.sk\/ovsb\/wp-json\/wp\/v2\/users\/1"}],"replies":[{"embeddable":true,"href":"https:\/\/confolab.sav.sk\/ovsb\/wp-json\/wp\/v2\/comments?post=1193"}],"version-history":[{"count":17,"href":"https:\/\/confolab.sav.sk\/ovsb\/wp-json\/wp\/v2\/pages\/1193\/revisions"}],"predecessor-version":[{"id":2498,"href":"https:\/\/confolab.sav.sk\/ovsb\/wp-json\/wp\/v2\/pages\/1193\/revisions\/2498"}],"up":[{"embeddable":true,"href":"https:\/\/confolab.sav.sk\/ovsb\/wp-json\/wp\/v2\/pages\/40"}],"wp:attachment":[{"href":"https:\/\/confolab.sav.sk\/ovsb\/wp-json\/wp\/v2\/media?parent=1193"}],"curies":[{"name":"wp","href":"https:\/\/api.w.org\/{rel}","templated":true}]}}