{"id":1160,"date":"2019-09-26T13:51:58","date_gmt":"2019-09-26T13:51:58","guid":{"rendered":"http:\/\/confolab.sav.sk\/ovsb\/?page_id=1160"},"modified":"2023-09-25T13:17:16","modified_gmt":"2023-09-25T13:17:16","slug":"striebornu-medailu-sls","status":"publish","type":"page","link":"https:\/\/confolab.sav.sk\/ovsb\/aktivity\/ocenenia\/striebornu-medailu-sls\/","title":{"rendered":"Strieborn\u00e1 medaila SLS"},"content":{"rendered":"<p><button onclick=\"goBack()\">Nasp\u00e4\u0165<\/button> <\/h2>\n<p><script>\t \t \nfunction goBack() { window.history.go(-1); }\t \t \n<\/script>bola udelen\u00e1 <b>Ing. Alexandre Zahradn\u00edkovej, DrSc.<\/b>. Cenu si prevzala na zasadan\u00ed Slovenskej fyziologickej spolo\u010dnosti (SFyS) SLS v r\u00e1mci konferencie: 95. Fyziologick\u00e9 dni v Prahe d\u0148a 5. 2. 2019 z r\u00fak predsedn\u00ed\u010dky SFyS Prof. MUDr. Andrey \u010calkovskej, DrSc. a vedeck\u00e9ho sekret\u00e1ra SFyS Prof. MUDr. Kamila Javorku, DrSc..<\/p>\n<table>\n<tbody>\n<tr>\n<td><img decoding=\"async\" class=\"alignnone\" src=\"https:\/\/confolab.sav.sk\/ovsb\/wp-content\/uploads\/FD2019_CenaSLS.jpg\"  height=\"200\" \/><\/td>\n<\/tr>\n<\/tbody>\n<\/table>\n","protected":false},"excerpt":{"rendered":"<p>Nasp\u00e4\u0165 bola udelen\u00e1 Ing. Alexandre Zahradn\u00edkovej, DrSc.. Cenu si prevzala na zasadan\u00ed Slovenskej fyziologickej spolo\u010dnosti (SFyS) SLS v r\u00e1mci konferencie: 95. Fyziologick\u00e9 dni v Prahe&#8230;<span class=\"excerpt_more\"><a href=\"https:\/\/confolab.sav.sk\/ovsb\/aktivity\/ocenenia\/striebornu-medailu-sls\/\">\u010d\u00edta\u0165 \u010falej &raquo;<\/a><\/span><\/p>\n","protected":false},"author":1,"featured_media":0,"parent":35,"menu_order":50,"comment_status":"closed","ping_status":"closed","template":"","meta":[],"_links":{"self":[{"href":"https:\/\/confolab.sav.sk\/ovsb\/wp-json\/wp\/v2\/pages\/1160"}],"collection":[{"href":"https:\/\/confolab.sav.sk\/ovsb\/wp-json\/wp\/v2\/pages"}],"about":[{"href":"https:\/\/confolab.sav.sk\/ovsb\/wp-json\/wp\/v2\/types\/page"}],"author":[{"embeddable":true,"href":"https:\/\/confolab.sav.sk\/ovsb\/wp-json\/wp\/v2\/users\/1"}],"replies":[{"embeddable":true,"href":"https:\/\/confolab.sav.sk\/ovsb\/wp-json\/wp\/v2\/comments?post=1160"}],"version-history":[{"count":13,"href":"https:\/\/confolab.sav.sk\/ovsb\/wp-json\/wp\/v2\/pages\/1160\/revisions"}],"predecessor-version":[{"id":2483,"href":"https:\/\/confolab.sav.sk\/ovsb\/wp-json\/wp\/v2\/pages\/1160\/revisions\/2483"}],"up":[{"embeddable":true,"href":"https:\/\/confolab.sav.sk\/ovsb\/wp-json\/wp\/v2\/pages\/35"}],"wp:attachment":[{"href":"https:\/\/confolab.sav.sk\/ovsb\/wp-json\/wp\/v2\/media?parent=1160"}],"curies":[{"name":"wp","href":"https:\/\/api.w.org\/{rel}","templated":true}]}}