{"id":116,"date":"2018-01-08T11:39:03","date_gmt":"2018-01-08T11:39:03","guid":{"rendered":"http:\/\/confolab.sav.sk\/ovsb\/?page_id=116"},"modified":"2025-08-04T14:19:46","modified_gmt":"2025-08-04T14:19:46","slug":"aktivne-projekty","status":"publish","type":"page","link":"https:\/\/confolab.sav.sk\/ovsb\/projekty\/aktivne-projekty\/","title":{"rendered":"Akt\u00edvne projekty"},"content":{"rendered":"<table class=\"list\" width=\"100%\">\n<tbody>\n<tr>\n<td width=\"10%\"><\/td>\n<td>\n<h3>Zahrani\u010dn\u00e9\/medzin\u00e1rodn\u00e9 granty:<\/h3>\n<\/td>\n<\/tr>\n<tr>\n<td> <a href=\"https:\/\/confolab.sav.sk\/ovsb\/projekty\/aktivne-projekty\/cost-ca23156\/\"><img decoding=\"async\" loading=\"lazy\" class=\"wp-image-428 alignnone\" src=\"https:\/\/confolab.sav.sk\/ovsb\/en\/wp-content\/uploads\/sites\/2\/COST-logo-na-confolab.png\" alt=\"wave\" width=\"80\" height=\"80\" \/><\/a><\/td>\n<td>COST CA23156<br \/>\n<a href=\"https:\/\/confolab.sav.sk\/ovsb\/projekty\/aktivne-projekty\/cost-ca23156\/\"><i>Eur\u00f3pske konzorcium pre sigma-1 receptor ako terapeutick\u00fd cie\u013e (SIGMA-1EUROPE)<\/i><\/a> (2024 \u2013 2028)<br \/>\nVed\u00faci projektu: Tangui Maurice<br \/>\nVed\u00faci projektu (SK): <a href=\"https:\/\/confolab.sav.sk\/ovsb\/pracovnici\/vyskumnici\/rndr-michal-cagalinec-phd\/\">Michal Cagalinec<\/a><\/td>\n<\/tr>\n<tr>\n<td width=\"10%\"><\/td>\n<td>\n<h3>Agent\u00fara na podporu v\u00fdskumu a v\u00fdvoja (APVV):<\/h3>\n<\/td>\n<\/tr>\n<tr>\n<td> <a href=\"https:\/\/confolab.sav.sk\/ovsb\/projekty\/aktivne-projekty\/apvv-21-0473\/\"><img decoding=\"async\" loading=\"lazy\" class=\"wp-image-428 alignnone\" src=\"https:\/\/confolab.sav.sk\/ovsb\/wp-content\/uploads\/pictogram-image-for-web-page-Wfs1-recessive-dominant-v1.jpg\" alt=\"wave\" width=\"80\" height=\"80\" \/><\/a><\/td>\n<td>APVV-21-0473<br \/>\n<a href=\"https:\/\/confolab.sav.sk\/ovsb\/projekty\/aktivne-projekty\/apvv-21-0473\/\"><i>Mut\u00e1cie asociovan\u00e9 s Wolframov\u00fdm syndr\u00f3mom: rozdielne sign\u00e1lne dr\u00e1hy v zmysle metabolizmu v\u00e1pnika a funkcie mitochondri\u00ed<\/i><\/a> (2022 \u2013 2026)<br \/>\nVed\u00faci projektu: <a href=\"https:\/\/confolab.sav.sk\/ovsb\/pracovnici\/vyskumnici\/rndr-michal-cagalinec-phd\/\">Michal Cagalinec<\/a><\/td>\n<\/tr>\n<tr>\n<td><a href=\"https:\/\/confolab.sav.sk\/ovsb\/projekty\/aktivne-projekty\/apvv-21-0443\/\"><img decoding=\"async\" loading=\"lazy\" class=\"\" title=\"Patch-clamped cardiac myocyte\" src=\"https:\/\/confolab.sav.sk\/ovsb\/wp-content\/uploads\/ERANET-1.png\" alt=\"image\" width=\"80\" height=\"74\" align=\"left\" hspace=\"3\" vspace=\"1\" \/><\/a><\/td>\n<td>APVV-21-0443<br \/>\n<em><a href=\"https:\/\/confolab.sav.sk\/ovsb\/projekty\/aktivne-projekty\/apvv-21-0443\/\">Mitochondri\u00e1lne ochorenia a zlyhanie srdca<\/a> <\/em>(2022 \u2013 2026)<br \/>\nVed\u00faci projektu: <a href=\"https:\/\/confolab.sav.sk\/ovsb\/pracovnici\/vyskumnici\/rndr-alexandra-zahradnikova-ml-phd\/\">Alexandra Zahradn\u00edkov\u00e1 ml.<\/a><\/td>\n<\/tr>\n<tr>\n<td width=\"10%\"><\/td>\n<td>\n<h3>Vedeck\u00e1 grantov\u00e1 agent\u00fara M\u0160VVa\u0160 a SAV (VEGA):<\/h3>\n<\/td>\n<\/tr>\n<\/tr>\n<tr>\n<td><a href=\"https:\/\/confolab.sav.sk\/ovsb\/projekty\/aktivne-projekty\/vega-2-0182-21\/\"><img decoding=\"async\" loading=\"lazy\" class=\"\" title=\"Patch-clamped cardiac myocyte\" src=\"https:\/\/confolab.sav.sk\/ovsb\/wp-content\/uploads\/ERANET-1.png\" alt=\"image\" width=\"80\" height=\"74\" align=\"left\" hspace=\"3\" vspace=\"1\" \/><\/a><\/td>\n<td>VEGA 2\/0182\/21<br \/>\n<em><a href=\"https:\/\/confolab.sav.sk\/ovsb\/projekty\/aktivne-projekty\/vega-2-0182-21\/\">Reorganiz\u00e1cia di\u00e1d kardiomyocytov pri experiment\u00e1lnej terapii zlyh\u00e1vaj\u00faceho srdca<\/a> <\/em>(2021 \u2013 2024)<br \/>\nVed\u00faci projektu: <a href=\"https:\/\/confolab.sav.sk\/ovsb\/pracovnici\/vyskumnici\/rndr-alexandra-zahradnikova-ml-phd\/\">Alexandra Zahradn\u00edkov\u00e1 ml.<\/a><\/td>\n<\/tr>\n<\/tbody>\n<\/table>\n","protected":false},"excerpt":{"rendered":"<p>Zahrani\u010dn\u00e9\/medzin\u00e1rodn\u00e9 granty: COST CA23156 Eur\u00f3pske konzorcium pre sigma-1 receptor ako terapeutick\u00fd cie\u013e (SIGMA-1EUROPE) (2024 \u2013 2028) Ved\u00faci projektu: Tangui Maurice Ved\u00faci projektu (SK): Michal Cagalinec&#8230;<span class=\"excerpt_more\"><a href=\"https:\/\/confolab.sav.sk\/ovsb\/projekty\/aktivne-projekty\/\">\u010d\u00edta\u0165 \u010falej &raquo;<\/a><\/span><\/p>\n","protected":false},"author":1,"featured_media":0,"parent":21,"menu_order":10,"comment_status":"closed","ping_status":"closed","template":"","meta":[],"_links":{"self":[{"href":"https:\/\/confolab.sav.sk\/ovsb\/wp-json\/wp\/v2\/pages\/116"}],"collection":[{"href":"https:\/\/confolab.sav.sk\/ovsb\/wp-json\/wp\/v2\/pages"}],"about":[{"href":"https:\/\/confolab.sav.sk\/ovsb\/wp-json\/wp\/v2\/types\/page"}],"author":[{"embeddable":true,"href":"https:\/\/confolab.sav.sk\/ovsb\/wp-json\/wp\/v2\/users\/1"}],"replies":[{"embeddable":true,"href":"https:\/\/confolab.sav.sk\/ovsb\/wp-json\/wp\/v2\/comments?post=116"}],"version-history":[{"count":91,"href":"https:\/\/confolab.sav.sk\/ovsb\/wp-json\/wp\/v2\/pages\/116\/revisions"}],"predecessor-version":[{"id":738,"href":"https:\/\/confolab.sav.sk\/ovsb\/wp-json\/wp\/v2\/pages\/116\/revisions\/738"}],"up":[{"embeddable":true,"href":"https:\/\/confolab.sav.sk\/ovsb\/wp-json\/wp\/v2\/pages\/21"}],"wp:attachment":[{"href":"https:\/\/confolab.sav.sk\/ovsb\/wp-json\/wp\/v2\/media?parent=116"}],"curies":[{"name":"wp","href":"https:\/\/api.w.org\/{rel}","templated":true}]}}