{"id":103,"date":"2018-01-08T11:34:25","date_gmt":"2018-01-08T11:34:25","guid":{"rendered":"http:\/\/confolab.sav.sk\/ovsb\/?page_id=103"},"modified":"2023-10-05T14:39:08","modified_gmt":"2023-10-05T14:39:08","slug":"top-publikacie","status":"publish","type":"page","link":"https:\/\/confolab.sav.sk\/ovsb\/publikacie\/top-publikacie\/","title":{"rendered":"Top publik\u00e1cie"},"content":{"rendered":"<p><script type=\"text\/javascript\">\n<!--\nfunction launch(newURL, newName, newFeatures, orgName) {\n  var remote = open(newURL, newName, newFeatures);\n  if (remote.opener == null)\n    remote.opener = window;\n  remote.opener.name = orgName;\n  return remote;\n}\n\nfunction launchRemote(name) {\n  var address =  name;\n  myRemote = launch(address ,\n                    \"Okno\",\n                    \"height=500, width=850, left=50, top=50, alwaysLowered=0, alwaysRaised=0, channelmode=0, dependent=0, directories=0, fullscreen=0, hotkeys=1, location=0, menubar=0, resizable=0, scrollbars=0, status=0, titlebar=1, toolbar=0, z-lock=0\",\n                    \"myWindow\");\n}\n\/\/ -->>\n<\/script><\/p>\n<h2>V tejto  \u010dasti sa nach\u00e1dzaj\u00fa Top publik\u00e1cie pracovn\u00edkov Oddelenia bunkovej kardiol\u00f3gie na z\u00e1klade kvality \u010dasopisu (JCR rank > 90%) ako aj po\u010dtu cit\u00e1cii (viac ako 100).&nbsp;&nbsp;&nbsp;&nbsp;&nbsp;<button onclick=\"goBack()\">Nasp\u00e4\u0165<\/button><br \/>\n<script>\t \t \nfunction goBack() { window.history.go(-1); }\t \t \n<\/script><\/h2>\n<table class=\"list\" border=\"0\" width=\"100%\" cellspacing=\"0\" cellpadding=\"4\">\n<tbody>\n<tr>\n<td class=\"small\"><a href='javascript:launchRemote(\"https:\/\/www.ncbi.nlm.nih.gov\/pubmed\/30504269\")'><img decoding=\"async\" width=\"75\" class=\"alignnone wp-image-1110\" alt=\"SciRep\" src=\"https:\/\/confolab.sav.sk\/ovsb\/wp-content\/uploads\/emboj_logo_homepage.png\"><\/a><\/td>\n<td class=\"two\">Safiulina D, Kuum M, Choubey V, Gogichaishvili N, Liiv J, Hickey MA, <strong>Cagalinec M<\/strong>, Mandel M, Zeb A, Liiv M, Kaasik A (2019): <a href='javascript:launchRemote(\"https:\/\/www.ncbi.nlm.nih.gov\/pubmed\/30504269\")'>Miro proteins prime mitochondria for Parkin translocation and mitophagy<\/a>. <i>EMBO J<\/i> 38: e99384, doi: 10.15252\/embj.201899384. <u>rank 94.664<\/u><\/td>\n<\/tr>\n<tr>\n<td class=\"small\"><a href='javascript:launchRemote(\"https:\/\/www.ncbi.nlm.nih.gov\/pubmed\/30084984\")'><img decoding=\"async\" width=\"75\" class=\"alignnone wp-image-1110\" alt=\"SciRep\" src=\"https:\/\/confolab.sav.sk\/ovsb\/wp-content\/uploads\/CardiovascRes.jpg\"><\/a><\/td>\n<td class=\"two\">Prola A, <strong>Nichtova Z<\/strong>, Pires Da Silva J, Piquereau J, Monceaux K, Guilbert A, Gressette M, Ventura-Clapier R, Garnier A, <strong>Zahradnik I<\/strong>, <strong>Novotova M<\/strong>, Lemaire C (2019): <a href='javascript:launchRemote(\"https:\/\/www.ncbi.nlm.nih.gov\/pubmed\/30084984\")'>Endoplasmic reticulum stress induces cardiac dysfunction through architectural modifications and alteration of mitochondrial function in cardiomyocytes<\/a>. <i>Cardiovasc Res<\/i> 115: 328-342, doi: 10.1093\/cvr\/cvy197. <u>rank 91.544<\/u><\/td>\n<\/tr>\n<tr>\n<td class=\"small\"><a href='javascript:launchRemote(\"https:\/\/www.ncbi.nlm.nih.gov\/pubmed\/28239148\")'><img decoding=\"async\" width=\"75\" align=\"middle\" alt=\"PubMed\" src=\"https:\/\/confolab.sav.sk\/ovsb\/wp-content\/uploads\/nat-com.jpg\" border=\"0\"><\/a><\/td>\n<td class=\"two\">Ragni CV, Diguet N, Le Garrec JF, <strong>Novotova M<\/strong>, Resende TP, Pop S, Charon N, Guillemot L, Kitasato L, Badouel C, Dufour A, Olivo-Marin JC, Trouv\u00e9 A, McNeill H, Meilhac SM. (2017): <a href='javascript:launchRemote(\"https:\/\/www.ncbi.nlm.nih.gov\/pubmed\/28239148\")'>Amotl1 mediates sequestration of the Hippo effector Yap1 downstream of Fat4 to restrict heart growth.<\/a> <i>Nat Commun<\/i> 27: 14582. <u>rank 96.094<\/u><\/td>\n<\/tr>\n<tr>\n<td class=\"small\"><a href='javascript:launchRemote(\"https:\/\/www.ncbi.nlm.nih.gov\/pubmed\/27434582?dopt=Citation\")'><img decoding=\"async\" loading=\"lazy\" class=\"alignnone wp-image-1110\" src=\"https:\/\/confolab.sav.sk\/ovsb\/wp-content\/uploads\/PLOSBiology.jpg\" alt=\"PLoSBiology\" width=\"75\" height=\"19\" \/><\/a><\/td>\n<td class=\"two\"><strong>Cagalinec M<\/strong>, Liiv M, Hodurova Z, Hickey MA, Vaarmann A, Mandel M, Zeb A, Choubey V, Kuum M, Safiulina D, Vasar E, Veksler V, Kaasik A (2016): <a href='javascript:launchRemote(\"https:\/\/www.ncbi.nlm.nih.gov\/pubmed\/27434582?dopt=Citation\")'>Role of mitochondrial dynamics in neuronal development: Mechanism for wolfram syndrome<\/a>. <i>PLoS Biol<\/i> 14: e1002511. <u>rank 95.581<\/u><\/td>\n<\/tr>\n<tr>\n<td width=\"5%\" class=\"small\"><a href='javascript:launchRemote(\"https:\/\/www.ncbi.nlm.nih.gov\/pubmed\/26009544\")'><img decoding=\"async\" loading=\"lazy\" width=\"80\" height=\"104\" class=\"alignnone wp-image-1114\" alt=\"JGP\" src=\"https:\/\/confolab.sav.sk\/ovsb\/wp-content\/uploads\/JGP-125x150.jpg\"><\/a><\/td>\n<td class=\"two\">Petrovic P, <strong>Valent I<\/strong>, <strong>Cocherova E<\/strong>, <strong>Pavelkova J<\/strong>, <strong>Zahradnikova A<\/strong> (2015): <a href='javascript:launchRemote(\"https:\/\/www.ncbi.nlm.nih.gov\/pubmed\/26009544\")'>Ryanodine receptor gating controls generation of diastolic calcium waves in cardiac myocytes<\/a>. <i>J Gen Physiol<\/i> 145: 489-511. <u>rank 92.169<\/u><\/td>\n<\/tr>\n<tr>\n<td class=\"small\"><a href='javascript:launchRemote(\"https:\/\/www.ncbi.nlm.nih.gov\/pubmed\/23008439\")'><img decoding=\"async\" width=\"75\" class=\"alignnone wp-image-1110\" alt=\"SciRep\" src=\"https:\/\/confolab.sav.sk\/ovsb\/en\/wp-content\/uploads\/sites\/2\/Circulation-logo.png\"><\/a><\/td>\n<td class=\"two\">Ghigo A, Perino A, Mehel H, <strong>Zahradnikova A Jr<\/strong>, Morello F, Leroy J, Nikolaev VO, Damilano F, Cimino J, De Luca E, Richter W, Westenbroek R, Catterall WA, Zhang J, Yan C, Conti M, Gomez AM, Vandecasteele G, Hirsch E, Fischmeister R (2012): <a href='javascript:launchRemote(\"https:\/\/www.ncbi.nlm.nih.gov\/pubmed\/23008439\")'>Phosphoinositide 3-kinase \u03b3 protects against catecholamine-induced ventricular arrhythmia through protein kinase A-mediated regulation of distinct phosphodiesterases<\/a>. <i>Circulation<\/i> 126: 2073-2083, doi: 10.1161\/CIRCULATIONAHA.112.114074. <u>rank 99.367<\/u><\/td>\n<\/tr>\n<tr>\n<td class=\"small\"><a href='javascript:launchRemote(\"https:\/\/www.ncbi.nlm.nih.gov\/pubmed\/11463722\")'><img decoding=\"async\" loading=\"lazy\" class=\"alignnone wp-image-1121\" src=\"https:\/\/confolab.sav.sk\/ovsb\/wp-content\/uploads\/CircRes-141x150.jpg\" alt=\"CircRes\" width=\"75\" height=\"96\" \/><\/a><\/td>\n<td class=\"two\">Kaasik A, Veksler V, Boehm E, <strong>Novotova M<\/strong>, Minajeva A, Ventura-Clapier R (2001). <a href='javascript:launchRemote(\"https:\/\/www.ncbi.nlm.nih.gov\/pubmed\/11463722\")'>Energetic crosstalk between organelles: architectural integration of energy production and utilization.<\/a> <i> Circ Res.<\/i> 89: 153-159. <u>cit 188\/rank 97.262<\/u><\/td>\n<\/tr>\n<\/tbody>\n<\/table>\n","protected":false},"excerpt":{"rendered":"<p>V tejto \u010dasti sa nach\u00e1dzaj\u00fa Top publik\u00e1cie pracovn\u00edkov Oddelenia bunkovej kardiol\u00f3gie na z\u00e1klade kvality \u010dasopisu (JCR rank > 90%) ako aj po\u010dtu cit\u00e1cii (viac ako&#8230;<span class=\"excerpt_more\"><a href=\"https:\/\/confolab.sav.sk\/ovsb\/publikacie\/top-publikacie\/\">\u010d\u00edta\u0165 \u010falej &raquo;<\/a><\/span><\/p>\n","protected":false},"author":1,"featured_media":0,"parent":20,"menu_order":30,"comment_status":"closed","ping_status":"closed","template":"","meta":[],"_links":{"self":[{"href":"https:\/\/confolab.sav.sk\/ovsb\/wp-json\/wp\/v2\/pages\/103"}],"collection":[{"href":"https:\/\/confolab.sav.sk\/ovsb\/wp-json\/wp\/v2\/pages"}],"about":[{"href":"https:\/\/confolab.sav.sk\/ovsb\/wp-json\/wp\/v2\/types\/page"}],"author":[{"embeddable":true,"href":"https:\/\/confolab.sav.sk\/ovsb\/wp-json\/wp\/v2\/users\/1"}],"replies":[{"embeddable":true,"href":"https:\/\/confolab.sav.sk\/ovsb\/wp-json\/wp\/v2\/comments?post=103"}],"version-history":[{"count":10,"href":"https:\/\/confolab.sav.sk\/ovsb\/wp-json\/wp\/v2\/pages\/103\/revisions"}],"predecessor-version":[{"id":2540,"href":"https:\/\/confolab.sav.sk\/ovsb\/wp-json\/wp\/v2\/pages\/103\/revisions\/2540"}],"up":[{"embeddable":true,"href":"https:\/\/confolab.sav.sk\/ovsb\/wp-json\/wp\/v2\/pages\/20"}],"wp:attachment":[{"href":"https:\/\/confolab.sav.sk\/ovsb\/wp-json\/wp\/v2\/media?parent=103"}],"curies":[{"name":"wp","href":"https:\/\/api.w.org\/{rel}","templated":true}]}}