{"id":964,"date":"2019-09-27T10:30:26","date_gmt":"2019-09-27T08:30:26","guid":{"rendered":"http:\/\/confolab.sav.sk\/ovsb\/en\/?page_id=964"},"modified":"2019-09-27T14:59:28","modified_gmt":"2019-09-27T12:59:28","slug":"silver-medal-of-the-slovak-medical-society","status":"publish","type":"page","link":"https:\/\/confolab.sav.sk\/ovsb\/en\/activities\/awards\/silver-medal-of-the-slovak-medical-society\/","title":{"rendered":"Silver medal of the Slovak Medical Society"},"content":{"rendered":"<p><button onclick=\"goBack()\">Back<\/button> <\/h2>\n<p><script>\t \t \nfunction goBack() { window.history.go(-1); }\t \t \n<\/script><br \/>\nwas awarded to <b>Ing. Alexandra Zahradn\u00edkov\u00e1, DrSc.<\/b>. She received the award from the President of Slovak Physiological Society (SPhS) Prof. MUDr. Andrea \u010calkovsk\u00e1, DrSc. and the Scientific Secretary of the SPhS Prof. MUDr. Kamil Javorka, DrSc. at the plenary meeting of the Slovak Physiological Society of the Slovak Medical Society during the conference 95th Physiological Days in Prague on February 5, 2019.<\/p>\n<table>\n<tbody>\n<tr>\n<td><img decoding=\"async\" class=\"alignnone\" src=\"http:\/\/confolab.sav.sk\/ovsb\/wp-content\/uploads\/FD2019_CenaSLS.jpg\"  height=\"200\" \/><\/td>\n<\/tr>\n<\/tbody>\n<\/table>\n","protected":false},"excerpt":{"rendered":"<p>Back was awarded to Ing. Alexandra Zahradn\u00edkov\u00e1, DrSc.. She received the award from the President of Slovak Physiological Society (SPhS) Prof. MUDr. Andrea \u010calkovsk\u00e1, DrSc&#8230;.<span class=\"excerpt_more\"><a href=\"https:\/\/confolab.sav.sk\/ovsb\/en\/activities\/awards\/silver-medal-of-the-slovak-medical-society\/\">\u010d\u00edta\u0165 \u010falej &raquo;<\/a><\/span><\/p>\n","protected":false},"author":1,"featured_media":0,"parent":117,"menu_order":0,"comment_status":"closed","ping_status":"closed","template":"","meta":[],"_links":{"self":[{"href":"https:\/\/confolab.sav.sk\/ovsb\/en\/wp-json\/wp\/v2\/pages\/964"}],"collection":[{"href":"https:\/\/confolab.sav.sk\/ovsb\/en\/wp-json\/wp\/v2\/pages"}],"about":[{"href":"https:\/\/confolab.sav.sk\/ovsb\/en\/wp-json\/wp\/v2\/types\/page"}],"author":[{"embeddable":true,"href":"https:\/\/confolab.sav.sk\/ovsb\/en\/wp-json\/wp\/v2\/users\/1"}],"replies":[{"embeddable":true,"href":"https:\/\/confolab.sav.sk\/ovsb\/en\/wp-json\/wp\/v2\/comments?post=964"}],"version-history":[{"count":7,"href":"https:\/\/confolab.sav.sk\/ovsb\/en\/wp-json\/wp\/v2\/pages\/964\/revisions"}],"predecessor-version":[{"id":972,"href":"https:\/\/confolab.sav.sk\/ovsb\/en\/wp-json\/wp\/v2\/pages\/964\/revisions\/972"}],"up":[{"embeddable":true,"href":"https:\/\/confolab.sav.sk\/ovsb\/en\/wp-json\/wp\/v2\/pages\/117"}],"wp:attachment":[{"href":"https:\/\/confolab.sav.sk\/ovsb\/en\/wp-json\/wp\/v2\/media?parent=964"}],"curies":[{"name":"wp","href":"https:\/\/api.w.org\/{rel}","templated":true}]}}