{"id":394,"date":"2018-01-10T13:40:28","date_gmt":"2018-01-10T12:40:28","guid":{"rendered":"http:\/\/confolab.sav.sk\/ovsb\/en\/?page_id=394"},"modified":"2024-02-16T13:45:30","modified_gmt":"2024-02-16T12:45:30","slug":"lshm-ct-2005-018833","status":"publish","type":"page","link":"https:\/\/confolab.sav.sk\/ovsb\/en\/projects\/completed-projects\/lshm-ct-2005-018833\/","title":{"rendered":"LSHM-CT-2005-018833"},"content":{"rendered":"<p><script type=\"text\/javascript\">\n<!--\nfunction launch(newURL, newName, newFeatures, orgName) {\n  var remote = open(newURL, newName, newFeatures);\n  if (remote.opener == null)\n    remote.opener = window;\n  remote.opener.name = orgName;\n  return remote;\n}\n\nfunction launchRemote(name) {\n  var address =  name;\n  myRemote = launch(address ,\n                    \"Okno\",\n                    \"height=500, width=850, left=50, top=50, alwaysLowered=0, alwaysRaised=0, channelmode=0, dependent=0, directories=0, fullscreen=0, hotkeys=1, location=0, menubar=0, resizable=0, scrollbars=0, status=0, titlebar=1, toolbar=0, z-lock=0\",\n                    \"myWindow\");\n}\n\/\/ -->>\n<\/script><\/p>\n<h2>EUGeneHeart: EUGeneHeart: Genomics of Cardiomyocyte Signalling to Treat and Prevent Heart Failure&nbsp;&nbsp;&nbsp;&nbsp;&nbsp;<button onclick=\"goBack()\">Back<\/button> <\/h2>\n<p><script>\t \t \nfunction goBack() { window.history.go(-1); }\t \t \n<\/script><\/p>\n<table border=\"0\" width=\"100%\" cellspacing=\"1\" cellpadding=\"2\">\n<tbody>\n<tr>\n<td>\n<h3>Coordinator: Gerd Hasenfuss<br \/>\nTeam Leader: <a href=\"http:\/\/www.umfg.sav.sk\/ovsb\/en\/people\/researchers\/zahradnikova-a\/\">Alexandra Zahradn\u00edkov\u00e1<\/a><\/h3>\n<h3>Duration: January 2006 &#8211; December 2010<br \/>\nCoordinating Organization: University of Gottingen, Germany<\/h3>\n<\/td>\n<\/tr>\n<tr>\n<td>\n<h3><span class=\"H3\">Annotation:<\/span><\/h3>\n<p>The project is aimed on genomics of the signalling mechanisms that play a role in heart failure, a disease very frequent in European population. The ultimate objective is to develop more effective treatment of this syndrome. Therefore the consortium involves laboratories and institutions that specialize in basic, pharmaceutical and clinical research, as well as SMEs. The project is based on the hypothesis that the changes in the structure and function of the heart that precede heart failure can be divided into beneficial (that improve cardiac function) and maladaptive (that lead to heart failure), and that it is possible to selectively inhibit maladaptive changes. The differences between subjects different in the predisposition to heart failure will be analyzed, genomic and proteomic screening performed, and the findings will be translated into pharmacological and clinical practice. The project has an important educational and training component (conferences, workshops).<\/td>\n<\/tr>\n<tr>\n<td>\n<h3><span class=\"H3\">Keywords:<\/span><\/h3>\n<p>Heart failure, hypertrophic signalling, cardiac myocyte<\/td>\n<\/tr>\n<tr>\n<td>\n<h3><span class=\"H3\">Objectives:<\/span><\/h3>\n<p>The goal of the EUGeneHeart project is the development of new approaches to prevent and treat heart failure through analysis of the genomics of signalling. The strategy is based on the hypothesis that beneficial as well as maladaptive forms of hypertrophy exist and that heart failure is frequently preceded by maladaptive hypertrophy. We will dissect both adaptive and maladaptive signalling in hypertrophy to identify beneficial and maladaptive components of signal transduction in hypertrophy and heart failure. (see <a href=\"http:\/\/www.eugeneheart.eu\/38.htm\" target=\"_blank\" rel=\"noopener noreferrer\">http:\/\/www.eugeneheart.eu\/38.htm<\/a>)<\/p>\n<p>The team at the Department of Muscle Cell Research IMPG SAS will participate in determining, how and why is the ability of the heart to contract in response to electrical stimuli changed, and how are these changes affected by changes in gene expression and by drugs.<\/td>\n<\/tr>\n<tr>\n<td>\n<h3><span class=\"H3\">Publications:<\/span><\/h3>\n<\/td>\n<\/tr>\n<\/tbody>\n<\/table>\n<table class=\"list\" border=\"0\" width=\"100%\" cellspacing=\"0\" cellpadding=\"4\">\n<tbody>\n<tr>\n<td class=\"small\"><a href='javascript:launchRemote(\"https:\/\/www.ncbi.nlm.nih.gov\/pubmed\/32415205\")'><img decoding=\"async\" width=\"75\" class=\"alignnone wp-image-1110\" alt=\"SciRep\" src=\"http:\/\/confolab.sav.sk\/ovsb\/wp-content\/uploads\/SciRep-1-300x111.jpg\"><\/a><\/td>\n<td class=\"two\"><strong>Novotova M<\/strong>, <strong>Zahradnikova A Jr<\/strong>, Nichtova Z, Kovac R, Kralova E, Stankovicova T, <strong>Zahradnikova A<\/strong>, <strong>Zahradnik I<\/strong> (2020): <a href='javascript:launchRemote(\"https:\/\/www.ncbi.nlm.nih.gov\/pubmed\/32415205\")'>Structural variability of dyads relates to calcium release in rat ventricular myocytes<\/a>. <i>Sci Rep<\/i> 10: 8076 doi: 10.1038\/s41598-020-64840-5.<\/td>\n<\/tr>\n<tr>\n<td class=\"small\" width=\"5%\"><a href='javascript:launchRemote(\"http:\/\/www.ncbi.nlm.nih.gov\/pubmed\/26009544\")'><img decoding=\"async\" loading=\"lazy\" class=\"alignnone wp-image-1114\" src=\"http:\/\/confolab.sav.sk\/ovsb\/wp-content\/uploads\/JGP-125x150.jpg\" alt=\"JGP\" width=\"80\" height=\"104\" \/><\/a><\/td>\n<td class=\"two\">Petrovic P, <strong>Valent I<\/strong>, <strong>Cocherova E<\/strong>, <strong>Pavelkova J<\/strong>, <strong>Zahradnikova A<\/strong> (2015): <a href='javascript:launchRemote(\"http:\/\/www.ncbi.nlm.nih.gov\/pubmed\/26009544\")'>Ryanodine receptor gating controls generation of diastolic calcium waves in cardiac myocytes<\/a>. <i>J Gen Physiol<\/i> 145: 489-511.<\/td>\n<\/tr>\n<tr>\n<td class=\"small\" width=\"5%\"><a href='javascript:launchRemote(\"http:\/\/www.ncbi.nlm.nih.gov\/pubmed\/23008439?dopt=Citation\")'><img decoding=\"async\" loading=\"lazy\" class=\"alignnone wp-image-1114\" src=\"https:\/\/pbs.twimg.com\/profile_images\/748173720586493952\/psfkHHGV_400x400.jpg\" alt=\"JGP\" width=\"80\" height=\"104\" \/><\/a><\/td>\n<td class=\"two\">Ghigo A, Perino A, Mehel H, <strong>Zahradn\u00edkov\u00e1 A Jr<\/strong>, Morello F, Leroy J, Nikolaev VO, Damilano F, Cimino J, De Luca E, Richter W, Westenbroek R, Catterall WA, Zhang J, Yan C, Conti M, Gomez AM, Vandecasteele G, Hirsch E, Fischmeister R. (2012): <a href='javascript:launchRemote(\"http:\/\/www.ncbi.nlm.nih.gov\/pubmed\/23008439?dopt=Citation\")'>Phosphoinositide 3-kinase ? protects against catecholamine-induced ventricular arrhythmia through protein kinase A-mediated regulation of distinct phosphodiesterases.<\/a>. <i>Circulation<\/i> 126(17):2073-83.<\/td>\n<\/tr>\n<tr>\n<td class=\"small\"><a href='javascript:launchRemote(\"http:\/\/www.ncbi.nlm.nih.gov\/pubmed\/22406748\")'><img decoding=\"async\" loading=\"lazy\" class=\"alignnone wp-image-1115\" src=\"http:\/\/confolab.sav.sk\/ovsb\/wp-content\/uploads\/CardiovascRes-150x150.jpg\" alt=\"CardiovascRes\" width=\"75\" height=\"105\" \/><\/a><\/td>\n<td class=\"two\">Piquereau J, Caffin F, <strong>Novotova M<\/strong>, Prola A, Garnier A, Mateo P, Fortin D, Huynh LH, Nicolas V, Alavi MV, Brenner C, Ventura-Clapier R, Veksler V, Joubert F (2012). <a href='javascript:launchRemote(\"http:\/\/www.ncbi.nlm.nih.gov\/pubmed\/22406748\")'>Down-regulation of OPA1 alters mouse mitochondrial morphology, PTP function, and cardiac adaptation to pressure overload.<\/a> <i>Cardiovasc Res<\/i> 94: 408-417.<\/td>\n<\/tr>\n<tr>\n<td class=\"small\"><a href='javascript:launchRemote(\"http:\/\/www.ncbi.nlm.nih.gov\/pubmed\/22890710\")'><img decoding=\"async\" class=\"alignnone wp-image-1113\" src=\"http:\/\/confolab.sav.sk\/ovsb\/wp-content\/uploads\/JPhysiol3.jpg\" alt=\"JPhysiol3\" width=\"75\" \/><\/a><\/td>\n<td class=\"two\"><strong>Janicek R<\/strong>, <strong>Zahradnikova-Jr A<\/strong>, <strong>Polakova E<\/strong>, <strong>Pavelkova J<\/strong>, <strong>Zahradnik I<\/strong>, <strong>Zahradnikova A<\/strong> (2012): <a href='javascript:launchRemote(\"http:\/\/www.ncbi.nlm.nih.gov\/pubmed\/22890710\")'>Calcium spike variability in cardiac myocytes results from activation of small cohorts of RYR2 channels.<\/a> <i>J Physiol<\/i> 590: 5091-5106.<\/td>\n<\/tr>\n<tr>\n<td class=\"small\"><a href='javascript:launchRemote(\"http:\/\/www.ncbi.nlm.nih.gov\/pubmed\/22851674\")'><img decoding=\"async\" loading=\"lazy\" class=\"alignnone wp-image-1114\" src=\"http:\/\/confolab.sav.sk\/ovsb\/wp-content\/uploads\/JGP-125x150.jpg\" alt=\"JGP\" width=\"75\" height=\"98\" \/><\/a><\/td>\n<td class=\"two\"><strong>Tencerova B<\/strong>, <strong>Zahradnikova A<\/strong>, <strong>Gaburjakova J,<\/strong> <strong>Gaburjakova M<\/strong> (2012): <a href='javascript:launchRemote(\"http:\/\/www.ncbi.nlm.nih.gov\/pubmed\/22851674\")'>Luminal Ca2+ controls activation of the cardiac ryanodine receptor by ATP<\/a>. <i>J Gen Physiol<\/i> 140: 93-108.<\/td>\n<\/tr>\n<tr>\n<td class=\"small\"><a href='javascript:launchRemote(\"http:\/\/www.ncbi.nlm.nih.gov\/pubmed\/22781817\")'><img decoding=\"async\" loading=\"lazy\" class=\"alignnone\" src=\"http:\/\/confolab.sav.sk\/ovsb\/wp-content\/uploads\/GPB.jpg\" width=\"75\" height=\"104\" \/><\/a><\/td>\n<td class=\"two\"><strong>Nichtova Z<\/strong>, <strong>Novotova M<\/strong>, Kralova E, Stankovicova T (2012): <a href='javascript:launchRemote(\"http:\/\/www.ncbi.nlm.nih.gov\/pubmed\/22781817\")'>Morphological and functional characteristics of models of experimental myocardial injury induced by isoproterenol<\/a>. <i>Gen Physiol Biophys<\/i> 31: 141-51.<\/td>\n<\/tr>\n<tr>\n<td class=\"small\"><a href='javascript:launchRemote(\"http:\/\/www.ncbi.nlm.nih.gov\/pubmed\/20478976\")'><img decoding=\"async\" class=\"alignnone wp-image-1113\" src=\"http:\/\/confolab.sav.sk\/ovsb\/wp-content\/uploads\/JPhysiol3.jpg\" alt=\"JPhysiol3\" width=\"75\" \/><\/a><\/td>\n<td class=\"two\">Piquereau J, <strong>Novotova M,<\/strong> Fortin D, Garnier A, Ventura-Clapier R, Veksler V, Joubert F (2010). <a href='javascript:launchRemote(\"http:\/\/www.ncbi.nlm.nih.gov\/pubmed\/20478976\")'>Postnatal development of mouse heart: formation of energetic microdomains.<\/a> <i> J Physiol.<\/i>588: 2443-54.<\/td>\n<\/tr>\n<tr>\n<td class=\"small\"><a href='javascript:launchRemote(\"http:\/\/www.ncbi.nlm.nih.gov\/pubmed\/20548054\")'><img decoding=\"async\" loading=\"lazy\" class=\"alignnone wp-image-1114\" src=\"http:\/\/confolab.sav.sk\/ovsb\/wp-content\/uploads\/JGP-125x150.jpg\" alt=\"JGP\" width=\"75\" height=\"98\" \/><\/a><\/td>\n<td class=\"two\"><strong>Zahradnikova A<\/strong>, <strong>Valent I<\/strong>, <strong>Zahradnik I<\/strong> (2010): <a href='javascript:launchRemote(\"http:\/\/www.ncbi.nlm.nih.gov\/pubmed\/20548054\")'>Frequency and release flux of calcium sparks in rat cardiac myocytes: a relation to RYR gating.<\/a> <i> J Gen Physiol<\/i> 136: 101-116.<\/td>\n<\/tr>\n<tr>\n<td class=\"small\"><a href='javascript:launchRemote(\"http:\/\/www.ncbi.nlm.nih.gov\/pubmed\/20974774?dopt=Citation\")'><img decoding=\"async\" loading=\"lazy\" class=\"alignnone wp-image-1114\" src=\"http:\/\/confolab.sav.sk\/ovsb\/wp-content\/uploads\/JGP-125x150.jpg\" alt=\"JGP\" width=\"75\" height=\"98\" \/><\/a><\/td>\n<td class=\"two\"><strong> Zahradnikova A<\/strong>, <strong> Gaburjakova M<\/strong> Bridge JHB, <strong> Zahradnik I<\/strong> (2010): <a href='javascript:launchRemote(\"http:\/\/www.ncbi.nlm.nih.gov\/pubmed\/20974774?dopt=Citation\")'>Challenging quantal calcium signaling in cardiac myocytes.<\/a>. <i>J Gen Physiol<\/i> 136:581-583.<\/td>\n<\/tr>\n<tr>\n<td class=\"small\"><a href='javascript:launchRemote(\"http:\/\/www.ncbi.nlm.nih.gov\/pubmed\/18591191\")'><img decoding=\"async\" class=\"alignnone wp-image-1118\" src=\"http:\/\/confolab.sav.sk\/ovsb\/wp-content\/uploads\/JPhysiol.jpg\" alt=\"JPhysiol\" width=\"75\" \/><\/a><\/td>\n<td class=\"two\"><strong>Polakova E<\/strong>,<strong> Zahradnikova A Jr<\/strong>, <strong>Pavelkova J<\/strong>, <strong>Zahradnik I<\/strong>, <strong>Zahradnikova A<\/strong> (2008). <a href='javascript:launchRemote(\"http:\/\/www.ncbi.nlm.nih.gov\/pubmed\/18591191\")'>Local calcium release activation by DHPR calcium channel openings in rat cardiac myocytes.<\/a><i> J Physiol.<\/i> 586: 3839-3854.<\/td>\n<\/tr>\n<tr>\n<td class=\"small\"><a href='javascript:launchRemote(\"http:\/\/www.ncbi.nlm.nih.gov\/pubmed\/18787038\")'><img decoding=\"async\" class=\"alignnone wp-image-1118\" src=\"http:\/\/confolab.sav.sk\/ovsb\/wp-content\/uploads\/JPhysiol.jpg\" alt=\"JPhysiol\" width=\"75\" \/><\/a><\/td>\n<td class=\"two\">Joubert F, Wilding JR, Fortin D, Domergue-Dupont V, <strong>Novotova M<\/strong>, Ventura-Clapier R, Veksler V (2008): <a href='javascript:launchRemote(\"http:\/\/www.ncbi.nlm.nih.gov\/pubmed\/18787038\")'>Local energetic regulation of sarcoplasmic and myosin ATPase is differently impaired in rats with heart failure.<\/a><i> J Physiol.<\/i> 586: 5181-5192.<\/td>\n<\/tr>\n<tr>\n<td class=\"small\"><a href='javascript:launchRemote(\"http:\/\/www.ncbi.nlm.nih.gov\/pubmed\/17327449?dopt=Citation\")'><img decoding=\"async\" loading=\"lazy\" class=\"alignnone wp-image-1118\" src=\"https:\/\/d3b53os3w4ajdi.cloudfront.net\/sites\/default\/files\/styles\/large\/public\/highwire\/diabetes\/65\/7.cover-source.jpg?itok=GsfvYkTK\" alt=\"JPhysiol\" width=\"75\" height=\"99\" \/><\/a><\/td>\n<td class=\"two\">Ath\u00e9a Y, Viollet B, Mateo P, Rousseau D, <strong>Novotova M<\/strong>, Garnier A, Vaulont S, Wilding JR, Grynberg A, Veksler V, Hoerter J, Ventura-Clapier R. (2007): <a href='javascript:launchRemote(\"http:\/\/www.ncbi.nlm.nih.gov\/pubmed\/17327449?dopt=Citation\")'>AMP-activated protein kinase alpha2 deficiency affects cardiac cardiolipin homeostasis and mitochondrial function.<\/a><i> Diabetes.<\/i> 586: 786-794.<\/td>\n<\/tr>\n<tr>\n<td class=\"small\"><a href='javascript:launchRemote(\"http:\/\/www.ncbi.nlm.nih.gov\/pubmed\/17124272\")'><img decoding=\"async\" class=\"alignnone wp-image-1113\" src=\"http:\/\/confolab.sav.sk\/ovsb\/wp-content\/uploads\/JPhysiol3.jpg\" alt=\"JPhysiol3\" width=\"75\" \/><\/a><\/td>\n<td class=\"two\"><strong>Zahradnikova A Jr<\/strong>, <strong>Polakova E<\/strong>, <strong>Zahradnik I<\/strong>, <strong>Zahradnikova A<\/strong> (2007). <a href='javascript:launchRemote(\"http:\/\/www.ncbi.nlm.nih.gov\/pubmed\/17124272\")'>Kinetics of calcium spikes in rat cardiac myocytes.<\/a><i> J Physiol<\/i> 578: 677-691.<\/td>\n<\/tr>\n<\/tbody>\n<\/table>\n","protected":false},"excerpt":{"rendered":"<p>EUGeneHeart: EUGeneHeart: Genomics of Cardiomyocyte Signalling to Treat and Prevent Heart Failure&nbsp;&nbsp;&nbsp;&nbsp;&nbsp;Back Coordinator: Gerd Hasenfuss Team Leader: Alexandra Zahradn\u00edkov\u00e1 Duration: January 2006 &#8211; December 2010&#8230;<span class=\"excerpt_more\"><a href=\"https:\/\/confolab.sav.sk\/ovsb\/en\/projects\/completed-projects\/lshm-ct-2005-018833\/\">\u010d\u00edta\u0165 \u010falej &raquo;<\/a><\/span><\/p>\n","protected":false},"author":1,"featured_media":0,"parent":199,"menu_order":0,"comment_status":"closed","ping_status":"closed","template":"","meta":[],"_links":{"self":[{"href":"https:\/\/confolab.sav.sk\/ovsb\/en\/wp-json\/wp\/v2\/pages\/394"}],"collection":[{"href":"https:\/\/confolab.sav.sk\/ovsb\/en\/wp-json\/wp\/v2\/pages"}],"about":[{"href":"https:\/\/confolab.sav.sk\/ovsb\/en\/wp-json\/wp\/v2\/types\/page"}],"author":[{"embeddable":true,"href":"https:\/\/confolab.sav.sk\/ovsb\/en\/wp-json\/wp\/v2\/users\/1"}],"replies":[{"embeddable":true,"href":"https:\/\/confolab.sav.sk\/ovsb\/en\/wp-json\/wp\/v2\/comments?post=394"}],"version-history":[{"count":5,"href":"https:\/\/confolab.sav.sk\/ovsb\/en\/wp-json\/wp\/v2\/pages\/394\/revisions"}],"predecessor-version":[{"id":1620,"href":"https:\/\/confolab.sav.sk\/ovsb\/en\/wp-json\/wp\/v2\/pages\/394\/revisions\/1620"}],"up":[{"embeddable":true,"href":"https:\/\/confolab.sav.sk\/ovsb\/en\/wp-json\/wp\/v2\/pages\/199"}],"wp:attachment":[{"href":"https:\/\/confolab.sav.sk\/ovsb\/en\/wp-json\/wp\/v2\/media?parent=394"}],"curies":[{"name":"wp","href":"https:\/\/api.w.org\/{rel}","templated":true}]}}