{"id":310,"date":"2018-01-08T18:03:30","date_gmt":"2018-01-08T17:03:30","guid":{"rendered":"http:\/\/confolab.sav.sk\/ovsb\/en\/?page_id=310"},"modified":"2024-02-16T13:21:29","modified_gmt":"2024-02-16T12:21:29","slug":"apvv-sk-fr-2015-0007","status":"publish","type":"page","link":"https:\/\/confolab.sav.sk\/ovsb\/en\/projects\/completed-projects\/apvv-sk-fr-2015-0007\/","title":{"rendered":"APVV-SK-FR-2015-0007"},"content":{"rendered":"<p><script type=\"text\/javascript\">\n<!--\nfunction launch(newURL, newName, newFeatures, orgName) {\n  var remote = open(newURL, newName, newFeatures);\n  if (remote.opener == null)\n    remote.opener = window;\n  remote.opener.name = orgName;\n  return remote;\n}\n\nfunction launchRemote(name) {\n  var address =  name;\n  myRemote = launch(address ,\n                    \"Okno\",\n                    \"height=500, width=850, left=50, top=50, alwaysLowered=0, alwaysRaised=0, channelmode=0, dependent=0, directories=0, fullscreen=0, hotkeys=1, location=0, menubar=0, resizable=0, scrollbars=0, status=0, titlebar=1, toolbar=0, z-lock=0\",\n                    \"myWindow\");\n}\n\/\/ -->>\n<\/script><\/p>\n<h2>Effect of endoplasmic reticulum stress on ultrastructure and metabolism of mammalian cardiomyocytes&nbsp; &nbsp; &nbsp; &nbsp;<button onclick=\"goBack()\">Back<\/button> <\/h2>\n<p><script>\t \t \nfunction goBack() { window.history.go(-1); }\t \t \n<\/script><\/p>\n<table border=\"0\" width=\"100%\" cellspacing=\"1\" cellpadding=\"2\">\n<tbody>\n<tr>\n<td>\n<h3>Principal Investigator: <a href=\"http:\/\/confolab.sav.sk\/ovsb\/en\/people\/researchers\/rndr-marta-novotova-csc\/\">Marta Novotov\u00e1<\/a><\/h3>\n<h3>Duration: January 2016 \u2013 December 20173<br \/>\nCoordinating Organization: Institute of Molecular Physiology and Genetics SAS, Bratislava<\/h3>\n<\/td>\n<\/tr>\n<tr>\n<td>\n<h3><span class=\"H3\">Annotation:<\/span><\/h3>\n<p>Endoplasmic reticulum (ER) stress has been implicated in many cardiovascular diseases. Currently, the research on ER stress is aimed toward preservation of the beneficial adaptational response and elimination of the deleterious apoptosis in disease. The objective of this project is to study the adaptational changes in the cytoarchitecture of cardiomyocytes under ER stress, with focus on both, the smooth and rough forms of the reticular membrane system. We will characterize remodeling of myocyte cytoarchitecture induced by application of tunicamycine (the reticular stressor) in control mice and in mice with knocked-out sirtuin1  gene (SIRT1 ciKO mice). Sirtuin1 is a general metabolic energy sensor activated in response to cellular stress that protects cells from apoptosis. We hypothesize that SIRT1 may regulate the unfolded protein response and protect the heart against ER stress-induced damages.<\/td>\n<\/tr>\n<tr>\n<td>\n<h3><span class=\"H3\">Keywords:<\/span><\/h3>\n<p>Heart, muscle, reticular stress, cellular energatics, cytoarchitecture, ultrastructure, endoplasmic reticulum<\/td>\n<\/tr>\n<tr>\n<td>\n<h3><span class=\"H3\">Objectives:<\/span><\/h3>\n<p>Our proposed project, which builds on our previous collaboration, will focus on further study of the dynamics of the reticular membrane system of the mammalian heart muscle under conditions of reticular stress. The project involves two aspects: characterization of changes induced by reticular stress and studying the role of the protein sirtuin1 (SIRT1) in modulation of ER stress response in the cardiomyocytes. The first year will be devoted to the characterization of the morphology of the reticular membrane system of cardiomyocytes of murine papillary muscle under conditions of severe ER stress.<\/td>\n<\/tr>\n<tr>\n<td>\n<h3><span class=\"H3\">Publik\u00e1cie:<\/span><\/h3>\n<\/td>\n<\/tr>\n<\/tbody>\n<\/table>\n<table class=\"list\" border=\"0\" width=\"100%\" cellspacing=\"0\" cellpadding=\"4\">\n<tbody>\n<tr>\n<td class=\"small\"><a href='javascript:launchRemote(\"https:\/\/www.ncbi.nlm.nih.gov\/pubmed\/32059483\")'><img decoding=\"async\" class=\"alignnone wp-image-1111\" src=\"http:\/\/confolab.sav.sk\/ovsb\/wp-content\/uploads\/cells-logo-1.png\"  width=\"75\" \/><\/a><\/td>\n<td class=\"two\">Pires Da Silva J, Monceaux K, Guilbert A, Gressette M, Piquereau J, <strong>Novotova M<\/strong>, Ventura-Clapier R, Garnier A, Lemaire C (2020): <a href='javascript:launchRemote(\"https:\/\/www.ncbi.nlm.nih.gov\/pubmed\/32059483\")'>SIRT1 Protects the Heart from ER Stress-Induced Injury by Promoting eEF2K\/eEF2-Dependent Autophagy<\/a>. <i>Cells.<\/i> 9: E426 doi: 10.3390\/cells9020426.<\/td>\n<\/tr>\n<tr>\n<td class=\"small\"><a href='javascript:launchRemote(\"https:\/\/www.ncbi.nlm.nih.gov\/pubmed\/30084984\")'><img decoding=\"async\" class=\"alignnone wp-image-1110\" src=\"http:\/\/confolab.sav.sk\/ovsb\/wp-content\/uploads\/CardiovascRes.jpg\" alt=\"SciRep\" width=\"75\" \/><\/a><\/td>\n<td class=\"two\">Prola A, <strong>Nichtova Z<\/strong>, Pires Da Silva J, Piquereau J, Monceaux K, Guilbert A, Gressette M, Ventura-Clapier R, Garnier A, <strong>Zahradnik I<\/strong>, <strong>Novotova M<\/strong>, Lemaire C (2019): <a href='javascript:launchRemote(\"https:\/\/www.ncbi.nlm.nih.gov\/pubmed\/30084984\")'>Endoplasmic reticulum stress induces cardiac dysfunction through architectural modifications and alteration of mitochondrial function in cardiomyocytes<\/a>. <i>Cardiovasc Res<\/i> 115: 328-342, doi: 10.1093\/cvr\/cvy197.<\/td>\n<\/tr>\n<\/tbody>\n<\/table>\n","protected":false},"excerpt":{"rendered":"<p>Effect of endoplasmic reticulum stress on ultrastructure and metabolism of mammalian cardiomyocytes&nbsp; &nbsp; &nbsp; &nbsp;Back Principal Investigator: Marta Novotov\u00e1 Duration: January 2016 \u2013 December 20173&#8230;<span class=\"excerpt_more\"><a href=\"https:\/\/confolab.sav.sk\/ovsb\/en\/projects\/completed-projects\/apvv-sk-fr-2015-0007\/\">\u010d\u00edta\u0165 \u010falej &raquo;<\/a><\/span><\/p>\n","protected":false},"author":1,"featured_media":0,"parent":199,"menu_order":0,"comment_status":"closed","ping_status":"closed","template":"","meta":[],"_links":{"self":[{"href":"https:\/\/confolab.sav.sk\/ovsb\/en\/wp-json\/wp\/v2\/pages\/310"}],"collection":[{"href":"https:\/\/confolab.sav.sk\/ovsb\/en\/wp-json\/wp\/v2\/pages"}],"about":[{"href":"https:\/\/confolab.sav.sk\/ovsb\/en\/wp-json\/wp\/v2\/types\/page"}],"author":[{"embeddable":true,"href":"https:\/\/confolab.sav.sk\/ovsb\/en\/wp-json\/wp\/v2\/users\/1"}],"replies":[{"embeddable":true,"href":"https:\/\/confolab.sav.sk\/ovsb\/en\/wp-json\/wp\/v2\/comments?post=310"}],"version-history":[{"count":8,"href":"https:\/\/confolab.sav.sk\/ovsb\/en\/wp-json\/wp\/v2\/pages\/310\/revisions"}],"predecessor-version":[{"id":1606,"href":"https:\/\/confolab.sav.sk\/ovsb\/en\/wp-json\/wp\/v2\/pages\/310\/revisions\/1606"}],"up":[{"embeddable":true,"href":"https:\/\/confolab.sav.sk\/ovsb\/en\/wp-json\/wp\/v2\/pages\/199"}],"wp:attachment":[{"href":"https:\/\/confolab.sav.sk\/ovsb\/en\/wp-json\/wp\/v2\/media?parent=310"}],"curies":[{"name":"wp","href":"https:\/\/api.w.org\/{rel}","templated":true}]}}