{"id":292,"date":"2018-01-08T17:24:33","date_gmt":"2018-01-08T16:24:33","guid":{"rendered":"http:\/\/confolab.sav.sk\/ovsb\/en\/?page_id=292"},"modified":"2018-08-02T09:20:48","modified_gmt":"2018-08-02T07:20:48","slug":"gizela-gajdosikova","status":"publish","type":"page","link":"https:\/\/confolab.sav.sk\/ovsb\/en\/people\/technicians\/gizela-gajdosikova\/","title":{"rendered":"Gizela Gajdo\u0161\u00edkov\u00e1"},"content":{"rendered":"<p><button onclick=\"goBack()\">Back<\/button><br \/>\n<script>\t \t \nfunction goBack() { window.history.go(-1); }\t \t \n<\/script><br \/>\ntechnician<br \/>\nE-mail: <a href=\"mailto:gizela.gajdosikova@savba.sk\">gizela.gajdosikova@savba.sk<\/a><br \/>\nPhone: 02\/ 32295039<\/p>\n","protected":false},"excerpt":{"rendered":"<p>Back technician E-mail: gizela.gajdosikova@savba.sk Phone: 02\/ 32295039<\/p>\n","protected":false},"author":1,"featured_media":0,"parent":174,"menu_order":0,"comment_status":"closed","ping_status":"closed","template":"","meta":[],"_links":{"self":[{"href":"https:\/\/confolab.sav.sk\/ovsb\/en\/wp-json\/wp\/v2\/pages\/292"}],"collection":[{"href":"https:\/\/confolab.sav.sk\/ovsb\/en\/wp-json\/wp\/v2\/pages"}],"about":[{"href":"https:\/\/confolab.sav.sk\/ovsb\/en\/wp-json\/wp\/v2\/types\/page"}],"author":[{"embeddable":true,"href":"https:\/\/confolab.sav.sk\/ovsb\/en\/wp-json\/wp\/v2\/users\/1"}],"replies":[{"embeddable":true,"href":"https:\/\/confolab.sav.sk\/ovsb\/en\/wp-json\/wp\/v2\/comments?post=292"}],"version-history":[{"count":2,"href":"https:\/\/confolab.sav.sk\/ovsb\/en\/wp-json\/wp\/v2\/pages\/292\/revisions"}],"predecessor-version":[{"id":610,"href":"https:\/\/confolab.sav.sk\/ovsb\/en\/wp-json\/wp\/v2\/pages\/292\/revisions\/610"}],"up":[{"embeddable":true,"href":"https:\/\/confolab.sav.sk\/ovsb\/en\/wp-json\/wp\/v2\/pages\/174"}],"wp:attachment":[{"href":"https:\/\/confolab.sav.sk\/ovsb\/en\/wp-json\/wp\/v2\/media?parent=292"}],"curies":[{"name":"wp","href":"https:\/\/api.w.org\/{rel}","templated":true}]}}