{"id":289,"date":"2018-01-08T17:22:50","date_gmt":"2018-01-08T16:22:50","guid":{"rendered":"http:\/\/confolab.sav.sk\/ovsb\/en\/?page_id=289"},"modified":"2024-11-26T07:47:11","modified_gmt":"2024-11-26T06:47:11","slug":"rndr-alexandra-zahradnikova-jr-phd","status":"publish","type":"page","link":"https:\/\/confolab.sav.sk\/ovsb\/en\/people\/researchers\/rndr-alexandra-zahradnikova-jr-phd\/","title":{"rendered":"RNDr. Alexandra Zahradn\u00edkov\u00e1 jr., PhD."},"content":{"rendered":"<p><script type=\"text\/javascript\">\n<!--\nfunction launch(newURL, newName, newFeatures, orgName) {\n  var remote = open(newURL, newName, newFeatures);\n  if (remote.opener == null)\n    remote.opener = window;\n  remote.opener.name = orgName;\n  return remote;\n}\n\nfunction launchRemoteCV(name) {\n  var address =  name;\n  myRemote = launch(address ,\n                    \"OknoCV\",\n                    \"height=500, width=850, left=50, top=50, alwaysLowered=0, alwaysRaised=0, channelmode=0, dependent=0, directories=0, fullscreen=0, hotkeys=1, location=0, menubar=0, resizable=0, scrollbars=0, status=0, titlebar=1, toolbar=0, z-lock=0\",\n                    \"myWindowCV\");\n}\n\nfunction launchRemotePub(name) {\n  var address =  name;\n  myRemote = launch(address ,\n                    \"OknoPub\",\n                    \"height=500, width=850, left=150, top=150, alwaysLowered=0, alwaysRaised=0, channelmode=0, dependent=0, directories=0, fullscreen=0, hotkeys=1, location=0, menubar=0, resizable=0, scrollbars=0, status=0, titlebar=1, toolbar=0, z-lock=0\",\n                    \"myWindowPub\");\n}\n\n\/\/ -->>\n<\/script><button onclick=\"goBack()\">Back<\/button><br \/>\n<script>\t \t \nfunction goBack() { window.history.go(-1); }\t \t \n<\/script><\/p>\n<table width=\"100%\">\n<tbody>\n<tr>\n<td colspan=\"4\" width=\"80%\"><a href=\"javascript:launchRemoteCV(&quot;http:\/\/confolab.sav.sk\/ovsb\/en\/wp-content\/uploads\/sites\/2\/AZjr_CV_eng.pdf&quot;)\">Full CV<\/a><br \/>\n<a href=\"javascript:launchRemotePub(&quot;http:\/\/confolab.sav.sk\/ovsb\/en\/wp-content\/uploads\/sites\/2\/AZjr_pub_eng-1.pdf&quot;)\">List of publications<\/a>\n<\/td>\n<td rowspan=\"2\"><img decoding=\"async\" class=\"alignright\" src=\"https:\/\/confolab.sav.sk\/ovsb\/wp-content\/uploads\/Sandra.png\" alt=\"photo\" width=\"100\" vspace=\"5\" hspace=\"10\" border=\"0\"><\/td>\n<\/tr>\n<tr>\n<td width=\"5%\" >\n<a href=\"https:\/\/orcid.org\/0000-0001-5170-118X\" target=\"_blank\" rel=\"noopener noreferrer\"> <img decoding=\"async\" src=\"http:\/\/confolab.sav.sk\/ovsb\/en\/wp-content\/uploads\/sites\/2\/orcid.jpg\" height=\"32\"><\/a> &nbsp;&nbsp;&nbsp;&nbsp;&nbsp;<\/td>\n<td width=\"5%\">\n<a href=\"https:\/\/publons.com\/researcher\/2862037\/alexandra-jr-zahradnikova\/\" target=\"_blank\" rel=\"noopener noreferrer\"><img decoding=\"async\" class=\"alignnone size-medium wp-image-1016\" height=\"32\" src=\"http:\/\/confolab.sav.sk\/ovsb\/wp-content\/uploads\/Publons-300x300.png\" alt=\"ResearcherID\"  \/><\/a> &nbsp;&nbsp;&nbsp;&nbsp;&nbsp;<\/td>\n<td width=\"5%\">\n&nbsp;&nbsp;&nbsp;&nbsp;&nbsp;<\/td>\n<td width=\"5%\">\n&nbsp;&nbsp;&nbsp;&nbsp;&nbsp; <\/td>\n<\/tr>\n<\/tbody>\n<\/table>\n<table width=\"100%\">\n<tbody>\n<tr>\n<td colspan=\"2\">\n<table class=\"list\" width=\"100%\" cellspacing=\"0\" cellpadding=\"2\">\n<tbody>\n<tr>\n<td colspan=\"2\">\n<h2>Position:<\/h2>\n<\/td>\n<\/tr>\n<tr>\n<td colspan=\"2\">Institute of Experimental Endocrinology, Biomedical Research Center, Slovak Academy of Sciences, Bratislava, Slovak Republic, Senior Research Fellow<\/td>\n<\/tr>\n<tr>\n<td colspan=\"2\">\n<h2>Qualification:<\/h2>\n<\/td>\n<\/tr>\n<tr>\n<td width=\"10%\">1999<\/td>\n<td>MS, Biology, Animal physiology and ethology, Comenius University, Faculty of natural sciences, Bratislava (supervisor: RNDr. Karol Pachinger, CSc.)<\/td>\n<\/tr>\n<tr>\n<td>2007<\/td>\n<td>RNDr, Biology, Animal physiology and ethology, Comenius University, Faculty of natural sciences, Bratislava (supervisor: RNDr. Marta Novotova, CSc.)<\/td>\n<\/tr>\n<tr>\n<td>2010<\/td>\n<td>PhD, Animal Physiology, Pavol Jozef Safarik University, Kosice (supervisor: RNDr. Marta Novotova, CSc.)<\/td>\n<\/tr>\n<tr>\n<td colspan=\"2\">\n<h2>Techniques:<\/h2>\n<\/td>\n<\/tr>\n<tr>\n<td colspan=2>\n<ul>\n<li>Confocal microscopy (methods for measuring of calcium dynamics, antibody staining, cell structure staining)<\/li>\n<li>Electrophysiology (patch-clamp, planar lipid bilayer)<\/li>\n<li>Cell physiology (isolation of rat and mouse ventricular myocytes, isolation of rat neonatal cardiomyocytes)<br \/>\nMolecular biology (DNA and RNA extraction, PCR, transformation and cultivation of bacteria, transfection and cultivation of neonatal cardiomyocytes, genotyping, Western blot)<\/li>\n<li>Animal surgery and diagnostics (minimally invasive transversal aortic banding in mice, ligation of the left anterior descending artery in mice, catheter measurement of P-V loops in left ventricles of mice, mouse echocardiography)<\/li>\n<li>Programming (Visual Basic, PHP, Javascript, Lab Talk, Origin C)<\/li>\n<\/ul>\n<\/td>\n<\/tr>\n<tr>\n<td colspan=\"2\">\n<h2>Support:<\/h2>\n<\/td>\n<\/tr>\n<\/tbody>\n<\/table>\n<\/td>\n<\/tr>\n<\/tbody>\n<\/table>\n<table class=\"list\" width=\"100%\">\n<tbody>\n<tr>\n<td width=\"10%\"><\/td>\n<td>\n<h3>International grants:<\/h3>\n<\/td>\n<\/tr>\n<tr>\n<td><a href=\"http:\/\/confolab.sav.sk\/ovsb\/en\/projects\/active-projects\/era-cvd_jtc2019-055\/\"><img decoding=\"async\" loading=\"lazy\" class=\"\" title=\"Patch-clamped cardiac myocyte\" src=\"http:\/\/confolab.sav.sk\/ovsb\/wp-content\/uploads\/ERANET-1.png\" alt=\"image\" width=\"80\" height=\"74\" align=\"left\" hspace=\"3\" vspace=\"1\" \/><\/a><\/td>\n<td>ERA-CVD_JTC2019-055<br \/>\n<a href=\"http:\/\/confolab.sav.sk\/ovsb\/en\/projects\/active-projects\/era-cvd_jtc2019-055\/\"><i>HF-MetaB &#8211; Metabolic therapy of heart failure: which role for B vitamins <\/i><\/a>(2020 \u2013 2024)<br \/>\n<strong>principal investigator<\/strong><\/td>\n<\/tr>\n<tr>\n<td width=\"10%\"><\/td>\n<td>\n<h3>Slovak Research and Development Agency (APVV):<\/h3>\n<\/td>\n<\/tr>\n<tr>\n<td><a href=\"http:\/\/confolab.sav.sk\/ovsb\/en\/projects\/active-projects\/apvv-21-0443\/\"><img decoding=\"async\" loading=\"lazy\" class=\"\" title=\"Patch-clamped cardiac myocyte\" src=\"http:\/\/confolab.sav.sk\/ovsb\/wp-content\/uploads\/ERANET-1.png\" alt=\"image\" width=\"80\" height=\"74\" align=\"left\" hspace=\"3\" vspace=\"1\" \/><\/a><\/td>\n<td>APVV-21-0443<br \/>\n<a href=\"http:\/\/confolab.sav.sk\/ovsb\/en\/projects\/active-projects\/apvv-21-0443\/\"><i>Mitochondrial disease in heart failure <\/i><\/a>(2022 \u2013 2026)<br \/>\n<strong>principal investigator<\/strong><\/td>\n<\/tr>\n<tr>\n<td> <a href=\"http:\/\/confolab.sav.sk\/ovsb\/en\/projects\/active-projects\/apvv-21-0473\/\"><img decoding=\"async\" loading=\"lazy\" class=\"wp-image-428 alignnone\" src=\"http:\/\/confolab.sav.sk\/ovsb\/wp-content\/uploads\/pictogram-image-for-web-page-Wfs1-recessive-dominant-v1.jpg\" alt=\"wave\" width=\"80\" height=\"80\" \/><\/a><\/td>\n<td>APVV-21-0473<br \/>\n<a href=\"http:\/\/confolab.sav.sk\/ovsb\/en\/projects\/active-projects\/apvv-21-0473\/\"><i>Mutations associated with Wolfram syndrome: alternative signaling pathways for calcium and mitochondrial physiology<\/i><\/a> (2022 \u2013 2026)<br \/>\n<strong>team member<\/strong>; principal investigator: Michal Cagalinec<\/td>\n<\/tr>\n<tr>\n<td><a href=\"http:\/\/confolab.sav.sk\/ovsb\/en\/projects\/active-projects\/apvv-16-0452\/\"><img decoding=\"async\" loading=\"lazy\" class=\"\" title=\"ppis\" src=\"http:\/\/confolab.sav.sk\/ovsb\/wp-content\/uploads\/ppis.png\" alt=\"image\" width=\"80\" height=\"74\" align=\"left\" hspace=\"3\" vspace=\"1\" \/><\/a><\/td>\n<td>APVV-16-0452<br \/>\n<em><a href=\"http:\/\/confolab.sav.sk\/ovsb\/en\/projects\/active-projects\/apvv-16-0452\/\">PPIS &#8211; Regulation of pericellular proteolysis: From molecular mechanisms to novel immune cell subsets and therapeutic tools<\/a><\/em> (2017-2021)<br \/>\nPrincipal investigator (IMB SAS): Vladim\u00edr Leksa<br \/>\n<strong>team leader at IMPG SAS<\/strong><\/td>\n<\/tr>\n<tr>\n<td width=\"10%\"><\/td>\n<td>\n<h3>Grant Agency for Science (VEGA):<\/h3>\n<\/td>\n<\/tr>\n<tr>\n<td><a href=\"http:\/\/confolab.sav.sk\/ovsb\/en\/projects\/active-projects\/vega-2-0182-21\/\"><img decoding=\"async\" loading=\"lazy\" class=\"\" title=\"Patch-clamped cardiac myocyte\" src=\"http:\/\/confolab.sav.sk\/ovsb\/wp-content\/uploads\/ERANET-1.png\" alt=\"image\" width=\"80\" height=\"74\" align=\"left\" hspace=\"3\" vspace=\"1\" \/><\/a><\/td>\n<td>VEGA 2\/20182\/21<br \/>\n<a href=\"http:\/\/confolab.sav.sk\/ovsb\/en\/projects\/active-projects\/vega-2-0182-21\/\"><i>Dyad remodelling in cardiomyocytes in experimental therapy of failing heart <\/i><\/a>(2021 \u2013 2024)<br \/>\n<strong>principal investigator<\/strong> <\/td>\n<\/tr>\n<\/tbody>\n<\/table>\n","protected":false},"excerpt":{"rendered":"<p>Back Full CV List of publications &nbsp;&nbsp;&nbsp;&nbsp;&nbsp; &nbsp;&nbsp;&nbsp;&nbsp;&nbsp; &nbsp;&nbsp;&nbsp;&nbsp;&nbsp; &nbsp;&nbsp;&nbsp;&nbsp;&nbsp; Position: Institute of Experimental Endocrinology, Biomedical Research Center, Slovak Academy of Sciences, Bratislava, Slovak Republic,&#8230;<span class=\"excerpt_more\"><a href=\"https:\/\/confolab.sav.sk\/ovsb\/en\/people\/researchers\/rndr-alexandra-zahradnikova-jr-phd\/\">\u010d\u00edta\u0165 \u010falej &raquo;<\/a><\/span><\/p>\n","protected":false},"author":1,"featured_media":0,"parent":173,"menu_order":0,"comment_status":"closed","ping_status":"closed","template":"","meta":[],"_links":{"self":[{"href":"https:\/\/confolab.sav.sk\/ovsb\/en\/wp-json\/wp\/v2\/pages\/289"}],"collection":[{"href":"https:\/\/confolab.sav.sk\/ovsb\/en\/wp-json\/wp\/v2\/pages"}],"about":[{"href":"https:\/\/confolab.sav.sk\/ovsb\/en\/wp-json\/wp\/v2\/types\/page"}],"author":[{"embeddable":true,"href":"https:\/\/confolab.sav.sk\/ovsb\/en\/wp-json\/wp\/v2\/users\/1"}],"replies":[{"embeddable":true,"href":"https:\/\/confolab.sav.sk\/ovsb\/en\/wp-json\/wp\/v2\/comments?post=289"}],"version-history":[{"count":48,"href":"https:\/\/confolab.sav.sk\/ovsb\/en\/wp-json\/wp\/v2\/pages\/289\/revisions"}],"predecessor-version":[{"id":1725,"href":"https:\/\/confolab.sav.sk\/ovsb\/en\/wp-json\/wp\/v2\/pages\/289\/revisions\/1725"}],"up":[{"embeddable":true,"href":"https:\/\/confolab.sav.sk\/ovsb\/en\/wp-json\/wp\/v2\/pages\/173"}],"wp:attachment":[{"href":"https:\/\/confolab.sav.sk\/ovsb\/en\/wp-json\/wp\/v2\/media?parent=289"}],"curies":[{"name":"wp","href":"https:\/\/api.w.org\/{rel}","templated":true}]}}