{"id":287,"date":"2018-01-08T17:22:02","date_gmt":"2018-01-08T16:22:02","guid":{"rendered":"http:\/\/confolab.sav.sk\/ovsb\/en\/?page_id=287"},"modified":"2024-11-26T07:46:05","modified_gmt":"2024-11-26T06:46:05","slug":"ing-alexandra-zahradnikova-drsc","status":"publish","type":"page","link":"https:\/\/confolab.sav.sk\/ovsb\/en\/people\/researchers\/ing-alexandra-zahradnikova-drsc\/","title":{"rendered":"Ing. Alexandra Zahradn\u00edkov\u00e1, DrSc."},"content":{"rendered":"<p><script type=\"text\/javascript\">\n<!--\nfunction launch(newURL, newName, newFeatures, orgName) {\n  var remote = open(newURL, newName, newFeatures);\n  if (remote.opener == null)\n    remote.opener = window;\n  remote.opener.name = orgName;\n  return remote;\n}\n\nfunction launchRemoteCV(name) {\n  var address =  name;\n  myRemote = launch(address ,\n                    \"OknoCV\",\n                    \"height=500, width=850, left=50, top=50, alwaysLowered=0, alwaysRaised=0, channelmode=0, dependent=0, directories=0, fullscreen=0, hotkeys=1, location=0, menubar=0, resizable=0, scrollbars=0, status=0, titlebar=1, toolbar=0, z-lock=0\",\n                    \"myWindowCV\");\n}\n\nfunction launchRemotePub(name) {\n  var address =  name;\n  myRemote = launch(address ,\n                    \"OknoPub\",\n                    \"height=500, width=850, left=150, top=150, alwaysLowered=0, alwaysRaised=0, channelmode=0, dependent=0, directories=0, fullscreen=0, hotkeys=1, location=0, menubar=0, resizable=0, scrollbars=0, status=0, titlebar=1, toolbar=0, z-lock=0\",\n                    \"myWindowPub\");\n}\n\n\/\/ -->>\n<\/script><button onclick=\"goBack()\">Back<\/button><br \/>\n<script>\t \t \nfunction goBack() { window.history.go(-1); }\t \t \n<\/script><\/p>\n<table width=\"100%\">\n<tbody>\n<tr>\n<td colspan=\"4\" width=\"80%\"><a href=\"javascript:launchRemoteCV(&quot;http:\/\/confolab.sav.sk\/ovsb\/en\/wp-content\/uploads\/sites\/2\/AZ_CV_eng.pdf&quot;)\">Full CV<\/a><br \/>\n<a href=\"javascript:launchRemotePub(&quot;http:\/\/confolab.sav.sk\/ovsb\/en\/wp-content\/uploads\/sites\/2\/AZ_pub_eng-1.pdf&quot;)\">List of publications<\/a>\n<\/td>\n<td rowspan=\"2\"><img decoding=\"async\" class=\"alignright\" src=\"https:\/\/confolab.sav.sk\/ovsb\/wp-content\/uploads\/Sasa.png\" alt=\"photo\" width=\"100\" vspace=\"5\" hspace=\"10\" border=\"0\"><\/td>\n<\/tr>\n<tr>\n<td width=\"5%\" >\n<a href=\"https:\/\/orcid.org\/0000-0002-7296-9617\" target=\"_blank\" rel=\"noopener noreferrer\"> <img decoding=\"async\" src=\"http:\/\/confolab.sav.sk\/ovsb\/en\/wp-content\/uploads\/sites\/2\/orcid.jpg\" height=\"32\"><\/a> &nbsp;&nbsp;&nbsp;&nbsp;&nbsp;<\/td>\n<td width=\"5%\">\n<a href=\"https:\/\/publons.com\/researcher\/935362\/alexandra-zahradnikova\/\" target=\"_blank\" rel=\"noopener noreferrer\"><img decoding=\"async\" class=\"alignnone size-medium wp-image-1016\" height=\"32\" src=\"http:\/\/confolab.sav.sk\/ovsb\/wp-content\/uploads\/Publons-300x300.png\" alt=\"ResearcherID\"  \/><\/a> &nbsp;&nbsp;&nbsp;&nbsp;&nbsp;<\/td>\n<td width=\"5%\">\n<a href=\"https:\/\/scholar.google.sk\/citations?user=4R7bU1QAAAAJ&#038;hl=en&#038;oi=ao\" target=\"_blank\" rel=\"noopener noreferrer\"> <img decoding=\"async\" class=\"alignnone size-medium wp-image-1013\" src=\"http:\/\/confolab.sav.sk\/ovsb\/wp-content\/uploads\/GoogleScholar-e1563979195216.jpg\" alt=\"\" height=\"32\" \/> <\/a> &nbsp;&nbsp;&nbsp;&nbsp;&nbsp;<\/td>\n<td width=\"5%\">\n&nbsp;&nbsp;&nbsp;&nbsp;&nbsp; <\/td>\n<\/tr>\n<\/tbody>\n<\/table>\n<table width=\"100%\">\n<tbody>\n<tr>\n<td colspan=\"2\">\n<table class=\"list\" width=\"100%\" cellspacing=\"0\" cellpadding=\"2\">\n<tbody>\n<tr>\n<td colspan=\"2\">\n<h2>Position:<\/h2>\n<\/td>\n<\/tr>\n<tr>\n<td colspan=\"2\">Institute of Experimental Endocrinology, Biomedical Research Center, Slovak Academy of Sciences, Bratislava, Slovak Republic, Chief Research Fellow<\/td>\n<\/tr>\n<tr>\n<td colspan=\"2\">\n<h2>Qualification:<\/h2>\n<\/td>\n<\/tr>\n<tr>\n<td width=\"10%\">1976<\/td>\n<td>Ing, Faculty of Chemical technology, STU, Bratislava (supervisor: RNDr. Zuzana Biela, CSc.)<\/td>\n<\/tr>\n<tr>\n<td>1982<\/td>\n<td>PhD, Faculty of Chemical technology, STU, Bratislava (supervisor: prof. Ing. Jan Gazo, DrSc.)<\/td>\n<\/tr>\n<tr>\n<td>1989-91<\/td>\n<td>Postdoctoral Fellow, Department of Physiology and Biophysics, UTMB, Galveston, TX, USA<\/td>\n<\/tr>\n<tr>\n<td>2010<\/td>\n<td>Doctor of Science, Slovak Academy of Sciences<\/td>\n<\/tr>\n<tr>\n<td colspan=\"2\">\n<h2>Techniques:<\/h2>\n<\/td>\n<\/tr>\n<tr>\n<td colspan=\"2\">whole-cell patch-clamp, planar lipid bilayers, confocal microscopy, flash photolysis, advanced data analysis, mathematical modeling and simulation<\/td>\n<\/tr>\n<tr>\n<td colspan=\"2\">\n<h2>Support:<\/h2>\n<\/td>\n<\/tr>\n<\/tbody>\n<\/table>\n<\/td>\n<\/tr>\n<\/tbody>\n<\/table>\n<table class=\"list\" width=\"100%\">\n<tbody>\n<tr>\n<td width=\"10%\"><\/td>\n<td>\n<h3>Slovak Research and Development Agency (APVV):<\/h3>\n<\/td>\n<\/tr>\n<tr>\n<td> <a href=\"http:\/\/confolab.sav.sk\/ovsb\/en\/projects\/active-projects\/apvv-21-0473\/\"><img decoding=\"async\" loading=\"lazy\" class=\"wp-image-428 alignnone\" src=\"http:\/\/confolab.sav.sk\/ovsb\/wp-content\/uploads\/pictogram-image-for-web-page-Wfs1-recessive-dominant-v1.jpg\" alt=\"wave\" width=\"80\" height=\"80\" \/><\/a><\/td>\n<td>APVV-21-0473<br \/>\n<a href=\"http:\/\/confolab.sav.sk\/ovsb\/en\/projects\/active-projects\/apvv-21-0473\/\"><i>Mutations associated with Wolfram syndrome: alternative signaling pathways for calcium and mitochondrial physiology<\/i><\/a> (2022 \u2013 2026)<br \/>\n<strong>team member<\/strong>; principal investigator: Michal Cagalinec<\/td>\n<\/tr>\n<tr>\n<td><a href=\"http:\/\/confolab.sav.sk\/ovsb\/en\/projects\/active-projects\/apvv-21-0443\/\"><img decoding=\"async\" loading=\"lazy\" class=\"\" title=\"Patch-clamped cardiac myocyte\" src=\"http:\/\/confolab.sav.sk\/ovsb\/wp-content\/uploads\/ERANET-1.png\" alt=\"image\" width=\"80\" height=\"74\" align=\"left\" hspace=\"3\" vspace=\"1\" \/><\/a><\/td>\n<td>APVV-21-0443<br \/>\n<a href=\"http:\/\/confolab.sav.sk\/ovsb\/en\/projects\/active-projects\/apvv-21-0443\/\"><i>Mitochondrial disease in heart failure <\/i><\/a>(2022 \u2013 2026)<br \/>\n<strong>team member<\/strong>; principal investigator: Alexandra Zahradn\u00edkov\u00e1 jr.<\/td>\n<\/tr>\n<tr>\n<td><a href=\"http:\/\/confolab.sav.sk\/ovsb\/en\/projects\/active-projects\/apvv-16-0452\/\"><img decoding=\"async\" loading=\"lazy\" class=\"\" title=\"ppis\" src=\"http:\/\/confolab.sav.sk\/ovsb\/wp-content\/uploads\/ppis.png\" alt=\"image\" width=\"80\" vspace=\"1\" hspace=\"3\" height=\"74\" align=\"left\"><\/a><\/td>\n<td>APVV-16-0452<br \/>\n<em><a href=\"http:\/\/confolab.sav.sk\/ovsb\/en\/projects\/active-projects\/apvv-16-0452\/\">PPIS &#8211; Regulation of pericellular proteolysis: From molecular mechanisms to novel immune cell subsets and therapeutic tools<\/a><\/em> (2017-2021)<br \/>\nPrincipal investigator (IMB SAS): Vladim\u00edr Leksa<br \/>\n<strong>team member<\/strong>; team leader at IMPG SAS: Alexandra Zahradn\u00edkov\u00e1, jr.<\/td>\n<\/tr>\n<tr>\n<td width=\"10%\"><\/td>\n<td>\n<h3>Grant Agency for Science (VEGA):<\/h3>\n<\/td>\n<\/tr>\n<tr>\n<td><a href=\"http:\/\/confolab.sav.sk\/ovsb\/en\/projects\/active-projects\/vega-2-0182-21\/\"><img decoding=\"async\" loading=\"lazy\" class=\"\" title=\"Patch-clamped cardiac myocyte\" src=\"http:\/\/confolab.sav.sk\/ovsb\/wp-content\/uploads\/ERANET-1.png\" alt=\"image\" width=\"80\" height=\"74\" align=\"left\" hspace=\"3\" vspace=\"1\" \/><\/a><\/td>\n<td>VEGA 2\/20182\/21<br \/>\n<a href=\"http:\/\/confolab.sav.sk\/ovsb\/en\/projects\/active-projects\/vega-2-0182-21\/\"><i>Dyad remodelling in cardiomyocytes in experimental therapy of failing heart <\/i><\/a>(2021 \u2013 2024)<br \/>\n<strong>team member<\/strong>; principal investigator: Alexandra Zahradn\u00edkov\u00e1 jr. <\/td>\n<\/tr>\n<\/tbody>\n<\/table>\n","protected":false},"excerpt":{"rendered":"<p>Back Full CV List of publications &nbsp;&nbsp;&nbsp;&nbsp;&nbsp; &nbsp;&nbsp;&nbsp;&nbsp;&nbsp; &nbsp;&nbsp;&nbsp;&nbsp;&nbsp; &nbsp;&nbsp;&nbsp;&nbsp;&nbsp; Position: Institute of Experimental Endocrinology, Biomedical Research Center, Slovak Academy of Sciences, Bratislava, Slovak Republic,&#8230;<span class=\"excerpt_more\"><a href=\"https:\/\/confolab.sav.sk\/ovsb\/en\/people\/researchers\/ing-alexandra-zahradnikova-drsc\/\">\u010d\u00edta\u0165 \u010falej &raquo;<\/a><\/span><\/p>\n","protected":false},"author":1,"featured_media":0,"parent":173,"menu_order":0,"comment_status":"closed","ping_status":"closed","template":"","meta":[],"_links":{"self":[{"href":"https:\/\/confolab.sav.sk\/ovsb\/en\/wp-json\/wp\/v2\/pages\/287"}],"collection":[{"href":"https:\/\/confolab.sav.sk\/ovsb\/en\/wp-json\/wp\/v2\/pages"}],"about":[{"href":"https:\/\/confolab.sav.sk\/ovsb\/en\/wp-json\/wp\/v2\/types\/page"}],"author":[{"embeddable":true,"href":"https:\/\/confolab.sav.sk\/ovsb\/en\/wp-json\/wp\/v2\/users\/1"}],"replies":[{"embeddable":true,"href":"https:\/\/confolab.sav.sk\/ovsb\/en\/wp-json\/wp\/v2\/comments?post=287"}],"version-history":[{"count":91,"href":"https:\/\/confolab.sav.sk\/ovsb\/en\/wp-json\/wp\/v2\/pages\/287\/revisions"}],"predecessor-version":[{"id":1724,"href":"https:\/\/confolab.sav.sk\/ovsb\/en\/wp-json\/wp\/v2\/pages\/287\/revisions\/1724"}],"up":[{"embeddable":true,"href":"https:\/\/confolab.sav.sk\/ovsb\/en\/wp-json\/wp\/v2\/pages\/173"}],"wp:attachment":[{"href":"https:\/\/confolab.sav.sk\/ovsb\/en\/wp-json\/wp\/v2\/media?parent=287"}],"curies":[{"name":"wp","href":"https:\/\/api.w.org\/{rel}","templated":true}]}}