{"id":247,"date":"2018-01-08T16:43:51","date_gmt":"2018-01-08T15:43:51","guid":{"rendered":"http:\/\/confolab.sav.sk\/ovsb\/en\/?page_id=247"},"modified":"2024-02-16T15:11:13","modified_gmt":"2024-02-16T14:11:13","slug":"european-researchers-night-old-market-bratislava-september-26-2014","status":"publish","type":"page","link":"https:\/\/confolab.sav.sk\/ovsb\/en\/activities\/events\/european-researchers-night-old-market-bratislava-september-26-2014\/","title":{"rendered":"European Researchers&#8217; Night, Old Market, Bratislava, September 26, 2014"},"content":{"rendered":"<p><script type=\"text\/javascript\">\n<!--\nfunction launch(newURL, newName, newFeatures, orgName) {\n  var remote = open(newURL, newName, newFeatures);\n  if (remote.opener == null)\n    remote.opener = window;\n  remote.opener.name = orgName;\n  return remote;\n}\n\nfunction launchRemote(name) {\n  var address =  name;\n  myRemote = launch(address ,\n                    \"Okno\",\n                    \"height=500, width=850, left=50, top=50, alwaysLowered=0, alwaysRaised=0, channelmode=0, dependent=0, directories=0, fullscreen=0, hotkeys=1, location=0, menubar=0, resizable=0, scrollbars=0, status=0, titlebar=1, toolbar=0, z-lock=0\",\n                    \"myWindow\");\n}\n\/\/ -->>\n<\/script><button onclick=\"goBack()\">Back<\/button><br \/>\n<script>\t \t \nfunction goBack() { window.history.go(-1); }\t \t \n<\/script><\/p>\n<h2>Live cardiac Cells &#8211; Scientific booth<\/h2>\n<table border=\"0\" width=\"100%\" cellspacing=\"1\" cellpadding=\"2\">\n<tbody>\n<tr>\n<td>&#8220;How do the cells in our body function?&#8221; is the question asked by physicians, engineers, philosophers, artists and informaticians. Surely, the cell is the bearer of life! &#8220;Only experiments can provide the answers&#8221; is what we scientists reply. How to do it? First, we have to separate the cells form the organism in such a way that they stay alive. Why? To determine the rules that govern their tireless work without the influence of the complex environment. The experiments are then much simpler and the answer much more precise. The results provide a lot of information about our health as well as about our diseases.<\/p>\n<p>In this booth we have shown how we isolate live cells from the cardiac muscle and what experiments we perfrom with them. We have provided the device that we have constructed to this purpose. We have described the procedure, explained the whys, whats and hows. The visitors could observer perfusion of a prepared heart of the laboratory rat on the Langendorff apparatus, look at isolated cardiac myocytes in the microsope, view images of myocyte structure as we see it in the confocal and electron microscope, and follow the course of the experiment on a computer display. The presentation was animated by artistic photographs made from electron-microscopic images.<\/p>\n<p>Presenters: Matej Ho\u0165ka, Gizela Gajdo\u0161\u00edkov\u00e1, Zuzana Nichtov\u00e1, Marta Novotov\u00e1, Alexandra Zahradn\u00edkov\u00e1, jr., Alexandra Zahradn\u00edkov\u00e1, Ivan Zahradn\u00edk.<\/td>\n<\/tr>\n<tr>\n<td><span class=\"H3\">Links: <\/span><a class=\"arial\" href='javascript:launchRemote(\"http:\/\/www.sav.sk\/index.php?doc=services-news&amp;source_no=20&amp;news_no=5552\")'>Slovak Academy of Sciences (in Slovak)<\/a><\/td>\n<\/tr>\n<tr>\n<td><span class=\"H3\">Snapshots:<\/span><\/p>\n<p><img decoding=\"async\" loading=\"lazy\" title=\"Zuzana Nichtov\u00e1 v akcii\" src=\"http:\/\/confolab.sav.sk\/sk\/images\/DSC_0514_1_small.JPG\" alt=\"Zuzana Nichtov\u00e1 v akcii\" width=\"245\" height=\"170\" hspace=\"3\" vspace=\"3\" \/> <img decoding=\"async\" loading=\"lazy\" title=\"Marta Novotov\u00e1 vysvet\u013euje\" src=\"http:\/\/confolab.sav.sk\/sk\/images\/DSC_0541_2_small.JPG\" alt=\"Marta Novotov\u00e1 vysvet\u013euje\" width=\"245\" height=\"170\" hspace=\"3\" vspace=\"3\" \/><br \/>\n<img decoding=\"async\" loading=\"lazy\" title=\"Ivan a Sandra Zahradn\u00edkovci v diskusii\" src=\"http:\/\/confolab.sav.sk\/sk\/images\/DSC_0495_3_small.JPG\" alt=\"Ivan a Sandra Zahradn\u00edkovci v diskusii\" width=\"245\" height=\"170\" hspace=\"3\" vspace=\"3\" \/> <img decoding=\"async\" loading=\"lazy\" title=\"Zuzka v dave\" src=\"http:\/\/confolab.sav.sk\/sk\/images\/DSC_0511_4_small.JPG\" alt=\"Zuzka v dave\" width=\"245\" height=\"170\" hspace=\"3\" vspace=\"3\" \/><br \/>\n<img decoding=\"async\" loading=\"lazy\" title=\"Ivan Zahradn\u00edk a \u0161tudentka gymn\u00e1zia\" src=\"http:\/\/confolab.sav.sk\/sk\/images\/DSC_0507_5_small.JPG\" alt=\"Ivan Zahradn\u00edk a \u0161tudentka gymn\u00e1zia\" width=\"245\" height=\"170\" hspace=\"3\" vspace=\"3\" \/> <img decoding=\"async\" loading=\"lazy\" title=\"nielen deti zauj\u00edma na\u0161a pr\u00e1ca\" src=\"http:\/\/confolab.sav.sk\/sk\/images\/DSC_0534_6_small.JPG\" alt=\"nie len deti zauj\u00edma na\u0161a pr\u00e1ca\" width=\"245\" height=\"170\" hspace=\"3\" vspace=\"3\" \/><br \/>\n<img decoding=\"async\" loading=\"lazy\" title=\"Marta v akcii\" src=\"http:\/\/confolab.sav.sk\/sk\/images\/DSC_0501_7_small.JPG\" alt=\"Marta v akcii\" width=\"245\" height=\"170\" hspace=\"3\" vspace=\"3\" \/> <img decoding=\"async\" loading=\"lazy\" title=\"Gizka Gajdo\u0161\u00edkov\u00e1 predstavuje svoje \u017eivobytie\" src=\"http:\/\/confolab.sav.sk\/sk\/images\/DSC_0502_8_small.JPG\" alt=\"Gizka Gajdo\u0161\u00edkov\u00e1 predstavuje svoje \u017eivobytie\" width=\"245\" height=\"170\" hspace=\"3\" vspace=\"3\" \/><br \/>\n<img decoding=\"async\" loading=\"lazy\" title=\"ak chcete pe\u010diatku, pozrite sa sem\" src=\"http:\/\/confolab.sav.sk\/sk\/images\/DSC_0478_9_small.JPG\" alt=\"ak chcete pe\u010diatku, pozrite sa sem\" width=\"245\" height=\"170\" hspace=\"3\" vspace=\"3\" \/> <img decoding=\"async\" loading=\"lazy\" title=\"chlapec a Gizka\" src=\"http:\/\/confolab.sav.sk\/sk\/images\/DSC_0506_10_small.JPG\" alt=\"chlapec a Gizka\" width=\"245\" height=\"170\" hspace=\"3\" vspace=\"3\" \/><br \/>\n<img decoding=\"async\" loading=\"lazy\" title=\"matka a dc\u00e9ra\" src=\"http:\/\/confolab.sav.sk\/sk\/images\/DSC_0503_11_small.JPG\" alt=\"matka a dc\u00e9ra\" width=\"245\" height=\"170\" hspace=\"3\" vspace=\"3\" \/> <img decoding=\"async\" loading=\"lazy\" title=\"Matej Ho\u0165ka vysvet\u013euje\" src=\"http:\/\/confolab.sav.sk\/sk\/images\/DSC_0537_12_small.JPG\" alt=\"Matej Ho\u0165ka vysvet\u013euje\" width=\"245\" height=\"170\" hspace=\"3\" vspace=\"3\" \/><br \/>\n<img decoding=\"async\" loading=\"lazy\" title=\"Alexandra Zahradn\u00edkov\u00e1 s Evou Kutejovou\" src=\"http:\/\/confolab.sav.sk\/sk\/images\/DSC_0542_13_small.JPG\" alt=\"Alexandra Zahradn\u00edkov\u00e1 s Evou Kutejovou\" width=\"245\" height=\"170\" hspace=\"3\" vspace=\"3\" \/><\/td>\n<\/tr>\n<\/tbody>\n<\/table>\n","protected":false},"excerpt":{"rendered":"<p>Back Live cardiac Cells &#8211; Scientific booth &#8220;How do the cells in our body function?&#8221; is the question asked by physicians, engineers, philosophers, artists and&#8230;<span class=\"excerpt_more\"><a href=\"https:\/\/confolab.sav.sk\/ovsb\/en\/activities\/events\/european-researchers-night-old-market-bratislava-september-26-2014\/\">\u010d\u00edta\u0165 \u010falej &raquo;<\/a><\/span><\/p>\n","protected":false},"author":1,"featured_media":0,"parent":122,"menu_order":0,"comment_status":"closed","ping_status":"closed","template":"","meta":[],"_links":{"self":[{"href":"https:\/\/confolab.sav.sk\/ovsb\/en\/wp-json\/wp\/v2\/pages\/247"}],"collection":[{"href":"https:\/\/confolab.sav.sk\/ovsb\/en\/wp-json\/wp\/v2\/pages"}],"about":[{"href":"https:\/\/confolab.sav.sk\/ovsb\/en\/wp-json\/wp\/v2\/types\/page"}],"author":[{"embeddable":true,"href":"https:\/\/confolab.sav.sk\/ovsb\/en\/wp-json\/wp\/v2\/users\/1"}],"replies":[{"embeddable":true,"href":"https:\/\/confolab.sav.sk\/ovsb\/en\/wp-json\/wp\/v2\/comments?post=247"}],"version-history":[{"count":7,"href":"https:\/\/confolab.sav.sk\/ovsb\/en\/wp-json\/wp\/v2\/pages\/247\/revisions"}],"predecessor-version":[{"id":1642,"href":"https:\/\/confolab.sav.sk\/ovsb\/en\/wp-json\/wp\/v2\/pages\/247\/revisions\/1642"}],"up":[{"embeddable":true,"href":"https:\/\/confolab.sav.sk\/ovsb\/en\/wp-json\/wp\/v2\/pages\/122"}],"wp:attachment":[{"href":"https:\/\/confolab.sav.sk\/ovsb\/en\/wp-json\/wp\/v2\/media?parent=247"}],"curies":[{"name":"wp","href":"https:\/\/api.w.org\/{rel}","templated":true}]}}