{"id":244,"date":"2018-01-08T16:42:04","date_gmt":"2018-01-08T15:42:04","guid":{"rendered":"http:\/\/confolab.sav.sk\/ovsb\/en\/?page_id=244"},"modified":"2018-01-08T17:08:10","modified_gmt":"2018-01-08T16:08:10","slug":"open-doors-day-at-dmcr-bratislava-september-26-2014","status":"publish","type":"page","link":"https:\/\/confolab.sav.sk\/ovsb\/en\/activities\/events\/open-doors-day-at-dmcr-bratislava-september-26-2014\/","title":{"rendered":"Open Doors Day at DMCR,  Bratislava, September 26, 2014"},"content":{"rendered":"<p><script type=\"text\/javascript\">\n<!--\nfunction launch(newURL, newName, newFeatures, orgName) {\n  var remote = open(newURL, newName, newFeatures);\n  if (remote.opener == null)\n    remote.opener = window;\n  remote.opener.name = orgName;\n  return remote;\n}\n\nfunction launchRemote(name) {\n  var address =  name;\n  myRemote = launch(address ,\n                    \"Okno\",\n                    \"height=500, width=850, left=50, top=50, alwaysLowered=0, alwaysRaised=0, channelmode=0, dependent=0, directories=0, fullscreen=0, hotkeys=1, location=0, menubar=0, resizable=0, scrollbars=0, status=0, titlebar=1, toolbar=0, z-lock=0\",\n                    \"myWindow\");\n}\n\/\/ -->>\n<\/script><button onclick=\"goBack()\">Back<\/button><br \/>\n<script>\t \t \nfunction goBack() { window.history.go(-1); }\t \t \n<\/script><\/p>\n<table border=\"0\" width=\"100%\" cellspacing=\"1\" cellpadding=\"2\">\n<tbody>\n<tr>\n<td>The students of the First private grammar school in Bratislava (Bajkalska 21, 821 08 Bratislava) visited our laboratories on September 26, 2014 as a part of their coursework. They attended lectures, visited the laboratories and discussed our work with us. They made a 150-minute presentation about the visit to our institute at their school and published a report \u201cHeart\u201d in their school magazine.<\/p>\n<p><span class=\"H3\">Link: <a class=\"arial\" href='javascript:launchRemote(\"http:\/\/www.1sg.sk\/www\/data\/01\/projekty\/2014_2015\/uv\/clanky\/srdce.html\")'>Heart (in Slovak)<\/a> <\/span><\/td>\n<\/tr>\n<\/tbody>\n<\/table>\n","protected":false},"excerpt":{"rendered":"<p>Back The students of the First private grammar school in Bratislava (Bajkalska 21, 821 08 Bratislava) visited our laboratories on September 26, 2014 as a&#8230;<span class=\"excerpt_more\"><a href=\"https:\/\/confolab.sav.sk\/ovsb\/en\/activities\/events\/open-doors-day-at-dmcr-bratislava-september-26-2014\/\">\u010d\u00edta\u0165 \u010falej &raquo;<\/a><\/span><\/p>\n","protected":false},"author":1,"featured_media":0,"parent":122,"menu_order":0,"comment_status":"closed","ping_status":"closed","template":"","meta":[],"_links":{"self":[{"href":"https:\/\/confolab.sav.sk\/ovsb\/en\/wp-json\/wp\/v2\/pages\/244"}],"collection":[{"href":"https:\/\/confolab.sav.sk\/ovsb\/en\/wp-json\/wp\/v2\/pages"}],"about":[{"href":"https:\/\/confolab.sav.sk\/ovsb\/en\/wp-json\/wp\/v2\/types\/page"}],"author":[{"embeddable":true,"href":"https:\/\/confolab.sav.sk\/ovsb\/en\/wp-json\/wp\/v2\/users\/1"}],"replies":[{"embeddable":true,"href":"https:\/\/confolab.sav.sk\/ovsb\/en\/wp-json\/wp\/v2\/comments?post=244"}],"version-history":[{"count":1,"href":"https:\/\/confolab.sav.sk\/ovsb\/en\/wp-json\/wp\/v2\/pages\/244\/revisions"}],"predecessor-version":[{"id":245,"href":"https:\/\/confolab.sav.sk\/ovsb\/en\/wp-json\/wp\/v2\/pages\/244\/revisions\/245"}],"up":[{"embeddable":true,"href":"https:\/\/confolab.sav.sk\/ovsb\/en\/wp-json\/wp\/v2\/pages\/122"}],"wp:attachment":[{"href":"https:\/\/confolab.sav.sk\/ovsb\/en\/wp-json\/wp\/v2\/media?parent=244"}],"curies":[{"name":"wp","href":"https:\/\/api.w.org\/{rel}","templated":true}]}}