{"id":240,"date":"2018-01-08T15:37:16","date_gmt":"2018-01-08T14:37:16","guid":{"rendered":"http:\/\/confolab.sav.sk\/ovsb\/en\/?page_id=240"},"modified":"2018-01-08T17:13:37","modified_gmt":"2018-01-08T16:13:37","slug":"video-summary-of-research-on-calcium-waves-in-cardiac-myocytes","status":"publish","type":"page","link":"https:\/\/confolab.sav.sk\/ovsb\/en\/activities\/events\/video-summary-of-research-on-calcium-waves-in-cardiac-myocytes\/","title":{"rendered":"Video summary of research on calcium waves in cardiac myocytes"},"content":{"rendered":"<p><script type=\"text\/javascript\">\n<!--\nfunction launch(newURL, newName, newFeatures, orgName) {\n  var remote = open(newURL, newName, newFeatures);\n  if (remote.opener == null)\n    remote.opener = window;\n  remote.opener.name = orgName;\n  return remote;\n}\n\nfunction launchRemote(name) {\n  var address =  name;\n  myRemote = launch(address ,\n                    \"Okno\",\n                    \"height=500, width=850, left=50, top=50, alwaysLowered=0, alwaysRaised=0, channelmode=0, dependent=0, directories=0, fullscreen=0, hotkeys=1, location=0, menubar=0, resizable=0, scrollbars=0, status=0, titlebar=1, toolbar=0, z-lock=0\",\n                    \"myWindow\");\n}\n\/\/ -->>\n<\/script><button onclick=\"goBack()\">Back<\/button><br \/>\n<script>\t \t \nfunction goBack() { window.history.go(-1); }\t \t \n<\/script><br \/>\nThe paper &#8220;<a href=\"http:\/\/jgp.rupress.org\/content\/145\/6\/489.abstract\">Ryanodine receptor gating controls generation of diastolic calcium waves in cardiac myocytes<\/a>&#8221; by Pavel Petrovic, Ivan Valent, Elena Cocherova, Jana Pavelkova, and Alexandra Zahradnikova was explained for a non-specialist scientific audience in a video summary:<\/p>\n<p>&nbsp;<\/p>\n<table width=\"100%\">\n<tbody>\n<tr>\n<td width=\"15%\"><\/td>\n<td><iframe loading=\"lazy\" src=\"https:\/\/www.youtube.com\/embed\/4PmnQryo6No\" width=\"429\" height=\"241\" frameborder=\"0\"><\/iframe><\/td>\n<\/tr>\n<\/tbody>\n<\/table>\n<p>&nbsp;<\/p>\n<p>The video was released also in Slovak translation (<a href='javascript:launchRemote(\"https:\/\/youtu.be\/Pue2SPAytLE\")'>youtube link<\/a>)<\/p>\n","protected":false},"excerpt":{"rendered":"<p>Back The paper &#8220;Ryanodine receptor gating controls generation of diastolic calcium waves in cardiac myocytes&#8221; by Pavel Petrovic, Ivan Valent, Elena Cocherova, Jana Pavelkova, and&#8230;<span class=\"excerpt_more\"><a href=\"https:\/\/confolab.sav.sk\/ovsb\/en\/activities\/events\/video-summary-of-research-on-calcium-waves-in-cardiac-myocytes\/\">\u010d\u00edta\u0165 \u010falej &raquo;<\/a><\/span><\/p>\n","protected":false},"author":1,"featured_media":0,"parent":122,"menu_order":0,"comment_status":"closed","ping_status":"closed","template":"","meta":[],"_links":{"self":[{"href":"https:\/\/confolab.sav.sk\/ovsb\/en\/wp-json\/wp\/v2\/pages\/240"}],"collection":[{"href":"https:\/\/confolab.sav.sk\/ovsb\/en\/wp-json\/wp\/v2\/pages"}],"about":[{"href":"https:\/\/confolab.sav.sk\/ovsb\/en\/wp-json\/wp\/v2\/types\/page"}],"author":[{"embeddable":true,"href":"https:\/\/confolab.sav.sk\/ovsb\/en\/wp-json\/wp\/v2\/users\/1"}],"replies":[{"embeddable":true,"href":"https:\/\/confolab.sav.sk\/ovsb\/en\/wp-json\/wp\/v2\/comments?post=240"}],"version-history":[{"count":1,"href":"https:\/\/confolab.sav.sk\/ovsb\/en\/wp-json\/wp\/v2\/pages\/240\/revisions"}],"predecessor-version":[{"id":241,"href":"https:\/\/confolab.sav.sk\/ovsb\/en\/wp-json\/wp\/v2\/pages\/240\/revisions\/241"}],"up":[{"embeddable":true,"href":"https:\/\/confolab.sav.sk\/ovsb\/en\/wp-json\/wp\/v2\/pages\/122"}],"wp:attachment":[{"href":"https:\/\/confolab.sav.sk\/ovsb\/en\/wp-json\/wp\/v2\/media?parent=240"}],"curies":[{"name":"wp","href":"https:\/\/api.w.org\/{rel}","templated":true}]}}