{"id":236,"date":"2018-01-08T15:33:36","date_gmt":"2018-01-08T14:33:36","guid":{"rendered":"http:\/\/confolab.sav.sk\/ovsb\/en\/?page_id=236"},"modified":"2018-01-08T17:12:14","modified_gmt":"2018-01-08T16:12:14","slug":"open-doors-day-for-students-from-zilina-university","status":"publish","type":"page","link":"https:\/\/confolab.sav.sk\/ovsb\/en\/activities\/events\/open-doors-day-for-students-from-zilina-university\/","title":{"rendered":"Open Doors Day for students from \u017dilina University"},"content":{"rendered":"<p><button onclick=\"goBack()\">Back<\/button><br \/>\n<script>\t \t \nfunction goBack() { window.history.go(-1); }\t \t \n<\/script><br \/>\nOn February 8, 2016 we organized an Open Doors Day about the patch clamp method for students of Biomedical Engineering at the Faculty of Electrotechnis of \u017dilina University.<\/p>\n<p>Program:<br \/>\n1. Introduction into the patch-clamp method and information about the topics studied at DMCR \u2013 Alexandra Zahradn\u00edkov\u00e1, jr.<br \/>\n2. Laboratory part: preparation and pulling of pipets on the P-97 Flaming-Brown Micropipette Puller, measurement of pipette resistance in solution \u2013 Katar\u00edna Mackov\u00e1<br \/>\n3. Discussion: practical advice on introducing th epatch clamp method into the laboratory \u2013 A. Zahradn\u00edkov\u00e1, K. Mackov\u00e1<\/p>\n","protected":false},"excerpt":{"rendered":"<p>Back On February 8, 2016 we organized an Open Doors Day about the patch clamp method for students of Biomedical Engineering at the Faculty of&#8230;<span class=\"excerpt_more\"><a href=\"https:\/\/confolab.sav.sk\/ovsb\/en\/activities\/events\/open-doors-day-for-students-from-zilina-university\/\">\u010d\u00edta\u0165 \u010falej &raquo;<\/a><\/span><\/p>\n","protected":false},"author":1,"featured_media":0,"parent":122,"menu_order":0,"comment_status":"closed","ping_status":"closed","template":"","meta":[],"_links":{"self":[{"href":"https:\/\/confolab.sav.sk\/ovsb\/en\/wp-json\/wp\/v2\/pages\/236"}],"collection":[{"href":"https:\/\/confolab.sav.sk\/ovsb\/en\/wp-json\/wp\/v2\/pages"}],"about":[{"href":"https:\/\/confolab.sav.sk\/ovsb\/en\/wp-json\/wp\/v2\/types\/page"}],"author":[{"embeddable":true,"href":"https:\/\/confolab.sav.sk\/ovsb\/en\/wp-json\/wp\/v2\/users\/1"}],"replies":[{"embeddable":true,"href":"https:\/\/confolab.sav.sk\/ovsb\/en\/wp-json\/wp\/v2\/comments?post=236"}],"version-history":[{"count":1,"href":"https:\/\/confolab.sav.sk\/ovsb\/en\/wp-json\/wp\/v2\/pages\/236\/revisions"}],"predecessor-version":[{"id":237,"href":"https:\/\/confolab.sav.sk\/ovsb\/en\/wp-json\/wp\/v2\/pages\/236\/revisions\/237"}],"up":[{"embeddable":true,"href":"https:\/\/confolab.sav.sk\/ovsb\/en\/wp-json\/wp\/v2\/pages\/122"}],"wp:attachment":[{"href":"https:\/\/confolab.sav.sk\/ovsb\/en\/wp-json\/wp\/v2\/media?parent=236"}],"curies":[{"name":"wp","href":"https:\/\/api.w.org\/{rel}","templated":true}]}}